{"id":419,"date":"2021-10-14T19:17:42","date_gmt":"2021-10-14T19:17:42","guid":{"rendered":"https:\/\/seniorerhverv.org\/skiveviborgmorsoe\/?page_id=419"},"modified":"2024-07-26T12:15:20","modified_gmt":"2024-07-26T12:15:20","slug":"kontaktoplysninger","status":"publish","type":"page","link":"https:\/\/seniorerhverv.org\/viborg\/kontaktoplysninger\/","title":{"rendered":"X_Kontaktoplysninger"},"content":{"rendered":"\t\t<div data-elementor-type=\"wp-page\" data-elementor-id=\"419\" class=\"elementor elementor-419\" data-elementor-settings=\"[]\">\n\t\t\t\t\t\t\t<div class=\"elementor-section-wrap\">\n\t\t\t\t\t\t\t<section data-particle_enable=\"false\" data-particle-mobile-disabled=\"false\" class=\"elementor-section elementor-top-section elementor-element elementor-element-e7c438b elementor-section-boxed elementor-section-height-default elementor-section-height-default\" data-id=\"e7c438b\" data-element_type=\"section\">\n\t\t\t\t\t\t<div class=\"elementor-container elementor-column-gap-no\">\n\t\t\t\t\t<div class=\"elementor-column elementor-col-33 elementor-top-column elementor-element elementor-element-4ff4597\" data-id=\"4ff4597\" data-element_type=\"column\">\n\t\t\t<div class=\"elementor-widget-wrap elementor-element-populated\">\n\t\t\t\t\t\t\t\t<div class=\"elementor-element elementor-element-c759016 elementor-widget elementor-widget-image\" data-id=\"c759016\" data-element_type=\"widget\" data-widget_type=\"image.default\">\n\t\t\t\t<div class=\"elementor-widget-container\">\n\t\t\t\t\t\t\t\t\t\t\t\t\t\t\t\t<a href=\"https:\/\/seniorerhverv.org\/skiveviborgmorsoe\/wp-content\/uploads\/sites\/17\/2021\/09\/toMand_dec14.jpg\" data-elementor-open-lightbox=\"yes\" data-elementor-lightbox-title=\"B54800114\">\n\t\t\t\t\t\t\t<img width=\"800\" height=\"534\" src=\"https:\/\/seniorerhverv.org\/viborg\/wp-content\/uploads\/sites\/17\/2021\/09\/toMand_dec14.jpg\" class=\"attachment-large size-large\" alt=\"\" loading=\"lazy\" srcset=\"https:\/\/seniorerhverv.org\/viborg\/wp-content\/uploads\/sites\/17\/2021\/09\/toMand_dec14.jpg 850w, https:\/\/seniorerhverv.org\/viborg\/wp-content\/uploads\/sites\/17\/2021\/09\/toMand_dec14-300x200.jpg 300w, https:\/\/seniorerhverv.org\/viborg\/wp-content\/uploads\/sites\/17\/2021\/09\/toMand_dec14-768x512.jpg 768w\" sizes=\"(max-width: 800px) 100vw, 800px\" \/>\t\t\t\t\t\t\t\t<\/a>\n\t\t\t\t\t\t\t\t\t\t\t\t\t\t\t<\/div>\n\t\t\t\t<\/div>\n\t\t\t\t\t<\/div>\n\t\t<\/div>\n\t\t\t\t<div class=\"elementor-column elementor-col-33 elementor-top-column elementor-element elementor-element-bb96f98 box-container\" data-id=\"bb96f98\" data-element_type=\"column\">\n\t\t\t<div class=\"elementor-widget-wrap elementor-element-populated\">\n\t\t\t\t\t\t\t\t<div class=\"elementor-element elementor-element-8ae48d9 elementor-widget elementor-widget-text-editor\" data-id=\"8ae48d9\" data-element_type=\"widget\" data-widget_type=\"text-editor.default\">\n\t\t\t\t<div class=\"elementor-widget-container\">\n\t\t\t\t\t\t\t<p><span style=\"font-family: verdana,geneva; font-size: 12pt;\">Kontakt os. <\/span><\/p><p><span style=\"font-family: verdana,geneva; font-size: 12pt;\">Senior Erhverv\u00a0kan kontaktes p\u00e5 nedenst\u00e5ende telefonnumre og mailadresse.\u00a0I kan altid kontakte os i og uden for \u00e5bningstiderne. <\/span><\/p><p><span style=\"font-family: verdana,geneva; font-size: 12pt;\">I kan ogs\u00e5 at m\u00f8de os\u00a0p\u00e5 Senior Erhvervs kontor. I kan se adresse og \u00e5bningstider nedenfor. Vi kan ligeledes m\u00f8des efter n\u00e6rmere aftale. Vi gl\u00e6der os til at se jer.<\/span><\/p><p><span style=\"font-family: verdana,geneva; font-size: 12pt;\">Email: <span style=\"color: #34b9c9;\"><a style=\"color: #34b9c9;\" href=\"mailto:seskvi@live.dk\">seskvi@live.dk<\/a><\/span><\/span><\/p><p><span style=\"font-family: verdana,geneva; font-size: 12pt;\">Telefon: 6127 4006<\/span><\/p><p><b><u><span lang=\"EN-US\">St. Sct. Hansgade 11, 8800 Viborg<\/span><\/u><\/b><\/p><p><span style=\"font-family: verdana,geneva; font-size: 12pt;\">De normale \u00e5bningstider er:<\/span><\/p><p><span style=\"font-family: verdana,geneva; font-size: 12pt;\"><strong>Viborg<\/strong><\/span><\/p><p><span style=\"font-family: verdana,geneva; font-size: 12pt;\">Tirsdag\u00a0 kl. 10.00 &#8211; 12.00<br \/>Onsdag kl. 10.00 &#8211; 12.00<br \/>Torsdag kl. 10.00 &#8211; 12.00<br \/><\/span><span style=\"font-family: verdana, geneva; font-size: 12pt; color: var( --e-global-color-text );\">Torsdag kl. 16.00 &#8211; 18.00<\/span><span style=\"font-family: verdana,geneva; font-size: 12pt;\"><br \/><\/span><\/p><p><span style=\"font-family: verdana,geneva; font-size: 12pt;\">Eventuelle afvigelser fra \u00e5bningstiderne fremg\u00e5r af kalenderen til h\u00f8jre<\/span><\/p>\t\t\t\t\t\t<\/div>\n\t\t\t\t<\/div>\n\t\t\t\t\t<\/div>\n\t\t<\/div>\n\t\t\t\t<div class=\"elementor-column elementor-col-33 elementor-top-column elementor-element elementor-element-1d8885d\" data-id=\"1d8885d\" data-element_type=\"column\">\n\t\t\t<div class=\"elementor-widget-wrap elementor-element-populated\">\n\t\t\t\t\t\t\t\t<div class=\"elementor-element elementor-element-d8f8cdb elementor-widget elementor-widget-image\" data-id=\"d8f8cdb\" data-element_type=\"widget\" data-widget_type=\"image.default\">\n\t\t\t\t<div class=\"elementor-widget-container\">\n\t\t\t\t\t\t\t\t\t\t\t\t\t\t\t\t<a href=\"https:\/\/calendar.google.com\/calendar\/embed?src=seskvi@gmail.com&#038;ctz=Europe\/Copenhagen.com#main_7\" target=\"_blank\">\n\t\t\t\t\t\t\t<img width=\"800\" height=\"358\" src=\"https:\/\/seniorerhverv.org\/viborg\/wp-content\/uploads\/sites\/17\/2021\/09\/SE-kalender-1024x458.jpg\" class=\"attachment-large size-large\" alt=\"\" loading=\"lazy\" srcset=\"https:\/\/seniorerhverv.org\/viborg\/wp-content\/uploads\/sites\/17\/2021\/09\/SE-kalender-1024x458.jpg 1024w, https:\/\/seniorerhverv.org\/viborg\/wp-content\/uploads\/sites\/17\/2021\/09\/SE-kalender-300x134.jpg 300w, https:\/\/seniorerhverv.org\/viborg\/wp-content\/uploads\/sites\/17\/2021\/09\/SE-kalender-768x343.jpg 768w, https:\/\/seniorerhverv.org\/viborg\/wp-content\/uploads\/sites\/17\/2021\/09\/SE-kalender.jpg 1174w\" sizes=\"(max-width: 800px) 100vw, 800px\" \/>\t\t\t\t\t\t\t\t<\/a>\n\t\t\t\t\t\t\t\t\t\t\t\t\t\t\t<\/div>\n\t\t\t\t<\/div>\n\t\t\t\t\t<\/div>\n\t\t<\/div>\n\t\t\t\t\t\t\t<\/div>\n\t\t<\/section>\n\t\t\t\t\t\t<\/div>\n\t\t\t\t\t<\/div>\n\t\t"},"excerpt":{"rendered":"<p>Kontakt os. Senior Erhverv\u00a0kan kontaktes p\u00e5 nedenst\u00e5ende telefonnumre og mailadresse.\u00a0I kan altid kontakte os i og uden for \u00e5bningstiderne. I kan ogs\u00e5 at m\u00f8de os\u00a0p\u00e5 Senior Erhvervs kontor. I kan se adresse og \u00e5bningstider nedenfor. Vi kan ligeledes m\u00f8des efter n\u00e6rmere aftale. Vi gl\u00e6der os til at se jer. Email: seskvi@live.dk Telefon: 6127 4006 St. [&hellip;]<\/p>\n","protected":false},"author":17,"featured_media":0,"parent":0,"menu_order":0,"comment_status":"closed","ping_status":"closed","template":"elementor_header_footer","meta":[],"x_date":"oktober 14, 2021","x_author":"skiveviborg","x_gravatar":"https:\/\/secure.gravatar.com\/avatar\/cb6ba50e23dbc16e19daad7df787f40e?s=96&d=mm&r=g","x_metadata":{"_elementor_edit_mode":"builder","_elementor_template_type":"wp-page","_elementor_version":"3.4.4","_elementor_pro_version":"3.2.1","_elementor_page_settings":{"eael_ext_toc_title":"Table of Contents"},"_elementor_data":"[{\"id\":\"e7c438b\",\"elType\":\"section\",\"settings\":{\"gap\":\"no\",\"structure\":\"30\",\"margin\":{\"unit\":\"px\",\"top\":\"10\",\"right\":0,\"bottom\":\"10\",\"left\":0,\"isLinked\":true},\"eael_parallax_layers_list\":[],\"eael_cl_logics\":[{\"_id\":\"c360364\"}]},\"elements\":[{\"id\":\"4ff4597\",\"elType\":\"column\",\"settings\":{\"_column_size\":33,\"_inline_size\":25,\"padding\":{\"unit\":\"px\",\"top\":\"20\",\"right\":\"20\",\"bottom\":\"20\",\"left\":\"20\",\"isLinked\":true},\"eael_cl_logics\":[{\"_id\":\"0a9a99c\"}]},\"elements\":[{\"id\":\"c759016\",\"elType\":\"widget\",\"settings\":{\"image\":{\"url\":\"https:\\\/\\\/seniorerhverv.org\\\/skiveviborgmorsoe\\\/wp-content\\\/uploads\\\/sites\\\/17\\\/2021\\\/09\\\/toMand_dec14.jpg\",\"id\":216,\"alt\":\"\",\"source\":\"library\"},\"link_to\":\"file\",\"open_lightbox\":\"yes\",\"_margin\":{\"unit\":\"px\",\"top\":\"20\",\"right\":\"0\",\"bottom\":\"0\",\"left\":\"0\",\"isLinked\":false},\"eael_tooltip_section_content\":\"I am a tooltip\",\"eael_ext_content_protection_password_placeholder\":\"Enter Password\",\"eael_ext_content_protection_password_submit_btn_txt\":\"Submit\",\"eael_ext_content_protection_password_incorrect_message\":\"Password does not match.\",\"eael_cl_logics\":[{\"_id\":\"5e5462f\"}]},\"elements\":[],\"widgetType\":\"image\"}],\"isInner\":false},{\"id\":\"bb96f98\",\"elType\":\"column\",\"settings\":{\"_column_size\":33,\"_inline_size\":49.332999999999998408384271897375583648681640625,\"padding\":{\"unit\":\"px\",\"top\":\"30\",\"right\":\"30\",\"bottom\":\"30\",\"left\":\"30\",\"isLinked\":true},\"css_classes\":\"box-container\",\"eael_cl_logics\":[{\"_id\":\"e856b46\"}]},\"elements\":[{\"id\":\"8ae48d9\",\"elType\":\"widget\",\"settings\":{\"editor\":\"<p><span style=\\\"font-family: verdana,geneva; font-size: 12pt;\\\">Kontakt os. <\\\/span><\\\/p><p><span style=\\\"font-family: verdana,geneva; font-size: 12pt;\\\">Senior Erhverv\\u00a0kan kontaktes p\\u00e5 nedenst\\u00e5ende telefonnumre og mailadresse.\\u00a0I kan altid kontakte os i og uden for \\u00e5bningstiderne. <\\\/span><\\\/p><p><span style=\\\"font-family: verdana,geneva; font-size: 12pt;\\\">I kan ogs\\u00e5 at m\\u00f8de os\\u00a0p\\u00e5 Senior Erhvervs kontor. I kan se adresse og \\u00e5bningstider nedenfor. Vi kan ligeledes m\\u00f8des efter n\\u00e6rmere aftale. Vi gl\\u00e6der os til at se jer.<\\\/span><\\\/p><p><span style=\\\"font-family: verdana,geneva; font-size: 12pt;\\\">Email: <span style=\\\"color: #34b9c9;\\\"><a style=\\\"color: #34b9c9;\\\" href=\\\"mailto:seskvi@live.dk\\\">seskvi@live.dk<\\\/a><\\\/span><\\\/span><\\\/p><p><span style=\\\"font-family: verdana,geneva; font-size: 12pt;\\\">Telefon: 6127 4006<\\\/span><\\\/p><p><b><u><span lang=\\\"EN-US\\\">St. Sct. Hansgade 11, 8800 Viborg<\\\/span><\\\/u><\\\/b><\\\/p><p><span style=\\\"font-family: verdana,geneva; font-size: 12pt;\\\">De normale \\u00e5bningstider er:<\\\/span><\\\/p><p><span style=\\\"font-family: verdana,geneva; font-size: 12pt;\\\"><strong>Viborg<\\\/strong><\\\/span><\\\/p><p><span style=\\\"font-family: verdana,geneva; font-size: 12pt;\\\">Tirsdag\\u00a0 kl. 10.00 - 12.00<br \\\/>Onsdag kl. 10.00 - 12.00<br \\\/>Torsdag kl. 10.00 - 12.00<br \\\/><\\\/span><span style=\\\"font-family: verdana, geneva; font-size: 12pt; color: var( --e-global-color-text );\\\">Torsdag kl. 16.00 - 18.00<\\\/span><span style=\\\"font-family: verdana,geneva; font-size: 12pt;\\\"><br \\\/><\\\/span><\\\/p><p><span style=\\\"font-family: verdana,geneva; font-size: 12pt;\\\">Eventuelle afvigelser fra \\u00e5bningstiderne fremg\\u00e5r af kalenderen til h\\u00f8jre<\\\/span><\\\/p>\",\"eael_tooltip_section_content\":\"I am a tooltip\",\"eael_ext_content_protection_password_placeholder\":\"Enter Password\",\"eael_ext_content_protection_password_submit_btn_txt\":\"Submit\",\"eael_ext_content_protection_password_incorrect_message\":\"Password does not match.\",\"eael_cl_logics\":[{\"_id\":\"167143c\"}]},\"elements\":[],\"widgetType\":\"text-editor\"}],\"isInner\":false},{\"id\":\"1d8885d\",\"elType\":\"column\",\"settings\":{\"_column_size\":33,\"_inline_size\":25,\"padding\":{\"unit\":\"px\",\"top\":\"20\",\"right\":\"20\",\"bottom\":\"20\",\"left\":\"20\",\"isLinked\":true},\"eael_cl_logics\":[{\"_id\":\"c5c49ae\"}]},\"elements\":[{\"id\":\"d8f8cdb\",\"elType\":\"widget\",\"settings\":{\"image\":{\"url\":\"https:\\\/\\\/seniorerhverv.org\\\/skiveviborgmorsoe\\\/wp-content\\\/uploads\\\/sites\\\/17\\\/2021\\\/09\\\/SE-kalender.jpg\",\"id\":160,\"alt\":\"\",\"source\":\"library\"},\"link_to\":\"custom\",\"link\":{\"url\":\"https:\\\/\\\/calendar.google.com\\\/calendar\\\/embed?src=seskvi@gmail.com&ctz=Europe\\\/Copenhagen.com#main_7\",\"is_external\":\"on\",\"nofollow\":\"\",\"custom_attributes\":\"\"},\"eael_tooltip_section_content\":\"I am a tooltip\",\"eael_ext_content_protection_password_placeholder\":\"Enter Password\",\"eael_ext_content_protection_password_submit_btn_txt\":\"Submit\",\"eael_ext_content_protection_password_incorrect_message\":\"Password does not match.\",\"eael_cl_logics\":[{\"_id\":\"f64e1fe\"}]},\"elements\":[],\"widgetType\":\"image\"}],\"isInner\":false}],\"isInner\":false}]","_elementor_page_assets":[],"_eael_custom_js":"","_elementor_controls_usage":{"image":{"count":2,"control_percent":1,"controls":{"content":{"section_image":{"image":2,"link_to":2,"open_lightbox":1,"link":1}},"advanced":{"_section_style":{"_margin":1},"eael_conditional_logic_section":{"eael_cl_logics":2}}}},"column":{"count":3,"control_percent":1,"controls":{"layout":{"layout":{"_inline_size":3}},"advanced":{"section_advanced":{"padding":3,"css_classes":1},"eael_conditional_logic_section":{"eael_cl_logics":3}}}},"text-editor":{"count":1,"control_percent":1,"controls":{"content":{"section_editor":{"editor":1}},"advanced":{"eael_conditional_logic_section":{"eael_cl_logics":1}}}},"section":{"count":1,"control_percent":1,"controls":{"layout":{"section_layout":{"gap":1},"section_structure":{"structure":1}},"advanced":{"section_advanced":{"margin":1},"eael_conditional_logic_section":{"eael_cl_logics":1}}}}},"_elementor_css":{"time":1763388093,"fonts":[],"icons":[],"dynamic_elements_ids":[],"status":"file","0":""}},"_links":{"self":[{"href":"https:\/\/seniorerhverv.org\/viborg\/wp-json\/wp\/v2\/pages\/419"}],"collection":[{"href":"https:\/\/seniorerhverv.org\/viborg\/wp-json\/wp\/v2\/pages"}],"about":[{"href":"https:\/\/seniorerhverv.org\/viborg\/wp-json\/wp\/v2\/types\/page"}],"author":[{"embeddable":true,"href":"https:\/\/seniorerhverv.org\/viborg\/wp-json\/wp\/v2\/users\/17"}],"replies":[{"embeddable":true,"href":"https:\/\/seniorerhverv.org\/viborg\/wp-json\/wp\/v2\/comments?post=419"}],"version-history":[{"count":4,"href":"https:\/\/seniorerhverv.org\/viborg\/wp-json\/wp\/v2\/pages\/419\/revisions"}],"predecessor-version":[{"id":3378,"href":"https:\/\/seniorerhverv.org\/viborg\/wp-json\/wp\/v2\/pages\/419\/revisions\/3378"}],"wp:attachment":[{"href":"https:\/\/seniorerhverv.org\/viborg\/wp-json\/wp\/v2\/media?parent=419"}],"curies":[{"name":"wp","href":"https:\/\/api.w.org\/{rel}","templated":true}]}}