{"id":400,"date":"2021-10-14T18:42:01","date_gmt":"2021-10-14T18:42:01","guid":{"rendered":"https:\/\/seniorerhverv.org\/skiveviborgmorsoe\/?page_id=400"},"modified":"2024-05-07T12:59:20","modified_gmt":"2024-05-07T12:59:20","slug":"skabeloner-til-brug-for-medlemmer","status":"publish","type":"page","link":"https:\/\/seniorerhverv.org\/viborg\/skabeloner-til-brug-for-medlemmer\/","title":{"rendered":"Skabeloner til brug for medlemmer"},"content":{"rendered":"\t\t<div data-elementor-type=\"wp-page\" data-elementor-id=\"400\" class=\"elementor elementor-400\" data-elementor-settings=\"[]\">\n\t\t\t\t\t\t\t<div class=\"elementor-section-wrap\">\n\t\t\t\t\t\t\t<section data-particle_enable=\"false\" data-particle-mobile-disabled=\"false\" class=\"elementor-section elementor-top-section elementor-element elementor-element-87de38b elementor-section-boxed elementor-section-height-default elementor-section-height-default\" data-id=\"87de38b\" data-element_type=\"section\">\n\t\t\t\t\t\t<div class=\"elementor-container elementor-column-gap-no\">\n\t\t\t\t\t<div class=\"elementor-column elementor-col-100 elementor-top-column elementor-element elementor-element-fe93dc5 box-container\" data-id=\"fe93dc5\" data-element_type=\"column\">\n\t\t\t<div class=\"elementor-widget-wrap elementor-element-populated\">\n\t\t\t\t\t\t\t\t<div class=\"elementor-element elementor-element-9cc0e1c elementor-widget elementor-widget-text-editor\" data-id=\"9cc0e1c\" data-element_type=\"widget\" data-widget_type=\"text-editor.default\">\n\t\t\t\t<div class=\"elementor-widget-container\">\n\t\t\t\t\t\t\t<p><span style=\"font-family: verdana,geneva; font-size: 12pt;\">Her finder du netv\u00e6rkets skabeloner, som du skal benytte, n\u00e5r du har haft en eller anden form for udl\u00e6g.<\/span><\/p><p><span style=\"font-family: verdana,geneva; font-size: 12pt;\">Procedure:<\/span><\/p><p><span style=\"font-family: verdana,geneva; font-size: 12pt;\">N\u00e5r du har udfyldt skabelon skal du gemme det udfyldte skema p\u00e5 dit eget drev og herefter sende den udfyldte skabelon til\u00a0netv\u00e6rkets adresse <span id=\"cloakcb8034501dce15510ac7ba34480ce704\" style=\"color: #0000ff;\"><a style=\"color: #0000ff;\" href=\"mailto:seskvi@live.dk\">seskvi@live.dk<\/a><\/span><\/span><\/p><p><span style=\"font-family: verdana,geneva; font-size: 12pt;\">Skabelon til brug for refusion af k\u00f8rsel: <\/span><span style=\"text-decoration: underline; font-size: 12pt;\"><span style=\"font-family: verdana, geneva, sans-serif; color: #0000ff; text-decoration: underline;\">Lokal b<a style=\"color: #0000ff; text-decoration: underline;\" href=\"https:\/\/seniorerhverv.org\/viborg\/wp-content\/uploads\/sites\/17\/2024\/05\/Blanket_Rejsegodtgoerelse2024.xlsx\">lanket &#8211; Rejsegodtg\u00f8relse 2024<\/a><\/span><\/span><\/p><p><span style=\"font-family: verdana,geneva; font-size: 12pt;\">Bem\u00e6rk: Kilometer taksten i 2024 er 2,23 kr. pr. k\u00f8rt kilometer.<\/span><\/p><p><span style=\"font-family: verdana,geneva; font-size: 12pt;\">Skabelon i f.m. udl\u00e6g til bl.a. morgenbr\u00f8d mv.: <\/span><span style=\"font-size: 12pt;\"><a href=\"https:\/\/seniorerhverv.org\/viborg\/wp-content\/uploads\/sites\/17\/2024\/05\/Blanket_Udgiftsgodtgoerelse-2024.xlsx\"><span style=\"font-family: verdana, geneva, sans-serif;\"><span style=\"text-decoration: underline;\"><span style=\"color: #0000ff; text-decoration: underline;\">Lokal blanket &#8211; Udgiftsgodtg\u00f8relse 2024<\/span><\/span><\/span><\/a><\/span><\/p>\t\t\t\t\t\t<\/div>\n\t\t\t\t<\/div>\n\t\t\t\t\t<\/div>\n\t\t<\/div>\n\t\t\t\t\t\t\t<\/div>\n\t\t<\/section>\n\t\t\t\t\t\t<\/div>\n\t\t\t\t\t<\/div>\n\t\t"},"excerpt":{"rendered":"<p>Her finder du netv\u00e6rkets skabeloner, som du skal benytte, n\u00e5r du har haft en eller anden form for udl\u00e6g. Procedure: N\u00e5r du har udfyldt skabelon skal du gemme det udfyldte skema p\u00e5 dit eget drev og herefter sende den udfyldte skabelon til\u00a0netv\u00e6rkets adresse seskvi@live.dk Skabelon til brug for refusion af k\u00f8rsel: Lokal blanket &#8211; Rejsegodtg\u00f8relse [&hellip;]<\/p>\n","protected":false},"author":17,"featured_media":0,"parent":0,"menu_order":0,"comment_status":"closed","ping_status":"closed","template":"elementor_header_footer","meta":[],"x_date":"oktober 14, 2021","x_author":"skiveviborg","x_gravatar":"https:\/\/secure.gravatar.com\/avatar\/cb6ba50e23dbc16e19daad7df787f40e?s=96&d=mm&r=g","x_metadata":{"_elementor_edit_mode":"builder","_elementor_template_type":"wp-page","_elementor_version":"3.4.4","_elementor_pro_version":"3.2.1","_elementor_page_settings":{"eael_ext_toc_title":"Table of Contents"},"_elementor_data":"[{\"id\":\"87de38b\",\"elType\":\"section\",\"settings\":{\"gap\":\"no\",\"margin\":{\"unit\":\"px\",\"top\":\"10\",\"right\":0,\"bottom\":\"10\",\"left\":0,\"isLinked\":true},\"eael_parallax_layers_list\":[],\"eael_cl_logics\":[{\"_id\":\"388e400\"}]},\"elements\":[{\"id\":\"fe93dc5\",\"elType\":\"column\",\"settings\":{\"_column_size\":100,\"_inline_size\":null,\"padding\":{\"unit\":\"px\",\"top\":\"30\",\"right\":\"30\",\"bottom\":\"30\",\"left\":\"30\",\"isLinked\":true},\"css_classes\":\"box-container\",\"eael_cl_logics\":[{\"_id\":\"b6a95e6\"}]},\"elements\":[{\"id\":\"9cc0e1c\",\"elType\":\"widget\",\"settings\":{\"editor\":\"<p><span style=\\\"font-family: verdana,geneva; font-size: 12pt;\\\">Her finder du netv\\u00e6rkets skabeloner, som du skal benytte, n\\u00e5r du har haft en eller anden form for udl\\u00e6g.<\\\/span><\\\/p><p><span style=\\\"font-family: verdana,geneva; font-size: 12pt;\\\">Procedure:<\\\/span><\\\/p><p><span style=\\\"font-family: verdana,geneva; font-size: 12pt;\\\">N\\u00e5r du har udfyldt skabelon skal du gemme det udfyldte skema p\\u00e5 dit eget drev og herefter sende den udfyldte skabelon til\\u00a0netv\\u00e6rkets adresse <span id=\\\"cloakcb8034501dce15510ac7ba34480ce704\\\" style=\\\"color: #0000ff;\\\"><a style=\\\"color: #0000ff;\\\" href=\\\"mailto:seskvi@live.dk\\\">seskvi@live.dk<\\\/a><\\\/span><\\\/span><\\\/p><p><span style=\\\"font-family: verdana,geneva; font-size: 12pt;\\\">Skabelon til brug for refusion af k\\u00f8rsel: <\\\/span><span style=\\\"text-decoration: underline; font-size: 12pt;\\\"><span style=\\\"font-family: verdana, geneva, sans-serif; color: #0000ff; text-decoration: underline;\\\">Lokal b<a style=\\\"color: #0000ff; text-decoration: underline;\\\" href=\\\"https:\\\/\\\/seniorerhverv.org\\\/viborg\\\/wp-content\\\/uploads\\\/sites\\\/17\\\/2024\\\/05\\\/Blanket_Rejsegodtgoerelse2024.xlsx\\\">lanket - Rejsegodtg\\u00f8relse 2024<\\\/a><\\\/span><\\\/span><\\\/p><p><span style=\\\"font-family: verdana,geneva; font-size: 12pt;\\\">Bem\\u00e6rk: Kilometer taksten i 2024 er 2,23 kr. pr. k\\u00f8rt kilometer.<\\\/span><\\\/p><p><span style=\\\"font-family: verdana,geneva; font-size: 12pt;\\\">Skabelon i f.m. udl\\u00e6g til bl.a. morgenbr\\u00f8d mv.: <\\\/span><span style=\\\"font-size: 12pt;\\\"><a href=\\\"https:\\\/\\\/seniorerhverv.org\\\/viborg\\\/wp-content\\\/uploads\\\/sites\\\/17\\\/2024\\\/05\\\/Blanket_Udgiftsgodtgoerelse-2024.xlsx\\\"><span style=\\\"font-family: verdana, geneva, sans-serif;\\\"><span style=\\\"text-decoration: underline;\\\"><span style=\\\"color: #0000ff; text-decoration: underline;\\\">Lokal blanket - Udgiftsgodtg\\u00f8relse 2024<\\\/span><\\\/span><\\\/span><\\\/a><\\\/span><\\\/p>\",\"eael_tooltip_section_content\":\"I am a tooltip\",\"eael_ext_content_protection_password_placeholder\":\"Enter Password\",\"eael_ext_content_protection_password_submit_btn_txt\":\"Submit\",\"eael_ext_content_protection_password_incorrect_message\":\"Password does not match.\",\"eael_cl_logics\":[{\"_id\":\"be54dd8\"}]},\"elements\":[],\"widgetType\":\"text-editor\"}],\"isInner\":false}],\"isInner\":false}]","_elementor_page_assets":[],"_eael_custom_js":"","_elementor_controls_usage":{"text-editor":{"count":1,"control_percent":1,"controls":{"content":{"section_editor":{"editor":1}},"advanced":{"eael_conditional_logic_section":{"eael_cl_logics":1}}}},"column":{"count":1,"control_percent":1,"controls":{"layout":{"layout":{"_inline_size":1}},"advanced":{"section_advanced":{"padding":1,"css_classes":1},"eael_conditional_logic_section":{"eael_cl_logics":1}}}},"section":{"count":1,"control_percent":1,"controls":{"layout":{"section_layout":{"gap":1}},"advanced":{"section_advanced":{"margin":1},"eael_conditional_logic_section":{"eael_cl_logics":1}}}}},"_elementor_css":{"time":1763399373,"fonts":[],"icons":[],"dynamic_elements_ids":[],"status":"file","0":""}},"_links":{"self":[{"href":"https:\/\/seniorerhverv.org\/viborg\/wp-json\/wp\/v2\/pages\/400"}],"collection":[{"href":"https:\/\/seniorerhverv.org\/viborg\/wp-json\/wp\/v2\/pages"}],"about":[{"href":"https:\/\/seniorerhverv.org\/viborg\/wp-json\/wp\/v2\/types\/page"}],"author":[{"embeddable":true,"href":"https:\/\/seniorerhverv.org\/viborg\/wp-json\/wp\/v2\/users\/17"}],"replies":[{"embeddable":true,"href":"https:\/\/seniorerhverv.org\/viborg\/wp-json\/wp\/v2\/comments?post=400"}],"version-history":[{"count":15,"href":"https:\/\/seniorerhverv.org\/viborg\/wp-json\/wp\/v2\/pages\/400\/revisions"}],"predecessor-version":[{"id":2696,"href":"https:\/\/seniorerhverv.org\/viborg\/wp-json\/wp\/v2\/pages\/400\/revisions\/2696"}],"wp:attachment":[{"href":"https:\/\/seniorerhverv.org\/viborg\/wp-json\/wp\/v2\/media?parent=400"}],"curies":[{"name":"wp","href":"https:\/\/api.w.org\/{rel}","templated":true}]}}