{"id":3750,"date":"2025-11-17T13:02:44","date_gmt":"2025-11-17T13:02:44","guid":{"rendered":"https:\/\/seniorerhverv.org\/viborg\/?page_id=3750"},"modified":"2025-11-18T09:30:18","modified_gmt":"2025-11-18T09:30:18","slug":"50-aar-og-ledig-landingpage","status":"publish","type":"page","link":"https:\/\/seniorerhverv.org\/viborg\/50-aar-og-ledig-landingpage\/","title":{"rendered":"50 \u00e5r og ledig"},"content":{"rendered":"\t\t<div data-elementor-type=\"wp-page\" data-elementor-id=\"3750\" class=\"elementor elementor-3750\" data-elementor-settings=\"[]\">\n\t\t\t\t\t\t\t<div class=\"elementor-section-wrap\">\n\t\t\t\t\t\t\t<section data-particle_enable=\"false\" data-particle-mobile-disabled=\"false\" class=\"elementor-section elementor-top-section elementor-element elementor-element-f5ed757 elementor-section-full_width elementor-section-height-default elementor-section-height-default\" data-id=\"f5ed757\" data-element_type=\"section\">\n\t\t\t\t\t\t<div class=\"elementor-container elementor-column-gap-default\">\n\t\t\t\t\t<div class=\"elementor-column elementor-col-33 elementor-top-column elementor-element elementor-element-d3a5ba0\" data-id=\"d3a5ba0\" data-element_type=\"column\" data-settings=\"{&quot;background_background&quot;:&quot;classic&quot;}\">\n\t\t\t<div class=\"elementor-widget-wrap elementor-element-populated\">\n\t\t\t\t\t\t\t\t<div class=\"elementor-element elementor-element-048a8d4 elementor-widget elementor-widget-image\" data-id=\"048a8d4\" data-element_type=\"widget\" data-widget_type=\"image.default\">\n\t\t\t\t<div class=\"elementor-widget-container\">\n\t\t\t\t\t\t\t\t\t\t\t\t\t\t\t<img width=\"300\" height=\"68\" src=\"https:\/\/seniorerhverv.org\/viborg\/wp-content\/uploads\/sites\/17\/2024\/07\/SeniorErhverv_Viborg_top1-300x68.png\" class=\"attachment-medium size-medium\" alt=\"\" loading=\"lazy\" srcset=\"https:\/\/seniorerhverv.org\/viborg\/wp-content\/uploads\/sites\/17\/2024\/07\/SeniorErhverv_Viborg_top1-300x68.png 300w, https:\/\/seniorerhverv.org\/viborg\/wp-content\/uploads\/sites\/17\/2024\/07\/SeniorErhverv_Viborg_top1-768x173.png 768w, https:\/\/seniorerhverv.org\/viborg\/wp-content\/uploads\/sites\/17\/2024\/07\/SeniorErhverv_Viborg_top1.png 939w\" sizes=\"(max-width: 300px) 100vw, 300px\" \/>\t\t\t\t\t\t\t\t\t\t\t\t\t\t\t<\/div>\n\t\t\t\t<\/div>\n\t\t\t\t\t<\/div>\n\t\t<\/div>\n\t\t\t\t<div class=\"elementor-column elementor-col-66 elementor-top-column elementor-element elementor-element-cf2fc37\" data-id=\"cf2fc37\" data-element_type=\"column\" data-settings=\"{&quot;background_background&quot;:&quot;classic&quot;}\">\n\t\t\t<div class=\"elementor-widget-wrap elementor-element-populated\">\n\t\t\t\t\t\t\t\t<div class=\"elementor-element elementor-element-b21940c elementor-widget elementor-widget-heading\" data-id=\"b21940c\" data-element_type=\"widget\" data-widget_type=\"heading.default\">\n\t\t\t\t<div class=\"elementor-widget-container\">\n\t\t\t<h2 class=\"elementor-heading-title elementor-size-default\">Er du ledig og 50+? Kom hurtigere i job \u2013 meld dig ind i Senior Erhverv Viborg\n<\/h2>\t\t<\/div>\n\t\t\t\t<\/div>\n\t\t\t\t\t<\/div>\n\t\t<\/div>\n\t\t\t\t\t\t\t<\/div>\n\t\t<\/section>\n\t\t\t\t<section data-particle_enable=\"false\" data-particle-mobile-disabled=\"false\" class=\"elementor-section elementor-top-section elementor-element elementor-element-ea7483e elementor-section-full_width elementor-section-height-default elementor-section-height-default\" data-id=\"ea7483e\" data-element_type=\"section\">\n\t\t\t\t\t\t<div class=\"elementor-container elementor-column-gap-default\">\n\t\t\t\t\t<div class=\"elementor-column elementor-col-50 elementor-top-column elementor-element elementor-element-5bb3ed1\" data-id=\"5bb3ed1\" data-element_type=\"column\">\n\t\t\t<div class=\"elementor-widget-wrap elementor-element-populated\">\n\t\t\t\t\t\t\t\t<div class=\"elementor-element elementor-element-07bbc06 elementor-widget elementor-widget-heading\" data-id=\"07bbc06\" data-element_type=\"widget\" data-widget_type=\"heading.default\">\n\t\t\t\t<div class=\"elementor-widget-container\">\n\t\t\t<h1 class=\"elementor-heading-title elementor-size-default\">Er du ledig og 50+?<\/h1>\t\t<\/div>\n\t\t\t\t<\/div>\n\t\t\t\t<div class=\"elementor-element elementor-element-fe18668 elementor-widget elementor-widget-text-editor\" data-id=\"fe18668\" data-element_type=\"widget\" data-widget_type=\"text-editor.default\">\n\t\t\t\t<div class=\"elementor-widget-container\">\n\t\t\t\t\t\t\t<p><b>Du beh\u00f8ver ikke st\u00e5 alene.<\/b><\/p><p>At v\u00e6re ledig kan v\u00e6re h\u00e5rdt \u2013 is\u00e6r n\u00e5r man er over 50. Hos Senior Erhverv Viborg m\u00f8der du et f\u00e6llesskab, der forst\u00e5r dig og hj\u00e6lper dig videre.<\/p><p><b>F\u00e6llesskab der giver energi<\/b><br \/>Som medlem f\u00e5r du hj\u00e6lp og inspiration til din jobs\u00f8gning:<\/p><ul><li>Netv\u00e6rksdage hver torsdag<\/li><li>Jobcaf\u00e9 med feedback p\u00e5 CV og ans\u00f8gninger<\/li><li>Workshops, sparring og nye kontakter<\/li><li>Direkte kontakt til lokale virksomheder<\/li><\/ul><div>\u00a0<\/div><div><h1 data-start=\"647\" data-end=\"698\">F\u00e5 bogen <em data-start=\"598\" data-end=\"622\">\u201cDet er ikke for sent\u201d<\/em>\u00a0<\/h1><p data-start=\"645\" data-end=\"833\">Hvis du er en af de hurtige, f\u00e5r du bogen <strong data-start=\"687\" data-end=\"730\">\u201cDet er ikke for sent \u2013 et puf til 55+ som dr\u00f8mmer om et nyt arbejdsliv\u201d<\/strong> gratis med dit medlemskab. Vi har kun et <strong data-start=\"774\" data-end=\"805\">begr\u00e6nset antal eksemplarer<\/strong>, s\u00e5 det er f\u00f8rst til m\u00f8lle.<\/p><\/div>\t\t\t\t\t\t<\/div>\n\t\t\t\t<\/div>\n\t\t\t\t\t<\/div>\n\t\t<\/div>\n\t\t\t\t<div class=\"elementor-column elementor-col-25 elementor-top-column elementor-element elementor-element-2237e6e\" data-id=\"2237e6e\" data-element_type=\"column\">\n\t\t\t<div class=\"elementor-widget-wrap elementor-element-populated\">\n\t\t\t\t\t\t\t\t<div class=\"elementor-element elementor-element-6fbec06 elementor-widget elementor-widget-image\" data-id=\"6fbec06\" data-element_type=\"widget\" data-widget_type=\"image.default\">\n\t\t\t\t<div class=\"elementor-widget-container\">\n\t\t\t\t\t\t\t\t\t\t\t\t\t\t\t<img width=\"799\" height=\"1000\" src=\"https:\/\/seniorerhverv.org\/viborg\/wp-content\/uploads\/sites\/17\/2025\/11\/Det-er-ikke-for-sent-1.png\" class=\"attachment-full size-full\" alt=\"\" loading=\"lazy\" srcset=\"https:\/\/seniorerhverv.org\/viborg\/wp-content\/uploads\/sites\/17\/2025\/11\/Det-er-ikke-for-sent-1.png 799w, https:\/\/seniorerhverv.org\/viborg\/wp-content\/uploads\/sites\/17\/2025\/11\/Det-er-ikke-for-sent-1-240x300.png 240w, https:\/\/seniorerhverv.org\/viborg\/wp-content\/uploads\/sites\/17\/2025\/11\/Det-er-ikke-for-sent-1-768x961.png 768w\" sizes=\"(max-width: 799px) 100vw, 799px\" \/>\t\t\t\t\t\t\t\t\t\t\t\t\t\t\t<\/div>\n\t\t\t\t<\/div>\n\t\t\t\t\t<\/div>\n\t\t<\/div>\n\t\t\t\t<div class=\"elementor-column elementor-col-25 elementor-top-column elementor-element elementor-element-fbac774\" data-id=\"fbac774\" data-element_type=\"column\" data-settings=\"{&quot;background_background&quot;:&quot;gradient&quot;}\">\n\t\t\t<div class=\"elementor-widget-wrap elementor-element-populated\">\n\t\t\t\t\t\t\t\t<div class=\"elementor-element elementor-element-4a5426a elementor-widget elementor-widget-text-editor\" data-id=\"4a5426a\" data-element_type=\"widget\" data-widget_type=\"text-editor.default\">\n\t\t\t\t<div class=\"elementor-widget-container\">\n\t\t\t\t\t\t\t<h2 style=\"text-align: left;\" data-start=\"870\" data-end=\"908\">Medlemskab: kun 100 kr.&nbsp;<\/h2>\n<p data-start=\"909\" data-end=\"1031\"><b>For kun <span data-start=\"917\" data-end=\"936\">100 kr. om \u00e5ret<\/span> f\u00e5r du adgang til hele netv\u00e6rket, alle aktiviteter og jobcaf\u00e9en \u2013 inkl. bogen: DET ER IKKE FOR SENT&nbsp;<\/b>(s\u00e5 l\u00e6nge lager haves).<\/p>\n<p data-start=\"909\" data-end=\"1031\"><b><br>Ring til Niels Koefoed p\u00e5 tlf.: 61 27 40 06 eller send os en e-mail med dine kontaktoplysninger.<\/b><\/p>\n<p style=\"text-align: center;\">\n<\/p>\t\t\t\t\t\t<\/div>\n\t\t\t\t<\/div>\n\t\t\t\t<div class=\"elementor-element elementor-element-ea2afb5 elementor-align-center elementor-widget elementor-widget-button\" data-id=\"ea2afb5\" data-element_type=\"widget\" data-widget_type=\"button.default\">\n\t\t\t\t<div class=\"elementor-widget-container\">\n\t\t\t\t\t<div class=\"elementor-button-wrapper\">\n\t\t\t<a href=\"mailto:seskvi@live.dk?subject=Jeg%20\u00f8nsker%20at%20blive%20kontaktet%20vedr.%20medlemsskab:\" class=\"elementor-button-link elementor-button elementor-size-md\" role=\"button\">\n\t\t\t\t\t\t<span class=\"elementor-button-content-wrapper\">\n\t\t\t\t\t\t<span class=\"elementor-button-text\">Send e-mail<\/span>\n\t\t<\/span>\n\t\t\t\t\t<\/a>\n\t\t<\/div>\n\t\t\t\t<\/div>\n\t\t\t\t<\/div>\n\t\t\t\t\t<\/div>\n\t\t<\/div>\n\t\t\t\t\t\t\t<\/div>\n\t\t<\/section>\n\t\t\t\t\t\t<\/div>\n\t\t\t\t\t<\/div>\n\t\t"},"excerpt":{"rendered":"<p>Er du ledig og 50+? Kom hurtigere i job \u2013 meld dig ind i Senior Erhverv Viborg Er du ledig og 50+? Du beh\u00f8ver ikke st\u00e5 alene. At v\u00e6re ledig kan v\u00e6re h\u00e5rdt \u2013 is\u00e6r n\u00e5r man er over 50. Hos Senior Erhverv Viborg m\u00f8der du et f\u00e6llesskab, der forst\u00e5r dig og hj\u00e6lper dig videre. [&hellip;]<\/p>\n","protected":false},"author":14149,"featured_media":0,"parent":0,"menu_order":0,"comment_status":"closed","ping_status":"closed","template":"elementor_header_footer","meta":[],"x_date":"november 17, 2025","x_author":"anettebirk","x_gravatar":"https:\/\/secure.gravatar.com\/avatar\/7018d9f4203cc05bafdb0a8f588e79d7?s=96&d=mm&r=g","x_metadata":{"_elementor_edit_mode":"builder","_elementor_template_type":"wp-page","_elementor_version":"3.4.4","_elementor_pro_version":"3.2.1","_elementor_page_settings":{"eael_ext_toc_title":"Table of Contents"},"_elementor_data":"[{\"id\":\"f5ed757\",\"elType\":\"section\",\"settings\":{\"layout\":\"full_width\",\"content_width\":{\"unit\":\"px\",\"size\":1600,\"sizes\":[]},\"gap_columns_custom\":{\"unit\":\"px\",\"size\":0,\"sizes\":[]},\"custom_height\":{\"unit\":\"px\",\"size\":500,\"sizes\":[]},\"eael_parallax_layers_list\":[],\"structure\":\"21\",\"margin\":{\"unit\":\"px\",\"top\":\"0\",\"right\":0,\"bottom\":\"30\",\"left\":0,\"isLinked\":false},\"padding\":{\"unit\":\"px\",\"top\":\"0\",\"right\":\"0e-1958073376\",\"bottom\":\"0\",\"left\":\"0\",\"isLinked\":false},\"eael_cl_logics\":[{\"_id\":\"319b5cc\"}]},\"elements\":[{\"id\":\"d3a5ba0\",\"elType\":\"column\",\"settings\":{\"_column_size\":33,\"_inline_size\":52.3990000000000009094947017729282379150390625,\"background_background\":\"classic\",\"background_image\":{\"url\":\"\",\"id\":\"\",\"alt\":\"\",\"source\":\"library\"},\"background_size\":\"cover\",\"margin\":{\"unit\":\"px\",\"top\":\"0\",\"right\":\"0\",\"bottom\":\"0\",\"left\":\"0\",\"isLinked\":true},\"padding\":{\"unit\":\"px\",\"top\":\"0\",\"right\":\"0\",\"bottom\":\"0\",\"left\":\"0\",\"isLinked\":true},\"eael_cl_logics\":[{\"_id\":\"d48ae35\"}]},\"elements\":[{\"id\":\"048a8d4\",\"elType\":\"widget\",\"settings\":{\"image\":{\"url\":\"https:\\\/\\\/seniorerhverv.org\\\/viborg\\\/wp-content\\\/uploads\\\/sites\\\/17\\\/2024\\\/07\\\/SeniorErhverv_Viborg_top1.png\",\"id\":3031,\"alt\":\"\",\"source\":\"library\"},\"eael_tooltip_section_content\":\"I am a tooltip\",\"eael_ext_content_protection_password_placeholder\":\"Enter Password\",\"eael_ext_content_protection_password_submit_btn_txt\":\"Submit\",\"eael_ext_content_protection_password_incorrect_message\":\"Password does not match.\",\"eael_cl_logics\":[{\"_id\":\"90e86f4\"}],\"image_size\":\"medium\",\"image_custom_dimension\":{\"width\":\"1000\",\"height\":\"250\"},\"width\":{\"unit\":\"%\",\"size\":100,\"sizes\":[]},\"height_tablet\":{\"unit\":\"px\",\"size\":143,\"sizes\":[]},\"height_mobile\":{\"unit\":\"px\",\"size\":114,\"sizes\":[]},\"_margin_tablet\":{\"unit\":\"px\",\"top\":\"0\",\"right\":\"11\",\"bottom\":\"0\",\"left\":\"0\",\"isLinked\":false}},\"elements\":[],\"widgetType\":\"image\"}],\"isInner\":false},{\"id\":\"cf2fc37\",\"elType\":\"column\",\"settings\":{\"_column_size\":66,\"_inline_size\":47.26700000000000301270119962282478809356689453125,\"content_position\":\"center\",\"margin\":{\"unit\":\"px\",\"top\":\"40\",\"right\":\"40\",\"bottom\":\"40\",\"left\":\"0\",\"isLinked\":false},\"padding\":{\"unit\":\"px\",\"top\":\"0\",\"right\":\"0\",\"bottom\":\"0\",\"left\":\"0\",\"isLinked\":true},\"eael_cl_logics\":[{\"_id\":\"a387a39\"}],\"_inline_size_tablet\":46,\"padding_mobile\":{\"unit\":\"px\",\"top\":\"0\",\"right\":\"0\",\"bottom\":\"0\",\"left\":\"0\",\"isLinked\":true},\"background_background\":\"classic\",\"margin_mobile\":{\"unit\":\"px\",\"top\":\"30\",\"right\":\"30\",\"bottom\":\"0\",\"left\":\"30\",\"isLinked\":false}},\"elements\":[{\"id\":\"b21940c\",\"elType\":\"widget\",\"settings\":{\"title\":\"Er du ledig og 50+? Kom hurtigere i job \\u2013 meld dig ind i Senior Erhverv Viborg\\n\",\"typography_typography\":\"custom\",\"eael_tooltip_section_content\":\"I am a tooltip\",\"eael_ext_content_protection_password_placeholder\":\"Enter Password\",\"eael_ext_content_protection_password_submit_btn_txt\":\"Submit\",\"eael_ext_content_protection_password_incorrect_message\":\"Password does not match.\",\"eael_cl_logics\":[{\"_id\":\"57c0cb2\"}]},\"elements\":[],\"widgetType\":\"heading\"}],\"isInner\":false}],\"isInner\":false},{\"id\":\"ea7483e\",\"elType\":\"section\",\"settings\":{\"eael_parallax_layers_list\":[],\"structure\":\"32\",\"eael_cl_logics\":[{\"_id\":\"573d6d8\"}],\"padding_mobile\":{\"unit\":\"px\",\"top\":\"0\",\"right\":\"30\",\"bottom\":\"30\",\"left\":\"22\",\"isLinked\":false},\"margin_mobile\":{\"unit\":\"px\",\"top\":\"-14\",\"right\":0,\"bottom\":\"0\",\"left\":0,\"isLinked\":false},\"padding\":{\"unit\":\"px\",\"top\":\"0\",\"right\":\"30\",\"bottom\":\"0\",\"left\":\"30\",\"isLinked\":false},\"padding_tablet\":{\"unit\":\"px\",\"top\":\"0\",\"right\":\"30\",\"bottom\":\"0\",\"left\":\"30\",\"isLinked\":false},\"layout\":\"full_width\",\"content_width_tablet\":{\"unit\":\"px\",\"size\":1600,\"sizes\":[]}},\"elements\":[{\"id\":\"5bb3ed1\",\"elType\":\"column\",\"settings\":{\"_column_size\":50,\"_inline_size\":null,\"eael_cl_logics\":[{\"_id\":\"c72f15d\"}],\"_inline_size_tablet\":100,\"padding\":{\"unit\":\"px\",\"top\":\"-1\",\"right\":\"-1\",\"bottom\":\"-1\",\"left\":\"-1\",\"isLinked\":true}},\"elements\":[{\"id\":\"07bbc06\",\"elType\":\"widget\",\"settings\":{\"title\":\"Er du ledig og 50+?\",\"header_size\":\"h1\",\"typography_typography\":\"custom\",\"typography_line_height\":{\"unit\":\"px\",\"size\":26,\"sizes\":[]},\"eael_tooltip_section_content\":\"I am a tooltip\",\"eael_ext_content_protection_password_placeholder\":\"Enter Password\",\"eael_ext_content_protection_password_submit_btn_txt\":\"Submit\",\"eael_ext_content_protection_password_incorrect_message\":\"Password does not match.\",\"eael_cl_logics\":[{\"_id\":\"5007db9\"}],\"_margin\":{\"unit\":\"px\",\"top\":\"0\",\"right\":\"0\",\"bottom\":\"10\",\"left\":\"0\",\"isLinked\":false}},\"elements\":[],\"widgetType\":\"heading\"},{\"id\":\"fe18668\",\"elType\":\"widget\",\"settings\":{\"eael_tooltip_section_content\":\"I am a tooltip\",\"eael_ext_content_protection_password_placeholder\":\"Enter Password\",\"eael_ext_content_protection_password_submit_btn_txt\":\"Submit\",\"eael_ext_content_protection_password_incorrect_message\":\"Password does not match.\",\"eael_cl_logics\":[{\"_id\":\"8731d48\"}],\"editor\":\"<p><b>Du beh\\u00f8ver ikke st\\u00e5 alene.<\\\/b><\\\/p><p>At v\\u00e6re ledig kan v\\u00e6re h\\u00e5rdt \\u2013 is\\u00e6r n\\u00e5r man er over 50. Hos Senior Erhverv Viborg m\\u00f8der du et f\\u00e6llesskab, der forst\\u00e5r dig og hj\\u00e6lper dig videre.<\\\/p><p><b>F\\u00e6llesskab der giver energi<\\\/b><br \\\/>Som medlem f\\u00e5r du hj\\u00e6lp og inspiration til din jobs\\u00f8gning:<\\\/p><ul><li>Netv\\u00e6rksdage hver torsdag<\\\/li><li>Jobcaf\\u00e9 med feedback p\\u00e5 CV og ans\\u00f8gninger<\\\/li><li>Workshops, sparring og nye kontakter<\\\/li><li>Direkte kontakt til lokale virksomheder<\\\/li><\\\/ul><div>\\u00a0<\\\/div><div><h1 data-start=\\\"647\\\" data-end=\\\"698\\\">F\\u00e5 bogen <em data-start=\\\"598\\\" data-end=\\\"622\\\">\\u201cDet er ikke for sent\\u201d<\\\/em>\\u00a0<\\\/h1><p data-start=\\\"645\\\" data-end=\\\"833\\\">Hvis du er en af de hurtige, f\\u00e5r du bogen <strong data-start=\\\"687\\\" data-end=\\\"730\\\">\\u201cDet er ikke for sent \\u2013 et puf til 55+ som dr\\u00f8mmer om et nyt arbejdsliv\\u201d<\\\/strong> gratis med dit medlemskab. Vi har kun et <strong data-start=\\\"774\\\" data-end=\\\"805\\\">begr\\u00e6nset antal eksemplarer<\\\/strong>, s\\u00e5 det er f\\u00f8rst til m\\u00f8lle.<\\\/p><\\\/div>\",\"typography_typography\":\"custom\",\"typography_font_size\":{\"unit\":\"px\",\"size\":16,\"sizes\":[]},\"typography_font_family\":\"calibri\",\"_margin\":{\"unit\":\"px\",\"top\":\"0\",\"right\":\"0\",\"bottom\":\"0\",\"left\":\"0\",\"isLinked\":false},\"_padding\":{\"unit\":\"px\",\"top\":\"0\",\"right\":\"0\",\"bottom\":\"0\",\"left\":\"0\",\"isLinked\":false}},\"elements\":[],\"widgetType\":\"text-editor\"}],\"isInner\":false},{\"id\":\"2237e6e\",\"elType\":\"column\",\"settings\":{\"_column_size\":25,\"_inline_size\":null,\"eael_cl_logics\":[{\"_id\":\"82a3312\"}],\"_inline_size_tablet\":50,\"margin\":{\"unit\":\"px\",\"top\":\"0\",\"right\":\"0\",\"bottom\":\"8\",\"left\":\"0\",\"isLinked\":false},\"padding\":{\"unit\":\"px\",\"top\":\"0\",\"right\":\"0\",\"bottom\":\"0\",\"left\":\"0\",\"isLinked\":false}},\"elements\":[{\"id\":\"6fbec06\",\"elType\":\"widget\",\"settings\":{\"eael_tooltip_section_content\":\"I am a tooltip\",\"eael_ext_content_protection_password_placeholder\":\"Enter Password\",\"eael_ext_content_protection_password_submit_btn_txt\":\"Submit\",\"eael_ext_content_protection_password_incorrect_message\":\"Password does not match.\",\"eael_cl_logics\":[{\"_id\":\"5f925c3\"}],\"image\":{\"url\":\"https:\\\/\\\/seniorerhverv.org\\\/viborg\\\/wp-content\\\/uploads\\\/sites\\\/17\\\/2025\\\/11\\\/Det-er-ikke-for-sent-1.png\",\"id\":3753,\"alt\":\"\",\"source\":\"library\"},\"_margin\":{\"unit\":\"px\",\"top\":\"0\",\"right\":\"11\",\"bottom\":\"11\",\"left\":\"11\",\"isLinked\":false},\"image_size\":\"full\"},\"elements\":[],\"widgetType\":\"image\"}],\"isInner\":false},{\"id\":\"fbac774\",\"elType\":\"column\",\"settings\":{\"_column_size\":25,\"_inline_size\":null,\"eael_cl_logics\":[{\"_id\":\"3f9d504\"}],\"background_background\":\"gradient\",\"background_color_b\":\"\",\"margin\":{\"unit\":\"px\",\"top\":\"0\",\"right\":\"8\",\"bottom\":\"15\",\"left\":\"8\",\"isLinked\":false},\"content_position\":\"top\",\"align\":\"space-between\",\"space_between_widgets\":0,\"z_index\":0,\"_inline_size_tablet\":50,\"__globals__\":{\"background_color\":\"globals\\\/colors?id=text\"},\"padding_mobile\":{\"unit\":\"px\",\"top\":\"10\",\"right\":\"0\",\"bottom\":\"25\",\"left\":\"0\",\"isLinked\":false},\"padding\":{\"unit\":\"px\",\"top\":\"0\",\"right\":\"0\",\"bottom\":\"0\",\"left\":\"0\",\"isLinked\":false},\"space_between_widgets_mobile\":-12},\"elements\":[{\"id\":\"4a5426a\",\"elType\":\"widget\",\"settings\":{\"editor\":\"<h2 style=\\\"text-align: left;\\\" data-start=\\\"870\\\" data-end=\\\"908\\\">Medlemskab: kun 100 kr.&nbsp;<\\\/h2>\\n<p data-start=\\\"909\\\" data-end=\\\"1031\\\"><b>For kun <span data-start=\\\"917\\\" data-end=\\\"936\\\">100 kr. om \\u00e5ret<\\\/span> f\\u00e5r du adgang til hele netv\\u00e6rket, alle aktiviteter og jobcaf\\u00e9en \\u2013 inkl. bogen: DET ER IKKE FOR SENT&nbsp;<\\\/b>(s\\u00e5 l\\u00e6nge lager haves).<\\\/p>\\n<p data-start=\\\"909\\\" data-end=\\\"1031\\\"><b><br>Ring til Niels Koefoed p\\u00e5 tlf.: 61 27 40 06 eller send os en e-mail med dine kontaktoplysninger.<\\\/b><\\\/p>\\n<p style=\\\"text-align: center;\\\">\\n<\\\/p>\",\"eael_tooltip_section_content\":\"I am a tooltip\",\"eael_ext_content_protection_password_placeholder\":\"Enter Password\",\"eael_ext_content_protection_password_submit_btn_txt\":\"Submit\",\"eael_ext_content_protection_password_incorrect_message\":\"Password does not match.\",\"eael_cl_logics\":[{\"_id\":\"60f2d23\"}],\"_margin\":{\"unit\":\"px\",\"top\":\"25\",\"right\":\"10\",\"bottom\":\"0\",\"left\":\"10\",\"isLinked\":false},\"_padding\":{\"unit\":\"px\",\"top\":\"10\",\"right\":\"10\",\"bottom\":\"0\",\"left\":\"10\",\"isLinked\":false},\"align_mobile\":\"center\",\"text_color\":\"#FFFFFF\",\"typography_typography\":\"custom\"},\"elements\":[],\"widgetType\":\"text-editor\"},{\"id\":\"ea2afb5\",\"elType\":\"widget\",\"settings\":{\"text\":\"Send e-mail\",\"link\":{\"url\":\"mailto:seskvi@live.dk?subject=Jeg \\u00f8nsker at blive kontaktet vedr. medlemsskab:\",\"is_external\":\"\",\"nofollow\":\"\",\"custom_attributes\":\"\"},\"align\":\"center\",\"typography_typography\":\"custom\",\"typography_font_size\":{\"unit\":\"px\",\"size\":18,\"sizes\":[]},\"button_text_color\":\"#FFFFFF\",\"background_color\":\"#8FB460\",\"border_radius\":{\"unit\":\"px\",\"top\":\"3\",\"right\":\"3\",\"bottom\":\"3\",\"left\":\"3\",\"isLinked\":true},\"text_padding\":{\"unit\":\"px\",\"top\":\"15\",\"right\":\"15\",\"bottom\":\"15\",\"left\":\"15\",\"isLinked\":true},\"eael_tooltip_section_content\":\"I am a tooltip\",\"eael_ext_content_protection_password_placeholder\":\"Enter Password\",\"eael_ext_content_protection_password_submit_btn_txt\":\"Submit\",\"button_background_hover_color\":\"#BBD86B\",\"custom_css\":\"no-outline\\n\",\"typography_font_weight\":\"bold\",\"button_box_shadow_box_shadow\":{\"horizontal\":0,\"vertical\":0,\"blur\":10,\"spread\":0,\"color\":\"rgba(0, 0, 0, 0)\"},\"__globals__\":{\"background_color\":\"\"},\"eael_ext_content_protection_password_incorrect_message\":\"Password does not match.\",\"eael_cl_logics\":[{\"_id\":\"62913b0\"}],\"__dynamic__\":[],\"icon_indent\":{\"unit\":\"px\",\"size\":0,\"sizes\":[]},\"size\":\"md\",\"text_padding_mobile\":{\"unit\":\"px\",\"top\":\"10\",\"right\":\"10\",\"bottom\":\"10\",\"left\":\"10\",\"isLinked\":true},\"_padding\":{\"unit\":\"px\",\"top\":\"0\",\"right\":\"0\",\"bottom\":\"20\",\"left\":\"0\",\"isLinked\":false},\"_margin\":{\"unit\":\"px\",\"top\":\"0\",\"right\":\"0\",\"bottom\":\"0\",\"left\":\"0\",\"isLinked\":false}},\"elements\":[],\"widgetType\":\"button\"}],\"isInner\":false}],\"isInner\":false}]","_elementor_page_assets":[],"_eael_custom_js":"","_elementor_controls_usage":{"image":{"count":2,"control_percent":1,"controls":{"content":{"section_image":{"image":2,"image_size":2,"image_custom_dimension":1}},"advanced":{"eael_conditional_logic_section":{"eael_cl_logics":2},"_section_style":{"_margin":1}},"style":{"section_style_image":{"width":1}}}},"column":{"count":5,"control_percent":3,"controls":{"layout":{"layout":{"_inline_size":5,"content_position":2,"align":1,"space_between_widgets":1}},"style":{"section_style":{"background_background":3,"background_image":1,"background_size":1,"background_color_b":1}},"advanced":{"section_advanced":{"margin":4,"padding":5,"z_index":1},"eael_conditional_logic_section":{"eael_cl_logics":5}}}},"heading":{"count":2,"control_percent":2,"controls":{"content":{"section_title":{"title":2,"header_size":1}},"style":{"section_title_style":{"typography_typography":2,"typography_line_height":1}},"advanced":{"eael_conditional_logic_section":{"eael_cl_logics":2},"_section_style":{"_margin":1}}}},"section":{"count":2,"control_percent":1,"controls":{"layout":{"section_layout":{"layout":2,"content_width":1,"gap_columns_custom":1,"custom_height":1},"section_structure":{"structure":2}},"advanced":{"section_advanced":{"margin":1,"padding":2},"eael_conditional_logic_section":{"eael_cl_logics":2}}}},"text-editor":{"count":2,"control_percent":2,"controls":{"advanced":{"eael_conditional_logic_section":{"eael_cl_logics":2},"_section_style":{"_margin":2,"_padding":2}},"content":{"section_editor":{"editor":2}},"style":{"section_style":{"typography_typography":2,"typography_font_size":1,"typography_font_family":1,"text_color":1}}}},"button":{"count":1,"control_percent":4,"controls":{"content":{"section_button":{"text":1,"link":1,"align":1,"icon_indent":1,"size":1}},"style":{"section_style":{"typography_typography":1,"typography_font_size":1,"button_text_color":1,"background_color":1,"border_radius":1,"text_padding":1,"button_background_hover_color":1,"typography_font_weight":1,"button_box_shadow_box_shadow":1}},"advanced":{"section_custom_css":{"custom_css":1},"eael_conditional_logic_section":{"eael_cl_logics":1},"_section_style":{"_padding":1,"_margin":1}}}}},"_elementor_css":{"time":1763458223,"fonts":["calibri"],"icons":[""],"dynamic_elements_ids":[],"status":"file","0":""}},"_links":{"self":[{"href":"https:\/\/seniorerhverv.org\/viborg\/wp-json\/wp\/v2\/pages\/3750"}],"collection":[{"href":"https:\/\/seniorerhverv.org\/viborg\/wp-json\/wp\/v2\/pages"}],"about":[{"href":"https:\/\/seniorerhverv.org\/viborg\/wp-json\/wp\/v2\/types\/page"}],"author":[{"embeddable":true,"href":"https:\/\/seniorerhverv.org\/viborg\/wp-json\/wp\/v2\/users\/14149"}],"replies":[{"embeddable":true,"href":"https:\/\/seniorerhverv.org\/viborg\/wp-json\/wp\/v2\/comments?post=3750"}],"version-history":[{"count":23,"href":"https:\/\/seniorerhverv.org\/viborg\/wp-json\/wp\/v2\/pages\/3750\/revisions"}],"predecessor-version":[{"id":3779,"href":"https:\/\/seniorerhverv.org\/viborg\/wp-json\/wp\/v2\/pages\/3750\/revisions\/3779"}],"wp:attachment":[{"href":"https:\/\/seniorerhverv.org\/viborg\/wp-json\/wp\/v2\/media?parent=3750"}],"curies":[{"name":"wp","href":"https:\/\/api.w.org\/{rel}","templated":true}]}}