{"id":354,"date":"2021-10-14T18:26:14","date_gmt":"2021-10-14T18:26:14","guid":{"rendered":"https:\/\/seniorerhverv.org\/skiveviborgmorsoe\/?page_id=354"},"modified":"2024-07-26T07:55:06","modified_gmt":"2024-07-26T07:55:06","slug":"for-medlemmer","status":"publish","type":"page","link":"https:\/\/seniorerhverv.org\/viborg\/for-medlemmer\/","title":{"rendered":"X_For medlemmer"},"content":{"rendered":"\t\t<div data-elementor-type=\"wp-page\" data-elementor-id=\"354\" class=\"elementor elementor-354\" data-elementor-settings=\"[]\">\n\t\t\t\t\t\t\t<div class=\"elementor-section-wrap\">\n\t\t\t\t\t\t\t<section data-particle_enable=\"false\" data-particle-mobile-disabled=\"false\" class=\"elementor-section elementor-top-section elementor-element elementor-element-e7c438b elementor-section-boxed elementor-section-height-default elementor-section-height-default\" data-id=\"e7c438b\" data-element_type=\"section\">\n\t\t\t\t\t\t<div class=\"elementor-container elementor-column-gap-no\">\n\t\t\t\t\t<div class=\"elementor-column elementor-col-33 elementor-top-column elementor-element elementor-element-4ff4597\" data-id=\"4ff4597\" data-element_type=\"column\">\n\t\t\t<div class=\"elementor-widget-wrap elementor-element-populated\">\n\t\t\t\t\t\t\t\t<div class=\"elementor-element elementor-element-97e8e8e elementor-widget elementor-widget-image\" data-id=\"97e8e8e\" data-element_type=\"widget\" data-widget_type=\"image.default\">\n\t\t\t\t<div class=\"elementor-widget-container\">\n\t\t\t\t\t\t\t\t\t\t\t\t\t\t\t\t<a href=\"https:\/\/seniorerhverv.org\/skiveviborgmorsoe\/wp-content\/uploads\/sites\/17\/2021\/09\/toMand_dec14.jpg\" data-elementor-open-lightbox=\"yes\" data-elementor-lightbox-title=\"B54800114\">\n\t\t\t\t\t\t\t<img width=\"800\" height=\"534\" src=\"https:\/\/seniorerhverv.org\/viborg\/wp-content\/uploads\/sites\/17\/2021\/09\/toMand_dec14.jpg\" class=\"attachment-large size-large\" alt=\"\" loading=\"lazy\" srcset=\"https:\/\/seniorerhverv.org\/viborg\/wp-content\/uploads\/sites\/17\/2021\/09\/toMand_dec14.jpg 850w, https:\/\/seniorerhverv.org\/viborg\/wp-content\/uploads\/sites\/17\/2021\/09\/toMand_dec14-300x200.jpg 300w, https:\/\/seniorerhverv.org\/viborg\/wp-content\/uploads\/sites\/17\/2021\/09\/toMand_dec14-768x512.jpg 768w\" sizes=\"(max-width: 800px) 100vw, 800px\" \/>\t\t\t\t\t\t\t\t<\/a>\n\t\t\t\t\t\t\t\t\t\t\t\t\t\t\t<\/div>\n\t\t\t\t<\/div>\n\t\t\t\t\t<\/div>\n\t\t<\/div>\n\t\t\t\t<div class=\"elementor-column elementor-col-33 elementor-top-column elementor-element elementor-element-bb96f98 box-container\" data-id=\"bb96f98\" data-element_type=\"column\">\n\t\t\t<div class=\"elementor-widget-wrap elementor-element-populated\">\n\t\t\t\t\t\t\t\t<div class=\"elementor-element elementor-element-8ae48d9 elementor-widget elementor-widget-text-editor\" data-id=\"8ae48d9\" data-element_type=\"widget\" data-widget_type=\"text-editor.default\">\n\t\t\t\t<div class=\"elementor-widget-container\">\n\t\t\t\t\t\t\t<h4>Sammen&nbsp;st\u00e5r vi st\u00e6rkere<strong><br><\/strong><\/h4>\n<p class=\"bodytext\">Mange jobs bes\u00e6ttes via netv\u00e6rk. Det vil sige, at man \u201dkender nogen, der kender nogen\u201d. Et st\u00f8rre og velfungerende netv\u00e6rk er derfor en \u201dn\u00f8dvendighed\u201d for at skabe jobmuligheder. Vi er med andre ord afh\u00e6ngige af, at medlemmerne \u00e6nsker at yde en indsats for netv\u00e6rket.<\/p>\n<p class=\"bodytext\">Vi er et lokalt netv\u00e6rk, som arbejder for at ledige over 50 \u00e5r kommer tilbage p\u00e5 arbejdsmarkedet i ordin\u00e6re job.&nbsp;Jobaktive efterl\u00f8nnere eller pensionister er ogs\u00e5 velkomne.&nbsp;Din vej til nyt job er gennem selvaktivering eller med andre ord \u201dhj\u00e6lp til selvhj\u00e6lp\u201d. Det betyder, at din vej til nyt job kr\u00e6ver, at du er aktiv i din jobs\u00f8gning, samtidig med at du&nbsp;i netv\u00e6rket&nbsp;kan modtage individuelle, konkrete r\u00e5d&nbsp;samt vejledning&nbsp;gennem vores f\u00e6llesaktiviteter.&nbsp;<\/p>\n<p class=\"bodytext\">I Danmark er der mere&nbsp;p.t. 22&nbsp;selvst\u00e6ndige netv\u00e6rk, som arbejder sammen i det landsd\u00e6kkende netv\u00e6rk Senior Erhverv Danmark.<\/p>\n<p class=\"bodytext\">Vi er alle frivillige, s\u00e5 udover din egen indsats for at f\u00e5 job, forventer vi at du accepterer at yde en frivillig, ul\u00f8nnet indsats for f\u00e6llesskabet. Du hj\u00e6lper netv\u00e6rket med at finansiere aktiviteterne gennem din ul\u00f8nnede indsats for at f\u00e5 job og ved din indsats for f\u00e6llesskabet. Netv\u00e6rket er st\u00f8ttet \u00f8konomisk af Styrelsen for&nbsp;Arbejdsmarked og Rekruttering (STAR). Som medfinansiering skal du udfylde en timeseddel hver m\u00e5ned. Gennem de timer, som du og andre frivilligt bidrager med, f\u00e5r vi i f\u00e6llesskab netv\u00e6rket til at fungere.<\/p>\n<p class=\"bodytext\">Du f\u00e5r stadigv\u00e6k dine fulde dagpenge udbetalt. Medlemskab af Senior Erhverv Viborg koster kr. 100 om \u00e5ret. Du betaler ogs\u00e5 som n\u00e6vnt gennem din egen indsats for at f\u00e5 job og ved din tilstedev\u00e6relse til aktiviteter i netv\u00e6rket. Aktiviteterne forg\u00e5r typisk i projekter, interessegrupper&nbsp;og i arbejdsgrupper. Det holder dig i gang og giver dig inspiration og en god hverdag sammen med andre ligesindede.<\/p>\n<p class=\"bodytext\">F\u00e6lles markedsf\u00f8ring af alle medlemmer giver st\u00f8rre chance og flere muligheder for at f\u00e5 nyt job. Netv\u00e6rket driver en landsd\u00e6kkende CV database, hvor du forpligter dig til at l\u00e6gge dine data og kompetencer anonymt ind via \u201dmini CV\u2019er\u201d p\u00e5 vores hjemmeside, s\u00e5 virksomheder, der s\u00f8ger medarbejdere,&nbsp;kan se det.<\/p>\n<p class=\"bodytext\">Vi kontakter l\u00f8bende virksomheder i lokalomr\u00e5det. P\u00e5 den m\u00e5de s\u00f8ger vi&nbsp;aktivt at profilere netv\u00e6rkets medlemmer. Virksomheder kan ogs\u00e5 kontakte os. Vi videreformidler ledige jobs &#8211; helt gratis.<\/p>\n<p>Ud over den prim\u00e6re indsats for at f\u00e5 medlemmer i job, s\u00e5 arrangerer vi forskellige aktiviteter for at holde alle i f\u00e6llesskabet i gang. Du&nbsp;er selvf\u00f8lgelig ogs\u00e5 velkommen til at dukke op p\u00e5 vores kontor og f\u00e5 en sludder med andre og l\u00f8se verdenssituationen&#8230;<\/p>\t\t\t\t\t\t<\/div>\n\t\t\t\t<\/div>\n\t\t\t\t\t<\/div>\n\t\t<\/div>\n\t\t\t\t<div class=\"elementor-column elementor-col-33 elementor-top-column elementor-element elementor-element-1d8885d\" data-id=\"1d8885d\" data-element_type=\"column\">\n\t\t\t<div class=\"elementor-widget-wrap elementor-element-populated\">\n\t\t\t\t\t\t\t\t<div class=\"elementor-element elementor-element-d8f8cdb elementor-widget elementor-widget-image\" data-id=\"d8f8cdb\" data-element_type=\"widget\" data-widget_type=\"image.default\">\n\t\t\t\t<div class=\"elementor-widget-container\">\n\t\t\t\t\t\t\t\t\t\t\t\t\t\t\t\t<a href=\"https:\/\/calendar.google.com\/calendar\/embed?src=seskvi@gmail.com&#038;ctz=Europe\/Copenhagen.com#main_7\" target=\"_blank\">\n\t\t\t\t\t\t\t<img width=\"800\" height=\"358\" src=\"https:\/\/seniorerhverv.org\/viborg\/wp-content\/uploads\/sites\/17\/2021\/09\/SE-kalender-1024x458.jpg\" class=\"attachment-large size-large\" alt=\"\" loading=\"lazy\" srcset=\"https:\/\/seniorerhverv.org\/viborg\/wp-content\/uploads\/sites\/17\/2021\/09\/SE-kalender-1024x458.jpg 1024w, https:\/\/seniorerhverv.org\/viborg\/wp-content\/uploads\/sites\/17\/2021\/09\/SE-kalender-300x134.jpg 300w, https:\/\/seniorerhverv.org\/viborg\/wp-content\/uploads\/sites\/17\/2021\/09\/SE-kalender-768x343.jpg 768w, https:\/\/seniorerhverv.org\/viborg\/wp-content\/uploads\/sites\/17\/2021\/09\/SE-kalender.jpg 1174w\" sizes=\"(max-width: 800px) 100vw, 800px\" \/>\t\t\t\t\t\t\t\t<\/a>\n\t\t\t\t\t\t\t\t\t\t\t\t\t\t\t<\/div>\n\t\t\t\t<\/div>\n\t\t\t\t\t<\/div>\n\t\t<\/div>\n\t\t\t\t\t\t\t<\/div>\n\t\t<\/section>\n\t\t\t\t\t\t<\/div>\n\t\t\t\t\t<\/div>\n\t\t"},"excerpt":{"rendered":"<p>Sammen&nbsp;st\u00e5r vi st\u00e6rkere Mange jobs bes\u00e6ttes via netv\u00e6rk. Det vil sige, at man \u201dkender nogen, der kender nogen\u201d. Et st\u00f8rre og velfungerende netv\u00e6rk er derfor en \u201dn\u00f8dvendighed\u201d for at skabe jobmuligheder. Vi er med andre ord afh\u00e6ngige af, at medlemmerne \u00e6nsker at yde en indsats for netv\u00e6rket. Vi er et lokalt netv\u00e6rk, som arbejder for [&hellip;]<\/p>\n","protected":false},"author":17,"featured_media":0,"parent":0,"menu_order":0,"comment_status":"closed","ping_status":"closed","template":"elementor_header_footer","meta":[],"x_date":"oktober 14, 2021","x_author":"skiveviborg","x_gravatar":"https:\/\/secure.gravatar.com\/avatar\/cb6ba50e23dbc16e19daad7df787f40e?s=96&d=mm&r=g","x_metadata":{"_elementor_edit_mode":"builder","_elementor_template_type":"wp-page","_elementor_version":"3.4.4","_elementor_pro_version":"3.2.1","_elementor_page_settings":{"eael_ext_toc_title":"Table of Contents"},"_elementor_data":"[{\"id\":\"e7c438b\",\"elType\":\"section\",\"settings\":{\"gap\":\"no\",\"structure\":\"30\",\"margin\":{\"unit\":\"px\",\"top\":\"10\",\"right\":0,\"bottom\":\"10\",\"left\":0,\"isLinked\":true},\"eael_parallax_layers_list\":[],\"eael_cl_logics\":[{\"_id\":\"f5f8736\"}]},\"elements\":[{\"id\":\"4ff4597\",\"elType\":\"column\",\"settings\":{\"_column_size\":33,\"_inline_size\":25,\"padding\":{\"unit\":\"px\",\"top\":\"20\",\"right\":\"20\",\"bottom\":\"20\",\"left\":\"20\",\"isLinked\":true},\"eael_cl_logics\":[{\"_id\":\"8b9fa38\"}]},\"elements\":[{\"id\":\"97e8e8e\",\"elType\":\"widget\",\"settings\":{\"image\":{\"url\":\"https:\\\/\\\/seniorerhverv.org\\\/skiveviborgmorsoe\\\/wp-content\\\/uploads\\\/sites\\\/17\\\/2021\\\/09\\\/toMand_dec14.jpg\",\"id\":216,\"alt\":\"\",\"source\":\"library\"},\"link_to\":\"file\",\"open_lightbox\":\"yes\",\"eael_tooltip_section_content\":\"I am a tooltip\",\"eael_ext_content_protection_password_placeholder\":\"Enter Password\",\"eael_ext_content_protection_password_submit_btn_txt\":\"Submit\",\"eael_ext_content_protection_password_incorrect_message\":\"Password does not match.\",\"eael_cl_logics\":[{\"_id\":\"2ce743c\"}]},\"elements\":[],\"widgetType\":\"image\"}],\"isInner\":false},{\"id\":\"bb96f98\",\"elType\":\"column\",\"settings\":{\"_column_size\":33,\"_inline_size\":49.332999999999998408384271897375583648681640625,\"padding\":{\"unit\":\"px\",\"top\":\"30\",\"right\":\"30\",\"bottom\":\"30\",\"left\":\"30\",\"isLinked\":true},\"css_classes\":\"box-container\",\"eael_cl_logics\":[{\"_id\":\"99864d9\"}]},\"elements\":[{\"id\":\"8ae48d9\",\"elType\":\"widget\",\"settings\":{\"editor\":\"<h4>Sammen&nbsp;st\\u00e5r vi st\\u00e6rkere<strong><br><\\\/strong><\\\/h4>\\n<p class=\\\"bodytext\\\">Mange jobs bes\\u00e6ttes via netv\\u00e6rk. Det vil sige, at man \\u201dkender nogen, der kender nogen\\u201d. Et st\\u00f8rre og velfungerende netv\\u00e6rk er derfor en \\u201dn\\u00f8dvendighed\\u201d for at skabe jobmuligheder. Vi er med andre ord afh\\u00e6ngige af, at medlemmerne \\u00e6nsker at yde en indsats for netv\\u00e6rket.<\\\/p>\\n<p class=\\\"bodytext\\\">Vi er et lokalt netv\\u00e6rk, som arbejder for at ledige over 50 \\u00e5r kommer tilbage p\\u00e5 arbejdsmarkedet i ordin\\u00e6re job.&nbsp;Jobaktive efterl\\u00f8nnere eller pensionister er ogs\\u00e5 velkomne.&nbsp;Din vej til nyt job er gennem selvaktivering eller med andre ord \\u201dhj\\u00e6lp til selvhj\\u00e6lp\\u201d. Det betyder, at din vej til nyt job kr\\u00e6ver, at du er aktiv i din jobs\\u00f8gning, samtidig med at du&nbsp;i netv\\u00e6rket&nbsp;kan modtage individuelle, konkrete r\\u00e5d&nbsp;samt vejledning&nbsp;gennem vores f\\u00e6llesaktiviteter.&nbsp;<\\\/p>\\n<p class=\\\"bodytext\\\">I Danmark er der mere&nbsp;p.t. 22&nbsp;selvst\\u00e6ndige netv\\u00e6rk, som arbejder sammen i det landsd\\u00e6kkende netv\\u00e6rk Senior Erhverv Danmark.<\\\/p>\\n<p class=\\\"bodytext\\\">Vi er alle frivillige, s\\u00e5 udover din egen indsats for at f\\u00e5 job, forventer vi at du accepterer at yde en frivillig, ul\\u00f8nnet indsats for f\\u00e6llesskabet. Du hj\\u00e6lper netv\\u00e6rket med at finansiere aktiviteterne gennem din ul\\u00f8nnede indsats for at f\\u00e5 job og ved din indsats for f\\u00e6llesskabet. Netv\\u00e6rket er st\\u00f8ttet \\u00f8konomisk af Styrelsen for&nbsp;Arbejdsmarked og Rekruttering (STAR). Som medfinansiering skal du udfylde en timeseddel hver m\\u00e5ned. Gennem de timer, som du og andre frivilligt bidrager med, f\\u00e5r vi i f\\u00e6llesskab netv\\u00e6rket til at fungere.<\\\/p>\\n<p class=\\\"bodytext\\\">Du f\\u00e5r stadigv\\u00e6k dine fulde dagpenge udbetalt. Medlemskab af Senior Erhverv Viborg koster kr. 100 om \\u00e5ret. Du betaler ogs\\u00e5 som n\\u00e6vnt gennem din egen indsats for at f\\u00e5 job og ved din tilstedev\\u00e6relse til aktiviteter i netv\\u00e6rket. Aktiviteterne forg\\u00e5r typisk i projekter, interessegrupper&nbsp;og i arbejdsgrupper. Det holder dig i gang og giver dig inspiration og en god hverdag sammen med andre ligesindede.<\\\/p>\\n<p class=\\\"bodytext\\\">F\\u00e6lles markedsf\\u00f8ring af alle medlemmer giver st\\u00f8rre chance og flere muligheder for at f\\u00e5 nyt job. Netv\\u00e6rket driver en landsd\\u00e6kkende CV database, hvor du forpligter dig til at l\\u00e6gge dine data og kompetencer anonymt ind via \\u201dmini CV\\u2019er\\u201d p\\u00e5 vores hjemmeside, s\\u00e5 virksomheder, der s\\u00f8ger medarbejdere,&nbsp;kan se det.<\\\/p>\\n<p class=\\\"bodytext\\\">Vi kontakter l\\u00f8bende virksomheder i lokalomr\\u00e5det. P\\u00e5 den m\\u00e5de s\\u00f8ger vi&nbsp;aktivt at profilere netv\\u00e6rkets medlemmer. Virksomheder kan ogs\\u00e5 kontakte os. Vi videreformidler ledige jobs - helt gratis.<\\\/p>\\n<p>Ud over den prim\\u00e6re indsats for at f\\u00e5 medlemmer i job, s\\u00e5 arrangerer vi forskellige aktiviteter for at holde alle i f\\u00e6llesskabet i gang. Du&nbsp;er selvf\\u00f8lgelig ogs\\u00e5 velkommen til at dukke op p\\u00e5 vores kontor og f\\u00e5 en sludder med andre og l\\u00f8se verdenssituationen...<\\\/p>\",\"eael_tooltip_section_content\":\"I am a tooltip\",\"eael_ext_content_protection_password_placeholder\":\"Enter Password\",\"eael_ext_content_protection_password_submit_btn_txt\":\"Submit\",\"eael_ext_content_protection_password_incorrect_message\":\"Password does not match.\",\"eael_cl_logics\":[{\"_id\":\"d86170f\"}]},\"elements\":[],\"widgetType\":\"text-editor\"}],\"isInner\":false},{\"id\":\"1d8885d\",\"elType\":\"column\",\"settings\":{\"_column_size\":33,\"_inline_size\":25,\"padding\":{\"unit\":\"px\",\"top\":\"20\",\"right\":\"20\",\"bottom\":\"20\",\"left\":\"20\",\"isLinked\":true},\"eael_cl_logics\":[{\"_id\":\"e16afdb\"}]},\"elements\":[{\"id\":\"d8f8cdb\",\"elType\":\"widget\",\"settings\":{\"image\":{\"url\":\"https:\\\/\\\/seniorerhverv.org\\\/skiveviborgmorsoe\\\/wp-content\\\/uploads\\\/sites\\\/17\\\/2021\\\/09\\\/SE-kalender.jpg\",\"id\":160,\"alt\":\"\",\"source\":\"library\"},\"link_to\":\"custom\",\"link\":{\"url\":\"https:\\\/\\\/calendar.google.com\\\/calendar\\\/embed?src=seskvi@gmail.com&ctz=Europe\\\/Copenhagen.com#main_7\",\"is_external\":\"on\",\"nofollow\":\"\",\"custom_attributes\":\"\"},\"eael_tooltip_section_content\":\"I am a tooltip\",\"eael_ext_content_protection_password_placeholder\":\"Enter Password\",\"eael_ext_content_protection_password_submit_btn_txt\":\"Submit\",\"eael_ext_content_protection_password_incorrect_message\":\"Password does not match.\",\"eael_cl_logics\":[{\"_id\":\"a384cfc\"}]},\"elements\":[],\"widgetType\":\"image\"}],\"isInner\":false}],\"isInner\":false}]","_elementor_page_assets":[],"_eael_custom_js":"","_elementor_controls_usage":{"image":{"count":2,"control_percent":1,"controls":{"content":{"section_image":{"image":2,"link_to":2,"open_lightbox":1,"link":1}},"advanced":{"eael_conditional_logic_section":{"eael_cl_logics":2}}}},"column":{"count":3,"control_percent":1,"controls":{"layout":{"layout":{"_inline_size":3}},"advanced":{"section_advanced":{"padding":3,"css_classes":1},"eael_conditional_logic_section":{"eael_cl_logics":3}}}},"text-editor":{"count":1,"control_percent":1,"controls":{"content":{"section_editor":{"editor":1}},"advanced":{"eael_conditional_logic_section":{"eael_cl_logics":1}}}},"section":{"count":1,"control_percent":1,"controls":{"layout":{"section_layout":{"gap":1},"section_structure":{"structure":1}},"advanced":{"section_advanced":{"margin":1},"eael_conditional_logic_section":{"eael_cl_logics":1}}}}},"_elementor_css":{"time":1763388098,"fonts":[],"icons":[],"dynamic_elements_ids":[],"status":"file","0":""}},"_links":{"self":[{"href":"https:\/\/seniorerhverv.org\/viborg\/wp-json\/wp\/v2\/pages\/354"}],"collection":[{"href":"https:\/\/seniorerhverv.org\/viborg\/wp-json\/wp\/v2\/pages"}],"about":[{"href":"https:\/\/seniorerhverv.org\/viborg\/wp-json\/wp\/v2\/types\/page"}],"author":[{"embeddable":true,"href":"https:\/\/seniorerhverv.org\/viborg\/wp-json\/wp\/v2\/users\/17"}],"replies":[{"embeddable":true,"href":"https:\/\/seniorerhverv.org\/viborg\/wp-json\/wp\/v2\/comments?post=354"}],"version-history":[{"count":2,"href":"https:\/\/seniorerhverv.org\/viborg\/wp-json\/wp\/v2\/pages\/354\/revisions"}],"predecessor-version":[{"id":3130,"href":"https:\/\/seniorerhverv.org\/viborg\/wp-json\/wp\/v2\/pages\/354\/revisions\/3130"}],"wp:attachment":[{"href":"https:\/\/seniorerhverv.org\/viborg\/wp-json\/wp\/v2\/media?parent=354"}],"curies":[{"name":"wp","href":"https:\/\/api.w.org\/{rel}","templated":true}]}}