{"id":73,"date":"2022-04-15T18:46:18","date_gmt":"2022-04-15T18:46:18","guid":{"rendered":"https:\/\/seniorerhverv.org\/sydsjaelland\/?page_id=73"},"modified":"2025-01-27T15:08:13","modified_gmt":"2025-01-27T14:08:13","slug":"persondatapolitik","status":"publish","type":"page","link":"https:\/\/seniorerhverv.org\/sydsjaelland\/persondatapolitik\/","title":{"rendered":"Persondatapolitik"},"content":{"rendered":"\t\t<div data-elementor-type=\"wp-page\" data-elementor-id=\"73\" class=\"elementor elementor-73\" data-elementor-settings=\"[]\">\n\t\t\t\t\t\t\t<div class=\"elementor-section-wrap\">\n\t\t\t\t\t\t\t<section data-particle_enable=\"false\" data-particle-mobile-disabled=\"false\" class=\"elementor-section elementor-top-section elementor-element elementor-element-d9bac08 elementor-section-boxed elementor-section-height-default elementor-section-height-default\" data-id=\"d9bac08\" data-element_type=\"section\">\n\t\t\t\t\t\t<div class=\"elementor-container elementor-column-gap-default\">\n\t\t\t\t\t<div class=\"elementor-column elementor-col-100 elementor-top-column elementor-element elementor-element-99d2a4e\" data-id=\"99d2a4e\" data-element_type=\"column\">\n\t\t\t<div class=\"elementor-widget-wrap elementor-element-populated\">\n\t\t\t\t\t\t\t\t<div class=\"elementor-element elementor-element-390aa4a elementor-widget elementor-widget-text-editor\" data-id=\"390aa4a\" data-element_type=\"widget\" data-widget_type=\"text-editor.default\">\n\t\t\t\t<div class=\"elementor-widget-container\">\n\t\t\t\t\t\t\t<p><b>Privatlivspolitik<\/b><\/p>\n<p>Senior Erhverv Sydsj\u00e6lland har pr. 1. april 2024 opdateret vores privatlivspolitik, der blandt andet indeholder oplysninger om, hvordan vi behandler personoplysninger om dig som medlem. Vi informerer ogs\u00e5 om eventuel videregivelse af personoplysninger og dine rettigheder i forbindelse med ovenst\u00e5ende.<\/p>\n<p>Privatlivspolitikken indeholder ogs\u00e5 et afsnit om vores persondatapolitik i forhold til virksomheder, herunder sikkerhed i forhold til beskyttelse af de data, vi har om vores registrerede virksomheder.<\/p>\n<p>Du kan downloade den samlede persondatapolitik som PDF-dokument ved at klikke p\u00e5 linket herunder.<\/p>\n<p><span style=\"font-weight: 700;\"><a href=\"https:\/\/seniorerhverv.org\/sydsjaelland\/wp-content\/uploads\/sites\/21\/2025\/01\/Persondataplotik-for-SEDK-4700.pdf\">Persondataplotik for SEDK &#8211; 4700<\/a><\/span><\/p>\t\t\t\t\t\t<\/div>\n\t\t\t\t<\/div>\n\t\t\t\t\t<\/div>\n\t\t<\/div>\n\t\t\t\t\t\t\t<\/div>\n\t\t<\/section>\n\t\t\t\t\t\t<\/div>\n\t\t\t\t\t<\/div>\n\t\t"},"excerpt":{"rendered":"<p>Privatlivspolitik Senior Erhverv Sydsj\u00e6lland har pr. 1. april 2024 opdateret vores privatlivspolitik, der blandt andet indeholder oplysninger om, hvordan vi behandler personoplysninger om dig som medlem. Vi informerer ogs\u00e5 om eventuel videregivelse af personoplysninger og dine rettigheder i forbindelse med ovenst\u00e5ende. Privatlivspolitikken indeholder ogs\u00e5 et afsnit om vores persondatapolitik i forhold til virksomheder, herunder sikkerhed [&hellip;]<\/p>\n","protected":false},"author":21,"featured_media":0,"parent":0,"menu_order":0,"comment_status":"closed","ping_status":"closed","template":"elementor_header_footer","meta":[],"x_date":"15\/04\/2022","x_author":"sydsjaelland","x_gravatar":"https:\/\/secure.gravatar.com\/avatar\/7e1993585b5996e1a400c025064e5265?s=96&d=mm&r=g","x_metadata":{"_elementor_edit_mode":"builder","_elementor_template_type":"wp-page","_elementor_version":"3.4.4","_elementor_pro_version":"3.2.1","_elementor_page_settings":{"eael_ext_toc_title":"Table of Contents"},"_elementor_data":"[{\"id\":\"d9bac08\",\"elType\":\"section\",\"settings\":{\"eael_parallax_layers_list\":[],\"eael_cl_logics\":[{\"_id\":\"34cd77a\"}]},\"elements\":[{\"id\":\"99d2a4e\",\"elType\":\"column\",\"settings\":{\"_column_size\":100,\"_inline_size\":null,\"eael_cl_logics\":[{\"_id\":\"f1d478b\"}]},\"elements\":[{\"id\":\"390aa4a\",\"elType\":\"widget\",\"settings\":{\"editor\":\"<p><b>Privatlivspolitik<\\\/b><\\\/p>\\n<p>Senior Erhverv Sydsj\\u00e6lland har pr. 1. april 2024 opdateret vores privatlivspolitik, der blandt andet indeholder oplysninger om, hvordan vi behandler personoplysninger om dig som medlem. Vi informerer ogs\\u00e5 om eventuel videregivelse af personoplysninger og dine rettigheder i forbindelse med ovenst\\u00e5ende.<\\\/p>\\n<p>Privatlivspolitikken indeholder ogs\\u00e5 et afsnit om vores persondatapolitik i forhold til virksomheder, herunder sikkerhed i forhold til beskyttelse af de data, vi har om vores registrerede virksomheder.<\\\/p>\\n<p>Du kan downloade den samlede persondatapolitik som PDF-dokument ved at klikke p\\u00e5 linket herunder.<\\\/p>\\n<p><span style=\\\"font-weight: 700;\\\"><a href=\\\"https:\\\/\\\/seniorerhverv.org\\\/sydsjaelland\\\/wp-content\\\/uploads\\\/sites\\\/21\\\/2025\\\/01\\\/Persondataplotik-for-SEDK-4700.pdf\\\">Persondataplotik for SEDK - 4700<\\\/a><\\\/span><\\\/p>\",\"eael_tooltip_section_content\":\"I am a tooltip\",\"eael_ext_content_protection_password_placeholder\":\"Enter Password\",\"eael_ext_content_protection_password_submit_btn_txt\":\"Submit\",\"eael_ext_content_protection_password_incorrect_message\":\"Password does not match.\",\"eael_cl_logics\":[{\"_id\":\"2013c3d\"}]},\"elements\":[],\"widgetType\":\"text-editor\"}],\"isInner\":false}],\"isInner\":false}]","_elementor_page_assets":[],"_eael_custom_js":"","_oembed_0c76b98ecd094198bcfe5c51b5880e01":"{{unknown}}","_elementor_controls_usage":{"text-editor":{"count":1,"control_percent":1,"controls":{"content":{"section_editor":{"editor":1}},"advanced":{"eael_conditional_logic_section":{"eael_cl_logics":1}}}},"column":{"count":1,"control_percent":1,"controls":{"layout":{"layout":{"_inline_size":1}},"advanced":{"eael_conditional_logic_section":{"eael_cl_logics":1}}}},"section":{"count":1,"control_percent":0,"controls":{"advanced":{"eael_conditional_logic_section":{"eael_cl_logics":1}}}}},"_elementor_css":{"time":1752522018,"fonts":[],"icons":[],"dynamic_elements_ids":[],"status":"empty","0":"","css":""}},"_links":{"self":[{"href":"https:\/\/seniorerhverv.org\/sydsjaelland\/wp-json\/wp\/v2\/pages\/73"}],"collection":[{"href":"https:\/\/seniorerhverv.org\/sydsjaelland\/wp-json\/wp\/v2\/pages"}],"about":[{"href":"https:\/\/seniorerhverv.org\/sydsjaelland\/wp-json\/wp\/v2\/types\/page"}],"author":[{"embeddable":true,"href":"https:\/\/seniorerhverv.org\/sydsjaelland\/wp-json\/wp\/v2\/users\/21"}],"replies":[{"embeddable":true,"href":"https:\/\/seniorerhverv.org\/sydsjaelland\/wp-json\/wp\/v2\/comments?post=73"}],"version-history":[{"count":6,"href":"https:\/\/seniorerhverv.org\/sydsjaelland\/wp-json\/wp\/v2\/pages\/73\/revisions"}],"predecessor-version":[{"id":4638,"href":"https:\/\/seniorerhverv.org\/sydsjaelland\/wp-json\/wp\/v2\/pages\/73\/revisions\/4638"}],"wp:attachment":[{"href":"https:\/\/seniorerhverv.org\/sydsjaelland\/wp-json\/wp\/v2\/media?parent=73"}],"curies":[{"name":"wp","href":"https:\/\/api.w.org\/{rel}","templated":true}]}}