{"id":71,"date":"2022-04-15T18:46:08","date_gmt":"2022-04-15T18:46:08","guid":{"rendered":"https:\/\/seniorerhverv.org\/sydsjaelland\/?page_id=71"},"modified":"2022-08-20T14:42:08","modified_gmt":"2022-08-20T13:42:08","slug":"om-os","status":"publish","type":"page","link":"https:\/\/seniorerhverv.org\/sydsjaelland\/om-os\/","title":{"rendered":"Om os"},"content":{"rendered":"\t\t<div data-elementor-type=\"wp-page\" data-elementor-id=\"71\" class=\"elementor elementor-71\" data-elementor-settings=\"[]\">\n\t\t\t\t\t\t\t<div class=\"elementor-section-wrap\">\n\t\t\t\t\t\t\t<section data-particle_enable=\"false\" data-particle-mobile-disabled=\"false\" class=\"elementor-section elementor-top-section elementor-element elementor-element-b5a7dcb elementor-section-boxed elementor-section-height-default elementor-section-height-default\" data-id=\"b5a7dcb\" data-element_type=\"section\" data-settings=\"{&quot;background_background&quot;:&quot;classic&quot;}\">\n\t\t\t\t\t\t<div class=\"elementor-container elementor-column-gap-no\">\n\t\t\t\t\t<div class=\"elementor-column elementor-col-66 elementor-top-column elementor-element elementor-element-6e40914 box-container\" data-id=\"6e40914\" data-element_type=\"column\">\n\t\t\t<div class=\"elementor-widget-wrap elementor-element-populated\">\n\t\t\t\t\t\t\t\t<div class=\"elementor-element elementor-element-3e2acfc elementor-widget elementor-widget-text-editor\" data-id=\"3e2acfc\" data-element_type=\"widget\" data-widget_type=\"text-editor.default\">\n\t\t\t\t<div class=\"elementor-widget-container\">\n\t\t\t\t\t\t\t<p><img loading=\"lazy\" class=\"alignnone size-large wp-image-28\" src=\"https:\/\/seniorerhverv.org\/sydsjaelland\/wp-content\/uploads\/sites\/21\/2021\/09\/SE_Sydsjaellands_nye_kontor-1024x576.jpg\" alt=\"\" width=\"800\" height=\"450\" srcset=\"https:\/\/seniorerhverv.org\/sydsjaelland\/wp-content\/uploads\/sites\/21\/2021\/09\/SE_Sydsjaellands_nye_kontor-1024x576.jpg 1024w, https:\/\/seniorerhverv.org\/sydsjaelland\/wp-content\/uploads\/sites\/21\/2021\/09\/SE_Sydsjaellands_nye_kontor-300x169.jpg 300w, https:\/\/seniorerhverv.org\/sydsjaelland\/wp-content\/uploads\/sites\/21\/2021\/09\/SE_Sydsjaellands_nye_kontor-768x432.jpg 768w, https:\/\/seniorerhverv.org\/sydsjaelland\/wp-content\/uploads\/sites\/21\/2021\/09\/SE_Sydsjaellands_nye_kontor-1536x864.jpg 1536w, https:\/\/seniorerhverv.org\/sydsjaelland\/wp-content\/uploads\/sites\/21\/2021\/09\/SE_Sydsjaellands_nye_kontor-2048x1152.jpg 2048w\" sizes=\"(max-width: 800px) 100vw, 800px\" \/><\/p><p><em>Her ser\u00a0du vores kontor p\u00e5 Milit\u00e6rsvinget 13, N\u00e6stved.<br \/><\/em><br \/><em><strong>Tager du bus fra N\u00e6stved station<\/strong>\u00a0kan du st\u00e5 af ved stoppestedet &#8220;Vinkelvej&#8221; ude p\u00e5 Ringstedgade.<br \/>G\u00e5 lidt frem, g\u00e5 til h\u00f8jre af\u00a0Dragonvej. Kort efter til venstre af Ny Holstedvej\u00a0<\/em><em>og lidt senere til h\u00f8jre af Milit\u00e6rvej.<br \/>P\u00e5 h\u00f8jre side kommer s\u00e5 Milit\u00e6rsvinget to gange, g\u00e5 til h\u00f8jre af den anden vej\u00a0<\/em><em>og s\u00e5 g\u00e5r du bare 100 m, s\u00e5 er du fremme ved vores port. Du kan tage bus 630R mod Faxe, bus 602 mod Fensmark, bus 680 mod Ringsted eller bus 570 mod Sor\u00f8.<br \/>Du kan med bus 630R mod Faxe forts\u00e6tte \u00e9t stoppested til til Ish\u00f8jvej.\u00a0Lige f\u00f8r stoppestedet g\u00e5r Ish\u00f8jvej ind til h\u00f8jre. S\u00e5 skal du bare 50 m til venstre ad Milit\u00e6rvej og s\u00e5 til h\u00f8jre ind af Milit\u00e6rsvinget. Det er 365 meter.<\/em><\/p><p><strong><em>\u2022\u00a0<\/em>Vi er et frivilligt netv\u00e6rk<\/strong><br \/>for jobs\u00f8gende seniorer, flexl\u00f8nnere, efterl\u00f8nnere, kontanthj\u00e6lpsmodtagere, pensionister og andre, der \u00f8nsker at g\u00f8re en aktiv indsats for at komme tilbage p\u00e5 arbejdsmarkedet.<\/p><p class=\"bodytext\"><strong>\u2022 Vores vigtigste m\u00e5l<\/strong><br \/>er at skaffe vores medlemmer ordin\u00e6re jobs p\u00e5 arbejdsmarkedet.<\/p><p class=\"bodytext\"><strong>\u2022 Vi er\u00a0landsd\u00e6kkende<\/strong><br \/>med 22 lokale\u00a0netv\u00e6rk med tilsammen ca. 1.600 medlemmer.<\/p><p class=\"bodytext\"><strong>\u2022<\/strong>\u00a0<strong>Vi modtager statslige satspuljemidler<\/strong><br \/>og er underlagt Styrelsen for Arbejdsmarked og Rekruttering.<\/p><p class=\"bodytext\"><strong>\u2022 Vi samarbejder med virksomheder<\/strong><br \/>jobcentre, anden akt\u00f8rer, kommuner, erhvervsforeninger etc. og markedsf\u00f8rer vores medlemmers kompetencer.<\/p><p class=\"bodytext\"><strong>\u2022 Vi tilbyder vores medlemmer<\/strong><br \/>hj\u00e6lp til selvhj\u00e6lp ved jobs\u00f8gning.<\/p><p class=\"bodytext\"><strong>\u2022<\/strong>\u00a0<strong>Vores medlemmers frivillige arbejdskraft<br \/><\/strong>styrer vores aktiviteter.<\/p><p class=\"bodytext\"><strong>\u2022\u00a0<\/strong><strong>Vi deler viden og<\/strong>\u00a0<strong>udveksler erfaringer<br \/><\/strong>for p\u00e5 den m\u00e5de at \u00f8ge og vedligeholde vores medlemmers faglige og sociale\u00a0 kompetencer.<\/p><p class=\"bodytext\"><strong>\u2022 Vores brede netv\u00e6rk<\/strong><br \/>er en s\u00e6rdeles god mulighed for at skabe nye jobmuligheder. Mere end 40% af alle vores medlemmer kommer nemlig i arbejde hvert \u00e5r &#8211;\u00a0<strong>en\u00a0god grund til, at du melder dig ind i Senior Erhverv!<br \/><\/strong><br \/>Senior Erhverv har brug for dig, og der vil blive lyttet til dig.<\/p><p class=\"bodytext\">Ring til os p\u00e5 5577 4568 eller kik indenfor p\u00e5\u00a0Milit\u00e6rsvinget 13, N\u00e6stved\u00a0&#8211; vi er p\u00e5 kontoret alle hverdage mellem kl. 9 og 13.<\/p>\t\t\t\t\t\t<\/div>\n\t\t\t\t<\/div>\n\t\t\t\t\t<\/div>\n\t\t<\/div>\n\t\t\t\t<div class=\"elementor-column elementor-col-33 elementor-top-column elementor-element elementor-element-be014dd\" data-id=\"be014dd\" data-element_type=\"column\">\n\t\t\t<div class=\"elementor-widget-wrap elementor-element-populated\">\n\t\t\t\t\t\t\t\t<div class=\"elementor-element elementor-element-b54ef46 elementor-widget elementor-widget-heading\" data-id=\"b54ef46\" data-element_type=\"widget\" data-widget_type=\"heading.default\">\n\t\t\t\t<div class=\"elementor-widget-container\">\n\t\t\t<h3 class=\"elementor-heading-title elementor-size-default\">Jobhenvendelse \/ stillingsopslag<\/h3>\t\t<\/div>\n\t\t\t\t<\/div>\n\t\t\t\t<div class=\"elementor-element elementor-element-d123954 elementor-widget elementor-widget-text-editor\" data-id=\"d123954\" data-element_type=\"widget\" data-widget_type=\"text-editor.default\">\n\t\t\t\t<div class=\"elementor-widget-container\">\n\t\t\t\t\t\t\t<p>For henvendelse om stillinger som \u00f8nskes tilbud Senior Erhverv til snarlig bes\u00e6ttelse, klik her for mailkontakt &#8211; husk at vedh\u00e6fte evt. stillingsbeskrivelse:<\/p>\t\t\t\t\t\t<\/div>\n\t\t\t\t<\/div>\n\t\t\t\t<div class=\"elementor-element elementor-element-1a8dcf7 elementor-align-justify elementor-widget elementor-widget-button\" data-id=\"1a8dcf7\" data-element_type=\"widget\" data-widget_type=\"button.default\">\n\t\t\t\t<div class=\"elementor-widget-container\">\n\t\t\t\t\t<div class=\"elementor-button-wrapper\">\n\t\t\t<a href=\"mailto:seniorerhverv@seniorerhverv-sj.dk?subject=stillingsopslag%20SE%20Sydsj%C3%A6lland&#038;body=Jeg%20%C3%B8nsker%20at%20blive%20kontaktet%20ang.%20%C3%A5ben%20stilling:\" class=\"elementor-button-link elementor-button elementor-size-sm\" role=\"button\">\n\t\t\t\t\t\t<span class=\"elementor-button-content-wrapper\">\n\t\t\t\t\t\t<span class=\"elementor-button-text\">Klik og send e-mail<\/span>\n\t\t<\/span>\n\t\t\t\t\t<\/a>\n\t\t<\/div>\n\t\t\t\t<\/div>\n\t\t\t\t<\/div>\n\t\t\t\t<div class=\"elementor-element elementor-element-1c21e70 elementor-widget elementor-widget-heading\" data-id=\"1c21e70\" data-element_type=\"widget\" data-widget_type=\"heading.default\">\n\t\t\t\t<div class=\"elementor-widget-container\">\n\t\t\t<h3 class=\"elementor-heading-title elementor-size-default\">Medlemshenvendelse<\/h3>\t\t<\/div>\n\t\t\t\t<\/div>\n\t\t\t\t<div class=\"elementor-element elementor-element-555aa0b elementor-widget elementor-widget-text-editor\" data-id=\"555aa0b\" data-element_type=\"widget\" data-widget_type=\"text-editor.default\">\n\t\t\t\t<div class=\"elementor-widget-container\">\n\t\t\t\t\t\t\t<p>For henvendelse om medlemskab, klik nedenfor for at \u00e5bne din e-mail program og tilf\u00f8j dine kontaktoplysninger:<\/p>\t\t\t\t\t\t<\/div>\n\t\t\t\t<\/div>\n\t\t\t\t<div class=\"elementor-element elementor-element-d839687 elementor-align-justify elementor-widget elementor-widget-button\" data-id=\"d839687\" data-element_type=\"widget\" data-widget_type=\"button.default\">\n\t\t\t\t<div class=\"elementor-widget-container\">\n\t\t\t\t\t<div class=\"elementor-button-wrapper\">\n\t\t\t<a href=\"mailto:seniorerhverv@seniorerhverv-sj.dk?subject=Medlemskab%20SE%20Sydsj%C3%A6lland&#038;body=Jeg%20%C3%B8nsker%20at%20blive%20kontaktet%20ang.%20Senior%20Erhverv%20medlemskab:\" class=\"elementor-button-link elementor-button elementor-size-sm\" role=\"button\">\n\t\t\t\t\t\t<span class=\"elementor-button-content-wrapper\">\n\t\t\t\t\t\t<span class=\"elementor-button-text\">Klik og send e-mail<\/span>\n\t\t<\/span>\n\t\t\t\t\t<\/a>\n\t\t<\/div>\n\t\t\t\t<\/div>\n\t\t\t\t<\/div>\n\t\t\t\t\t<\/div>\n\t\t<\/div>\n\t\t\t\t\t\t\t<\/div>\n\t\t<\/section>\n\t\t\t\t\t\t<\/div>\n\t\t\t\t\t<\/div>\n\t\t"},"excerpt":{"rendered":"<p>Her ser\u00a0du vores kontor p\u00e5 Milit\u00e6rsvinget 13, N\u00e6stved.Tager du bus fra N\u00e6stved station\u00a0kan du st\u00e5 af ved stoppestedet &#8220;Vinkelvej&#8221; ude p\u00e5 Ringstedgade.G\u00e5 lidt frem, g\u00e5 til h\u00f8jre af\u00a0Dragonvej. Kort efter til venstre af Ny Holstedvej\u00a0og lidt senere til h\u00f8jre af Milit\u00e6rvej.P\u00e5 h\u00f8jre side kommer s\u00e5 Milit\u00e6rsvinget to gange, g\u00e5 til h\u00f8jre af den anden vej\u00a0og [&hellip;]<\/p>\n","protected":false},"author":21,"featured_media":0,"parent":0,"menu_order":0,"comment_status":"closed","ping_status":"closed","template":"elementor_header_footer","meta":[],"x_date":"15\/04\/2022","x_author":"sydsjaelland","x_gravatar":"https:\/\/secure.gravatar.com\/avatar\/7e1993585b5996e1a400c025064e5265?s=96&d=mm&r=g","x_metadata":{"_elementor_edit_mode":"builder","_elementor_template_type":"wp-page","_elementor_version":"3.4.4","_elementor_pro_version":"3.2.1","_elementor_page_settings":{"eael_ext_toc_title":"Table of Contents"},"_elementor_data":"[{\"id\":\"b5a7dcb\",\"elType\":\"section\",\"settings\":{\"gap\":\"no\",\"structure\":\"22\",\"margin\":{\"unit\":\"px\",\"top\":\"10\",\"right\":0,\"bottom\":\"10\",\"left\":0,\"isLinked\":true},\"background_background\":\"classic\",\"__globals__\":{\"background_color\":\"globals\\\/colors?id=f0ca768\"}},\"elements\":[{\"id\":\"6e40914\",\"elType\":\"column\",\"settings\":{\"_column_size\":66,\"_inline_size\":74.66599999999999681676854379475116729736328125,\"padding\":{\"unit\":\"px\",\"top\":\"20\",\"right\":\"20\",\"bottom\":\"20\",\"left\":\"20\",\"isLinked\":true},\"css_classes\":\"box-container\"},\"elements\":[{\"id\":\"3e2acfc\",\"elType\":\"widget\",\"settings\":{\"editor\":\"<p><img class=\\\"alignnone size-large wp-image-28\\\" src=\\\"https:\\\/\\\/seniorerhverv.org\\\/sydsjaelland\\\/wp-content\\\/uploads\\\/sites\\\/21\\\/2021\\\/09\\\/SE_Sydsjaellands_nye_kontor-1024x576.jpg\\\" alt=\\\"\\\" width=\\\"800\\\" height=\\\"450\\\" \\\/><\\\/p><p><em>Her ser\\u00a0du vores kontor p\\u00e5 Milit\\u00e6rsvinget 13, N\\u00e6stved.<br \\\/><\\\/em><br \\\/><em><strong>Tager du bus fra N\\u00e6stved station<\\\/strong>\\u00a0kan du st\\u00e5 af ved stoppestedet \\\"Vinkelvej\\\" ude p\\u00e5 Ringstedgade.<br \\\/>G\\u00e5 lidt frem, g\\u00e5 til h\\u00f8jre af\\u00a0Dragonvej. Kort efter til venstre af Ny Holstedvej\\u00a0<\\\/em><em>og lidt senere til h\\u00f8jre af Milit\\u00e6rvej.<br \\\/>P\\u00e5 h\\u00f8jre side kommer s\\u00e5 Milit\\u00e6rsvinget to gange, g\\u00e5 til h\\u00f8jre af den anden vej\\u00a0<\\\/em><em>og s\\u00e5 g\\u00e5r du bare 100 m, s\\u00e5 er du fremme ved vores port. Du kan tage bus 630R mod Faxe, bus 602 mod Fensmark, bus 680 mod Ringsted eller bus 570 mod Sor\\u00f8.<br \\\/>Du kan med bus 630R mod Faxe forts\\u00e6tte \\u00e9t stoppested til til Ish\\u00f8jvej.\\u00a0Lige f\\u00f8r stoppestedet g\\u00e5r Ish\\u00f8jvej ind til h\\u00f8jre. S\\u00e5 skal du bare 50 m til venstre ad Milit\\u00e6rvej og s\\u00e5 til h\\u00f8jre ind af Milit\\u00e6rsvinget. Det er 365 meter.<\\\/em><\\\/p><p><strong><em>\\u2022\\u00a0<\\\/em>Vi er et frivilligt netv\\u00e6rk<\\\/strong><br \\\/>for jobs\\u00f8gende seniorer, flexl\\u00f8nnere, efterl\\u00f8nnere, kontanthj\\u00e6lpsmodtagere, pensionister og andre, der \\u00f8nsker at g\\u00f8re en aktiv indsats for at komme tilbage p\\u00e5 arbejdsmarkedet.<\\\/p><p class=\\\"bodytext\\\"><strong>\\u2022 Vores vigtigste m\\u00e5l<\\\/strong><br \\\/>er at skaffe vores medlemmer ordin\\u00e6re jobs p\\u00e5 arbejdsmarkedet.<\\\/p><p class=\\\"bodytext\\\"><strong>\\u2022 Vi er\\u00a0landsd\\u00e6kkende<\\\/strong><br \\\/>med 22 lokale\\u00a0netv\\u00e6rk med tilsammen ca. 1.600 medlemmer.<\\\/p><p class=\\\"bodytext\\\"><strong>\\u2022<\\\/strong>\\u00a0<strong>Vi modtager statslige satspuljemidler<\\\/strong><br \\\/>og er underlagt Styrelsen for Arbejdsmarked og Rekruttering.<\\\/p><p class=\\\"bodytext\\\"><strong>\\u2022 Vi samarbejder med virksomheder<\\\/strong><br \\\/>jobcentre, anden akt\\u00f8rer, kommuner, erhvervsforeninger etc. og markedsf\\u00f8rer vores medlemmers kompetencer.<\\\/p><p class=\\\"bodytext\\\"><strong>\\u2022 Vi tilbyder vores medlemmer<\\\/strong><br \\\/>hj\\u00e6lp til selvhj\\u00e6lp ved jobs\\u00f8gning.<\\\/p><p class=\\\"bodytext\\\"><strong>\\u2022<\\\/strong>\\u00a0<strong>Vores medlemmers frivillige arbejdskraft<br \\\/><\\\/strong>styrer vores aktiviteter.<\\\/p><p class=\\\"bodytext\\\"><strong>\\u2022\\u00a0<\\\/strong><strong>Vi deler viden og<\\\/strong>\\u00a0<strong>udveksler erfaringer<br \\\/><\\\/strong>for p\\u00e5 den m\\u00e5de at \\u00f8ge og vedligeholde vores medlemmers faglige og sociale\\u00a0 kompetencer.<\\\/p><p class=\\\"bodytext\\\"><strong>\\u2022 Vores brede netv\\u00e6rk<\\\/strong><br \\\/>er en s\\u00e6rdeles god mulighed for at skabe nye jobmuligheder. Mere end 40% af alle vores medlemmer kommer nemlig i arbejde hvert \\u00e5r -\\u00a0<strong>en\\u00a0god grund til, at du melder dig ind i Senior Erhverv!<br \\\/><\\\/strong><br \\\/>Senior Erhverv har brug for dig, og der vil blive lyttet til dig.<\\\/p><p class=\\\"bodytext\\\">Ring til os p\\u00e5 5577 4568 eller kik indenfor p\\u00e5\\u00a0Milit\\u00e6rsvinget 13, N\\u00e6stved\\u00a0- vi er p\\u00e5 kontoret alle hverdage mellem kl. 9 og 13.<\\\/p>\",\"eael_tooltip_section_content\":\"I am a tooltip\",\"eael_ext_content_protection_password_placeholder\":\"Enter Password\",\"eael_ext_content_protection_password_submit_btn_txt\":\"Submit\",\"__globals__\":{\"text_color\":\"globals\\\/colors?id=86325dc\"}},\"elements\":[],\"widgetType\":\"text-editor\"}],\"isInner\":false},{\"id\":\"be014dd\",\"elType\":\"column\",\"settings\":{\"_column_size\":33,\"_inline_size\":25,\"padding\":{\"unit\":\"px\",\"top\":\"20\",\"right\":\"20\",\"bottom\":\"20\",\"left\":\"20\",\"isLinked\":\"1\"},\"_inline_size_tablet\":50,\"custom_css\":\"@media (max-width: 1024px) {\\n    selector {\\n        order: 1;\\n    }\\n}\"},\"elements\":[{\"id\":\"b54ef46\",\"elType\":\"widget\",\"settings\":{\"title\":\"Jobhenvendelse \\\/ stillingsopslag\",\"header_size\":\"h3\",\"_padding\":{\"unit\":\"px\",\"top\":\"20\",\"right\":\"20\",\"bottom\":\"10\",\"left\":\"20\",\"isLinked\":false},\"eael_tooltip_section_content\":\"I am a tooltip\",\"eael_ext_content_protection_password_placeholder\":\"Enter Password\",\"eael_ext_content_protection_password_submit_btn_txt\":\"Submit\"},\"elements\":[],\"widgetType\":\"heading\"},{\"id\":\"d123954\",\"elType\":\"widget\",\"settings\":{\"editor\":\"<p>For henvendelse om stillinger som \\u00f8nskes tilbud Senior Erhverv til snarlig bes\\u00e6ttelse, klik her for mailkontakt - husk at vedh\\u00e6fte evt. stillingsbeskrivelse:<\\\/p>\",\"_padding\":{\"unit\":\"px\",\"top\":\"0\",\"right\":\"20\",\"bottom\":\"0\",\"left\":\"20\",\"isLinked\":false},\"eael_tooltip_section_content\":\"I am a tooltip\",\"eael_ext_content_protection_password_placeholder\":\"Enter Password\",\"eael_ext_content_protection_password_submit_btn_txt\":\"Submit\"},\"elements\":[],\"widgetType\":\"text-editor\"},{\"id\":\"1a8dcf7\",\"elType\":\"widget\",\"settings\":{\"text\":\"Klik og send e-mail\",\"link\":{\"url\":\"mailto:seniorerhverv@seniorerhverv-sj.dk?subject=stillingsopslag%20SE%20Sydsj%C3%A6lland&body=Jeg%20%C3%B8nsker%20at%20blive%20kontaktet%20ang.%20%C3%A5ben%20stilling:\",\"is_external\":\"\",\"nofollow\":\"\",\"custom_attributes\":\"\"},\"align\":\"justify\",\"typography_typography\":\"custom\",\"typography_font_size\":{\"unit\":\"px\",\"size\":18,\"sizes\":[]},\"button_text_color\":\"#FFFFFF\",\"border_radius\":{\"unit\":\"px\",\"top\":\"6\",\"right\":\"6\",\"bottom\":\"6\",\"left\":\"6\",\"isLinked\":true},\"text_padding\":{\"unit\":\"px\",\"top\":\"15\",\"right\":\"15\",\"bottom\":\"15\",\"left\":\"15\",\"isLinked\":true},\"eael_tooltip_section_content\":\"I am a tooltip\",\"eael_ext_content_protection_password_placeholder\":\"Enter Password\",\"eael_ext_content_protection_password_submit_btn_txt\":\"Submit\",\"button_background_hover_color\":\"#005190\",\"custom_css\":\"selector .elementor-button-link {\\n    border: 2px solid #000;\\n    border-top-color: #555;\\n    border-left-color: #555;\\n}\\nselector .elementor-button-link:active {\\n    border-color: #000 #555 #555 #000;\\n}\",\"__globals__\":{\"background_color\":\"globals\\\/colors?id=99bbfdd\"}},\"elements\":[],\"widgetType\":\"button\"},{\"id\":\"1c21e70\",\"elType\":\"widget\",\"settings\":{\"title\":\"Medlemshenvendelse\",\"header_size\":\"h3\",\"_padding\":{\"unit\":\"px\",\"top\":\"20\",\"right\":\"20\",\"bottom\":\"10\",\"left\":\"20\",\"isLinked\":false},\"eael_tooltip_section_content\":\"I am a tooltip\",\"eael_ext_content_protection_password_placeholder\":\"Enter Password\",\"eael_ext_content_protection_password_submit_btn_txt\":\"Submit\",\"_margin\":{\"unit\":\"px\",\"top\":\"50\",\"right\":\"0\",\"bottom\":\"0\",\"left\":\"0\",\"isLinked\":false}},\"elements\":[],\"widgetType\":\"heading\"},{\"id\":\"555aa0b\",\"elType\":\"widget\",\"settings\":{\"editor\":\"<p>For henvendelse om medlemskab, klik nedenfor for at \\u00e5bne din e-mail program og tilf\\u00f8j dine kontaktoplysninger:<\\\/p>\",\"_padding\":{\"unit\":\"px\",\"top\":\"0\",\"right\":\"20\",\"bottom\":\"0\",\"left\":\"20\",\"isLinked\":false},\"eael_tooltip_section_content\":\"I am a tooltip\",\"eael_ext_content_protection_password_placeholder\":\"Enter Password\",\"eael_ext_content_protection_password_submit_btn_txt\":\"Submit\"},\"elements\":[],\"widgetType\":\"text-editor\"},{\"id\":\"d839687\",\"elType\":\"widget\",\"settings\":{\"text\":\"Klik og send e-mail\",\"link\":{\"url\":\"mailto:seniorerhverv@seniorerhverv-sj.dk?subject=Medlemskab%20SE%20Sydsj%C3%A6lland&body=Jeg%20%C3%B8nsker%20at%20blive%20kontaktet%20ang.%20Senior%20Erhverv%20medlemskab:\",\"is_external\":\"\",\"nofollow\":\"\",\"custom_attributes\":\"\"},\"align\":\"justify\",\"typography_typography\":\"custom\",\"typography_font_size\":{\"unit\":\"px\",\"size\":18,\"sizes\":[]},\"button_text_color\":\"#FFFFFF\",\"border_radius\":{\"unit\":\"px\",\"top\":\"6\",\"right\":\"6\",\"bottom\":\"6\",\"left\":\"6\",\"isLinked\":true},\"text_padding\":{\"unit\":\"px\",\"top\":\"15\",\"right\":\"15\",\"bottom\":\"15\",\"left\":\"15\",\"isLinked\":true},\"eael_tooltip_section_content\":\"I am a tooltip\",\"eael_ext_content_protection_password_placeholder\":\"Enter Password\",\"eael_ext_content_protection_password_submit_btn_txt\":\"Submit\",\"button_background_hover_color\":\"#005190\",\"custom_css\":\"selector .elementor-button-link {\\n    border: 2px solid #000;\\n    border-top-color: #555;\\n    border-left-color: #555;\\n}\\nselector .elementor-button-link:active {\\n    border-color: #000 #555 #555 #000;\\n}\",\"__globals__\":{\"background_color\":\"globals\\\/colors?id=99bbfdd\"}},\"elements\":[],\"widgetType\":\"button\"}],\"isInner\":false}],\"isInner\":false}]","_elementor_page_assets":[],"_elementor_controls_usage":{"text-editor":{"count":3,"control_percent":1,"controls":{"content":{"section_editor":{"editor":3}},"advanced":{"_section_style":{"_padding":2}}}},"column":{"count":2,"control_percent":1,"controls":{"layout":{"layout":{"_inline_size":2}},"advanced":{"section_advanced":{"padding":2,"css_classes":1},"section_custom_css":{"custom_css":1}}}},"heading":{"count":2,"control_percent":2,"controls":{"content":{"section_title":{"title":2,"header_size":2}},"advanced":{"_section_style":{"_padding":2,"_margin":1}}}},"button":{"count":2,"control_percent":3,"controls":{"content":{"section_button":{"text":2,"link":2,"align":2}},"style":{"section_style":{"typography_typography":2,"typography_font_size":2,"button_text_color":2,"border_radius":2,"text_padding":2,"button_background_hover_color":2}},"advanced":{"section_custom_css":{"custom_css":2}}}},"section":{"count":1,"control_percent":1,"controls":{"layout":{"section_layout":{"gap":1},"section_structure":{"structure":1}},"advanced":{"section_advanced":{"margin":1}},"style":{"section_background":{"background_background":1}}}}},"_eael_custom_js":"","_elementor_css":{"time":1752522009,"fonts":[],"icons":[""],"dynamic_elements_ids":[],"status":"file","0":""}},"_links":{"self":[{"href":"https:\/\/seniorerhverv.org\/sydsjaelland\/wp-json\/wp\/v2\/pages\/71"}],"collection":[{"href":"https:\/\/seniorerhverv.org\/sydsjaelland\/wp-json\/wp\/v2\/pages"}],"about":[{"href":"https:\/\/seniorerhverv.org\/sydsjaelland\/wp-json\/wp\/v2\/types\/page"}],"author":[{"embeddable":true,"href":"https:\/\/seniorerhverv.org\/sydsjaelland\/wp-json\/wp\/v2\/users\/21"}],"replies":[{"embeddable":true,"href":"https:\/\/seniorerhverv.org\/sydsjaelland\/wp-json\/wp\/v2\/comments?post=71"}],"version-history":[{"count":0,"href":"https:\/\/seniorerhverv.org\/sydsjaelland\/wp-json\/wp\/v2\/pages\/71\/revisions"}],"wp:attachment":[{"href":"https:\/\/seniorerhverv.org\/sydsjaelland\/wp-json\/wp\/v2\/media?parent=71"}],"curies":[{"name":"wp","href":"https:\/\/api.w.org\/{rel}","templated":true}]}}