{"id":69,"date":"2022-04-15T18:45:57","date_gmt":"2022-04-15T18:45:57","guid":{"rendered":"https:\/\/seniorerhverv.org\/sydsjaelland\/?page_id=69"},"modified":"2025-02-12T11:20:53","modified_gmt":"2025-02-12T10:20:53","slug":"bliv-medlem","status":"publish","type":"page","link":"https:\/\/seniorerhverv.org\/sydsjaelland\/bliv-medlem\/","title":{"rendered":"Bliv medlem"},"content":{"rendered":"\t\t<div data-elementor-type=\"wp-page\" data-elementor-id=\"69\" class=\"elementor elementor-69\" data-elementor-settings=\"[]\">\n\t\t\t\t\t\t\t<div class=\"elementor-section-wrap\">\n\t\t\t\t\t\t\t<section data-particle_enable=\"false\" data-particle-mobile-disabled=\"false\" class=\"elementor-section elementor-top-section elementor-element elementor-element-41661df elementor-section-boxed elementor-section-height-default elementor-section-height-default\" data-id=\"41661df\" data-element_type=\"section\" data-settings=\"{&quot;background_background&quot;:&quot;classic&quot;}\">\n\t\t\t\t\t\t<div class=\"elementor-container elementor-column-gap-no\">\n\t\t\t\t\t<div class=\"elementor-column elementor-col-33 elementor-top-column elementor-element elementor-element-deea1dc box-container\" data-id=\"deea1dc\" data-element_type=\"column\" data-settings=\"{&quot;background_background&quot;:&quot;classic&quot;}\">\n\t\t\t<div class=\"elementor-widget-wrap elementor-element-populated\">\n\t\t\t\t\t\t\t\t<div class=\"elementor-element elementor-element-62df7ff elementor-widget elementor-widget-text-editor\" data-id=\"62df7ff\" data-element_type=\"widget\" data-widget_type=\"text-editor.default\">\n\t\t\t\t<div class=\"elementor-widget-container\">\n\t\t\t\t\t\t\t<h2 class=\"bodytext\"><strong>Hvorfor blive medlem af Senior Erhverv Sydsj\u00e6lland?<\/strong><\/h2><p class=\"bodytext\"><strong>\u2022<\/strong>\u00a0\u00a0<strong>Som medlem\u00a0<\/strong>bliver du en del af 21 selvst\u00e6ndige og velfungerende netv\u00e6rk, der arbejder aktivt p\u00e5 at f\u00e5 seniorer tilbage p\u00e5 arbejsmarkedet<\/p><p class=\"bodytext\"><strong>\u2022<\/strong>\u00a0\u00a0<strong>Som medlem<\/strong>\u00a0bliver dit CV og dine kompetencer synlige (du er anonym)\u00a0i vores\u00a0landsd\u00e6kkende CV-katalog, som alle virksomheder har gratis adgang til<\/p><p class=\"bodytext\"><strong>\u2022<\/strong>\u00a0 <strong>Som medlem<\/strong> kan du indg\u00e5 i arbejdsgrupper og p\u00e5 den m\u00e5de v\u00e6re med til at arbejde aktivt for at markedsf\u00f8re\u00a0seniorer som en vigtig resurse, n\u00e5r det drejer sig om kompetent arbejdskraft<\/p><p class=\"bodytext\"><strong>\u2022<\/strong>\u00a0\u00a0<strong>Som medlem<\/strong>\u00a0udvider du din omgangskreds af sjove og hyggelige mennesker<\/p><p class=\"bodytext\">\u00a0<\/p>\t\t\t\t\t\t<\/div>\n\t\t\t\t<\/div>\n\t\t\t\t\t<\/div>\n\t\t<\/div>\n\t\t\t\t<div class=\"elementor-column elementor-col-33 elementor-top-column elementor-element elementor-element-8630fb5\" data-id=\"8630fb5\" data-element_type=\"column\" data-settings=\"{&quot;background_background&quot;:&quot;classic&quot;}\">\n\t\t\t<div class=\"elementor-widget-wrap elementor-element-populated\">\n\t\t\t\t\t\t\t\t<div class=\"elementor-element elementor-element-0846c1a elementor-widget elementor-widget-text-editor\" data-id=\"0846c1a\" data-element_type=\"widget\" data-widget_type=\"text-editor.default\">\n\t\t\t\t<div class=\"elementor-widget-container\">\n\t\t\t\t\t\t\t<h3 class=\"bodytext\"><strong>Hvad koster det at blive medlem?<\/strong><\/h3><p class=\"bodytext\"><strong>Det koster 10 kr. om m\u00e5neden<\/strong> \u00a0at v\u00e6re medlem af\u00a0Senior Erhverv Sydsj\u00e6lland. Kontingentet opkr\u00e6ves for et \u00e5r ad gangen.<\/p><p class=\"bodytext\">\u00d8nsker du at blive medlem af Senior Erhverv Sydsj\u00e6lland, er du velkommen p\u00e5 kontoret, hvor vi har \u00e5bent alle hverdage fra kl. 9-13. Du finder os p\u00e5<\/p><p class=\"bodytext\">Milit\u00e6rsvinget 13<br \/>4700 N\u00e6stved<br \/>Tlf. 5577 4568<\/p><p class=\"bodytext\">Du kan ogs\u00e5 udfylde\u00a0formularen til h\u00f8jre, s\u00e5 vil vi efterf\u00f8lgende kontakte dig og invitere dig til en introduktion, hvor du kan blive meldt ind og aftale de f\u00f8rste aktiviteter du deltager i.<\/p><p class=\"bodytext\">Vi er et selvaktivierende netv\u00e6rk &#8211; der sker kun det vi selv arrangerer.<\/p>\t\t\t\t\t\t<\/div>\n\t\t\t\t<\/div>\n\t\t\t\t\t<\/div>\n\t\t<\/div>\n\t\t\t\t<div class=\"elementor-column elementor-col-33 elementor-top-column elementor-element elementor-element-da4eb2c\" data-id=\"da4eb2c\" data-element_type=\"column\">\n\t\t\t<div class=\"elementor-widget-wrap elementor-element-populated\">\n\t\t\t\t\t\t\t\t<div class=\"elementor-element elementor-element-54612bd elementor-widget elementor-widget-heading\" data-id=\"54612bd\" data-element_type=\"widget\" data-widget_type=\"heading.default\">\n\t\t\t\t<div class=\"elementor-widget-container\">\n\t\t\t<h3 class=\"elementor-heading-title elementor-size-default\">Medlemshenvendelse<\/h3>\t\t<\/div>\n\t\t\t\t<\/div>\n\t\t\t\t<div class=\"elementor-element elementor-element-f57dcaf elementor-widget elementor-widget-text-editor\" data-id=\"f57dcaf\" data-element_type=\"widget\" data-widget_type=\"text-editor.default\">\n\t\t\t\t<div class=\"elementor-widget-container\">\n\t\t\t\t\t\t\t<p>For henvendelse om medlemskab, klik nedenfor for at \u00e5bne din e-mail program og tilf\u00f8j dine kontaktoplysninger:<\/p>\t\t\t\t\t\t<\/div>\n\t\t\t\t<\/div>\n\t\t\t\t<div class=\"elementor-element elementor-element-705c81a elementor-align-justify elementor-widget elementor-widget-button\" data-id=\"705c81a\" data-element_type=\"widget\" data-widget_type=\"button.default\">\n\t\t\t\t<div class=\"elementor-widget-container\">\n\t\t\t\t\t<div class=\"elementor-button-wrapper\">\n\t\t\t<a href=\"mailto:ssj@se-ssj.dk\" class=\"elementor-button-link elementor-button elementor-size-sm\" role=\"button\">\n\t\t\t\t\t\t<span class=\"elementor-button-content-wrapper\">\n\t\t\t\t\t\t<span class=\"elementor-button-text\">Klik og send e-mail<\/span>\n\t\t<\/span>\n\t\t\t\t\t<\/a>\n\t\t<\/div>\n\t\t\t\t<\/div>\n\t\t\t\t<\/div>\n\t\t\t\t\t<\/div>\n\t\t<\/div>\n\t\t\t\t\t\t\t<\/div>\n\t\t<\/section>\n\t\t\t\t\t\t<\/div>\n\t\t\t\t\t<\/div>\n\t\t"},"excerpt":{"rendered":"<p>Hvorfor blive medlem af Senior Erhverv Sydsj\u00e6lland? \u2022\u00a0\u00a0Som medlem\u00a0bliver du en del af 21 selvst\u00e6ndige og velfungerende netv\u00e6rk, der arbejder aktivt p\u00e5 at f\u00e5 seniorer tilbage p\u00e5 arbejsmarkedet \u2022\u00a0\u00a0Som medlem\u00a0bliver dit CV og dine kompetencer synlige (du er anonym)\u00a0i vores\u00a0landsd\u00e6kkende CV-katalog, som alle virksomheder har gratis adgang til \u2022\u00a0 Som medlem kan du indg\u00e5 i [&hellip;]<\/p>\n","protected":false},"author":21,"featured_media":0,"parent":0,"menu_order":0,"comment_status":"closed","ping_status":"closed","template":"elementor_header_footer","meta":[],"x_date":"15\/04\/2022","x_author":"sydsjaelland","x_gravatar":"https:\/\/secure.gravatar.com\/avatar\/7e1993585b5996e1a400c025064e5265?s=96&d=mm&r=g","x_metadata":{"_elementor_edit_mode":"builder","_elementor_template_type":"wp-page","_elementor_version":"3.4.4","_elementor_pro_version":"3.2.1","_elementor_page_settings":{"eael_ext_toc_title":"Table of Contents"},"_elementor_data":"[{\"id\":\"41661df\",\"elType\":\"section\",\"settings\":{\"gap\":\"no\",\"structure\":\"30\",\"margin\":{\"unit\":\"px\",\"top\":\"25\",\"right\":0,\"bottom\":\"10\",\"left\":0,\"isLinked\":false},\"eael_parallax_layers_list\":[],\"eael_cl_logics\":[{\"_id\":\"9d4039b\"}],\"background_background\":\"classic\",\"background_image\":{\"url\":\"https:\\\/\\\/seniorerhverv.org\\\/sydsjaelland\\\/wp-content\\\/uploads\\\/sites\\\/21\\\/2022\\\/11\\\/BgStriberStor.jpg\",\"id\":2033,\"alt\":\"\",\"source\":\"library\"},\"padding\":{\"unit\":\"px\",\"top\":\"25\",\"right\":\"50\",\"bottom\":\"25\",\"left\":\"50\",\"isLinked\":false}},\"elements\":[{\"id\":\"deea1dc\",\"elType\":\"column\",\"settings\":{\"_column_size\":33,\"_inline_size\":null,\"padding\":{\"unit\":\"px\",\"top\":\"20\",\"right\":\"20\",\"bottom\":\"20\",\"left\":\"20\",\"isLinked\":true},\"css_classes\":\"box-container\",\"eael_cl_logics\":[{\"_id\":\"a9d2137\"}],\"background_background\":\"classic\",\"background_color\":\"#FFFFFF\",\"border_radius\":{\"unit\":\"px\",\"top\":\"25\",\"right\":\"25\",\"bottom\":\"25\",\"left\":\"25\",\"isLinked\":true},\"box_shadow_box_shadow_type\":\"yes\"},\"elements\":[{\"id\":\"62df7ff\",\"elType\":\"widget\",\"settings\":{\"editor\":\"<h2 class=\\\"bodytext\\\"><strong>Hvorfor blive medlem af Senior Erhverv Sydsj\\u00e6lland?<\\\/strong><\\\/h2><p class=\\\"bodytext\\\"><strong>\\u2022<\\\/strong>\\u00a0\\u00a0<strong>Som medlem\\u00a0<\\\/strong>bliver du en del af 21 selvst\\u00e6ndige og velfungerende netv\\u00e6rk, der arbejder aktivt p\\u00e5 at f\\u00e5 seniorer tilbage p\\u00e5 arbejsmarkedet<\\\/p><p class=\\\"bodytext\\\"><strong>\\u2022<\\\/strong>\\u00a0\\u00a0<strong>Som medlem<\\\/strong>\\u00a0bliver dit CV og dine kompetencer synlige (du er anonym)\\u00a0i vores\\u00a0landsd\\u00e6kkende CV-katalog, som alle virksomheder har gratis adgang til<\\\/p><p class=\\\"bodytext\\\"><strong>\\u2022<\\\/strong>\\u00a0 <strong>Som medlem<\\\/strong> kan du indg\\u00e5 i arbejdsgrupper og p\\u00e5 den m\\u00e5de v\\u00e6re med til at arbejde aktivt for at markedsf\\u00f8re\\u00a0seniorer som en vigtig resurse, n\\u00e5r det drejer sig om kompetent arbejdskraft<\\\/p><p class=\\\"bodytext\\\"><strong>\\u2022<\\\/strong>\\u00a0\\u00a0<strong>Som medlem<\\\/strong>\\u00a0udvider du din omgangskreds af sjove og hyggelige mennesker<\\\/p><p class=\\\"bodytext\\\">\\u00a0<\\\/p>\",\"eael_tooltip_section_content\":\"I am a tooltip\",\"eael_ext_content_protection_password_placeholder\":\"Enter Password\",\"eael_ext_content_protection_password_submit_btn_txt\":\"Submit\",\"eael_ext_content_protection_password_incorrect_message\":\"Password does not match.\",\"eael_cl_logics\":[{\"_id\":\"3192baa\"}]},\"elements\":[],\"widgetType\":\"text-editor\"}],\"isInner\":false},{\"id\":\"8630fb5\",\"elType\":\"column\",\"settings\":{\"_column_size\":33,\"_inline_size\":null,\"background_background\":\"classic\",\"background_color\":\"#FFFFFF\",\"margin\":{\"unit\":\"px\",\"top\":\"25\",\"right\":\"25\",\"bottom\":\"25\",\"left\":\"25\",\"isLinked\":true},\"padding\":{\"unit\":\"px\",\"top\":\"25\",\"right\":\"25\",\"bottom\":\"25\",\"left\":\"25\",\"isLinked\":true},\"eael_cl_logics\":[{\"_id\":\"5a3a241\"}],\"border_radius\":{\"unit\":\"px\",\"top\":\"25\",\"right\":\"25\",\"bottom\":\"25\",\"left\":\"25\",\"isLinked\":true}},\"elements\":[{\"id\":\"0846c1a\",\"elType\":\"widget\",\"settings\":{\"editor\":\"<h3 class=\\\"bodytext\\\"><strong>Hvad koster det at blive medlem?<\\\/strong><\\\/h3><p class=\\\"bodytext\\\"><strong>Det koster 10 kr. om m\\u00e5neden<\\\/strong> \\u00a0at v\\u00e6re medlem af\\u00a0Senior Erhverv Sydsj\\u00e6lland. Kontingentet opkr\\u00e6ves for et \\u00e5r ad gangen.<\\\/p><p class=\\\"bodytext\\\">\\u00d8nsker du at blive medlem af Senior Erhverv Sydsj\\u00e6lland, er du velkommen p\\u00e5 kontoret, hvor vi har \\u00e5bent alle hverdage fra kl. 9-13. Du finder os p\\u00e5<\\\/p><p class=\\\"bodytext\\\">Milit\\u00e6rsvinget 13<br \\\/>4700 N\\u00e6stved<br \\\/>Tlf. 5577 4568<\\\/p><p class=\\\"bodytext\\\">Du kan ogs\\u00e5 udfylde\\u00a0formularen til h\\u00f8jre, s\\u00e5 vil vi efterf\\u00f8lgende kontakte dig og invitere dig til en introduktion, hvor du kan blive meldt ind og aftale de f\\u00f8rste aktiviteter du deltager i.<\\\/p><p class=\\\"bodytext\\\">Vi er et selvaktivierende netv\\u00e6rk - der sker kun det vi selv arrangerer.<\\\/p>\",\"eael_tooltip_section_content\":\"I am a tooltip\",\"eael_ext_content_protection_password_placeholder\":\"Enter Password\",\"eael_ext_content_protection_password_submit_btn_txt\":\"Submit\",\"eael_ext_content_protection_password_incorrect_message\":\"Password does not match.\",\"eael_cl_logics\":[{\"_id\":\"9f43619\"}]},\"elements\":[],\"widgetType\":\"text-editor\"}],\"isInner\":false},{\"id\":\"da4eb2c\",\"elType\":\"column\",\"settings\":{\"_column_size\":33,\"_inline_size\":null,\"padding\":{\"unit\":\"px\",\"top\":\"20\",\"right\":\"20\",\"bottom\":\"20\",\"left\":\"20\",\"isLinked\":\"1\"},\"_inline_size_tablet\":50,\"custom_css\":\"@media (max-width: 1024px) {\\n    selector {\\n        order: 1;\\n    }\\n}\",\"eael_cl_logics\":[{\"_id\":\"7c8edd4\"}]},\"elements\":[{\"id\":\"54612bd\",\"elType\":\"widget\",\"settings\":{\"title\":\"Medlemshenvendelse\",\"header_size\":\"h3\",\"_padding\":{\"unit\":\"px\",\"top\":\"20\",\"right\":\"20\",\"bottom\":\"10\",\"left\":\"20\",\"isLinked\":false},\"eael_tooltip_section_content\":\"I am a tooltip\",\"eael_ext_content_protection_password_placeholder\":\"Enter Password\",\"eael_ext_content_protection_password_submit_btn_txt\":\"Submit\",\"eael_ext_content_protection_password_incorrect_message\":\"Password does not match.\",\"eael_cl_logics\":[{\"_id\":\"e324eaf\"}]},\"elements\":[],\"widgetType\":\"heading\"},{\"id\":\"f57dcaf\",\"elType\":\"widget\",\"settings\":{\"editor\":\"<p>For henvendelse om medlemskab, klik nedenfor for at \\u00e5bne din e-mail program og tilf\\u00f8j dine kontaktoplysninger:<\\\/p>\",\"_padding\":{\"unit\":\"px\",\"top\":\"0\",\"right\":\"20\",\"bottom\":\"0\",\"left\":\"20\",\"isLinked\":false},\"eael_tooltip_section_content\":\"I am a tooltip\",\"eael_ext_content_protection_password_placeholder\":\"Enter Password\",\"eael_ext_content_protection_password_submit_btn_txt\":\"Submit\",\"eael_ext_content_protection_password_incorrect_message\":\"Password does not match.\",\"eael_cl_logics\":[{\"_id\":\"e764035\"}]},\"elements\":[],\"widgetType\":\"text-editor\"},{\"id\":\"705c81a\",\"elType\":\"widget\",\"settings\":{\"text\":\"Klik og send e-mail\",\"link\":{\"url\":\"mailto:ssj@se-ssj.dk\",\"is_external\":\"\",\"nofollow\":\"\",\"custom_attributes\":\"\"},\"align\":\"justify\",\"typography_typography\":\"custom\",\"typography_font_size\":{\"unit\":\"px\",\"size\":18,\"sizes\":[]},\"button_text_color\":\"#FFFFFF\",\"border_radius\":{\"unit\":\"px\",\"top\":\"6\",\"right\":\"6\",\"bottom\":\"6\",\"left\":\"6\",\"isLinked\":true},\"text_padding\":{\"unit\":\"px\",\"top\":\"15\",\"right\":\"15\",\"bottom\":\"15\",\"left\":\"15\",\"isLinked\":true},\"eael_tooltip_section_content\":\"I am a tooltip\",\"eael_ext_content_protection_password_placeholder\":\"Enter Password\",\"eael_ext_content_protection_password_submit_btn_txt\":\"Submit\",\"button_background_hover_color\":\"#005190\",\"custom_css\":\"selector .elementor-button-link {\\n    border: 2px solid #000;\\n    border-top-color: #555;\\n    border-left-color: #555;\\n}\\nselector .elementor-button-link:active {\\n    border-color: #000 #555 #555 #000;\\n}\",\"__globals__\":{\"background_color\":\"globals\\\/colors?id=99bbfdd\"},\"eael_ext_content_protection_password_incorrect_message\":\"Password does not match.\",\"eael_cl_logics\":[{\"_id\":\"3845567\"}]},\"elements\":[],\"widgetType\":\"button\"}],\"isInner\":false}],\"isInner\":false}]","_elementor_page_assets":[],"_eael_custom_js":"","_elementor_controls_usage":{"text-editor":{"count":3,"control_percent":1,"controls":{"content":{"section_editor":{"editor":3}},"advanced":{"eael_conditional_logic_section":{"eael_cl_logics":3},"_section_style":{"_padding":1}}}},"column":{"count":3,"control_percent":1,"controls":{"layout":{"layout":{"_inline_size":3}},"advanced":{"section_advanced":{"padding":3,"css_classes":1,"margin":1},"eael_conditional_logic_section":{"eael_cl_logics":3},"section_custom_css":{"custom_css":1}},"style":{"section_style":{"background_background":2,"background_color":2},"section_border":{"border_radius":2,"box_shadow_box_shadow_type":1}}}},"heading":{"count":1,"control_percent":1,"controls":{"content":{"section_title":{"title":1,"header_size":1}},"advanced":{"_section_style":{"_padding":1},"eael_conditional_logic_section":{"eael_cl_logics":1}}}},"button":{"count":1,"control_percent":3,"controls":{"content":{"section_button":{"text":1,"link":1,"align":1}},"style":{"section_style":{"typography_typography":1,"typography_font_size":1,"button_text_color":1,"border_radius":1,"text_padding":1,"button_background_hover_color":1}},"advanced":{"section_custom_css":{"custom_css":1},"eael_conditional_logic_section":{"eael_cl_logics":1}}}},"section":{"count":1,"control_percent":2,"controls":{"layout":{"section_layout":{"gap":1},"section_structure":{"structure":1}},"advanced":{"section_advanced":{"margin":1,"padding":1},"eael_conditional_logic_section":{"eael_cl_logics":1}},"style":{"section_background":{"background_background":1,"background_image":1}}}}},"_elementor_css":{"time":1752510474,"fonts":[],"icons":[""],"dynamic_elements_ids":[],"status":"file","0":""}},"_links":{"self":[{"href":"https:\/\/seniorerhverv.org\/sydsjaelland\/wp-json\/wp\/v2\/pages\/69"}],"collection":[{"href":"https:\/\/seniorerhverv.org\/sydsjaelland\/wp-json\/wp\/v2\/pages"}],"about":[{"href":"https:\/\/seniorerhverv.org\/sydsjaelland\/wp-json\/wp\/v2\/types\/page"}],"author":[{"embeddable":true,"href":"https:\/\/seniorerhverv.org\/sydsjaelland\/wp-json\/wp\/v2\/users\/21"}],"replies":[{"embeddable":true,"href":"https:\/\/seniorerhverv.org\/sydsjaelland\/wp-json\/wp\/v2\/comments?post=69"}],"version-history":[{"count":9,"href":"https:\/\/seniorerhverv.org\/sydsjaelland\/wp-json\/wp\/v2\/pages\/69\/revisions"}],"predecessor-version":[{"id":4683,"href":"https:\/\/seniorerhverv.org\/sydsjaelland\/wp-json\/wp\/v2\/pages\/69\/revisions\/4683"}],"wp:attachment":[{"href":"https:\/\/seniorerhverv.org\/sydsjaelland\/wp-json\/wp\/v2\/media?parent=69"}],"curies":[{"name":"wp","href":"https:\/\/api.w.org\/{rel}","templated":true}]}}