{"id":55,"date":"2022-04-15T18:44:18","date_gmt":"2022-04-15T18:44:18","guid":{"rendered":"https:\/\/seniorerhverv.org\/sydsjaelland\/?page_id=55"},"modified":"2023-11-21T15:50:47","modified_gmt":"2023-11-21T14:50:47","slug":"find-medarbejder","status":"publish","type":"page","link":"https:\/\/seniorerhverv.org\/sydsjaelland\/find-medarbejder\/","title":{"rendered":"Find medarbejder"},"content":{"rendered":"\t\t<div data-elementor-type=\"wp-page\" data-elementor-id=\"55\" class=\"elementor elementor-55\" data-elementor-settings=\"[]\">\n\t\t\t\t\t\t\t<div class=\"elementor-section-wrap\">\n\t\t\t\t\t\t\t<section data-particle_enable=\"false\" data-particle-mobile-disabled=\"false\" class=\"elementor-section elementor-top-section elementor-element elementor-element-e6c300a elementor-section-boxed elementor-section-height-default elementor-section-height-default\" data-id=\"e6c300a\" data-element_type=\"section\" data-settings=\"{&quot;background_background&quot;:&quot;classic&quot;}\">\n\t\t\t\t\t\t<div class=\"elementor-container elementor-column-gap-default\">\n\t\t\t\t\t<div class=\"elementor-column elementor-col-50 elementor-top-column elementor-element elementor-element-c49b57a\" data-id=\"c49b57a\" data-element_type=\"column\" data-settings=\"{&quot;background_background&quot;:&quot;classic&quot;}\">\n\t\t\t<div class=\"elementor-widget-wrap elementor-element-populated\">\n\t\t\t\t\t\t\t\t<div class=\"elementor-element elementor-element-2276917 elementor-widget elementor-widget-text-editor\" data-id=\"2276917\" data-element_type=\"widget\" data-widget_type=\"text-editor.default\">\n\t\t\t\t<div class=\"elementor-widget-container\">\n\t\t\t\t\t\t\t<p style=\"text-align: center;\"><span style=\"font-family: arial, helvetica, sans-serif; font-size: 18pt;\"><strong>Vi finder kandidater til dig ganske gratis<\/strong><\/span><\/p><p><strong>Du kan udfylde kontaktformularen her &#8211; og sende en mail med dit stillingsopslag<br \/>&#8211; eller du kan orientere dig om mulige kandidater i CV-databasen nedenfor<\/strong><\/p><ul class=\"pil\"><li>V\u00e6lg arbejdssted (hjemstedskommune for arbejdspladsen)<\/li><li>V\u00e6lg evt. jobtype, f.eks. deltid<\/li><li>V\u00e6lg Job-kategori, f.eks. &#8220;Handel og Service&#8221;, hvorved emner vises i oversigten med Miniprofiler. Tryk p\u00e5 et billede og det fulde CV vises<\/li><li>Skriv evt. s\u00f8geord i feltet &#8220;Tekst-s\u00f8gning&#8221;. Jo flere s\u00f8geord jo flere emner. Inde p\u00e5 det enkelte CV kan du sende en mail direkte til kandidaten via &#8220;Kontakt&#8221;, n\u00e5r det fulde CV er fremme. Kopi g\u00e5r til kontoret.<\/li><\/ul>\t\t\t\t\t\t<\/div>\n\t\t\t\t<\/div>\n\t\t\t\t<div class=\"elementor-element elementor-element-f1b1735 elementor-align-center elementor-widget elementor-widget-button\" data-id=\"f1b1735\" data-element_type=\"widget\" data-widget_type=\"button.default\">\n\t\t\t\t<div class=\"elementor-widget-container\">\n\t\t\t\t\t<div class=\"elementor-button-wrapper\">\n\t\t\t<a href=\"https:\/\/medlem.senior-erhverv.dk\/cv\/4700\" target=\"_blank\" class=\"elementor-button-link elementor-button elementor-size-sm\" role=\"button\">\n\t\t\t\t\t\t<span class=\"elementor-button-content-wrapper\">\n\t\t\t\t\t\t<span class=\"elementor-button-text\">Til CV-databasen<\/span>\n\t\t<\/span>\n\t\t\t\t\t<\/a>\n\t\t<\/div>\n\t\t\t\t<\/div>\n\t\t\t\t<\/div>\n\t\t\t\t\t<\/div>\n\t\t<\/div>\n\t\t\t\t<div class=\"elementor-column elementor-col-50 elementor-top-column elementor-element elementor-element-8b2e4eb\" data-id=\"8b2e4eb\" data-element_type=\"column\" data-settings=\"{&quot;background_background&quot;:&quot;classic&quot;}\">\n\t\t\t<div class=\"elementor-widget-wrap elementor-element-populated\">\n\t\t\t\t\t\t\t\t<div class=\"elementor-element elementor-element-2b0c02a elementor-widget elementor-widget-heading\" data-id=\"2b0c02a\" data-element_type=\"widget\" data-widget_type=\"heading.default\">\n\t\t\t\t<div class=\"elementor-widget-container\">\n\t\t\t<h3 class=\"elementor-heading-title elementor-size-default\">Jobhenvendelse \/ stillingsopslag<\/h3>\t\t<\/div>\n\t\t\t\t<\/div>\n\t\t\t\t<div class=\"elementor-element elementor-element-1edbd97 elementor-widget elementor-widget-text-editor\" data-id=\"1edbd97\" data-element_type=\"widget\" data-widget_type=\"text-editor.default\">\n\t\t\t\t<div class=\"elementor-widget-container\">\n\t\t\t\t\t\t\t<p>For henvendelse om stillinger som \u00f8nskes tilbud Senior Erhverv til snarlig bes\u00e6ttelse, klik her for mailkontakt &#8211; husk at vedh\u00e6fte evt. stillingsbeskrivelse:<\/p>\t\t\t\t\t\t<\/div>\n\t\t\t\t<\/div>\n\t\t\t\t<div class=\"elementor-element elementor-element-c56531e elementor-align-justify elementor-widget elementor-widget-button\" data-id=\"c56531e\" data-element_type=\"widget\" data-widget_type=\"button.default\">\n\t\t\t\t<div class=\"elementor-widget-container\">\n\t\t\t\t\t<div class=\"elementor-button-wrapper\">\n\t\t\t<a href=\"mailto:ssj@se-ssj.dk?subject=stillingsopslag%20SE%20Sydsj%C3%A6lland&#038;body=Jeg%20%C3%B8nsker%20at%20blive%20kontaktet%20ang.%20%C3%A5ben%20stilling:\" class=\"elementor-button-link elementor-button elementor-size-sm\" role=\"button\">\n\t\t\t\t\t\t<span class=\"elementor-button-content-wrapper\">\n\t\t\t\t\t\t<span class=\"elementor-button-text\">Klik og send e-mail<\/span>\n\t\t<\/span>\n\t\t\t\t\t<\/a>\n\t\t<\/div>\n\t\t\t\t<\/div>\n\t\t\t\t<\/div>\n\t\t\t\t\t<\/div>\n\t\t<\/div>\n\t\t\t\t\t\t\t<\/div>\n\t\t<\/section>\n\t\t\t\t\t\t<\/div>\n\t\t\t\t\t<\/div>\n\t\t"},"excerpt":{"rendered":"<p>Vi finder kandidater til dig ganske gratis Du kan udfylde kontaktformularen her &#8211; og sende en mail med dit stillingsopslag&#8211; eller du kan orientere dig om mulige kandidater i CV-databasen nedenfor V\u00e6lg arbejdssted (hjemstedskommune for arbejdspladsen) V\u00e6lg evt. jobtype, f.eks. deltid V\u00e6lg Job-kategori, f.eks. &#8220;Handel og Service&#8221;, hvorved emner vises i oversigten med Miniprofiler. Tryk [&hellip;]<\/p>\n","protected":false},"author":21,"featured_media":0,"parent":0,"menu_order":0,"comment_status":"closed","ping_status":"closed","template":"elementor_header_footer","meta":[],"x_date":"15\/04\/2022","x_author":"sydsjaelland","x_gravatar":"https:\/\/secure.gravatar.com\/avatar\/7e1993585b5996e1a400c025064e5265?s=96&d=mm&r=g","x_metadata":{"_elementor_edit_mode":"builder","_elementor_template_type":"wp-page","_elementor_version":"3.4.4","_elementor_pro_version":"3.2.1","_elementor_page_settings":{"eael_ext_toc_title":"Table of Contents"},"_elementor_data":"[{\"id\":\"e6c300a\",\"elType\":\"section\",\"settings\":{\"eael_parallax_layers_list\":[],\"structure\":\"20\",\"background_background\":\"classic\",\"background_image\":{\"url\":\"https:\\\/\\\/seniorerhverv.org\\\/sydsjaelland\\\/wp-content\\\/uploads\\\/sites\\\/21\\\/2022\\\/11\\\/BgStriberStor.jpg\",\"id\":2033,\"alt\":\"\",\"source\":\"library\"},\"eael_cl_logics\":[{\"_id\":\"f3ef975\"}]},\"elements\":[{\"id\":\"c49b57a\",\"elType\":\"column\",\"settings\":{\"_column_size\":50,\"_inline_size\":59.9560000000000030695446184836328029632568359375,\"background_background\":\"classic\",\"border_radius\":{\"unit\":\"px\",\"top\":\"25\",\"right\":\"25\",\"bottom\":\"25\",\"left\":\"25\",\"isLinked\":true},\"margin\":{\"unit\":\"px\",\"top\":\"25\",\"right\":\"25\",\"bottom\":\"25\",\"left\":\"25\",\"isLinked\":true},\"padding\":{\"unit\":\"px\",\"top\":\"25\",\"right\":\"25\",\"bottom\":\"25\",\"left\":\"25\",\"isLinked\":true},\"eael_cl_logics\":[{\"_id\":\"dca9ebd\"}],\"__globals__\":{\"background_color\":\"globals\\\/colors?id=dd30238\"}},\"elements\":[{\"id\":\"2276917\",\"elType\":\"widget\",\"settings\":{\"editor\":\"<p style=\\\"text-align: center;\\\"><span style=\\\"font-family: arial, helvetica, sans-serif; font-size: 18pt;\\\"><strong>Vi finder kandidater til dig ganske gratis<\\\/strong><\\\/span><\\\/p><p><strong>Du kan udfylde kontaktformularen her - og sende en mail med dit stillingsopslag<br \\\/>- eller du kan orientere dig om mulige kandidater i CV-databasen nedenfor<\\\/strong><\\\/p><ul class=\\\"pil\\\"><li>V\\u00e6lg arbejdssted (hjemstedskommune for arbejdspladsen)<\\\/li><li>V\\u00e6lg evt. jobtype, f.eks. deltid<\\\/li><li>V\\u00e6lg Job-kategori, f.eks. \\\"Handel og Service\\\", hvorved emner vises i oversigten med Miniprofiler. Tryk p\\u00e5 et billede og det fulde CV vises<\\\/li><li>Skriv evt. s\\u00f8geord i feltet \\\"Tekst-s\\u00f8gning\\\". Jo flere s\\u00f8geord jo flere emner. Inde p\\u00e5 det enkelte CV kan du sende en mail direkte til kandidaten via \\\"Kontakt\\\", n\\u00e5r det fulde CV er fremme. Kopi g\\u00e5r til kontoret.<\\\/li><\\\/ul>\",\"eael_tooltip_section_content\":\"I am a tooltip\",\"eael_ext_content_protection_password_placeholder\":\"Enter Password\",\"eael_ext_content_protection_password_submit_btn_txt\":\"Submit\",\"eael_ext_content_protection_password_incorrect_message\":\"Password does not match.\",\"eael_cl_logics\":[{\"_id\":\"2f574d8\"}]},\"elements\":[],\"widgetType\":\"text-editor\"},{\"id\":\"f1b1735\",\"elType\":\"widget\",\"settings\":{\"text\":\"Til CV-databasen\",\"link\":{\"url\":\"https:\\\/\\\/medlem.senior-erhverv.dk\\\/cv\\\/4700\",\"is_external\":\"on\",\"nofollow\":\"\",\"custom_attributes\":\"\"},\"align\":\"center\",\"typography_typography\":\"custom\",\"typography_font_size\":{\"unit\":\"px\",\"size\":18,\"sizes\":[]},\"button_text_color\":\"#FFFFFF\",\"border_radius\":{\"unit\":\"px\",\"top\":\"6\",\"right\":\"6\",\"bottom\":\"6\",\"left\":\"6\",\"isLinked\":true},\"text_padding\":{\"unit\":\"px\",\"top\":\"15\",\"right\":\"50\",\"bottom\":\"15\",\"left\":\"50\",\"isLinked\":false},\"eael_tooltip_section_content\":\"I am a tooltip\",\"eael_ext_content_protection_password_placeholder\":\"Enter Password\",\"eael_ext_content_protection_password_submit_btn_txt\":\"Submit\",\"button_background_hover_color\":\"#005190\",\"custom_css\":\"selector .elementor-button-link {\\n    border: 2px solid #000;\\n    border-top-color: #555;\\n    border-left-color: #555;\\n}\\nselector .elementor-button-link:active {\\n    border-color: #000 #555 #555 #000;\\n}\",\"_margin\":{\"unit\":\"px\",\"top\":\"20\",\"right\":\"0\",\"bottom\":\"10\",\"left\":\"0\",\"isLinked\":false},\"__globals__\":{\"background_color\":\"globals\\\/colors?id=99bbfdd\"},\"eael_ext_content_protection_password_incorrect_message\":\"Password does not match.\",\"eael_cl_logics\":[{\"_id\":\"ff85e29\"}]},\"elements\":[],\"widgetType\":\"button\"}],\"isInner\":false},{\"id\":\"8b2e4eb\",\"elType\":\"column\",\"settings\":{\"_column_size\":50,\"_inline_size\":39.89800000000000324007487506605684757232666015625,\"padding\":{\"unit\":\"px\",\"top\":\"20\",\"right\":\"20\",\"bottom\":\"20\",\"left\":\"20\",\"isLinked\":\"1\"},\"_inline_size_tablet\":50,\"custom_css\":\"@media (max-width: 1024px) {\\n    selector {\\n        order: 1;\\n    }\\n}\",\"background_background\":\"classic\",\"border_radius\":{\"unit\":\"px\",\"top\":\"25\",\"right\":\"25\",\"bottom\":\"25\",\"left\":\"25\",\"isLinked\":true},\"margin\":{\"unit\":\"px\",\"top\":\"25\",\"right\":\"25\",\"bottom\":\"25\",\"left\":\"25\",\"isLinked\":true},\"eael_cl_logics\":[{\"_id\":\"0f668f6\"}],\"__globals__\":{\"background_color\":\"globals\\\/colors?id=dd30238\"}},\"elements\":[{\"id\":\"2b0c02a\",\"elType\":\"widget\",\"settings\":{\"title\":\"Jobhenvendelse \\\/ stillingsopslag\",\"header_size\":\"h3\",\"_padding\":{\"unit\":\"px\",\"top\":\"20\",\"right\":\"20\",\"bottom\":\"10\",\"left\":\"20\",\"isLinked\":false},\"eael_tooltip_section_content\":\"I am a tooltip\",\"eael_ext_content_protection_password_placeholder\":\"Enter Password\",\"eael_ext_content_protection_password_submit_btn_txt\":\"Submit\",\"eael_ext_content_protection_password_incorrect_message\":\"Password does not match.\",\"eael_cl_logics\":[{\"_id\":\"68ef034\"}]},\"elements\":[],\"widgetType\":\"heading\"},{\"id\":\"1edbd97\",\"elType\":\"widget\",\"settings\":{\"editor\":\"<p>For henvendelse om stillinger som \\u00f8nskes tilbud Senior Erhverv til snarlig bes\\u00e6ttelse, klik her for mailkontakt - husk at vedh\\u00e6fte evt. stillingsbeskrivelse:<\\\/p>\",\"_padding\":{\"unit\":\"px\",\"top\":\"0\",\"right\":\"20\",\"bottom\":\"0\",\"left\":\"20\",\"isLinked\":false},\"eael_tooltip_section_content\":\"I am a tooltip\",\"eael_ext_content_protection_password_placeholder\":\"Enter Password\",\"eael_ext_content_protection_password_submit_btn_txt\":\"Submit\",\"eael_ext_content_protection_password_incorrect_message\":\"Password does not match.\",\"eael_cl_logics\":[{\"_id\":\"45204e3\"}]},\"elements\":[],\"widgetType\":\"text-editor\"},{\"id\":\"c56531e\",\"elType\":\"widget\",\"settings\":{\"text\":\"Klik og send e-mail\",\"link\":{\"url\":\"mailto:ssj@se-ssj.dk?subject=stillingsopslag%20SE%20Sydsj%C3%A6lland&body=Jeg%20%C3%B8nsker%20at%20blive%20kontaktet%20ang.%20%C3%A5ben%20stilling:\",\"is_external\":\"\",\"nofollow\":\"\",\"custom_attributes\":\"\"},\"align\":\"justify\",\"typography_typography\":\"custom\",\"typography_font_size\":{\"unit\":\"px\",\"size\":18,\"sizes\":[]},\"button_text_color\":\"#FFFFFF\",\"border_radius\":{\"unit\":\"px\",\"top\":\"6\",\"right\":\"6\",\"bottom\":\"6\",\"left\":\"6\",\"isLinked\":true},\"text_padding\":{\"unit\":\"px\",\"top\":\"15\",\"right\":\"15\",\"bottom\":\"15\",\"left\":\"15\",\"isLinked\":true},\"eael_tooltip_section_content\":\"I am a tooltip\",\"eael_ext_content_protection_password_placeholder\":\"Enter Password\",\"eael_ext_content_protection_password_submit_btn_txt\":\"Submit\",\"button_background_hover_color\":\"#005190\",\"custom_css\":\"selector .elementor-button-link {\\n    border: 2px solid #000;\\n    border-top-color: #555;\\n    border-left-color: #555;\\n}\\nselector .elementor-button-link:active {\\n    border-color: #000 #555 #555 #000;\\n}\",\"__globals__\":{\"background_color\":\"globals\\\/colors?id=99bbfdd\"},\"eael_ext_content_protection_password_incorrect_message\":\"Password does not match.\",\"eael_cl_logics\":[{\"_id\":\"f8fc95a\"}]},\"elements\":[],\"widgetType\":\"button\"}],\"isInner\":false}],\"isInner\":false}]","_elementor_page_assets":[],"_eael_custom_js":"","_elementor_controls_usage":{"text-editor":{"count":2,"control_percent":1,"controls":{"content":{"section_editor":{"editor":2}},"advanced":{"eael_conditional_logic_section":{"eael_cl_logics":2},"_section_style":{"_padding":1}}}},"button":{"count":2,"control_percent":3,"controls":{"content":{"section_button":{"text":2,"link":2,"align":2}},"style":{"section_style":{"typography_typography":2,"typography_font_size":2,"button_text_color":2,"border_radius":2,"text_padding":2,"button_background_hover_color":2}},"advanced":{"section_custom_css":{"custom_css":2},"_section_style":{"_margin":1},"eael_conditional_logic_section":{"eael_cl_logics":2}}}},"column":{"count":2,"control_percent":2,"controls":{"layout":{"layout":{"_inline_size":2}},"style":{"section_style":{"background_background":2},"section_border":{"border_radius":2}},"advanced":{"section_advanced":{"margin":2,"padding":2},"eael_conditional_logic_section":{"eael_cl_logics":2},"section_custom_css":{"custom_css":1}}}},"heading":{"count":1,"control_percent":1,"controls":{"content":{"section_title":{"title":1,"header_size":1}},"advanced":{"_section_style":{"_padding":1},"eael_conditional_logic_section":{"eael_cl_logics":1}}}},"section":{"count":1,"control_percent":1,"controls":{"layout":{"section_structure":{"structure":1}},"style":{"section_background":{"background_background":1,"background_image":1}},"advanced":{"eael_conditional_logic_section":{"eael_cl_logics":1}}}}},"_elementor_css":{"time":1752522009,"fonts":[],"icons":[""],"dynamic_elements_ids":[],"status":"file","0":""}},"_links":{"self":[{"href":"https:\/\/seniorerhverv.org\/sydsjaelland\/wp-json\/wp\/v2\/pages\/55"}],"collection":[{"href":"https:\/\/seniorerhverv.org\/sydsjaelland\/wp-json\/wp\/v2\/pages"}],"about":[{"href":"https:\/\/seniorerhverv.org\/sydsjaelland\/wp-json\/wp\/v2\/types\/page"}],"author":[{"embeddable":true,"href":"https:\/\/seniorerhverv.org\/sydsjaelland\/wp-json\/wp\/v2\/users\/21"}],"replies":[{"embeddable":true,"href":"https:\/\/seniorerhverv.org\/sydsjaelland\/wp-json\/wp\/v2\/comments?post=55"}],"version-history":[{"count":0,"href":"https:\/\/seniorerhverv.org\/sydsjaelland\/wp-json\/wp\/v2\/pages\/55\/revisions"}],"wp:attachment":[{"href":"https:\/\/seniorerhverv.org\/sydsjaelland\/wp-json\/wp\/v2\/media?parent=55"}],"curies":[{"name":"wp","href":"https:\/\/api.w.org\/{rel}","templated":true}]}}