{"id":3853,"date":"2024-01-20T20:40:20","date_gmt":"2024-01-20T19:40:20","guid":{"rendered":"https:\/\/seniorerhverv.org\/sydsjaelland\/?page_id=3853"},"modified":"2025-05-07T13:26:40","modified_gmt":"2025-05-07T11:26:40","slug":"cvcafe","status":"publish","type":"page","link":"https:\/\/seniorerhverv.org\/sydsjaelland\/cvcafe\/","title":{"rendered":"CVCafe"},"content":{"rendered":"\t\t<div data-elementor-type=\"wp-page\" data-elementor-id=\"3853\" class=\"elementor elementor-3853\" data-elementor-settings=\"[]\">\n\t\t\t\t\t\t\t<div class=\"elementor-section-wrap\">\n\t\t\t\t\t\t\t<section data-particle_enable=\"false\" data-particle-mobile-disabled=\"false\" class=\"elementor-section elementor-top-section elementor-element elementor-element-0502f11 elementor-section-full_width elementor-section-height-default elementor-section-height-default\" data-id=\"0502f11\" data-element_type=\"section\" data-settings=\"{&quot;background_background&quot;:&quot;classic&quot;}\">\n\t\t\t\t\t\t<div class=\"elementor-container elementor-column-gap-default\">\n\t\t\t\t\t<div class=\"elementor-column elementor-col-33 elementor-top-column elementor-element elementor-element-cb351c9\" data-id=\"cb351c9\" data-element_type=\"column\">\n\t\t\t<div class=\"elementor-widget-wrap elementor-element-populated\">\n\t\t\t\t\t\t\t\t<div class=\"elementor-element elementor-element-baa5bc5 elementor-widget elementor-widget-heading\" data-id=\"baa5bc5\" data-element_type=\"widget\" data-widget_type=\"heading.default\">\n\t\t\t\t<div class=\"elementor-widget-container\">\n\t\t\t<h2 class=\"elementor-heading-title elementor-size-default\">CV-Caf\u00e9<\/h2>\t\t<\/div>\n\t\t\t\t<\/div>\n\t\t\t\t<div class=\"elementor-element elementor-element-7246d60 elementor-widget elementor-widget-image\" data-id=\"7246d60\" data-element_type=\"widget\" data-widget_type=\"image.default\">\n\t\t\t\t<div class=\"elementor-widget-container\">\n\t\t\t\t\t\t\t\t\t\t\t\t\t\t\t<img width=\"253\" height=\"249\" src=\"https:\/\/seniorerhverv.org\/sydsjaelland\/wp-content\/uploads\/sites\/21\/2024\/01\/50plusviolet.png\" class=\"attachment-large size-large\" alt=\"\" loading=\"lazy\" \/>\t\t\t\t\t\t\t\t\t\t\t\t\t\t\t<\/div>\n\t\t\t\t<\/div>\n\t\t\t\t<div class=\"elementor-element elementor-element-a6f0614 elementor-widget elementor-widget-spacer\" data-id=\"a6f0614\" data-element_type=\"widget\" data-widget_type=\"spacer.default\">\n\t\t\t\t<div class=\"elementor-widget-container\">\n\t\t\t\t\t<div class=\"elementor-spacer\">\n\t\t\t<div class=\"elementor-spacer-inner\"><\/div>\n\t\t<\/div>\n\t\t\t\t<\/div>\n\t\t\t\t<\/div>\n\t\t\t\t<div class=\"elementor-element elementor-element-233889e elementor-widget elementor-widget-text-editor\" data-id=\"233889e\" data-element_type=\"widget\" data-widget_type=\"text-editor.default\">\n\t\t\t\t<div class=\"elementor-widget-container\">\n\t\t\t\t\t\t\t<p><span style=\"font-size: 14pt;\">CV-Caf\u00e9 er tilbuddet til dig om at f\u00e5 en hj\u00e6lpende h\u00e5nd med etablering af dit CV og dine miniprofiler i vores CV-database. Den database der g\u00f8r dig synlig og s\u00f8gbar i vores tilbud til arbejdsgiverne, og som Virksomhedsgruppen pr\u00e6senterer n\u00e5r de g\u00e5r bes\u00f8g hos virksomhederne.<\/span><\/p>\n<p><span style=\"font-size: 14pt;\"><b>Hvis du vil have hj\u00e6lp til at lave dit CV skal du kontakte kontoret for en aftale.&nbsp;<\/b><\/span><\/p>\n<p><span style=\"font-size: 14pt;\">Det er nok godt for b\u00e5de dig selv og os hvis du i forvejen laver en aftale om at vi skal m\u00f8des; s\u00e5 ring til kontoret p\u00e5. tlf. <b>5577 4568<\/b> og lav en aftale.<\/span><\/p>\t\t\t\t\t\t<\/div>\n\t\t\t\t<\/div>\n\t\t\t\t\t<\/div>\n\t\t<\/div>\n\t\t\t\t<div class=\"elementor-column elementor-col-33 elementor-top-column elementor-element elementor-element-e01f2e1\" data-id=\"e01f2e1\" data-element_type=\"column\">\n\t\t\t<div class=\"elementor-widget-wrap elementor-element-populated\">\n\t\t\t\t\t\t\t\t<div class=\"elementor-element elementor-element-083ba44 elementor-widget elementor-widget-text-editor\" data-id=\"083ba44\" data-element_type=\"widget\" data-widget_type=\"text-editor.default\">\n\t\t\t\t<div class=\"elementor-widget-container\">\n\t\t\t\t\t\t\t<p><span style=\"font-size: 14pt;\"><strong>For medlemmer af Senior Erhverv Sydsj\u00e6lland<\/strong><\/span><\/p>\t\t\t\t\t\t<\/div>\n\t\t\t\t<\/div>\n\t\t\t\t<div class=\"elementor-element elementor-element-5bb4d76 elementor-widget elementor-widget-spacer\" data-id=\"5bb4d76\" data-element_type=\"widget\" data-widget_type=\"spacer.default\">\n\t\t\t\t<div class=\"elementor-widget-container\">\n\t\t\t\t\t<div class=\"elementor-spacer\">\n\t\t\t<div class=\"elementor-spacer-inner\"><\/div>\n\t\t<\/div>\n\t\t\t\t<\/div>\n\t\t\t\t<\/div>\n\t\t\t\t<div class=\"elementor-element elementor-element-7660c44 elementor-widget elementor-widget-text-editor\" data-id=\"7660c44\" data-element_type=\"widget\" data-widget_type=\"text-editor.default\">\n\t\t\t\t<div class=\"elementor-widget-container\">\n\t\t\t\t\t\t\t<p><strong><span style=\"font-size: 14pt;\">CV snak<\/span><\/strong><\/p><p><span style=\"font-size: 14pt;\">Du kan f\u00e5 en snak med et af vores andre medlemmer, der kan guide dig igennem processen med at s\u00e6tte ord p\u00e5 dit CV. Hvad indeholder et &#8220;Kronologisk CV&#8221; &#8211; hvad indeholder et &#8220;Funktions CV&#8221;.<\/span><\/p><p><span style=\"font-size: 14pt;\">Hvad er de gode for ? Skal du have begge typer CV til din r\u00e5dighed ?<\/span><\/p><p><strong><span style=\"font-size: 14pt;\">Miniprofil snak<\/span><\/strong><\/p><p><span style=\"font-size: 14pt;\">Du kan ogs\u00e5 f\u00e5 en miniprofil snak, for hvad er en miniprofil og hvordan kan det g\u00f8re gavn for dig i vores CV-Database ?<\/span><\/p><p><span style=\"font-size: 14pt;\">Vi kunne ogs\u00e5 lade vores &#8220;SES Chatbot&#8221; give sit bidrag med. Den kunne m\u00e5ske komme med gode id\u00e9er.<\/span><\/p>\t\t\t\t\t\t<\/div>\n\t\t\t\t<\/div>\n\t\t\t\t<div class=\"elementor-element elementor-element-27201c1 elementor-align-center elementor-widget elementor-widget-button\" data-id=\"27201c1\" data-element_type=\"widget\" data-widget_type=\"button.default\">\n\t\t\t\t<div class=\"elementor-widget-container\">\n\t\t\t\t\t<div class=\"elementor-button-wrapper\">\n\t\t\t<a href=\"https:\/\/seniorerhverv.org\/sydsjaelland\/seschatbotminiprofil\/\" class=\"elementor-button-link elementor-button elementor-size-md\" role=\"button\">\n\t\t\t\t\t\t<span class=\"elementor-button-content-wrapper\">\n\t\t\t\t\t\t<span class=\"elementor-button-text\">SESChatbot CV og Miniprofil<\/span>\n\t\t<\/span>\n\t\t\t\t\t<\/a>\n\t\t<\/div>\n\t\t\t\t<\/div>\n\t\t\t\t<\/div>\n\t\t\t\t<div class=\"elementor-element elementor-element-a39389e elementor-widget elementor-widget-spacer\" data-id=\"a39389e\" data-element_type=\"widget\" data-widget_type=\"spacer.default\">\n\t\t\t\t<div class=\"elementor-widget-container\">\n\t\t\t\t\t<div class=\"elementor-spacer\">\n\t\t\t<div class=\"elementor-spacer-inner\"><\/div>\n\t\t<\/div>\n\t\t\t\t<\/div>\n\t\t\t\t<\/div>\n\t\t\t\t<div class=\"elementor-element elementor-element-9c23263 elementor-widget elementor-widget-text-editor\" data-id=\"9c23263\" data-element_type=\"widget\" data-widget_type=\"text-editor.default\">\n\t\t\t\t<div class=\"elementor-widget-container\">\n\t\t\t\t\t\t\t<p><strong><span style=\"font-size: 14pt;\">Sparrings snak<\/span><\/strong><\/p><p><span style=\"font-size: 14pt;\">Har du brug for andre \u00f8jne p\u00e5 den ans\u00f8gning og det CV du lige nu sidder og skal sende, ja s\u00e5 kan vi vende det med dig og m\u00e5ske kan det v\u00e6re det der g\u00f8r at din ans\u00f8gning falder i den positive bunke.<\/span><\/p><p><span style=\"font-size: 14pt;\">Vi kunne ogs\u00e5 lade vores &#8220;SES Chatbot&#8221; give sit bidrag med.<\/span><\/p>\t\t\t\t\t\t<\/div>\n\t\t\t\t<\/div>\n\t\t\t\t<div class=\"elementor-element elementor-element-629016b elementor-align-center elementor-widget elementor-widget-button\" data-id=\"629016b\" data-element_type=\"widget\" data-widget_type=\"button.default\">\n\t\t\t\t<div class=\"elementor-widget-container\">\n\t\t\t\t\t<div class=\"elementor-button-wrapper\">\n\t\t\t<a href=\"https:\/\/seniorerhverv.org\/sydsjaelland\/seschatbotansoegning\/\" class=\"elementor-button-link elementor-button elementor-size-md\" role=\"button\">\n\t\t\t\t\t\t<span class=\"elementor-button-content-wrapper\">\n\t\t\t\t\t\t<span class=\"elementor-button-text\">SESChatbot Ans\u00f8gninger<\/span>\n\t\t<\/span>\n\t\t\t\t\t<\/a>\n\t\t<\/div>\n\t\t\t\t<\/div>\n\t\t\t\t<\/div>\n\t\t\t\t\t<\/div>\n\t\t<\/div>\n\t\t\t\t<div class=\"elementor-column elementor-col-33 elementor-top-column elementor-element elementor-element-14aa16c\" data-id=\"14aa16c\" data-element_type=\"column\">\n\t\t\t<div class=\"elementor-widget-wrap elementor-element-populated\">\n\t\t\t\t\t\t\t\t<div class=\"elementor-element elementor-element-59c5195 elementor-widget elementor-widget-text-editor\" data-id=\"59c5195\" data-element_type=\"widget\" data-widget_type=\"text-editor.default\">\n\t\t\t\t<div class=\"elementor-widget-container\">\n\t\t\t\t\t\t\t<p><strong><span style=\"font-size: 14pt;\">Vejledning til oprettelse og vedligeholdelse af dit CV og din(e) miniprodiler<\/span><\/strong><\/p>\t\t\t\t\t\t<\/div>\n\t\t\t\t<\/div>\n\t\t\t\t<div class=\"elementor-element elementor-element-826b335 elementor-widget elementor-widget-image\" data-id=\"826b335\" data-element_type=\"widget\" data-widget_type=\"image.default\">\n\t\t\t\t<div class=\"elementor-widget-container\">\n\t\t\t\t\t\t\t\t\t\t\t\t\t\t\t\t<a href=\"https:\/\/sites.google.com\/view\/se-ssj\/start\/cvcafe\" target=\"_blank\">\n\t\t\t\t\t\t\t<img width=\"700\" height=\"400\" src=\"https:\/\/seniorerhverv.org\/sydsjaelland\/wp-content\/uploads\/sites\/21\/2024\/03\/VejledningMedlemsoprettelse.png\" class=\"attachment-large size-large\" alt=\"\" loading=\"lazy\" srcset=\"https:\/\/seniorerhverv.org\/sydsjaelland\/wp-content\/uploads\/sites\/21\/2024\/03\/VejledningMedlemsoprettelse.png 700w, https:\/\/seniorerhverv.org\/sydsjaelland\/wp-content\/uploads\/sites\/21\/2024\/03\/VejledningMedlemsoprettelse-300x171.png 300w\" sizes=\"(max-width: 700px) 100vw, 700px\" \/>\t\t\t\t\t\t\t\t<\/a>\n\t\t\t\t\t\t\t\t\t\t\t\t\t\t\t<\/div>\n\t\t\t\t<\/div>\n\t\t\t\t\t<\/div>\n\t\t<\/div>\n\t\t\t\t\t\t\t<\/div>\n\t\t<\/section>\n\t\t\t\t\t\t<\/div>\n\t\t\t\t\t<\/div>\n\t\t"},"excerpt":{"rendered":"<p>CV-Caf\u00e9 CV-Caf\u00e9 er tilbuddet til dig om at f\u00e5 en hj\u00e6lpende h\u00e5nd med etablering af dit CV og dine miniprofiler i vores CV-database. Den database der g\u00f8r dig synlig og s\u00f8gbar i vores tilbud til arbejdsgiverne, og som Virksomhedsgruppen pr\u00e6senterer n\u00e5r de g\u00e5r bes\u00f8g hos virksomhederne. Hvis du vil have hj\u00e6lp til at lave dit [&hellip;]<\/p>\n","protected":false},"author":21,"featured_media":0,"parent":0,"menu_order":0,"comment_status":"closed","ping_status":"closed","template":"","meta":[],"x_date":"20\/01\/2024","x_author":"sydsjaelland","x_gravatar":"https:\/\/secure.gravatar.com\/avatar\/7e1993585b5996e1a400c025064e5265?s=96&d=mm&r=g","x_metadata":{"_elementor_edit_mode":"builder","_elementor_template_type":"wp-page","_elementor_version":"3.4.4","_elementor_pro_version":"3.2.1","_elementor_page_settings":{"eael_ext_toc_title":"Table of Contents"},"_elementor_data":"[{\"id\":\"0502f11\",\"elType\":\"section\",\"settings\":{\"layout\":\"full_width\",\"eael_parallax_layers_list\":[],\"structure\":\"30\",\"background_background\":\"classic\",\"background_image\":{\"url\":\"https:\\\/\\\/seniorerhverv.org\\\/sydsjaelland\\\/wp-content\\\/uploads\\\/sites\\\/21\\\/2022\\\/11\\\/BgStriberStor.jpg\",\"id\":2033,\"alt\":\"\",\"source\":\"library\"},\"eael_cl_logics\":[{\"_id\":\"a725a56\"}]},\"elements\":[{\"id\":\"cb351c9\",\"elType\":\"column\",\"settings\":{\"_column_size\":33,\"_inline_size\":28.544000000000000483169060316868126392364501953125,\"eael_cl_logics\":[{\"_id\":\"e4f3b9b\"}]},\"elements\":[{\"id\":\"baa5bc5\",\"elType\":\"widget\",\"settings\":{\"title\":\"CV-Caf\\u00e9\",\"eael_tooltip_section_content\":\"I am a tooltip\",\"eael_ext_content_protection_password_placeholder\":\"Enter Password\",\"eael_ext_content_protection_password_submit_btn_txt\":\"Submit\",\"eael_ext_content_protection_password_incorrect_message\":\"Password does not match.\",\"eael_cl_logics\":[{\"_id\":\"11a6795\"}]},\"elements\":[],\"widgetType\":\"heading\"},{\"id\":\"7246d60\",\"elType\":\"widget\",\"settings\":{\"image\":{\"url\":\"https:\\\/\\\/seniorerhverv.org\\\/sydsjaelland\\\/wp-content\\\/uploads\\\/sites\\\/21\\\/2024\\\/01\\\/50plusviolet.png\",\"id\":3875,\"alt\":\"\",\"source\":\"library\"},\"eael_tooltip_section_content\":\"I am a tooltip\",\"eael_ext_content_protection_password_placeholder\":\"Enter Password\",\"eael_ext_content_protection_password_submit_btn_txt\":\"Submit\",\"eael_ext_content_protection_password_incorrect_message\":\"Password does not match.\",\"eael_cl_logics\":[{\"_id\":\"24bfc13\"}]},\"elements\":[],\"widgetType\":\"image\"},{\"id\":\"a6f0614\",\"elType\":\"widget\",\"settings\":{\"space\":{\"unit\":\"px\",\"size\":40,\"sizes\":[]},\"eael_tooltip_section_content\":\"I am a tooltip\",\"eael_ext_content_protection_password_placeholder\":\"Enter Password\",\"eael_ext_content_protection_password_submit_btn_txt\":\"Submit\",\"eael_ext_content_protection_password_incorrect_message\":\"Password does not match.\",\"eael_cl_logics\":[{\"_id\":\"8cb0a70\"}]},\"elements\":[],\"widgetType\":\"spacer\"},{\"id\":\"233889e\",\"elType\":\"widget\",\"settings\":{\"editor\":\"<p><span style=\\\"font-size: 14pt;\\\">CV-Caf\\u00e9 er tilbuddet til dig om at f\\u00e5 en hj\\u00e6lpende h\\u00e5nd med etablering af dit CV og dine miniprofiler i vores CV-database. Den database der g\\u00f8r dig synlig og s\\u00f8gbar i vores tilbud til arbejdsgiverne, og som Virksomhedsgruppen pr\\u00e6senterer n\\u00e5r de g\\u00e5r bes\\u00f8g hos virksomhederne.<\\\/span><\\\/p>\\n<p><span style=\\\"font-size: 14pt;\\\"><b>Hvis du vil have hj\\u00e6lp til at lave dit CV skal du kontakte kontoret for en aftale.&nbsp;<\\\/b><\\\/span><\\\/p>\\n<p><span style=\\\"font-size: 14pt;\\\">Det er nok godt for b\\u00e5de dig selv og os hvis du i forvejen laver en aftale om at vi skal m\\u00f8des; s\\u00e5 ring til kontoret p\\u00e5. tlf. <b>5577 4568<\\\/b> og lav en aftale.<\\\/span><\\\/p>\",\"eael_tooltip_section_content\":\"I am a tooltip\",\"eael_ext_content_protection_password_placeholder\":\"Enter Password\",\"eael_ext_content_protection_password_submit_btn_txt\":\"Submit\",\"eael_ext_content_protection_password_incorrect_message\":\"Password does not match.\",\"eael_cl_logics\":[{\"_id\":\"f256956\"}]},\"elements\":[],\"widgetType\":\"text-editor\"}],\"isInner\":false},{\"id\":\"e01f2e1\",\"elType\":\"column\",\"settings\":{\"_column_size\":33,\"_inline_size\":31.632000000000001449507180950604379177093505859375,\"eael_cl_logics\":[{\"_id\":\"cbaba01\"}]},\"elements\":[{\"id\":\"083ba44\",\"elType\":\"widget\",\"settings\":{\"editor\":\"<p><span style=\\\"font-size: 14pt;\\\"><strong>For medlemmer af Senior Erhverv Sydsj\\u00e6lland<\\\/strong><\\\/span><\\\/p>\",\"eael_tooltip_section_content\":\"I am a tooltip\",\"eael_ext_content_protection_password_placeholder\":\"Enter Password\",\"eael_ext_content_protection_password_submit_btn_txt\":\"Submit\",\"eael_ext_content_protection_password_incorrect_message\":\"Password does not match.\",\"eael_cl_logics\":[{\"_id\":\"52219a9\"}]},\"elements\":[],\"widgetType\":\"text-editor\"},{\"id\":\"5bb4d76\",\"elType\":\"widget\",\"settings\":{\"space\":{\"unit\":\"px\",\"size\":20,\"sizes\":[]},\"eael_tooltip_section_content\":\"I am a tooltip\",\"eael_ext_content_protection_password_placeholder\":\"Enter Password\",\"eael_ext_content_protection_password_submit_btn_txt\":\"Submit\",\"eael_ext_content_protection_password_incorrect_message\":\"Password does not match.\",\"eael_cl_logics\":[{\"_id\":\"2a7e9bc\"}]},\"elements\":[],\"widgetType\":\"spacer\"},{\"id\":\"7660c44\",\"elType\":\"widget\",\"settings\":{\"editor\":\"<p><strong><span style=\\\"font-size: 14pt;\\\">CV snak<\\\/span><\\\/strong><\\\/p><p><span style=\\\"font-size: 14pt;\\\">Du kan f\\u00e5 en snak med et af vores andre medlemmer, der kan guide dig igennem processen med at s\\u00e6tte ord p\\u00e5 dit CV. Hvad indeholder et \\\"Kronologisk CV\\\" - hvad indeholder et \\\"Funktions CV\\\".<\\\/span><\\\/p><p><span style=\\\"font-size: 14pt;\\\">Hvad er de gode for ? Skal du have begge typer CV til din r\\u00e5dighed ?<\\\/span><\\\/p><p><strong><span style=\\\"font-size: 14pt;\\\">Miniprofil snak<\\\/span><\\\/strong><\\\/p><p><span style=\\\"font-size: 14pt;\\\">Du kan ogs\\u00e5 f\\u00e5 en miniprofil snak, for hvad er en miniprofil og hvordan kan det g\\u00f8re gavn for dig i vores CV-Database ?<\\\/span><\\\/p><p><span style=\\\"font-size: 14pt;\\\">Vi kunne ogs\\u00e5 lade vores \\\"SES Chatbot\\\" give sit bidrag med. Den kunne m\\u00e5ske komme med gode id\\u00e9er.<\\\/span><\\\/p>\",\"eael_tooltip_section_content\":\"I am a tooltip\",\"eael_ext_content_protection_password_placeholder\":\"Enter Password\",\"eael_ext_content_protection_password_submit_btn_txt\":\"Submit\",\"eael_ext_content_protection_password_incorrect_message\":\"Password does not match.\",\"eael_cl_logics\":[{\"_id\":\"20517dd\"}]},\"elements\":[],\"widgetType\":\"text-editor\"},{\"id\":\"27201c1\",\"elType\":\"widget\",\"settings\":{\"text\":\"SESChatbot CV og Miniprofil\",\"link\":{\"url\":\"https:\\\/\\\/seniorerhverv.org\\\/sydsjaelland\\\/seschatbotminiprofil\\\/\",\"is_external\":\"\",\"nofollow\":\"\",\"custom_attributes\":\"\"},\"align\":\"center\",\"size\":\"md\",\"eael_tooltip_section_content\":\"I am a tooltip\",\"eael_ext_content_protection_password_placeholder\":\"Enter Password\",\"eael_ext_content_protection_password_submit_btn_txt\":\"Submit\",\"eael_ext_content_protection_password_incorrect_message\":\"Password does not match.\",\"eael_cl_logics\":[{\"_id\":\"5ebe580\"}]},\"elements\":[],\"widgetType\":\"button\"},{\"id\":\"a39389e\",\"elType\":\"widget\",\"settings\":{\"space\":{\"unit\":\"px\",\"size\":10,\"sizes\":[]},\"eael_tooltip_section_content\":\"I am a tooltip\",\"eael_ext_content_protection_password_placeholder\":\"Enter Password\",\"eael_ext_content_protection_password_submit_btn_txt\":\"Submit\",\"eael_ext_content_protection_password_incorrect_message\":\"Password does not match.\",\"eael_cl_logics\":[{\"_id\":\"a9553ec\"}]},\"elements\":[],\"widgetType\":\"spacer\"},{\"id\":\"9c23263\",\"elType\":\"widget\",\"settings\":{\"editor\":\"<p><strong><span style=\\\"font-size: 14pt;\\\">Sparrings snak<\\\/span><\\\/strong><\\\/p><p><span style=\\\"font-size: 14pt;\\\">Har du brug for andre \\u00f8jne p\\u00e5 den ans\\u00f8gning og det CV du lige nu sidder og skal sende, ja s\\u00e5 kan vi vende det med dig og m\\u00e5ske kan det v\\u00e6re det der g\\u00f8r at din ans\\u00f8gning falder i den positive bunke.<\\\/span><\\\/p><p><span style=\\\"font-size: 14pt;\\\">Vi kunne ogs\\u00e5 lade vores \\\"SES Chatbot\\\" give sit bidrag med.<\\\/span><\\\/p>\",\"eael_tooltip_section_content\":\"I am a tooltip\",\"eael_ext_content_protection_password_placeholder\":\"Enter Password\",\"eael_ext_content_protection_password_submit_btn_txt\":\"Submit\",\"eael_ext_content_protection_password_incorrect_message\":\"Password does not match.\",\"eael_cl_logics\":[{\"_id\":\"f8fcd1d\"}]},\"elements\":[],\"widgetType\":\"text-editor\"},{\"id\":\"629016b\",\"elType\":\"widget\",\"settings\":{\"text\":\"SESChatbot Ans\\u00f8gninger\",\"link\":{\"url\":\"https:\\\/\\\/seniorerhverv.org\\\/sydsjaelland\\\/seschatbotansoegning\\\/\",\"is_external\":\"\",\"nofollow\":\"\",\"custom_attributes\":\"\"},\"align\":\"center\",\"size\":\"md\",\"eael_tooltip_section_content\":\"I am a tooltip\",\"eael_ext_content_protection_password_placeholder\":\"Enter Password\",\"eael_ext_content_protection_password_submit_btn_txt\":\"Submit\",\"eael_ext_content_protection_password_incorrect_message\":\"Password does not match.\",\"eael_cl_logics\":[{\"_id\":\"6cd8365\"}]},\"elements\":[],\"widgetType\":\"button\"}],\"isInner\":false},{\"id\":\"14aa16c\",\"elType\":\"column\",\"settings\":{\"_column_size\":33,\"_inline_size\":39.15599999999999880628820392303168773651123046875,\"eael_cl_logics\":[{\"_id\":\"04528eb\"}]},\"elements\":[{\"id\":\"59c5195\",\"elType\":\"widget\",\"settings\":{\"editor\":\"<p><strong><span style=\\\"font-size: 14pt;\\\">Vejledning til oprettelse og vedligeholdelse af dit CV og din(e) miniprodiler<\\\/span><\\\/strong><\\\/p>\",\"eael_tooltip_section_content\":\"I am a tooltip\",\"eael_ext_content_protection_password_placeholder\":\"Enter Password\",\"eael_ext_content_protection_password_submit_btn_txt\":\"Submit\",\"eael_ext_content_protection_password_incorrect_message\":\"Password does not match.\",\"eael_cl_logics\":[{\"_id\":\"bc78bc7\"}]},\"elements\":[],\"widgetType\":\"text-editor\"},{\"id\":\"826b335\",\"elType\":\"widget\",\"settings\":{\"image\":{\"url\":\"https:\\\/\\\/seniorerhverv.org\\\/sydsjaelland\\\/wp-content\\\/uploads\\\/sites\\\/21\\\/2024\\\/03\\\/VejledningMedlemsoprettelse.png\",\"id\":3984,\"alt\":\"\",\"source\":\"library\"},\"eael_tooltip_section_content\":\"I am a tooltip\",\"eael_ext_content_protection_password_placeholder\":\"Enter Password\",\"eael_ext_content_protection_password_submit_btn_txt\":\"Submit\",\"eael_ext_content_protection_password_incorrect_message\":\"Password does not match.\",\"eael_cl_logics\":[{\"_id\":\"24bfc13\"}],\"link_to\":\"custom\",\"link\":{\"url\":\"https:\\\/\\\/sites.google.com\\\/view\\\/se-ssj\\\/start\\\/cvcafe\",\"is_external\":\"on\",\"nofollow\":\"\",\"custom_attributes\":\"\"}},\"elements\":[],\"widgetType\":\"image\"}],\"isInner\":false}],\"isInner\":false}]","_elementor_page_assets":[],"_eael_custom_js":"","_elementor_controls_usage":{"heading":{"count":1,"control_percent":1,"controls":{"content":{"section_title":{"title":1}},"advanced":{"eael_conditional_logic_section":{"eael_cl_logics":1}}}},"image":{"count":2,"control_percent":1,"controls":{"content":{"section_image":{"image":2,"link_to":1,"link":1}},"advanced":{"eael_conditional_logic_section":{"eael_cl_logics":2}}}},"spacer":{"count":3,"control_percent":1,"controls":{"content":{"section_spacer":{"space":3}},"advanced":{"eael_conditional_logic_section":{"eael_cl_logics":3}}}},"text-editor":{"count":5,"control_percent":1,"controls":{"content":{"section_editor":{"editor":5}},"advanced":{"eael_conditional_logic_section":{"eael_cl_logics":5}}}},"column":{"count":3,"control_percent":1,"controls":{"layout":{"layout":{"_inline_size":3}},"advanced":{"eael_conditional_logic_section":{"eael_cl_logics":3}}}},"button":{"count":2,"control_percent":1,"controls":{"content":{"section_button":{"text":2,"link":2,"align":2,"size":2}},"advanced":{"eael_conditional_logic_section":{"eael_cl_logics":2}}}},"section":{"count":1,"control_percent":1,"controls":{"layout":{"section_layout":{"layout":1},"section_structure":{"structure":1}},"style":{"section_background":{"background_background":1,"background_image":1}},"advanced":{"eael_conditional_logic_section":{"eael_cl_logics":1}}}}},"_elementor_css":{"time":1752522019,"fonts":[],"icons":[""],"dynamic_elements_ids":[],"status":"file","0":""}},"_links":{"self":[{"href":"https:\/\/seniorerhverv.org\/sydsjaelland\/wp-json\/wp\/v2\/pages\/3853"}],"collection":[{"href":"https:\/\/seniorerhverv.org\/sydsjaelland\/wp-json\/wp\/v2\/pages"}],"about":[{"href":"https:\/\/seniorerhverv.org\/sydsjaelland\/wp-json\/wp\/v2\/types\/page"}],"author":[{"embeddable":true,"href":"https:\/\/seniorerhverv.org\/sydsjaelland\/wp-json\/wp\/v2\/users\/21"}],"replies":[{"embeddable":true,"href":"https:\/\/seniorerhverv.org\/sydsjaelland\/wp-json\/wp\/v2\/comments?post=3853"}],"version-history":[{"count":44,"href":"https:\/\/seniorerhverv.org\/sydsjaelland\/wp-json\/wp\/v2\/pages\/3853\/revisions"}],"predecessor-version":[{"id":4778,"href":"https:\/\/seniorerhverv.org\/sydsjaelland\/wp-json\/wp\/v2\/pages\/3853\/revisions\/4778"}],"wp:attachment":[{"href":"https:\/\/seniorerhverv.org\/sydsjaelland\/wp-json\/wp\/v2\/media?parent=3853"}],"curies":[{"name":"wp","href":"https:\/\/api.w.org\/{rel}","templated":true}]}}