{"id":76,"date":"2023-01-12T14:46:27","date_gmt":"2023-01-12T14:46:27","guid":{"rendered":"https:\/\/seniorerhverv.org\/soenderborg\/?page_id=76"},"modified":"2026-02-12T13:16:50","modified_gmt":"2026-02-12T12:16:50","slug":"om-os","status":"publish","type":"page","link":"https:\/\/seniorerhverv.org\/soenderborg\/om-os\/","title":{"rendered":"Netv\u00e6rket i S\u00f8nderborg"},"content":{"rendered":"\t\t<div data-elementor-type=\"wp-page\" data-elementor-id=\"76\" class=\"elementor elementor-76\" data-elementor-settings=\"[]\">\n\t\t\t\t\t\t\t<div class=\"elementor-section-wrap\">\n\t\t\t\t\t\t\t<section data-particle_enable=\"false\" data-particle-mobile-disabled=\"false\" class=\"elementor-section elementor-top-section elementor-element elementor-element-c1085c7 elementor-section-boxed elementor-section-height-default elementor-section-height-default\" data-id=\"c1085c7\" data-element_type=\"section\">\n\t\t\t\t\t\t<div class=\"elementor-container elementor-column-gap-default\">\n\t\t\t\t\t<div class=\"elementor-column elementor-col-100 elementor-top-column elementor-element elementor-element-ba62bdc box-container\" data-id=\"ba62bdc\" data-element_type=\"column\">\n\t\t\t<div class=\"elementor-widget-wrap elementor-element-populated\">\n\t\t\t\t\t\t\t\t<div class=\"elementor-element elementor-element-dbb5588 elementor-widget elementor-widget-text-editor\" data-id=\"dbb5588\" data-element_type=\"widget\" data-widget_type=\"text-editor.default\">\n\t\t\t\t<div class=\"elementor-widget-container\">\n\t\t\t\t\t\t\t<p><span style=\"font-size: 14pt;\"><strong>Senior Erhverv S\u00f8nderborg er et netv\u00e6rk af engagerede, aktive og erhvervsduelige seniorer<\/strong><\/span><\/p><p><span style=\"font-size: 1rem;\">SE S\u00f8nderborg arbejder efter princippet hj\u00e6lp til selvhj\u00e6lp, og v<\/span><span style=\"font-size: 1rem;\">i har forskellige tilbud der kan v\u00e6re med til at udvikle vores medlemmer.<\/span><\/p><p><span style=\"font-size: 1rem;\">Kontorgruppen holder til i vores kontor p\u00e5 Stenager 2 i S\u00f8nderborg. Herfra l\u00f8ser vi de forskellige administrative opgaver og herfra foreg\u00e5r ogs\u00e5 medlemskontakten.<br \/>At deltage i denne gruppe styrker de administrative rutiner og er en stor hj\u00e6lp til netv\u00e6rket.\u00a0<br \/>Der vil selvf\u00f8lgelig v\u00e6re opl\u00e6ring.<\/span><\/p><p><strong style=\"font-size: 14pt;\">Bestyrelsesm\u00f8der<\/strong><\/p><div><div><div><p>Den anden torsdag i hver m\u00e5ned afholdes der bestyrelsesm\u00f8de. Referater vil v\u00e6re tilg\u00e6ngelige for medlemmerne.\u00a0<br \/><span style=\"font-size: 1rem;\">I f\u00f8rste kvartal afholdes generalforsamling med bl.a. valg til bestyrelsen. Alle medlemmer indkaldes jvf. vedt\u00e6gterne og der udsendes dagsorden.\u00a0 Alle medlemmer har naturligvis stemmeret.<\/span><\/p><h5>Vedt\u00e6gterne for Senior Erhverv S\u00f8nderborg kan downloades <a href=\"https:\/\/seniorerhverv.org\/soenderborg\/wp-content\/uploads\/sites\/29\/2025\/12\/Vedtaegter-Senior-Erhverv-netvaerk-2025.pdf\" target=\"_blank\" rel=\"noopener\">her<\/a>\u00a0<\/h5><p><span style=\"font-size: 14pt;\"><strong>Medlemsm\u00f8der<\/strong><\/span><\/p><p>Som udgangspunkt afholdes der medlemsm\u00f8der 1 gang m\u00e5nedligt. <br \/>Aktivitetskalender vil v\u00e6re tilg\u00e6ngelig p\u00e5 hjemmesiden, og Invitation udsendes til alle vore medlemmer.<\/p><p><strong><span style=\"font-size: 14pt;\">Kontingent:<\/span><\/strong><\/p><p>150.- \u00e5rligt\u00a0<\/p><\/div><\/div><\/div>\t\t\t\t\t\t<\/div>\n\t\t\t\t<\/div>\n\t\t\t\t<div class=\"elementor-element elementor-element-c2f568d elementor-widget elementor-widget-text-editor\" data-id=\"c2f568d\" data-element_type=\"widget\" data-widget_type=\"text-editor.default\">\n\t\t\t\t<div class=\"elementor-widget-container\">\n\t\t\t\t\t\t\t\t\t\t\t\t\t<\/div>\n\t\t\t\t<\/div>\n\t\t\t\t\t<\/div>\n\t\t<\/div>\n\t\t\t\t\t\t\t<\/div>\n\t\t<\/section>\n\t\t\t\t\t\t<\/div>\n\t\t\t\t\t<\/div>\n\t\t"},"excerpt":{"rendered":"<p>Senior Erhverv S\u00f8nderborg er et netv\u00e6rk af engagerede, aktive og erhvervsduelige seniorer SE S\u00f8nderborg arbejder efter princippet hj\u00e6lp til selvhj\u00e6lp, og vi har forskellige tilbud der kan v\u00e6re med til at udvikle vores medlemmer. Kontorgruppen holder til i vores kontor p\u00e5 Stenager 2 i S\u00f8nderborg. Herfra l\u00f8ser vi de forskellige administrative opgaver og herfra foreg\u00e5r [&hellip;]<\/p>\n","protected":false},"author":27,"featured_media":0,"parent":0,"menu_order":0,"comment_status":"closed","ping_status":"closed","template":"","meta":[],"x_date":"januar 12, 2023","x_author":"jeannine","x_gravatar":"https:\/\/secure.gravatar.com\/avatar\/7248487ecbb5e9a210de0090c008cb94?s=96&d=mm&r=g","x_metadata":{"_elementor_edit_mode":"builder","_elementor_template_type":"wp-page","_elementor_version":"3.4.4","_elementor_pro_version":"3.2.1","_elementor_page_settings":{"eael_ext_toc_title":"Table of Contents"},"_elementor_data":"[{\"id\":\"c1085c7\",\"elType\":\"section\",\"settings\":{\"eael_parallax_layers_list\":[],\"eael_cl_logics\":[{\"_id\":\"a04aee6\"}]},\"elements\":[{\"id\":\"ba62bdc\",\"elType\":\"column\",\"settings\":{\"_column_size\":100,\"_inline_size\":null,\"padding\":{\"unit\":\"px\",\"top\":\"30\",\"right\":\"30\",\"bottom\":\"30\",\"left\":\"30\",\"isLinked\":\"1\"},\"css_classes\":\"box-container\",\"eael_cl_logics\":[{\"_id\":\"28fa437\"}]},\"elements\":[{\"id\":\"dbb5588\",\"elType\":\"widget\",\"settings\":{\"editor\":\"<p><span style=\\\"font-size: 14pt;\\\"><strong>Senior Erhverv S\\u00f8nderborg er et netv\\u00e6rk af engagerede, aktive og erhvervsduelige seniorer<\\\/strong><\\\/span><\\\/p><p><span style=\\\"font-size: 1rem;\\\">SE S\\u00f8nderborg arbejder efter princippet hj\\u00e6lp til selvhj\\u00e6lp, og v<\\\/span><span style=\\\"font-size: 1rem;\\\">i har forskellige tilbud der kan v\\u00e6re med til at udvikle vores medlemmer.<\\\/span><\\\/p><p><span style=\\\"font-size: 1rem;\\\">Kontorgruppen holder til i vores kontor p\\u00e5 Stenager 2 i S\\u00f8nderborg. Herfra l\\u00f8ser vi de forskellige administrative opgaver og herfra foreg\\u00e5r ogs\\u00e5 medlemskontakten.<br \\\/>At deltage i denne gruppe styrker de administrative rutiner og er en stor hj\\u00e6lp til netv\\u00e6rket.\\u00a0<br \\\/>Der vil selvf\\u00f8lgelig v\\u00e6re opl\\u00e6ring.<\\\/span><\\\/p><p><strong style=\\\"font-size: 14pt;\\\">Bestyrelsesm\\u00f8der<\\\/strong><\\\/p><div><div><div><p>Den anden torsdag i hver m\\u00e5ned afholdes der bestyrelsesm\\u00f8de. Referater vil v\\u00e6re tilg\\u00e6ngelige for medlemmerne.\\u00a0<br \\\/><span style=\\\"font-size: 1rem;\\\">I f\\u00f8rste kvartal afholdes generalforsamling med bl.a. valg til bestyrelsen. Alle medlemmer indkaldes jvf. vedt\\u00e6gterne og der udsendes dagsorden.\\u00a0 Alle medlemmer har naturligvis stemmeret.<\\\/span><\\\/p><h5>Vedt\\u00e6gterne for Senior Erhverv S\\u00f8nderborg kan downloades <a href=\\\"https:\\\/\\\/seniorerhverv.org\\\/soenderborg\\\/wp-content\\\/uploads\\\/sites\\\/29\\\/2025\\\/12\\\/Vedtaegter-Senior-Erhverv-netvaerk-2025.pdf\\\" target=\\\"_blank\\\" rel=\\\"noopener\\\">her<\\\/a>\\u00a0<\\\/h5><p><span style=\\\"font-size: 14pt;\\\"><strong>Medlemsm\\u00f8der<\\\/strong><\\\/span><\\\/p><p>Som udgangspunkt afholdes der medlemsm\\u00f8der 1 gang m\\u00e5nedligt. <br \\\/>Aktivitetskalender vil v\\u00e6re tilg\\u00e6ngelig p\\u00e5 hjemmesiden, og Invitation udsendes til alle vore medlemmer.<\\\/p><p><strong><span style=\\\"font-size: 14pt;\\\">Kontingent:<\\\/span><\\\/strong><\\\/p><p>150.- \\u00e5rligt\\u00a0<\\\/p><\\\/div><\\\/div><\\\/div>\",\"eael_tooltip_section_content\":\"I am a tooltip\",\"eael_ext_content_protection_password_placeholder\":\"Enter Password\",\"eael_ext_content_protection_password_submit_btn_txt\":\"Submit\",\"custom_css\":\"selector table,\\nselector table td {\\n    padding: 0;\\n    border: none;\\n    background: none;\\n}\\nselector ol {\\n    padding-left: 15px;\\n}\",\"eael_ext_content_protection_password_incorrect_message\":\"Password does not match.\",\"eael_cl_logics\":[{\"_id\":\"c82a122\"}]},\"elements\":[],\"widgetType\":\"text-editor\"},{\"id\":\"c2f568d\",\"elType\":\"widget\",\"settings\":{\"editor\":\"\",\"eael_tooltip_section_content\":\"I am a tooltip\",\"eael_ext_content_protection_password_placeholder\":\"Enter Password\",\"eael_ext_content_protection_password_submit_btn_txt\":\"Submit\",\"custom_css\":\"selector table,\\nselector table td {\\n    padding: 0;\\n    border: none;\\n    background: none;\\n}\\nselector ol {\\n    padding-left: 15px;\\n}\",\"eael_ext_content_protection_password_incorrect_message\":\"Password does not match.\",\"eael_cl_logics\":[{\"_id\":\"c82a122\"}]},\"elements\":[],\"widgetType\":\"text-editor\"}],\"isInner\":false}],\"isInner\":false}]","_elementor_page_assets":[],"_eael_custom_js":"","_elementor_controls_usage":{"text-editor":{"count":2,"control_percent":1,"controls":{"content":{"section_editor":{"editor":2}},"advanced":{"section_custom_css":{"custom_css":2},"eael_conditional_logic_section":{"eael_cl_logics":2}}}},"column":{"count":1,"control_percent":1,"controls":{"layout":{"layout":{"_inline_size":1}},"advanced":{"section_advanced":{"padding":1,"css_classes":1},"eael_conditional_logic_section":{"eael_cl_logics":1}}}},"section":{"count":1,"control_percent":0,"controls":{"advanced":{"eael_conditional_logic_section":{"eael_cl_logics":1}}}}},"_elementor_css":{"time":1770898624,"fonts":[],"icons":[],"dynamic_elements_ids":[],"status":"inline","0":"","css":".elementor-76 .elementor-element.elementor-element-ba62bdc > .elementor-element-populated{padding:30px 30px 30px 30px;}\/* Start custom CSS for text-editor, class: .elementor-element-dbb5588 *\/.elementor-76 .elementor-element.elementor-element-dbb5588 table,\n.elementor-76 .elementor-element.elementor-element-dbb5588 table td {\n    padding: 0;\n    border: none;\n    background: none;\n}\n.elementor-76 .elementor-element.elementor-element-dbb5588 ol {\n    padding-left: 15px;\n}\/* End custom CSS *\/\n\/* Start custom CSS for text-editor, class: .elementor-element-c2f568d *\/.elementor-76 .elementor-element.elementor-element-c2f568d table,\n.elementor-76 .elementor-element.elementor-element-c2f568d table td {\n    padding: 0;\n    border: none;\n    background: none;\n}\n.elementor-76 .elementor-element.elementor-element-c2f568d ol {\n    padding-left: 15px;\n}\/* End custom CSS *\/"}},"_links":{"self":[{"href":"https:\/\/seniorerhverv.org\/soenderborg\/wp-json\/wp\/v2\/pages\/76"}],"collection":[{"href":"https:\/\/seniorerhverv.org\/soenderborg\/wp-json\/wp\/v2\/pages"}],"about":[{"href":"https:\/\/seniorerhverv.org\/soenderborg\/wp-json\/wp\/v2\/types\/page"}],"author":[{"embeddable":true,"href":"https:\/\/seniorerhverv.org\/soenderborg\/wp-json\/wp\/v2\/users\/27"}],"replies":[{"embeddable":true,"href":"https:\/\/seniorerhverv.org\/soenderborg\/wp-json\/wp\/v2\/comments?post=76"}],"version-history":[{"count":36,"href":"https:\/\/seniorerhverv.org\/soenderborg\/wp-json\/wp\/v2\/pages\/76\/revisions"}],"predecessor-version":[{"id":920,"href":"https:\/\/seniorerhverv.org\/soenderborg\/wp-json\/wp\/v2\/pages\/76\/revisions\/920"}],"wp:attachment":[{"href":"https:\/\/seniorerhverv.org\/soenderborg\/wp-json\/wp\/v2\/media?parent=76"}],"curies":[{"name":"wp","href":"https:\/\/api.w.org\/{rel}","templated":true}]}}