{"id":98,"date":"2022-04-12T17:56:20","date_gmt":"2022-04-12T17:56:20","guid":{"rendered":"https:\/\/seniorerhverv.org\/sjaellandoest\/?page_id=98"},"modified":"2024-05-27T10:20:16","modified_gmt":"2024-05-27T08:20:16","slug":"dataansvar","status":"publish","type":"page","link":"https:\/\/seniorerhverv.org\/sjaellandoest\/dataansvar\/","title":{"rendered":"Dataansvar"},"content":{"rendered":"\t\t<div data-elementor-type=\"wp-page\" data-elementor-id=\"98\" class=\"elementor elementor-98\" data-elementor-settings=\"[]\">\n\t\t\t\t\t\t\t<div class=\"elementor-section-wrap\">\n\t\t\t\t\t\t\t<section data-particle_enable=\"false\" data-particle-mobile-disabled=\"false\" class=\"elementor-section elementor-top-section elementor-element elementor-element-abcdda8 elementor-section-boxed elementor-section-height-default elementor-section-height-default\" data-id=\"abcdda8\" data-element_type=\"section\">\n\t\t\t\t\t\t<div class=\"elementor-container elementor-column-gap-no\">\n\t\t\t\t\t<div class=\"elementor-column elementor-col-100 elementor-top-column elementor-element elementor-element-cc4e639 box-container\" data-id=\"cc4e639\" data-element_type=\"column\">\n\t\t\t<div class=\"elementor-widget-wrap elementor-element-populated\">\n\t\t\t\t\t\t\t\t<div class=\"elementor-element elementor-element-9e7c6ba elementor-widget elementor-widget-text-editor\" data-id=\"9e7c6ba\" data-element_type=\"widget\" data-widget_type=\"text-editor.default\">\n\t\t\t\t<div class=\"elementor-widget-container\">\n\t\t\t\t\t\t\t<h2>Her kan du l\u00e6se vores politik<\/h2><p>Senest opdateret 01.04.2024<\/p>\t\t\t\t\t\t<\/div>\n\t\t\t\t<\/div>\n\t\t\t\t<div class=\"elementor-element elementor-element-2045ef9 elementor-align-center elementor-widget elementor-widget-button\" data-id=\"2045ef9\" data-element_type=\"widget\" data-widget_type=\"button.default\">\n\t\t\t\t<div class=\"elementor-widget-container\">\n\t\t\t\t\t<div class=\"elementor-button-wrapper\">\n\t\t\t<a href=\"https:\/\/seniorerhverv.org\/sjaellandoest\/wp-content\/uploads\/sites\/16\/2024\/05\/Persondatapolitik-for-Senior-Erhverv-Sjaelland-Oest.pdf\" target=\"_blank\" class=\"elementor-button-link elementor-button elementor-size-xl\" role=\"button\">\n\t\t\t\t\t\t<span class=\"elementor-button-content-wrapper\">\n\t\t\t\t\t\t<span class=\"elementor-button-text\">Persondatapolitik for Senior Erhverv Sj\u00e6lland \u00d8st<\/span>\n\t\t<\/span>\n\t\t\t\t\t<\/a>\n\t\t<\/div>\n\t\t\t\t<\/div>\n\t\t\t\t<\/div>\n\t\t\t\t\t<\/div>\n\t\t<\/div>\n\t\t\t\t\t\t\t<\/div>\n\t\t<\/section>\n\t\t\t\t\t\t<\/div>\n\t\t\t\t\t<\/div>\n\t\t"},"excerpt":{"rendered":"<p>Her kan du l\u00e6se vores politik Senest opdateret 01.04.2024 Persondatapolitik for Senior Erhverv Sj\u00e6lland \u00d8st<\/p>\n","protected":false},"author":16,"featured_media":0,"parent":0,"menu_order":0,"comment_status":"closed","ping_status":"closed","template":"elementor_header_footer","meta":[],"x_date":"2022-04-12","x_author":"sjaellandoest","x_gravatar":"https:\/\/secure.gravatar.com\/avatar\/84a5e88c7c0b6f5fec9d6b71b6a24aaa?s=96&d=mm&r=g","x_metadata":{"_elementor_edit_mode":"builder","_elementor_template_type":"wp-page","_elementor_version":"3.4.4","_elementor_pro_version":"3.2.1","_elementor_page_settings":{"eael_ext_toc_title":"Table of Contents"},"_elementor_data":"[{\"id\":\"abcdda8\",\"elType\":\"section\",\"settings\":{\"gap\":\"no\",\"margin\":{\"unit\":\"px\",\"top\":\"10\",\"right\":0,\"bottom\":\"10\",\"left\":0,\"isLinked\":true},\"eael_parallax_layers_list\":[],\"eael_cl_logics\":[{\"_id\":\"c639b4a\"}]},\"elements\":[{\"id\":\"cc4e639\",\"elType\":\"column\",\"settings\":{\"_column_size\":100,\"_inline_size\":null,\"padding\":{\"unit\":\"px\",\"top\":\"30\",\"right\":\"30\",\"bottom\":\"30\",\"left\":\"30\",\"isLinked\":true},\"css_classes\":\"box-container\",\"eael_cl_logics\":[{\"_id\":\"fcaa426\"}]},\"elements\":[{\"id\":\"9e7c6ba\",\"elType\":\"widget\",\"settings\":{\"editor\":\"<h2>Her kan du l\\u00e6se vores politik<\\\/h2><p>Senest opdateret 01.04.2024<\\\/p>\",\"eael_tooltip_section_content\":\"I am a tooltip\",\"eael_ext_content_protection_password_placeholder\":\"Enter Password\",\"eael_ext_content_protection_password_submit_btn_txt\":\"Submit\",\"eael_ext_content_protection_password_incorrect_message\":\"Password does not match.\",\"eael_cl_logics\":[{\"_id\":\"b1cfa90\"}]},\"elements\":[],\"widgetType\":\"text-editor\"},{\"id\":\"2045ef9\",\"elType\":\"widget\",\"settings\":{\"text\":\"Persondatapolitik for Senior Erhverv Sj\\u00e6lland \\u00d8st\",\"link\":{\"url\":\"https:\\\/\\\/seniorerhverv.org\\\/sjaellandoest\\\/wp-content\\\/uploads\\\/sites\\\/16\\\/2024\\\/05\\\/Persondatapolitik-for-Senior-Erhverv-Sjaelland-Oest.pdf\",\"is_external\":\"on\",\"nofollow\":\"\",\"custom_attributes\":\"\"},\"align\":\"center\",\"size\":\"xl\",\"text_shadow_text_shadow\":{\"horizontal\":0,\"vertical\":0,\"blur\":10,\"color\":\"\"},\"button_text_color\":\"#060606\",\"eael_tooltip_section_content\":\"I am a tooltip\",\"eael_ext_content_protection_password_placeholder\":\"Enter Password\",\"eael_ext_content_protection_password_submit_btn_txt\":\"Submit\",\"eael_ext_content_protection_password_incorrect_message\":\"Password does not match.\",\"eael_cl_logics\":[{\"_id\":\"6be5140\"}]},\"elements\":[],\"widgetType\":\"button\"}],\"isInner\":false}],\"isInner\":false}]","_elementor_page_assets":[],"_eael_custom_js":"","_elementor_controls_usage":{"text-editor":{"count":1,"control_percent":1,"controls":{"content":{"section_editor":{"editor":1}},"advanced":{"eael_conditional_logic_section":{"eael_cl_logics":1}}}},"button":{"count":1,"control_percent":2,"controls":{"content":{"section_button":{"text":1,"link":1,"align":1,"size":1}},"style":{"section_style":{"text_shadow_text_shadow":1,"button_text_color":1}},"advanced":{"eael_conditional_logic_section":{"eael_cl_logics":1}}}},"column":{"count":1,"control_percent":1,"controls":{"layout":{"layout":{"_inline_size":1}},"advanced":{"section_advanced":{"padding":1,"css_classes":1},"eael_conditional_logic_section":{"eael_cl_logics":1}}}},"section":{"count":1,"control_percent":1,"controls":{"layout":{"section_layout":{"gap":1}},"advanced":{"section_advanced":{"margin":1},"eael_conditional_logic_section":{"eael_cl_logics":1}}}}},"_elementor_css":{"time":1716798017,"fonts":[],"icons":[""],"dynamic_elements_ids":[],"status":"file","0":""}},"_links":{"self":[{"href":"https:\/\/seniorerhverv.org\/sjaellandoest\/wp-json\/wp\/v2\/pages\/98"}],"collection":[{"href":"https:\/\/seniorerhverv.org\/sjaellandoest\/wp-json\/wp\/v2\/pages"}],"about":[{"href":"https:\/\/seniorerhverv.org\/sjaellandoest\/wp-json\/wp\/v2\/types\/page"}],"author":[{"embeddable":true,"href":"https:\/\/seniorerhverv.org\/sjaellandoest\/wp-json\/wp\/v2\/users\/16"}],"replies":[{"embeddable":true,"href":"https:\/\/seniorerhverv.org\/sjaellandoest\/wp-json\/wp\/v2\/comments?post=98"}],"version-history":[{"count":9,"href":"https:\/\/seniorerhverv.org\/sjaellandoest\/wp-json\/wp\/v2\/pages\/98\/revisions"}],"predecessor-version":[{"id":1114,"href":"https:\/\/seniorerhverv.org\/sjaellandoest\/wp-json\/wp\/v2\/pages\/98\/revisions\/1114"}],"wp:attachment":[{"href":"https:\/\/seniorerhverv.org\/sjaellandoest\/wp-json\/wp\/v2\/media?parent=98"}],"curies":[{"name":"wp","href":"https:\/\/api.w.org\/{rel}","templated":true}]}}