{"id":94,"date":"2022-04-12T17:55:51","date_gmt":"2022-04-12T17:55:51","guid":{"rendered":"https:\/\/seniorerhverv.org\/sjaellandoest\/?page_id=94"},"modified":"2024-02-26T11:51:43","modified_gmt":"2024-02-26T10:51:43","slug":"find-medarbejder","status":"publish","type":"page","link":"https:\/\/seniorerhverv.org\/sjaellandoest\/find-medarbejder\/","title":{"rendered":"Find medarbejder"},"content":{"rendered":"\t\t<div data-elementor-type=\"wp-page\" data-elementor-id=\"94\" class=\"elementor elementor-94\" data-elementor-settings=\"[]\">\n\t\t\t\t\t\t\t<div class=\"elementor-section-wrap\">\n\t\t\t\t\t\t\t<section data-particle_enable=\"false\" data-particle-mobile-disabled=\"false\" class=\"elementor-section elementor-top-section elementor-element elementor-element-9c4b30c elementor-section-boxed elementor-section-height-default elementor-section-height-default\" data-id=\"9c4b30c\" data-element_type=\"section\">\n\t\t\t\t\t\t<div class=\"elementor-container elementor-column-gap-no\">\n\t\t\t\t\t<div class=\"elementor-column elementor-col-50 elementor-top-column elementor-element elementor-element-ea0ff7b\" data-id=\"ea0ff7b\" data-element_type=\"column\">\n\t\t\t<div class=\"elementor-widget-wrap elementor-element-populated\">\n\t\t\t\t\t\t\t\t<div class=\"elementor-element elementor-element-1d5a78d elementor-widget elementor-widget-heading\" data-id=\"1d5a78d\" data-element_type=\"widget\" data-widget_type=\"heading.default\">\n\t\t\t\t<div class=\"elementor-widget-container\">\n\t\t\t<h3 class=\"elementor-heading-title elementor-size-default\">Jobhenvendelse \/ stillingsopslag<\/h3>\t\t<\/div>\n\t\t\t\t<\/div>\n\t\t\t\t<div class=\"elementor-element elementor-element-81c14ee elementor-widget elementor-widget-text-editor\" data-id=\"81c14ee\" data-element_type=\"widget\" data-widget_type=\"text-editor.default\">\n\t\t\t\t<div class=\"elementor-widget-container\">\n\t\t\t\t\t\t\t<p>Har du et job du \u00f8nsker hurtigt besat?<\/p><p>Eller vil du gerne h\u00f8re mere om Senior Erhverv og vores aktive 50+ere<\/p><p>S\u00e5 udfyld nedenst\u00e5ende kontaktformular<\/p><p>Du kan ogs\u00e5 sende en mail til <strong><a href=\"mailto:sjost@seniorerhverv.org\">sjost@seniorerhverv.org<\/a><\/strong> hvis du vil vedh\u00e6fte et jobopslag.<\/p>\t\t\t\t\t\t<\/div>\n\t\t\t\t<\/div>\n\t\t\t\t<div class=\"elementor-element elementor-element-d00e9b6 eael-contact-form-7-button-align-left eael-contact-form-7-button-custom elementor-widget elementor-widget-eael-contact-form-7\" data-id=\"d00e9b6\" data-element_type=\"widget\" data-widget_type=\"eael-contact-form-7.default\">\n\t\t\t\t<div class=\"elementor-widget-container\">\n\t\t\t<div class=\"eael-contact-form-7-wrapper\">\n                <div class=\"eael-contact-form eael-contact-form-7 eael-contact-form-d00e9b6 placeholder-show eael-contact-form-align-default\"><div role=\"form\" class=\"wpcf7\" id=\"wpcf7-f282-o2\" lang=\"da-DK\" dir=\"ltr\">\n<div class=\"screen-reader-response\"><p role=\"status\" aria-live=\"polite\" aria-atomic=\"true\"><\/p> <ul><\/ul><\/div>\n<form action=\"\/sjaellandoest\/wp-json\/wp\/v2\/pages\/94#wpcf7-f282-o2\" method=\"post\" class=\"wpcf7-form init\" novalidate=\"novalidate\" data-status=\"init\">\n<div style=\"display: none;\">\n<input type=\"hidden\" name=\"_wpcf7\" value=\"282\" \/>\n<input type=\"hidden\" name=\"_wpcf7_version\" value=\"5.5.2\" \/>\n<input type=\"hidden\" name=\"_wpcf7_locale\" value=\"da_DK\" \/>\n<input type=\"hidden\" name=\"_wpcf7_unit_tag\" value=\"wpcf7-f282-o2\" \/>\n<input type=\"hidden\" name=\"_wpcf7_container_post\" value=\"0\" \/>\n<input type=\"hidden\" name=\"_wpcf7_posted_data_hash\" value=\"\" \/>\n<input type=\"hidden\" name=\"_wpcf7_recaptcha_response\" value=\"\" \/>\n<\/div>\n<p><label><span class=\"wpcf7-form-control-wrap firma\"><input type=\"text\" name=\"firma\" value=\"\" size=\"40\" class=\"wpcf7-form-control wpcf7-text\" aria-invalid=\"false\" placeholder=\"Firmanavn\" \/><\/span> <\/label><br \/>\n<label><span class=\"wpcf7-form-control-wrap your-name\"><input type=\"text\" name=\"your-name\" value=\"\" size=\"40\" class=\"wpcf7-form-control wpcf7-text wpcf7-validates-as-required\" aria-required=\"true\" aria-invalid=\"false\" placeholder=\"Kontaktperson\" \/><\/span> <\/label><br \/>\n<label><span class=\"wpcf7-form-control-wrap your-tel\"><input type=\"tel\" name=\"your-tel\" value=\"\" size=\"40\" class=\"wpcf7-form-control wpcf7-text wpcf7-tel wpcf7-validates-as-tel\" aria-invalid=\"false\" placeholder=\"tlf\" \/><\/span> <\/label><br \/>\n<label><span class=\"wpcf7-form-control-wrap your-email\"><input type=\"email\" name=\"your-email\" value=\"\" size=\"40\" class=\"wpcf7-form-control wpcf7-text wpcf7-email wpcf7-validates-as-required wpcf7-validates-as-email\" aria-required=\"true\" aria-invalid=\"false\" placeholder=\"e-mail\" \/><\/span> <\/label><br \/>\n<label><span class=\"wpcf7-form-control-wrap your-message\"><textarea name=\"your-message\" cols=\"40\" rows=\"10\" class=\"wpcf7-form-control wpcf7-textarea\" aria-invalid=\"false\" placeholder=\"Meddelelse\"><\/textarea><\/span> <\/label><br \/>\n<input type=\"submit\" value=\"Send\" class=\"wpcf7-form-control has-spinner wpcf7-submit\" \/><\/p>\n<div class=\"wpcf7-response-output\" aria-hidden=\"true\"><\/div><\/form><\/div><\/div>\n            <\/div>\t\t<\/div>\n\t\t\t\t<\/div>\n\t\t\t\t\t<\/div>\n\t\t<\/div>\n\t\t\t\t<div class=\"elementor-column elementor-col-50 elementor-top-column elementor-element elementor-element-00d4da9 box-container\" data-id=\"00d4da9\" data-element_type=\"column\">\n\t\t\t<div class=\"elementor-widget-wrap elementor-element-populated\">\n\t\t\t\t\t\t\t\t<div class=\"elementor-element elementor-element-25812bd elementor-widget elementor-widget-text-editor\" data-id=\"25812bd\" data-element_type=\"widget\" data-widget_type=\"text-editor.default\">\n\t\t\t\t<div class=\"elementor-widget-container\">\n\t\t\t\t\t\t\t<p><span style=\"font-size: 18pt;\">Find din nye medarbejder i vort CV-katalog<\/span><\/p><p>Her kan du v\u00e6lge, om din nye medarbejder skal v\u00e6re p\u00e5 fuld tid, deltid eller tidsafgr\u00e6nset.<\/p><ul class=\"pil\"><li>Du b\u00f8r ogs\u00e5 angive hjemstedskommune for arbejdspladsen.<\/li><li>N\u00e5r listen med billeder og mini-CV er fremme, kan du klikke p\u00e5 billede eller tekst, hvorved det fulde CV fremkommer.<\/li><li>Du kan ogs\u00e5 udskrive mini-CV&#8217;erne med billeder eller v\u00e6lge at kontakte kandidaten direkte (kontakt-knappen -&gt; e-mail sendes direkte til kandidaten)<\/li><li>Sorteringen starter med det arbejdssted (kommune), der v\u00e6lges.<\/li><\/ul><p>\u00a0<\/p><p>\u00a0<\/p><p>\u00a0<\/p><p>\u00a0<\/p>\t\t\t\t\t\t<\/div>\n\t\t\t\t<\/div>\n\t\t\t\t<div class=\"elementor-element elementor-element-2a4f1a0 elementor-align-center elementor-widget elementor-widget-button\" data-id=\"2a4f1a0\" data-element_type=\"widget\" data-widget_type=\"button.default\">\n\t\t\t\t<div class=\"elementor-widget-container\">\n\t\t\t\t\t<div class=\"elementor-button-wrapper\">\n\t\t\t<a href=\"https:\/\/medlem.senior-erhverv.dk\/cv\/4000\" class=\"elementor-button-link elementor-button elementor-size-sm\" role=\"button\">\n\t\t\t\t\t\t<span class=\"elementor-button-content-wrapper\">\n\t\t\t\t\t\t<span class=\"elementor-button-text\"> Til CV-databasen<\/span>\n\t\t<\/span>\n\t\t\t\t\t<\/a>\n\t\t<\/div>\n\t\t\t\t<\/div>\n\t\t\t\t<\/div>\n\t\t\t\t\t<\/div>\n\t\t<\/div>\n\t\t\t\t\t\t\t<\/div>\n\t\t<\/section>\n\t\t\t\t\t\t<\/div>\n\t\t\t\t\t<\/div>\n\t\t"},"excerpt":{"rendered":"<p>Jobhenvendelse \/ stillingsopslag Har du et job du \u00f8nsker hurtigt besat? Eller vil du gerne h\u00f8re mere om Senior Erhverv og vores aktive 50+ere S\u00e5 udfyld nedenst\u00e5ende kontaktformular Du kan ogs\u00e5 sende en mail til sjost@seniorerhverv.org hvis du vil vedh\u00e6fte et jobopslag. Find din nye medarbejder i vort CV-katalog Her kan du v\u00e6lge, om din [&hellip;]<\/p>\n","protected":false},"author":16,"featured_media":0,"parent":0,"menu_order":0,"comment_status":"closed","ping_status":"closed","template":"elementor_header_footer","meta":[],"x_date":"2022-04-12","x_author":"sjaellandoest","x_gravatar":"https:\/\/secure.gravatar.com\/avatar\/84a5e88c7c0b6f5fec9d6b71b6a24aaa?s=96&d=mm&r=g","x_metadata":{"_elementor_edit_mode":"builder","_elementor_template_type":"wp-page","_elementor_version":"3.4.4","_elementor_pro_version":"3.2.1","_elementor_page_settings":{"eael_ext_toc_title":"Table of Contents"},"_elementor_data":"[{\"id\":\"9c4b30c\",\"elType\":\"section\",\"settings\":{\"gap\":\"no\",\"structure\":\"20\",\"margin\":{\"unit\":\"px\",\"top\":\"10\",\"right\":0,\"bottom\":\"10\",\"left\":0,\"isLinked\":true},\"eael_parallax_layers_list\":[],\"eael_cl_logics\":[{\"_id\":\"414bbd9\"}]},\"elements\":[{\"id\":\"ea0ff7b\",\"elType\":\"column\",\"settings\":{\"_column_size\":50,\"_inline_size\":25,\"padding\":{\"unit\":\"px\",\"top\":\"20\",\"right\":\"20\",\"bottom\":\"20\",\"left\":\"20\",\"isLinked\":true},\"eael_cl_logics\":[{\"_id\":\"e766f2f\"}]},\"elements\":[{\"id\":\"1d5a78d\",\"elType\":\"widget\",\"settings\":{\"title\":\"Jobhenvendelse \\\/ stillingsopslag\",\"header_size\":\"h3\",\"_padding\":{\"unit\":\"px\",\"top\":\"20\",\"right\":\"20\",\"bottom\":\"10\",\"left\":\"20\",\"isLinked\":false},\"eael_tooltip_section_content\":\"I am a tooltip\",\"eael_ext_content_protection_password_placeholder\":\"Enter Password\",\"eael_ext_content_protection_password_submit_btn_txt\":\"Submit\",\"eael_ext_content_protection_password_incorrect_message\":\"Password does not match.\",\"eael_cl_logics\":[{\"_id\":\"e1d77e7\"}]},\"elements\":[],\"widgetType\":\"heading\"},{\"id\":\"81c14ee\",\"elType\":\"widget\",\"settings\":{\"editor\":\"<p>Har du et job du \\u00f8nsker hurtigt besat?<\\\/p><p>Eller vil du gerne h\\u00f8re mere om Senior Erhverv og vores aktive 50+ere<\\\/p><p>S\\u00e5 udfyld nedenst\\u00e5ende kontaktformular<\\\/p><p>Du kan ogs\\u00e5 sende en mail til <strong><a href=\\\"mailto:sjost@seniorerhverv.org\\\">sjost@seniorerhverv.org<\\\/a><\\\/strong> hvis du vil vedh\\u00e6fte et jobopslag.<\\\/p>\",\"_padding\":{\"unit\":\"px\",\"top\":\"0\",\"right\":\"20\",\"bottom\":\"0\",\"left\":\"20\",\"isLinked\":false},\"eael_tooltip_section_content\":\"I am a tooltip\",\"eael_ext_content_protection_password_placeholder\":\"Enter Password\",\"eael_ext_content_protection_password_submit_btn_txt\":\"Submit\",\"eael_ext_content_protection_password_incorrect_message\":\"Password does not match.\",\"eael_cl_logics\":[{\"_id\":\"802021e\"}]},\"elements\":[],\"widgetType\":\"text-editor\"},{\"id\":\"d00e9b6\",\"elType\":\"widget\",\"settings\":{\"contact_form_list\":\"282\",\"eael_tooltip_section_content\":\"I am a tooltip\",\"eael_ext_content_protection_password_placeholder\":\"Enter Password\",\"eael_ext_content_protection_password_submit_btn_txt\":\"Submit\",\"eael_ext_content_protection_password_incorrect_message\":\"Password does not match.\",\"eael_cl_logics\":[{\"_id\":\"e3abedc\"}]},\"elements\":[],\"widgetType\":\"eael-contact-form-7\"}],\"isInner\":false},{\"id\":\"00d4da9\",\"elType\":\"column\",\"settings\":{\"_column_size\":50,\"_inline_size\":75,\"padding\":{\"unit\":\"px\",\"top\":\"30\",\"right\":\"30\",\"bottom\":\"30\",\"left\":\"30\",\"isLinked\":true},\"css_classes\":\"box-container\",\"eael_cl_logics\":[{\"_id\":\"26d9018\"}]},\"elements\":[{\"id\":\"25812bd\",\"elType\":\"widget\",\"settings\":{\"editor\":\"<p><span style=\\\"font-size: 18pt;\\\">Find din nye medarbejder i vort CV-katalog<\\\/span><\\\/p><p>Her kan du v\\u00e6lge, om din nye medarbejder skal v\\u00e6re p\\u00e5 fuld tid, deltid eller tidsafgr\\u00e6nset.<\\\/p><ul class=\\\"pil\\\"><li>Du b\\u00f8r ogs\\u00e5 angive hjemstedskommune for arbejdspladsen.<\\\/li><li>N\\u00e5r listen med billeder og mini-CV er fremme, kan du klikke p\\u00e5 billede eller tekst, hvorved det fulde CV fremkommer.<\\\/li><li>Du kan ogs\\u00e5 udskrive mini-CV'erne med billeder eller v\\u00e6lge at kontakte kandidaten direkte (kontakt-knappen -&gt; e-mail sendes direkte til kandidaten)<\\\/li><li>Sorteringen starter med det arbejdssted (kommune), der v\\u00e6lges.<\\\/li><\\\/ul><p>\\u00a0<\\\/p><p>\\u00a0<\\\/p><p>\\u00a0<\\\/p><p>\\u00a0<\\\/p>\",\"eael_tooltip_section_content\":\"I am a tooltip\",\"eael_ext_content_protection_password_placeholder\":\"Enter Password\",\"eael_ext_content_protection_password_submit_btn_txt\":\"Submit\",\"eael_ext_content_protection_password_incorrect_message\":\"Password does not match.\",\"eael_cl_logics\":[{\"_id\":\"1bdb572\"}]},\"elements\":[],\"widgetType\":\"text-editor\"},{\"id\":\"2a4f1a0\",\"elType\":\"widget\",\"settings\":{\"text\":\" Til CV-databasen\",\"link\":{\"url\":\"https:\\\/\\\/medlem.senior-erhverv.dk\\\/cv\\\/4000\",\"is_external\":\"\",\"nofollow\":\"\",\"custom_attributes\":\"\"},\"align\":\"center\",\"typography_typography\":\"custom\",\"typography_font_size\":{\"unit\":\"px\",\"size\":18,\"sizes\":[]},\"button_text_color\":\"#FFFFFF\",\"border_radius\":{\"unit\":\"px\",\"top\":\"6\",\"right\":\"6\",\"bottom\":\"6\",\"left\":\"6\",\"isLinked\":true},\"text_padding\":{\"unit\":\"px\",\"top\":\"15\",\"right\":\"50\",\"bottom\":\"15\",\"left\":\"50\",\"isLinked\":false},\"eael_tooltip_section_content\":\"I am a tooltip\",\"eael_ext_content_protection_password_placeholder\":\"Enter Password\",\"eael_ext_content_protection_password_submit_btn_txt\":\"Submit\",\"button_background_hover_color\":\"#005190\",\"custom_css\":\"selector .elementor-button-link {\\n    border: 2px solid #000;\\n    border-top-color: #555;\\n    border-left-color: #555;\\n}\\nselector .elementor-button-link:active {\\n    border-color: #000 #555 #555 #000;\\n}\",\"_margin\":{\"unit\":\"px\",\"top\":\"30\",\"right\":\"0\",\"bottom\":\"0\",\"left\":\"0\",\"isLinked\":false},\"__globals__\":{\"background_color\":\"globals\\\/colors?id=fa130c0\"},\"eael_ext_content_protection_password_incorrect_message\":\"Password does not match.\",\"eael_cl_logics\":[{\"_id\":\"b40fc7e\"}]},\"elements\":[],\"widgetType\":\"button\"}],\"isInner\":false}],\"isInner\":false}]","_elementor_page_assets":[],"_eael_custom_js":"","_eael_widget_elements":{"contact-form-7":"contact-form-7"},"_elementor_controls_usage":{"heading":{"count":1,"control_percent":1,"controls":{"content":{"section_title":{"title":1,"header_size":1}},"advanced":{"_section_style":{"_padding":1},"eael_conditional_logic_section":{"eael_cl_logics":1}}}},"text-editor":{"count":2,"control_percent":1,"controls":{"content":{"section_editor":{"editor":2}},"advanced":{"_section_style":{"_padding":1},"eael_conditional_logic_section":{"eael_cl_logics":2}}}},"eael-contact-form-7":{"count":1,"control_percent":0,"controls":{"content":{"section_info_box":{"contact_form_list":1}},"advanced":{"eael_conditional_logic_section":{"eael_cl_logics":1}}}},"column":{"count":2,"control_percent":1,"controls":{"layout":{"layout":{"_inline_size":2}},"advanced":{"section_advanced":{"padding":2,"css_classes":1},"eael_conditional_logic_section":{"eael_cl_logics":2}}}},"button":{"count":1,"control_percent":3,"controls":{"content":{"section_button":{"text":1,"link":1,"align":1}},"style":{"section_style":{"typography_typography":1,"typography_font_size":1,"button_text_color":1,"border_radius":1,"text_padding":1,"button_background_hover_color":1}},"advanced":{"section_custom_css":{"custom_css":1},"_section_style":{"_margin":1},"eael_conditional_logic_section":{"eael_cl_logics":1}}}},"section":{"count":1,"control_percent":1,"controls":{"layout":{"section_layout":{"gap":1},"section_structure":{"structure":1}},"advanced":{"section_advanced":{"margin":1},"eael_conditional_logic_section":{"eael_cl_logics":1}}}}},"_elementor_css":{"time":1708945251,"fonts":[],"icons":[""],"dynamic_elements_ids":[],"status":"file","0":""}},"_links":{"self":[{"href":"https:\/\/seniorerhverv.org\/sjaellandoest\/wp-json\/wp\/v2\/pages\/94"}],"collection":[{"href":"https:\/\/seniorerhverv.org\/sjaellandoest\/wp-json\/wp\/v2\/pages"}],"about":[{"href":"https:\/\/seniorerhverv.org\/sjaellandoest\/wp-json\/wp\/v2\/types\/page"}],"author":[{"embeddable":true,"href":"https:\/\/seniorerhverv.org\/sjaellandoest\/wp-json\/wp\/v2\/users\/16"}],"replies":[{"embeddable":true,"href":"https:\/\/seniorerhverv.org\/sjaellandoest\/wp-json\/wp\/v2\/comments?post=94"}],"version-history":[{"count":9,"href":"https:\/\/seniorerhverv.org\/sjaellandoest\/wp-json\/wp\/v2\/pages\/94\/revisions"}],"predecessor-version":[{"id":1046,"href":"https:\/\/seniorerhverv.org\/sjaellandoest\/wp-json\/wp\/v2\/pages\/94\/revisions\/1046"}],"wp:attachment":[{"href":"https:\/\/seniorerhverv.org\/sjaellandoest\/wp-json\/wp\/v2\/media?parent=94"}],"curies":[{"name":"wp","href":"https:\/\/api.w.org\/{rel}","templated":true}]}}