{"id":110,"date":"2022-04-12T18:32:56","date_gmt":"2022-04-12T18:32:56","guid":{"rendered":"https:\/\/seniorerhverv.org\/sjaellandoest\/?page_id=110"},"modified":"2024-02-26T13:11:09","modified_gmt":"2024-02-26T12:11:09","slug":"grupper","status":"publish","type":"page","link":"https:\/\/seniorerhverv.org\/sjaellandoest\/grupper\/","title":{"rendered":"Grupper"},"content":{"rendered":"\t\t<div data-elementor-type=\"wp-page\" data-elementor-id=\"110\" class=\"elementor elementor-110\" data-elementor-settings=\"[]\">\n\t\t\t\t\t\t\t<div class=\"elementor-section-wrap\">\n\t\t\t\t\t\t\t<section data-particle_enable=\"false\" data-particle-mobile-disabled=\"false\" class=\"elementor-section elementor-top-section elementor-element elementor-element-4e9d706 elementor-section-boxed elementor-section-height-default elementor-section-height-default\" data-id=\"4e9d706\" data-element_type=\"section\">\n\t\t\t\t\t\t<div class=\"elementor-container elementor-column-gap-no\">\n\t\t\t\t\t<div class=\"elementor-column elementor-col-50 elementor-top-column elementor-element elementor-element-d145e24 box-container\" data-id=\"d145e24\" data-element_type=\"column\">\n\t\t\t<div class=\"elementor-widget-wrap elementor-element-populated\">\n\t\t\t\t\t\t\t\t<div class=\"elementor-element elementor-element-75cb873 elementor-widget elementor-widget-text-editor\" data-id=\"75cb873\" data-element_type=\"widget\" data-widget_type=\"text-editor.default\">\n\t\t\t\t<div class=\"elementor-widget-container\">\n\t\t\t\t\t\t\t<h1><span style=\"font-size: 18pt; color: #8fb46b;\">Om organisering<\/span><\/h1>\n<p>For at kunne f\u00e5 alt til at fungere, tage mod nye medlemmer, aflevere tilskudsregnskab, bes\u00f8ge virksomheder, holde kontor og it k\u00f8rende; er medlemmerne organiseret i grupper, der er beskrevet nedenst\u00e5ende.<\/p>\n<h4>Bestyrelse:<\/h4>\n<p>Bestyrelsen er foreningens ansigt udad til.<br>Bestyrelsen sikrer at medlemmerne er aktive i grupperne.<br>Bestyrelsen sikrer konstant udvikling af &#8216;ledergruppen&#8217;.<\/p>\n<h4>Medlemmer:<\/h4>\n<p>Modtager potentielle nye medlemmer.<br>Personlig r\u00e5dgivning indenfor Senior Erhvervs rammer.<br>Vedligeholder medlemskartotek.<br>Formidler ans\u00f8gninger om kursusdeltagelse og lignende for medlemmer.<br>Hj\u00e6lper medlemmerne med at f\u00e5 oprettet og vedligeholdt deres CV katalog<\/p>\n<h4>Jobformidling:<\/h4>\n<div>S\u00f8ger og formidler jobforslag til medlemmerne.<\/div>\n<div>Holder ugentlig jobcaf\u00e9 hvor medlemmerne kan m\u00f8des og f\u00e5 hj\u00e6lp til CV skrivning og ans\u00f8gninger.<\/div>\n<div>&nbsp;<\/div>\n<h4>PR &amp; markedsf\u00f8ring:<\/h4>\n<p>Formidling af budskaber\/kommunikation internt og eksternt.<br>Forest\u00e5r kampagner samt gennemf\u00f8rer disse, for at forbliver synlig overfor nye medlemmer og virksomheder<br>Udarbejdelse af materialer og handlingsplan over for Jobcentre, virksomheder, ledige seniorer, A-kasser og pressen.<\/p>\n<h4>Regnskab:<\/h4>\n<p>Betaler regninger, laver bogf\u00f8ring og afstemmer balance og bankkonto.<br>S\u00f8ger offentlige tilskud og afl\u00e6gger regnskab.<br>Laver budget for det kommende \u00e5r.<br>L\u00f8bende rapportering af resultat og timeforbrug til Styrelsen for Arbejdsmarked og Rekruttering \u201dSTAR\u201d.<\/p>\n<h4>Virksomhed:<\/h4>\n<p>Kontakter virksomheder for at f\u00e5 disse til at ans\u00e6tte Senior Erhverv medlemmer.<\/p>\n<h4>IT &amp; web:<\/h4>\n<p>Afdelingen er ansvarlig for IT-systemet i Senior Erhverv Sj\u00e6lland \u00d8st.<br>Afdelingen vedligeholder og videreudvikler webstedet i Senior Erhverv Sj\u00e6lland \u00d8st<\/p>\t\t\t\t\t\t<\/div>\n\t\t\t\t<\/div>\n\t\t\t\t\t<\/div>\n\t\t<\/div>\n\t\t\t\t<div class=\"elementor-column elementor-col-50 elementor-top-column elementor-element elementor-element-40d24fc\" data-id=\"40d24fc\" data-element_type=\"column\">\n\t\t\t<div class=\"elementor-widget-wrap elementor-element-populated\">\n\t\t\t\t\t\t\t\t<div class=\"elementor-element elementor-element-06de16b elementor-widget elementor-widget-global elementor-global-504 elementor-widget-heading\" data-id=\"06de16b\" data-element_type=\"widget\" data-widget_type=\"heading.default\">\n\t\t\t\t<div class=\"elementor-widget-container\">\n\t\t\t<h3 class=\"elementor-heading-title elementor-size-large\">Introduktion\n<\/h3>\t\t<\/div>\n\t\t\t\t<\/div>\n\t\t\t\t<div class=\"elementor-element elementor-element-6b7e0e5 elementor-widget elementor-widget-global elementor-global-501 elementor-widget-text-editor\" data-id=\"6b7e0e5\" data-element_type=\"widget\" data-widget_type=\"text-editor.default\">\n\t\t\t\t<div class=\"elementor-widget-container\">\n\t\t\t\t\t\t\t<p style=\"text-align: center;\">En kort pr\u00e6sentation for kommende medlemmer finder sted hver<\/p><h3 style=\"text-align: center;\"><span style=\"font-size: 18pt;\">M<\/span><span style=\"font-size: 18pt;\">andag<\/span><br \/><span style=\"font-size: 12pt;\">mellem<\/span><br \/>kl. 10:00 og 13:30<\/h3><p style=\"text-align: center;\">hvor du bare kan kigge forbi.<\/p>\t\t\t\t\t\t<\/div>\n\t\t\t\t<\/div>\n\t\t\t\t\t<\/div>\n\t\t<\/div>\n\t\t\t\t\t\t\t<\/div>\n\t\t<\/section>\n\t\t\t\t\t\t<\/div>\n\t\t\t\t\t<\/div>\n\t\t"},"excerpt":{"rendered":"<p>Om organisering For at kunne f\u00e5 alt til at fungere, tage mod nye medlemmer, aflevere tilskudsregnskab, bes\u00f8ge virksomheder, holde kontor og it k\u00f8rende; er medlemmerne organiseret i grupper, der er beskrevet nedenst\u00e5ende. Bestyrelse: Bestyrelsen er foreningens ansigt udad til.Bestyrelsen sikrer at medlemmerne er aktive i grupperne.Bestyrelsen sikrer konstant udvikling af &#8216;ledergruppen&#8217;. Medlemmer: Modtager potentielle nye [&hellip;]<\/p>\n","protected":false},"author":16,"featured_media":0,"parent":0,"menu_order":0,"comment_status":"closed","ping_status":"closed","template":"elementor_header_footer","meta":[],"x_date":"2022-04-12","x_author":"sjaellandoest","x_gravatar":"https:\/\/secure.gravatar.com\/avatar\/84a5e88c7c0b6f5fec9d6b71b6a24aaa?s=96&d=mm&r=g","x_metadata":{"_elementor_edit_mode":"builder","_elementor_template_type":"wp-page","_elementor_version":"3.4.4","_elementor_pro_version":"3.2.1","_elementor_page_settings":{"eael_ext_toc_title":"Table of Contents"},"_elementor_data":"[{\"id\":\"4e9d706\",\"elType\":\"section\",\"settings\":{\"gap\":\"no\",\"structure\":\"20\",\"margin\":{\"unit\":\"px\",\"top\":\"10\",\"right\":0,\"bottom\":\"10\",\"left\":0,\"isLinked\":true},\"eael_parallax_layers_list\":[],\"eael_cl_logics\":[{\"_id\":\"c7d2139\"}]},\"elements\":[{\"id\":\"d145e24\",\"elType\":\"column\",\"settings\":{\"_column_size\":50,\"_inline_size\":75,\"padding\":{\"unit\":\"px\",\"top\":\"30\",\"right\":\"30\",\"bottom\":\"30\",\"left\":\"30\",\"isLinked\":true},\"css_classes\":\"box-container\",\"eael_cl_logics\":[{\"_id\":\"abb0424\"}]},\"elements\":[{\"id\":\"75cb873\",\"elType\":\"widget\",\"settings\":{\"editor\":\"<h1><span style=\\\"font-size: 18pt; color: #8fb46b;\\\">Om organisering<\\\/span><\\\/h1>\\n<p>For at kunne f\\u00e5 alt til at fungere, tage mod nye medlemmer, aflevere tilskudsregnskab, bes\\u00f8ge virksomheder, holde kontor og it k\\u00f8rende; er medlemmerne organiseret i grupper, der er beskrevet nedenst\\u00e5ende.<\\\/p>\\n<h4>Bestyrelse:<\\\/h4>\\n<p>Bestyrelsen er foreningens ansigt udad til.<br>Bestyrelsen sikrer at medlemmerne er aktive i grupperne.<br>Bestyrelsen sikrer konstant udvikling af 'ledergruppen'.<\\\/p>\\n<h4>Medlemmer:<\\\/h4>\\n<p>Modtager potentielle nye medlemmer.<br>Personlig r\\u00e5dgivning indenfor Senior Erhvervs rammer.<br>Vedligeholder medlemskartotek.<br>Formidler ans\\u00f8gninger om kursusdeltagelse og lignende for medlemmer.<br>Hj\\u00e6lper medlemmerne med at f\\u00e5 oprettet og vedligeholdt deres CV katalog<\\\/p>\\n<h4>Jobformidling:<\\\/h4>\\n<div>S\\u00f8ger og formidler jobforslag til medlemmerne.<\\\/div>\\n<div>Holder ugentlig jobcaf\\u00e9 hvor medlemmerne kan m\\u00f8des og f\\u00e5 hj\\u00e6lp til CV skrivning og ans\\u00f8gninger.<\\\/div>\\n<div>&nbsp;<\\\/div>\\n<h4>PR &amp; markedsf\\u00f8ring:<\\\/h4>\\n<p>Formidling af budskaber\\\/kommunikation internt og eksternt.<br>Forest\\u00e5r kampagner samt gennemf\\u00f8rer disse, for at forbliver synlig overfor nye medlemmer og virksomheder<br>Udarbejdelse af materialer og handlingsplan over for Jobcentre, virksomheder, ledige seniorer, A-kasser og pressen.<\\\/p>\\n<h4>Regnskab:<\\\/h4>\\n<p>Betaler regninger, laver bogf\\u00f8ring og afstemmer balance og bankkonto.<br>S\\u00f8ger offentlige tilskud og afl\\u00e6gger regnskab.<br>Laver budget for det kommende \\u00e5r.<br>L\\u00f8bende rapportering af resultat og timeforbrug til Styrelsen for Arbejdsmarked og Rekruttering \\u201dSTAR\\u201d.<\\\/p>\\n<h4>Virksomhed:<\\\/h4>\\n<p>Kontakter virksomheder for at f\\u00e5 disse til at ans\\u00e6tte Senior Erhverv medlemmer.<\\\/p>\\n<h4>IT &amp; web:<\\\/h4>\\n<p>Afdelingen er ansvarlig for IT-systemet i Senior Erhverv Sj\\u00e6lland \\u00d8st.<br>Afdelingen vedligeholder og videreudvikler webstedet i Senior Erhverv Sj\\u00e6lland \\u00d8st<\\\/p>\",\"eael_tooltip_section_content\":\"I am a tooltip\",\"eael_ext_content_protection_password_placeholder\":\"Enter Password\",\"eael_ext_content_protection_password_submit_btn_txt\":\"Submit\",\"__globals__\":{\"text_color\":\"globals\\\/colors?id=text\"},\"eael_ext_content_protection_password_incorrect_message\":\"Password does not match.\",\"eael_cl_logics\":[{\"_id\":\"0422989\"}]},\"elements\":[],\"widgetType\":\"text-editor\"}],\"isInner\":false},{\"id\":\"40d24fc\",\"elType\":\"column\",\"settings\":{\"_column_size\":50,\"_inline_size\":25,\"padding\":{\"unit\":\"px\",\"top\":\"20\",\"right\":\"20\",\"bottom\":\"20\",\"left\":\"20\",\"isLinked\":true},\"custom_css\":\"@media (max-width: 1024px) {\\n    selector {\\n        order: 1;\\n    }\\n}\",\"eael_cl_logics\":[{\"_id\":\"529337e\"}]},\"elements\":[{\"id\":\"06de16b\",\"elType\":\"widget\",\"elements\":[],\"widgetType\":\"global\",\"templateID\":\"504\"},{\"id\":\"6b7e0e5\",\"elType\":\"widget\",\"elements\":[],\"widgetType\":\"global\",\"templateID\":\"501\"}],\"isInner\":false}],\"isInner\":false}]","_elementor_page_assets":[],"_eael_custom_js":"","_elementor_controls_usage":{"text-editor":{"count":1,"control_percent":1,"controls":{"content":{"section_editor":{"editor":1}},"advanced":{"eael_conditional_logic_section":{"eael_cl_logics":1}}}},"column":{"count":2,"control_percent":1,"controls":{"layout":{"layout":{"_inline_size":2}},"advanced":{"section_advanced":{"padding":2,"css_classes":1},"eael_conditional_logic_section":{"eael_cl_logics":2},"section_custom_css":{"custom_css":1}}}},"global":{"count":2,"control_percent":0,"controls":[]},"section":{"count":1,"control_percent":1,"controls":{"layout":{"section_layout":{"gap":1},"section_structure":{"structure":1}},"advanced":{"section_advanced":{"margin":1},"eael_conditional_logic_section":{"eael_cl_logics":1}}}}},"_elementor_css":{"time":1776692764,"fonts":[],"icons":[],"dynamic_elements_ids":[],"status":"file","0":""}},"_links":{"self":[{"href":"https:\/\/seniorerhverv.org\/sjaellandoest\/wp-json\/wp\/v2\/pages\/110"}],"collection":[{"href":"https:\/\/seniorerhverv.org\/sjaellandoest\/wp-json\/wp\/v2\/pages"}],"about":[{"href":"https:\/\/seniorerhverv.org\/sjaellandoest\/wp-json\/wp\/v2\/types\/page"}],"author":[{"embeddable":true,"href":"https:\/\/seniorerhverv.org\/sjaellandoest\/wp-json\/wp\/v2\/users\/16"}],"replies":[{"embeddable":true,"href":"https:\/\/seniorerhverv.org\/sjaellandoest\/wp-json\/wp\/v2\/comments?post=110"}],"version-history":[{"count":3,"href":"https:\/\/seniorerhverv.org\/sjaellandoest\/wp-json\/wp\/v2\/pages\/110\/revisions"}],"predecessor-version":[{"id":1064,"href":"https:\/\/seniorerhverv.org\/sjaellandoest\/wp-json\/wp\/v2\/pages\/110\/revisions\/1064"}],"wp:attachment":[{"href":"https:\/\/seniorerhverv.org\/sjaellandoest\/wp-json\/wp\/v2\/media?parent=110"}],"curies":[{"name":"wp","href":"https:\/\/api.w.org\/{rel}","templated":true}]}}