{"id":108,"date":"2022-04-12T18:32:42","date_gmt":"2022-04-12T18:32:42","guid":{"rendered":"https:\/\/seniorerhverv.org\/sjaellandoest\/?page_id=108"},"modified":"2026-03-16T10:48:22","modified_gmt":"2026-03-16T09:48:22","slug":"bestyrelsen","status":"publish","type":"page","link":"https:\/\/seniorerhverv.org\/sjaellandoest\/bestyrelsen\/","title":{"rendered":"Bestyrelsen"},"content":{"rendered":"\t\t<div data-elementor-type=\"wp-page\" data-elementor-id=\"108\" class=\"elementor elementor-108\" data-elementor-settings=\"[]\">\n\t\t\t\t\t\t\t<div class=\"elementor-section-wrap\">\n\t\t\t\t\t\t\t<section data-particle_enable=\"false\" data-particle-mobile-disabled=\"false\" class=\"elementor-section elementor-top-section elementor-element elementor-element-e77c465 elementor-section-boxed elementor-section-height-default elementor-section-height-default\" data-id=\"e77c465\" data-element_type=\"section\">\n\t\t\t\t\t\t<div class=\"elementor-container elementor-column-gap-no\">\n\t\t\t\t\t<div class=\"elementor-column elementor-col-33 elementor-top-column elementor-element elementor-element-ba8f9e5\" data-id=\"ba8f9e5\" data-element_type=\"column\">\n\t\t\t<div class=\"elementor-widget-wrap elementor-element-populated\">\n\t\t\t\t\t\t\t\t<div class=\"elementor-element elementor-element-4b82cc2 elementor-widget elementor-widget-heading\" data-id=\"4b82cc2\" data-element_type=\"widget\" data-widget_type=\"heading.default\">\n\t\t\t\t<div class=\"elementor-widget-container\">\n\t\t\t<h3 class=\"elementor-heading-title elementor-size-default\">Medlemshenvendelse<\/h3>\t\t<\/div>\n\t\t\t\t<\/div>\n\t\t\t\t<div class=\"elementor-element elementor-element-2b3d9bb elementor-widget elementor-widget-text-editor\" data-id=\"2b3d9bb\" data-element_type=\"widget\" data-widget_type=\"text-editor.default\">\n\t\t\t\t<div class=\"elementor-widget-container\">\n\t\t\t\t\t\t\t<p>Har du lyst til at blive medlem? eller blot h\u00f8re mere om os, s\u00e5 udfyld nedenst\u00e5ende kontaktformular.<\/p>\t\t\t\t\t\t<\/div>\n\t\t\t\t<\/div>\n\t\t\t\t<div class=\"elementor-element elementor-element-da162b4 eael-contact-form-7-button-align-left eael-contact-form-7-button-custom elementor-widget elementor-widget-eael-contact-form-7\" data-id=\"da162b4\" data-element_type=\"widget\" data-widget_type=\"eael-contact-form-7.default\">\n\t\t\t\t<div class=\"elementor-widget-container\">\n\t\t\t<div class=\"eael-contact-form-7-wrapper\">\n                <div class=\"eael-contact-form eael-contact-form-7 eael-contact-form-da162b4 placeholder-show eael-contact-form-align-default\"><div role=\"form\" class=\"wpcf7\" id=\"wpcf7-f283-o2\" lang=\"da-DK\" dir=\"ltr\">\n<div class=\"screen-reader-response\"><p role=\"status\" aria-live=\"polite\" aria-atomic=\"true\"><\/p> <ul><\/ul><\/div>\n<form action=\"\/sjaellandoest\/wp-json\/wp\/v2\/pages\/108#wpcf7-f283-o2\" method=\"post\" class=\"wpcf7-form init\" novalidate=\"novalidate\" data-status=\"init\">\n<div style=\"display: none;\">\n<input type=\"hidden\" name=\"_wpcf7\" value=\"283\" \/>\n<input type=\"hidden\" name=\"_wpcf7_version\" value=\"5.5.2\" \/>\n<input type=\"hidden\" name=\"_wpcf7_locale\" value=\"da_DK\" \/>\n<input type=\"hidden\" name=\"_wpcf7_unit_tag\" value=\"wpcf7-f283-o2\" \/>\n<input type=\"hidden\" name=\"_wpcf7_container_post\" value=\"0\" \/>\n<input type=\"hidden\" name=\"_wpcf7_posted_data_hash\" value=\"\" \/>\n<input type=\"hidden\" name=\"_wpcf7_recaptcha_response\" value=\"\" \/>\n<\/div>\n<p><label><span class=\"wpcf7-form-control-wrap your-name\"><input type=\"text\" name=\"your-name\" value=\"\" size=\"40\" class=\"wpcf7-form-control wpcf7-text wpcf7-validates-as-required\" aria-required=\"true\" aria-invalid=\"false\" placeholder=\"Navn\" \/><\/span> <\/label><br \/>\n<label><span class=\"wpcf7-form-control-wrap by\"><input type=\"text\" name=\"by\" value=\"\" size=\"40\" class=\"wpcf7-form-control wpcf7-text\" aria-invalid=\"false\" placeholder=\"Postnummer\" \/><\/span> <\/label><br \/>\n<label><span class=\"wpcf7-form-control-wrap your-tel\"><input type=\"tel\" name=\"your-tel\" value=\"\" size=\"40\" class=\"wpcf7-form-control wpcf7-text wpcf7-tel wpcf7-validates-as-tel\" aria-invalid=\"false\" placeholder=\"tlf\" \/><\/span> <\/label><br \/>\n<label><span class=\"wpcf7-form-control-wrap your-email\"><input type=\"email\" name=\"your-email\" value=\"\" size=\"40\" class=\"wpcf7-form-control wpcf7-text wpcf7-email wpcf7-validates-as-required wpcf7-validates-as-email\" aria-required=\"true\" aria-invalid=\"false\" placeholder=\"e-mail\" \/><\/span> <\/label><br \/>\n<label><span class=\"wpcf7-form-control-wrap your-message\"><textarea name=\"your-message\" cols=\"40\" rows=\"10\" class=\"wpcf7-form-control wpcf7-textarea\" aria-invalid=\"false\" placeholder=\"Meddelelse\"><\/textarea><\/span> <\/label><br \/>\n<input type=\"submit\" value=\"Send\" class=\"wpcf7-form-control has-spinner wpcf7-submit\" \/><\/p>\n<div class=\"wpcf7-response-output\" aria-hidden=\"true\"><\/div><\/form><\/div><\/div>\n            <\/div>\t\t<\/div>\n\t\t\t\t<\/div>\n\t\t\t\t\t<\/div>\n\t\t<\/div>\n\t\t\t\t<div class=\"elementor-column elementor-col-33 elementor-top-column elementor-element elementor-element-52ceda5 box-container\" data-id=\"52ceda5\" data-element_type=\"column\">\n\t\t\t<div class=\"elementor-widget-wrap elementor-element-populated\">\n\t\t\t\t\t\t\t\t<div class=\"elementor-element elementor-element-912a872 elementor-widget elementor-widget-text-editor\" data-id=\"912a872\" data-element_type=\"widget\" data-widget_type=\"text-editor.default\">\n\t\t\t\t<div class=\"elementor-widget-container\">\n\t\t\t\t\t\t\t<h1><span style=\"font-size: 18pt; color: #bbd86b;\">Bestyrelsen<\/span><\/h1><h4>Formand<\/h4><p>Henrik Theill\u00a0 \u00a0 \u00a0 \u00a0 \u00a0 \u00a0 \u00a0 \u00a0 \u00a0 \u00a0 \u00a0 \u00a0 \u00a0 \u00a0\u00a0 tlf. 21 48 93 45<\/p><h4>N\u00e6stformand<\/h4><p>Kim Jensen\u00a0\u00a0\u00a0\u00a0\u00a0\u00a0\u00a0\u00a0 \u00a0\u00a0 \u00a0\u00a0 \u00a0\u00a0\u00a0\u00a0 \u00a0 \u00a0\u00a0\u00a0\u00a0\u00a0\u00a0\u00a0 tlf. 22 20 60 22<\/p><h4>Kasserer<\/h4><p>Greta Autrup\u00a0 \u00a0 \u00a0 \u00a0 \u00a0 \u00a0 \u00a0 \u00a0 \u00a0 \u00a0 \u00a0 \u00a0 \u00a0 \u00a0 tlf. 21 81 01 77<\/p><h4>Sekret\u00e6r<\/h4><p>Lieselotte Pitzner-M\u00fcnster \u00a0\u00a0 \u00a0 \u00a0 tlf. 23 93 41 37<\/p><h4>Bestyrelsesmedlem<\/h4><p>Torben J\u00f8rgensen\u00a0 \u00a0 \u00a0 \u00a0 \u00a0 \u00a0 \u00a0 \u00a0 \u00a0 \u00a0 \u00a0tlf. 61 41 58 30<\/p><h4>Suppleanter<\/h4><p>Jacob Moss Jensen\u00a0 \u00a0 \u00a0 \u00a0 \u00a0 \u00a0 \u00a0 \u00a0 \u00a0 \u00a0tlf. 2256 1860<\/p><p>\u00a0<\/p>\t\t\t\t\t\t<\/div>\n\t\t\t\t<\/div>\n\t\t\t\t<div class=\"elementor-element elementor-element-9fd32bf elementor-button-info elementor-align-center elementor-widget elementor-widget-button\" data-id=\"9fd32bf\" data-element_type=\"widget\" data-widget_type=\"button.default\">\n\t\t\t\t<div class=\"elementor-widget-container\">\n\t\t\t\t\t<div class=\"elementor-button-wrapper\">\n\t\t\t<a href=\"https:\/\/seniorerhverv.org\/sjaellandoest\/wp-content\/uploads\/sites\/16\/2025\/04\/Vedtaegter-Senior-Erhverv-SjOest-vedtaget-12.-marts-2025.pdf\" class=\"elementor-button-link elementor-button elementor-size-xl\" role=\"button\">\n\t\t\t\t\t\t<span class=\"elementor-button-content-wrapper\">\n\t\t\t\t\t\t<span class=\"elementor-button-icon elementor-align-icon-left\">\n\t\t\t\t<i aria-hidden=\"true\" class=\"fas fa-pencil-alt\"><\/i>\t\t\t<\/span>\n\t\t\t\t\t\t<span class=\"elementor-button-text\">Vedt\u00e6gter for Senior Erhverv Sj\u00e6lland \u00d8st<\/span>\n\t\t<\/span>\n\t\t\t\t\t<\/a>\n\t\t<\/div>\n\t\t\t\t<\/div>\n\t\t\t\t<\/div>\n\t\t\t\t\t<\/div>\n\t\t<\/div>\n\t\t\t\t<div class=\"elementor-column elementor-col-33 elementor-top-column elementor-element elementor-element-9fa764b\" data-id=\"9fa764b\" data-element_type=\"column\">\n\t\t\t<div class=\"elementor-widget-wrap elementor-element-populated\">\n\t\t\t\t\t\t\t\t<div class=\"elementor-element elementor-element-4fa1d3e elementor-widget elementor-widget-global elementor-global-504 elementor-widget-heading\" data-id=\"4fa1d3e\" data-element_type=\"widget\" data-widget_type=\"heading.default\">\n\t\t\t\t<div class=\"elementor-widget-container\">\n\t\t\t<h3 class=\"elementor-heading-title elementor-size-large\">Introduktion\n<\/h3>\t\t<\/div>\n\t\t\t\t<\/div>\n\t\t\t\t<div class=\"elementor-element elementor-element-cf67833 elementor-widget elementor-widget-global elementor-global-501 elementor-widget-text-editor\" data-id=\"cf67833\" data-element_type=\"widget\" data-widget_type=\"text-editor.default\">\n\t\t\t\t<div class=\"elementor-widget-container\">\n\t\t\t\t\t\t\t<p style=\"text-align: center;\">En kort pr\u00e6sentation for kommende medlemmer finder sted hver<\/p><h3 style=\"text-align: center;\"><span style=\"font-size: 18pt;\">M<\/span><span style=\"font-size: 18pt;\">andag<\/span><br \/><span style=\"font-size: 12pt;\">mellem<\/span><br \/>kl. 10:00 og 13:30<\/h3><p style=\"text-align: center;\">hvor du bare kan kigge forbi.<\/p>\t\t\t\t\t\t<\/div>\n\t\t\t\t<\/div>\n\t\t\t\t\t<\/div>\n\t\t<\/div>\n\t\t\t\t\t\t\t<\/div>\n\t\t<\/section>\n\t\t\t\t\t\t<\/div>\n\t\t\t\t\t<\/div>\n\t\t"},"excerpt":{"rendered":"<p>Medlemshenvendelse Har du lyst til at blive medlem? eller blot h\u00f8re mere om os, s\u00e5 udfyld nedenst\u00e5ende kontaktformular. Bestyrelsen Formand Henrik Theill\u00a0 \u00a0 \u00a0 \u00a0 \u00a0 \u00a0 \u00a0 \u00a0 \u00a0 \u00a0 \u00a0 \u00a0 \u00a0 \u00a0\u00a0 tlf. 21 48 93 45 N\u00e6stformand Kim Jensen\u00a0\u00a0\u00a0\u00a0\u00a0\u00a0\u00a0\u00a0 \u00a0\u00a0 \u00a0\u00a0 \u00a0\u00a0\u00a0\u00a0 \u00a0 \u00a0\u00a0\u00a0\u00a0\u00a0\u00a0\u00a0 tlf. 22 20 60 22 Kasserer Greta [&hellip;]<\/p>\n","protected":false},"author":16,"featured_media":0,"parent":0,"menu_order":0,"comment_status":"closed","ping_status":"closed","template":"elementor_header_footer","meta":[],"x_date":"2022-04-12","x_author":"sjaellandoest","x_gravatar":"https:\/\/secure.gravatar.com\/avatar\/84a5e88c7c0b6f5fec9d6b71b6a24aaa?s=96&d=mm&r=g","x_metadata":{"_elementor_edit_mode":"builder","_elementor_template_type":"wp-page","_elementor_version":"3.4.4","_elementor_pro_version":"3.2.1","_elementor_page_settings":{"eael_ext_toc_title":"Table of Contents"},"_elementor_data":"[{\"id\":\"e77c465\",\"elType\":\"section\",\"settings\":{\"gap\":\"no\",\"structure\":\"30\",\"margin\":{\"unit\":\"px\",\"top\":\"10\",\"right\":0,\"bottom\":\"10\",\"left\":0,\"isLinked\":true},\"eael_parallax_layers_list\":[],\"eael_cl_logics\":[{\"_id\":\"c15cc13\"}]},\"elements\":[{\"id\":\"ba8f9e5\",\"elType\":\"column\",\"settings\":{\"_column_size\":33,\"_inline_size\":19,\"padding\":{\"unit\":\"px\",\"top\":\"20\",\"right\":\"20\",\"bottom\":\"20\",\"left\":\"20\",\"isLinked\":true},\"_inline_size_tablet\":50,\"custom_css\":\"@media (max-width: 1024px) {\\n    selector {\\n        order: 1;\\n    }\\n}\",\"eael_cl_logics\":[{\"_id\":\"e85ac0f\"}]},\"elements\":[{\"id\":\"4b82cc2\",\"elType\":\"widget\",\"settings\":{\"title\":\"Medlemshenvendelse\",\"header_size\":\"h3\",\"_padding\":{\"unit\":\"px\",\"top\":\"20\",\"right\":\"20\",\"bottom\":\"10\",\"left\":\"20\",\"isLinked\":false},\"eael_tooltip_section_content\":\"I am a tooltip\",\"eael_ext_content_protection_password_placeholder\":\"Enter Password\",\"eael_ext_content_protection_password_submit_btn_txt\":\"Submit\",\"eael_ext_content_protection_password_incorrect_message\":\"Password does not match.\",\"eael_cl_logics\":[{\"_id\":\"666f9ee\"}]},\"elements\":[],\"widgetType\":\"heading\"},{\"id\":\"2b3d9bb\",\"elType\":\"widget\",\"settings\":{\"editor\":\"<p>Har du lyst til at blive medlem? eller blot h\\u00f8re mere om os, s\\u00e5 udfyld nedenst\\u00e5ende kontaktformular.<\\\/p>\",\"_padding\":{\"unit\":\"px\",\"top\":\"0\",\"right\":\"20\",\"bottom\":\"0\",\"left\":\"20\",\"isLinked\":false},\"eael_tooltip_section_content\":\"I am a tooltip\",\"eael_ext_content_protection_password_placeholder\":\"Enter Password\",\"eael_ext_content_protection_password_submit_btn_txt\":\"Submit\",\"eael_ext_content_protection_password_incorrect_message\":\"Password does not match.\",\"eael_cl_logics\":[{\"_id\":\"619dc80\"}]},\"elements\":[],\"widgetType\":\"text-editor\"},{\"id\":\"da162b4\",\"elType\":\"widget\",\"settings\":{\"contact_form_list\":\"283\",\"eael_tooltip_section_content\":\"I am a tooltip\",\"eael_ext_content_protection_password_placeholder\":\"Enter Password\",\"eael_ext_content_protection_password_submit_btn_txt\":\"Submit\",\"eael_ext_content_protection_password_incorrect_message\":\"Password does not match.\",\"eael_cl_logics\":[{\"_id\":\"f68419e\"}]},\"elements\":[],\"widgetType\":\"eael-contact-form-7\"}],\"isInner\":false},{\"id\":\"52ceda5\",\"elType\":\"column\",\"settings\":{\"_column_size\":33,\"_inline_size\":55.332999999999998408384271897375583648681640625,\"padding\":{\"unit\":\"px\",\"top\":\"30\",\"right\":\"30\",\"bottom\":\"30\",\"left\":\"30\",\"isLinked\":true},\"css_classes\":\"box-container\",\"_inline_size_tablet\":100,\"eael_cl_logics\":[{\"_id\":\"95ce33a\"}]},\"elements\":[{\"id\":\"912a872\",\"elType\":\"widget\",\"settings\":{\"editor\":\"<h1><span style=\\\"font-size: 18pt; color: #bbd86b;\\\">Bestyrelsen<\\\/span><\\\/h1><h4>Formand<\\\/h4><p>Henrik Theill\\u00a0 \\u00a0 \\u00a0 \\u00a0 \\u00a0 \\u00a0 \\u00a0 \\u00a0 \\u00a0 \\u00a0 \\u00a0 \\u00a0 \\u00a0 \\u00a0\\u00a0 tlf. 21 48 93 45<\\\/p><h4>N\\u00e6stformand<\\\/h4><p>Kim Jensen\\u00a0\\u00a0\\u00a0\\u00a0\\u00a0\\u00a0\\u00a0\\u00a0 \\u00a0\\u00a0 \\u00a0\\u00a0 \\u00a0\\u00a0\\u00a0\\u00a0 \\u00a0 \\u00a0\\u00a0\\u00a0\\u00a0\\u00a0\\u00a0\\u00a0 tlf. 22 20 60 22<\\\/p><h4>Kasserer<\\\/h4><p>Greta Autrup\\u00a0 \\u00a0 \\u00a0 \\u00a0 \\u00a0 \\u00a0 \\u00a0 \\u00a0 \\u00a0 \\u00a0 \\u00a0 \\u00a0 \\u00a0 \\u00a0 tlf. 21 81 01 77<\\\/p><h4>Sekret\\u00e6r<\\\/h4><p>Lieselotte Pitzner-M\\u00fcnster \\u00a0\\u00a0 \\u00a0 \\u00a0 tlf. 23 93 41 37<\\\/p><h4>Bestyrelsesmedlem<\\\/h4><p>Torben J\\u00f8rgensen\\u00a0 \\u00a0 \\u00a0 \\u00a0 \\u00a0 \\u00a0 \\u00a0 \\u00a0 \\u00a0 \\u00a0 \\u00a0tlf. 61 41 58 30<\\\/p><h4>Suppleanter<\\\/h4><p>Jacob Moss Jensen\\u00a0 \\u00a0 \\u00a0 \\u00a0 \\u00a0 \\u00a0 \\u00a0 \\u00a0 \\u00a0 \\u00a0tlf. 2256 1860<\\\/p><p>\\u00a0<\\\/p>\",\"eael_tooltip_section_content\":\"I am a tooltip\",\"eael_ext_content_protection_password_placeholder\":\"Enter Password\",\"eael_ext_content_protection_password_submit_btn_txt\":\"Submit\",\"eael_ext_content_protection_password_incorrect_message\":\"Password does not match.\",\"eael_cl_logics\":[{\"_id\":\"0928ac7\"}]},\"elements\":[],\"widgetType\":\"text-editor\"},{\"id\":\"9fd32bf\",\"elType\":\"widget\",\"settings\":{\"button_type\":\"info\",\"text\":\"Vedt\\u00e6gter for Senior Erhverv Sj\\u00e6lland \\u00d8st\",\"link\":{\"url\":\"https:\\\/\\\/seniorerhverv.org\\\/sjaellandoest\\\/wp-content\\\/uploads\\\/sites\\\/16\\\/2025\\\/04\\\/Vedtaegter-Senior-Erhverv-SjOest-vedtaget-12.-marts-2025.pdf\",\"is_external\":\"\",\"nofollow\":\"\",\"custom_attributes\":\"\"},\"align\":\"center\",\"size\":\"xl\",\"selected_icon\":{\"value\":\"fas fa-pencil-alt\",\"library\":\"fa-solid\"},\"icon_indent\":{\"unit\":\"px\",\"size\":20,\"sizes\":[]},\"eael_tooltip_section_content\":\"I am a tooltip\",\"eael_ext_content_protection_password_placeholder\":\"Enter Password\",\"eael_ext_content_protection_password_submit_btn_txt\":\"Submit\",\"eael_ext_content_protection_password_incorrect_message\":\"Password does not match.\",\"eael_cl_logics\":[{\"_id\":\"91a8cd0\"}]},\"elements\":[],\"widgetType\":\"button\"}],\"isInner\":false},{\"id\":\"9fa764b\",\"elType\":\"column\",\"settings\":{\"_column_size\":33,\"_inline_size\":25,\"padding\":{\"unit\":\"px\",\"top\":\"20\",\"right\":\"20\",\"bottom\":\"20\",\"left\":\"20\",\"isLinked\":true},\"_inline_size_tablet\":50,\"custom_css\":\"@media (max-width: 1024px) {\\n    selector {\\n        order: 1;\\n    }\\n}\",\"eael_cl_logics\":[{\"_id\":\"4ce41e2\"}]},\"elements\":[{\"id\":\"4fa1d3e\",\"elType\":\"widget\",\"elements\":[],\"widgetType\":\"global\",\"templateID\":\"504\"},{\"id\":\"cf67833\",\"elType\":\"widget\",\"elements\":[],\"widgetType\":\"global\",\"templateID\":\"501\"}],\"isInner\":false}],\"isInner\":false}]","_elementor_page_assets":[],"_eael_custom_js":"","_eael_widget_elements":{"contact-form-7":"contact-form-7"},"_elementor_controls_usage":{"heading":{"count":1,"control_percent":1,"controls":{"content":{"section_title":{"title":1,"header_size":1}},"advanced":{"_section_style":{"_padding":1},"eael_conditional_logic_section":{"eael_cl_logics":1}}}},"text-editor":{"count":2,"control_percent":1,"controls":{"content":{"section_editor":{"editor":2}},"advanced":{"_section_style":{"_padding":1},"eael_conditional_logic_section":{"eael_cl_logics":2}}}},"eael-contact-form-7":{"count":1,"control_percent":0,"controls":{"content":{"section_info_box":{"contact_form_list":1}},"advanced":{"eael_conditional_logic_section":{"eael_cl_logics":1}}}},"column":{"count":3,"control_percent":1,"controls":{"layout":{"layout":{"_inline_size":3}},"advanced":{"section_advanced":{"padding":3,"css_classes":1},"section_custom_css":{"custom_css":2},"eael_conditional_logic_section":{"eael_cl_logics":3}}}},"button":{"count":1,"control_percent":2,"controls":{"content":{"section_button":{"button_type":1,"text":1,"link":1,"align":1,"size":1,"selected_icon":1,"icon_indent":1}},"advanced":{"eael_conditional_logic_section":{"eael_cl_logics":1}}}},"global":{"count":2,"control_percent":0,"controls":[]},"section":{"count":1,"control_percent":1,"controls":{"layout":{"section_layout":{"gap":1},"section_structure":{"structure":1}},"advanced":{"section_advanced":{"margin":1},"eael_conditional_logic_section":{"eael_cl_logics":1}}}}},"_elementor_css":{"time":1776682850,"fonts":[],"icons":["fa-solid"],"dynamic_elements_ids":[],"status":"file","0":""}},"_links":{"self":[{"href":"https:\/\/seniorerhverv.org\/sjaellandoest\/wp-json\/wp\/v2\/pages\/108"}],"collection":[{"href":"https:\/\/seniorerhverv.org\/sjaellandoest\/wp-json\/wp\/v2\/pages"}],"about":[{"href":"https:\/\/seniorerhverv.org\/sjaellandoest\/wp-json\/wp\/v2\/types\/page"}],"author":[{"embeddable":true,"href":"https:\/\/seniorerhverv.org\/sjaellandoest\/wp-json\/wp\/v2\/users\/16"}],"replies":[{"embeddable":true,"href":"https:\/\/seniorerhverv.org\/sjaellandoest\/wp-json\/wp\/v2\/comments?post=108"}],"version-history":[{"count":54,"href":"https:\/\/seniorerhverv.org\/sjaellandoest\/wp-json\/wp\/v2\/pages\/108\/revisions"}],"predecessor-version":[{"id":1603,"href":"https:\/\/seniorerhverv.org\/sjaellandoest\/wp-json\/wp\/v2\/pages\/108\/revisions\/1603"}],"wp:attachment":[{"href":"https:\/\/seniorerhverv.org\/sjaellandoest\/wp-json\/wp\/v2\/media?parent=108"}],"curies":[{"name":"wp","href":"https:\/\/api.w.org\/{rel}","templated":true}]}}