{"id":106,"date":"2022-04-12T17:57:22","date_gmt":"2022-04-12T17:57:22","guid":{"rendered":"https:\/\/seniorerhverv.org\/sjaellandoest\/?page_id=106"},"modified":"2024-04-08T11:54:50","modified_gmt":"2024-04-08T09:54:50","slug":"aktiviteter","status":"publish","type":"page","link":"https:\/\/seniorerhverv.org\/sjaellandoest\/aktiviteter\/","title":{"rendered":"Aktiviteter"},"content":{"rendered":"\t\t<div data-elementor-type=\"wp-page\" data-elementor-id=\"106\" class=\"elementor elementor-106\" data-elementor-settings=\"[]\">\n\t\t\t\t\t\t\t<div class=\"elementor-section-wrap\">\n\t\t\t\t\t\t\t<section data-particle_enable=\"false\" data-particle-mobile-disabled=\"false\" class=\"elementor-section elementor-top-section elementor-element elementor-element-1d798d4 elementor-section-boxed elementor-section-height-default elementor-section-height-default\" data-id=\"1d798d4\" data-element_type=\"section\">\n\t\t\t\t\t\t<div class=\"elementor-container elementor-column-gap-no\">\n\t\t\t\t\t<div class=\"elementor-column elementor-col-33 elementor-top-column elementor-element elementor-element-26bce25\" data-id=\"26bce25\" data-element_type=\"column\">\n\t\t\t<div class=\"elementor-widget-wrap elementor-element-populated\">\n\t\t\t\t\t\t\t\t<div class=\"elementor-element elementor-element-521d3cd elementor-widget elementor-widget-heading\" data-id=\"521d3cd\" data-element_type=\"widget\" data-widget_type=\"heading.default\">\n\t\t\t\t<div class=\"elementor-widget-container\">\n\t\t\t<h3 class=\"elementor-heading-title elementor-size-default\">Medlemshenvendelse<\/h3>\t\t<\/div>\n\t\t\t\t<\/div>\n\t\t\t\t<div class=\"elementor-element elementor-element-dbdfd95 elementor-widget elementor-widget-text-editor\" data-id=\"dbdfd95\" data-element_type=\"widget\" data-widget_type=\"text-editor.default\">\n\t\t\t\t<div class=\"elementor-widget-container\">\n\t\t\t\t\t\t\t<p>Har du lyst til at blive medlem? eller blot h\u00f8re mere om os, s\u00e5 udfyld nedenst\u00e5ende kontaktformular.<\/p>\t\t\t\t\t\t<\/div>\n\t\t\t\t<\/div>\n\t\t\t\t<div class=\"elementor-element elementor-element-0111f4f eael-contact-form-7-button-align-left eael-contact-form-7-button-custom elementor-widget elementor-widget-eael-contact-form-7\" data-id=\"0111f4f\" data-element_type=\"widget\" data-widget_type=\"eael-contact-form-7.default\">\n\t\t\t\t<div class=\"elementor-widget-container\">\n\t\t\t<div class=\"eael-contact-form-7-wrapper\">\n                <div class=\"eael-contact-form eael-contact-form-7 eael-contact-form-0111f4f placeholder-show eael-contact-form-align-default\"><div role=\"form\" class=\"wpcf7\" id=\"wpcf7-f283-o2\" lang=\"da-DK\" dir=\"ltr\">\n<div class=\"screen-reader-response\"><p role=\"status\" aria-live=\"polite\" aria-atomic=\"true\"><\/p> <ul><\/ul><\/div>\n<form action=\"\/sjaellandoest\/wp-json\/wp\/v2\/pages\/106#wpcf7-f283-o2\" method=\"post\" class=\"wpcf7-form init\" novalidate=\"novalidate\" data-status=\"init\">\n<div style=\"display: none;\">\n<input type=\"hidden\" name=\"_wpcf7\" value=\"283\" \/>\n<input type=\"hidden\" name=\"_wpcf7_version\" value=\"5.5.2\" \/>\n<input type=\"hidden\" name=\"_wpcf7_locale\" value=\"da_DK\" \/>\n<input type=\"hidden\" name=\"_wpcf7_unit_tag\" value=\"wpcf7-f283-o2\" \/>\n<input type=\"hidden\" name=\"_wpcf7_container_post\" value=\"0\" \/>\n<input type=\"hidden\" name=\"_wpcf7_posted_data_hash\" value=\"\" \/>\n<input type=\"hidden\" name=\"_wpcf7_recaptcha_response\" value=\"\" \/>\n<\/div>\n<p><label><span class=\"wpcf7-form-control-wrap your-name\"><input type=\"text\" name=\"your-name\" value=\"\" size=\"40\" class=\"wpcf7-form-control wpcf7-text wpcf7-validates-as-required\" aria-required=\"true\" aria-invalid=\"false\" placeholder=\"Navn\" \/><\/span> <\/label><br \/>\n<label><span class=\"wpcf7-form-control-wrap by\"><input type=\"text\" name=\"by\" value=\"\" size=\"40\" class=\"wpcf7-form-control wpcf7-text\" aria-invalid=\"false\" placeholder=\"Postnummer\" \/><\/span> <\/label><br \/>\n<label><span class=\"wpcf7-form-control-wrap your-tel\"><input type=\"tel\" name=\"your-tel\" value=\"\" size=\"40\" class=\"wpcf7-form-control wpcf7-text wpcf7-tel wpcf7-validates-as-tel\" aria-invalid=\"false\" placeholder=\"tlf\" \/><\/span> <\/label><br \/>\n<label><span class=\"wpcf7-form-control-wrap your-email\"><input type=\"email\" name=\"your-email\" value=\"\" size=\"40\" class=\"wpcf7-form-control wpcf7-text wpcf7-email wpcf7-validates-as-required wpcf7-validates-as-email\" aria-required=\"true\" aria-invalid=\"false\" placeholder=\"e-mail\" \/><\/span> <\/label><br \/>\n<label><span class=\"wpcf7-form-control-wrap your-message\"><textarea name=\"your-message\" cols=\"40\" rows=\"10\" class=\"wpcf7-form-control wpcf7-textarea\" aria-invalid=\"false\" placeholder=\"Meddelelse\"><\/textarea><\/span> <\/label><br \/>\n<input type=\"submit\" value=\"Send\" class=\"wpcf7-form-control has-spinner wpcf7-submit\" \/><\/p>\n<div class=\"wpcf7-response-output\" aria-hidden=\"true\"><\/div><\/form><\/div><\/div>\n            <\/div>\t\t<\/div>\n\t\t\t\t<\/div>\n\t\t\t\t\t<\/div>\n\t\t<\/div>\n\t\t\t\t<div class=\"elementor-column elementor-col-33 elementor-top-column elementor-element elementor-element-d81b8a6 box-container\" data-id=\"d81b8a6\" data-element_type=\"column\">\n\t\t\t<div class=\"elementor-widget-wrap elementor-element-populated\">\n\t\t\t\t\t\t\t\t<div class=\"elementor-element elementor-element-f4e9d23 elementor-widget elementor-widget-text-editor\" data-id=\"f4e9d23\" data-element_type=\"widget\" data-widget_type=\"text-editor.default\">\n\t\t\t\t<div class=\"elementor-widget-container\">\n\t\t\t\t\t\t\t<h5><span style=\"font-size: 18pt;\">Aktiviteter<\/span><\/h5>\n<p>Senior Erhverv Sj\u00e6lland \u00d8st er et af de f\u00f8rste frivillige jobs\u00f8gningsnetv\u00e6rk der blev startet under navnet Senior Erhverv, og vi kunne i 2022 fejre 20 \u00e5rs f\u00f8dselsdag. Vores omr\u00e5de d\u00e6kker kommunerne K\u00f8ge, Roskilde, Solr\u00f8d, Greve og Stevns.<\/p>\n<p>Vores m\u00e5l er \u2013 dengang som nu \u2013 at f\u00e5 jobs\u00f8gende borgere over 50 \u00e5r tilbage p\u00e5 arbejdsmarkedet. Alle medlemmer yder en frivillig indsats med at passe kontoret p\u00e5 Astersvej, tage imod nye medlemmer, ordne regnskabet og s\u00f8rge for diverse medlems- og PR-aktiviteter.<\/p>\n<p>Medlemmerne i vores virksomhedsgruppe bes\u00f8ger hver uge en lang r\u00e6kke virksomheder i vores omr\u00e5de og g\u00f8r opm\u00e6rksom p\u00e5 vores eksistens. Vi fort\u00e6ller virksomhederne om muligheden for at f\u00e5 adgang til vore medlemmers CV-data, hvor de ganske gratis kan s\u00f8ge efter nye medarbejdere.<\/p>\n<p>Netv\u00e6rket giver ogs\u00e5 gode muligheder for at m\u00f8des med ligesindede og sparre omkring ans\u00f8gninger og jobs\u00f8gningsproces. N\u00e5r der ikke lige er netv\u00e6rksopgaver, der skal l\u00f8ses, kan medlemmerne bruge kontorets PC\u2019er\/printer til egen jobans\u00f8gninger, tjekke stillingsopslag, etc.<\/p>\n<p>Senior Erhverv Sj\u00e6lland \u00d8st har pt. ca.&nbsp;35 aktive medlemmer, p\u00e5 \u00e5rsbasis f\u00e5r over 50 % af vores medlemmer nyt job. Der er s\u00e5ledes en stor oms\u00e6tningshastighed, s\u00e5 vi er hele tiden ude for at f\u00e5 nye medlemmer. Vi deltager f.eks. p\u00e5 forskellige jobmesser, torvedage o. lign.&nbsp;samt samarbejder med jobcentrene og a-kasserne.<\/p>\t\t\t\t\t\t<\/div>\n\t\t\t\t<\/div>\n\t\t\t\t\t<\/div>\n\t\t<\/div>\n\t\t\t\t<div class=\"elementor-column elementor-col-33 elementor-top-column elementor-element elementor-element-eb827a7\" data-id=\"eb827a7\" data-element_type=\"column\">\n\t\t\t<div class=\"elementor-widget-wrap elementor-element-populated\">\n\t\t\t\t\t\t\t\t<div class=\"elementor-element elementor-element-4e5b9b9 elementor-widget elementor-widget-global elementor-global-504 elementor-widget-heading\" data-id=\"4e5b9b9\" data-element_type=\"widget\" data-widget_type=\"heading.default\">\n\t\t\t\t<div class=\"elementor-widget-container\">\n\t\t\t<h3 class=\"elementor-heading-title elementor-size-large\">Introduktion\n<\/h3>\t\t<\/div>\n\t\t\t\t<\/div>\n\t\t\t\t<div class=\"elementor-element elementor-element-6ac57cb elementor-widget elementor-widget-global elementor-global-501 elementor-widget-text-editor\" data-id=\"6ac57cb\" data-element_type=\"widget\" data-widget_type=\"text-editor.default\">\n\t\t\t\t<div class=\"elementor-widget-container\">\n\t\t\t\t\t\t\t<p style=\"text-align: center;\">En kort pr\u00e6sentation for kommende medlemmer finder sted hver<\/p><h3 style=\"text-align: center;\"><span style=\"font-size: 18pt;\">M<\/span><span style=\"font-size: 18pt;\">andag<\/span><br \/><span style=\"font-size: 12pt;\">mellem<\/span><br \/>kl. 10:00 og 13:30<\/h3><p style=\"text-align: center;\">hvor du bare kan kigge forbi.<\/p>\t\t\t\t\t\t<\/div>\n\t\t\t\t<\/div>\n\t\t\t\t\t<\/div>\n\t\t<\/div>\n\t\t\t\t\t\t\t<\/div>\n\t\t<\/section>\n\t\t\t\t\t\t<\/div>\n\t\t\t\t\t<\/div>\n\t\t"},"excerpt":{"rendered":"<p>Medlemshenvendelse Har du lyst til at blive medlem? eller blot h\u00f8re mere om os, s\u00e5 udfyld nedenst\u00e5ende kontaktformular. Aktiviteter Senior Erhverv Sj\u00e6lland \u00d8st er et af de f\u00f8rste frivillige jobs\u00f8gningsnetv\u00e6rk der blev startet under navnet Senior Erhverv, og vi kunne i 2022 fejre 20 \u00e5rs f\u00f8dselsdag. Vores omr\u00e5de d\u00e6kker kommunerne K\u00f8ge, Roskilde, Solr\u00f8d, Greve og [&hellip;]<\/p>\n","protected":false},"author":16,"featured_media":0,"parent":0,"menu_order":0,"comment_status":"closed","ping_status":"closed","template":"elementor_header_footer","meta":[],"x_date":"2022-04-12","x_author":"sjaellandoest","x_gravatar":"https:\/\/secure.gravatar.com\/avatar\/84a5e88c7c0b6f5fec9d6b71b6a24aaa?s=96&d=mm&r=g","x_metadata":{"_elementor_edit_mode":"builder","_elementor_template_type":"wp-page","_elementor_version":"3.4.4","_elementor_pro_version":"3.2.1","_elementor_page_settings":{"eael_ext_toc_title":"Table of Contents"},"_elementor_data":"[{\"id\":\"1d798d4\",\"elType\":\"section\",\"settings\":{\"gap\":\"no\",\"structure\":\"30\",\"margin\":{\"unit\":\"px\",\"top\":\"10\",\"right\":0,\"bottom\":\"10\",\"left\":0,\"isLinked\":true},\"eael_parallax_layers_list\":[],\"eael_cl_logics\":[{\"_id\":\"b5078a5\"}]},\"elements\":[{\"id\":\"26bce25\",\"elType\":\"column\",\"settings\":{\"_column_size\":33,\"_inline_size\":25,\"padding\":{\"unit\":\"px\",\"top\":\"20\",\"right\":\"20\",\"bottom\":\"20\",\"left\":\"20\",\"isLinked\":true},\"_inline_size_tablet\":50,\"custom_css\":\"@media (max-width: 1024px) {\\n    selector {\\n        order: 1;\\n    }\\n}\",\"eael_cl_logics\":[{\"_id\":\"6bd739a\"}]},\"elements\":[{\"id\":\"521d3cd\",\"elType\":\"widget\",\"settings\":{\"title\":\"Medlemshenvendelse\",\"header_size\":\"h3\",\"_padding\":{\"unit\":\"px\",\"top\":\"20\",\"right\":\"20\",\"bottom\":\"10\",\"left\":\"20\",\"isLinked\":false},\"eael_tooltip_section_content\":\"I am a tooltip\",\"eael_ext_content_protection_password_placeholder\":\"Enter Password\",\"eael_ext_content_protection_password_submit_btn_txt\":\"Submit\",\"eael_ext_content_protection_password_incorrect_message\":\"Password does not match.\",\"eael_cl_logics\":[{\"_id\":\"03c1d40\"}]},\"elements\":[],\"widgetType\":\"heading\"},{\"id\":\"dbdfd95\",\"elType\":\"widget\",\"settings\":{\"editor\":\"<p>Har du lyst til at blive medlem? eller blot h\\u00f8re mere om os, s\\u00e5 udfyld nedenst\\u00e5ende kontaktformular.<\\\/p>\",\"_padding\":{\"unit\":\"px\",\"top\":\"0\",\"right\":\"20\",\"bottom\":\"0\",\"left\":\"20\",\"isLinked\":false},\"eael_tooltip_section_content\":\"I am a tooltip\",\"eael_ext_content_protection_password_placeholder\":\"Enter Password\",\"eael_ext_content_protection_password_submit_btn_txt\":\"Submit\",\"eael_ext_content_protection_password_incorrect_message\":\"Password does not match.\",\"eael_cl_logics\":[{\"_id\":\"37ae7f5\"}]},\"elements\":[],\"widgetType\":\"text-editor\"},{\"id\":\"0111f4f\",\"elType\":\"widget\",\"settings\":{\"contact_form_list\":\"283\",\"eael_tooltip_section_content\":\"I am a tooltip\",\"eael_ext_content_protection_password_placeholder\":\"Enter Password\",\"eael_ext_content_protection_password_submit_btn_txt\":\"Submit\",\"eael_ext_content_protection_password_incorrect_message\":\"Password does not match.\",\"eael_cl_logics\":[{\"_id\":\"2ffaca8\"}]},\"elements\":[],\"widgetType\":\"eael-contact-form-7\"}],\"isInner\":false},{\"id\":\"d81b8a6\",\"elType\":\"column\",\"settings\":{\"_column_size\":33,\"_inline_size\":49.332999999999998408384271897375583648681640625,\"padding\":{\"unit\":\"px\",\"top\":\"30\",\"right\":\"30\",\"bottom\":\"30\",\"left\":\"30\",\"isLinked\":true},\"css_classes\":\"box-container\",\"_inline_size_tablet\":100,\"eael_cl_logics\":[{\"_id\":\"425c257\"}]},\"elements\":[{\"id\":\"f4e9d23\",\"elType\":\"widget\",\"settings\":{\"editor\":\"<h5><span style=\\\"font-size: 18pt;\\\">Aktiviteter<\\\/span><\\\/h5>\\n<p>Senior Erhverv Sj\\u00e6lland \\u00d8st er et af de f\\u00f8rste frivillige jobs\\u00f8gningsnetv\\u00e6rk der blev startet under navnet Senior Erhverv, og vi kunne i 2022 fejre 20 \\u00e5rs f\\u00f8dselsdag. Vores omr\\u00e5de d\\u00e6kker kommunerne K\\u00f8ge, Roskilde, Solr\\u00f8d, Greve og Stevns.<\\\/p>\\n<p>Vores m\\u00e5l er \\u2013 dengang som nu \\u2013 at f\\u00e5 jobs\\u00f8gende borgere over 50 \\u00e5r tilbage p\\u00e5 arbejdsmarkedet. Alle medlemmer yder en frivillig indsats med at passe kontoret p\\u00e5 Astersvej, tage imod nye medlemmer, ordne regnskabet og s\\u00f8rge for diverse medlems- og PR-aktiviteter.<\\\/p>\\n<p>Medlemmerne i vores virksomhedsgruppe bes\\u00f8ger hver uge en lang r\\u00e6kke virksomheder i vores omr\\u00e5de og g\\u00f8r opm\\u00e6rksom p\\u00e5 vores eksistens. Vi fort\\u00e6ller virksomhederne om muligheden for at f\\u00e5 adgang til vore medlemmers CV-data, hvor de ganske gratis kan s\\u00f8ge efter nye medarbejdere.<\\\/p>\\n<p>Netv\\u00e6rket giver ogs\\u00e5 gode muligheder for at m\\u00f8des med ligesindede og sparre omkring ans\\u00f8gninger og jobs\\u00f8gningsproces. N\\u00e5r der ikke lige er netv\\u00e6rksopgaver, der skal l\\u00f8ses, kan medlemmerne bruge kontorets PC\\u2019er\\\/printer til egen jobans\\u00f8gninger, tjekke stillingsopslag, etc.<\\\/p>\\n<p>Senior Erhverv Sj\\u00e6lland \\u00d8st har pt. ca.&nbsp;35 aktive medlemmer, p\\u00e5 \\u00e5rsbasis f\\u00e5r over 50 % af vores medlemmer nyt job. Der er s\\u00e5ledes en stor oms\\u00e6tningshastighed, s\\u00e5 vi er hele tiden ude for at f\\u00e5 nye medlemmer. Vi deltager f.eks. p\\u00e5 forskellige jobmesser, torvedage o. lign.&nbsp;samt samarbejder med jobcentrene og a-kasserne.<\\\/p>\",\"eael_tooltip_section_content\":\"I am a tooltip\",\"eael_ext_content_protection_password_placeholder\":\"Enter Password\",\"eael_ext_content_protection_password_submit_btn_txt\":\"Submit\",\"eael_ext_content_protection_password_incorrect_message\":\"Password does not match.\",\"eael_cl_logics\":[{\"_id\":\"82e8ed0\"}]},\"elements\":[],\"widgetType\":\"text-editor\"}],\"isInner\":false},{\"id\":\"eb827a7\",\"elType\":\"column\",\"settings\":{\"_column_size\":33,\"_inline_size\":25,\"padding\":{\"unit\":\"px\",\"top\":\"20\",\"right\":\"20\",\"bottom\":\"20\",\"left\":\"20\",\"isLinked\":true},\"_inline_size_tablet\":50,\"custom_css\":\"@media (max-width: 1024px) {\\n    selector {\\n        order: 1;\\n    }\\n}\",\"eael_cl_logics\":[{\"_id\":\"3be8b79\"}]},\"elements\":[{\"id\":\"4e5b9b9\",\"elType\":\"widget\",\"elements\":[],\"widgetType\":\"global\",\"templateID\":\"504\"},{\"id\":\"6ac57cb\",\"elType\":\"widget\",\"elements\":[],\"widgetType\":\"global\",\"templateID\":\"501\"}],\"isInner\":false}],\"isInner\":false}]","_elementor_page_assets":[],"_eael_custom_js":"","_eael_widget_elements":{"contact-form-7":"contact-form-7"},"_elementor_controls_usage":{"heading":{"count":1,"control_percent":1,"controls":{"content":{"section_title":{"title":1,"header_size":1}},"advanced":{"_section_style":{"_padding":1},"eael_conditional_logic_section":{"eael_cl_logics":1}}}},"text-editor":{"count":2,"control_percent":1,"controls":{"content":{"section_editor":{"editor":2}},"advanced":{"_section_style":{"_padding":1},"eael_conditional_logic_section":{"eael_cl_logics":2}}}},"eael-contact-form-7":{"count":1,"control_percent":0,"controls":{"content":{"section_info_box":{"contact_form_list":1}},"advanced":{"eael_conditional_logic_section":{"eael_cl_logics":1}}}},"column":{"count":3,"control_percent":1,"controls":{"layout":{"layout":{"_inline_size":3}},"advanced":{"section_advanced":{"padding":3,"css_classes":1},"section_custom_css":{"custom_css":2},"eael_conditional_logic_section":{"eael_cl_logics":3}}}},"global":{"count":2,"control_percent":0,"controls":[]},"section":{"count":1,"control_percent":1,"controls":{"layout":{"section_layout":{"gap":1},"section_structure":{"structure":1}},"advanced":{"section_advanced":{"margin":1},"eael_conditional_logic_section":{"eael_cl_logics":1}}}}},"_elementor_css":{"time":1776692738,"fonts":[],"icons":[],"dynamic_elements_ids":[],"status":"file","0":""}},"_links":{"self":[{"href":"https:\/\/seniorerhverv.org\/sjaellandoest\/wp-json\/wp\/v2\/pages\/106"}],"collection":[{"href":"https:\/\/seniorerhverv.org\/sjaellandoest\/wp-json\/wp\/v2\/pages"}],"about":[{"href":"https:\/\/seniorerhverv.org\/sjaellandoest\/wp-json\/wp\/v2\/types\/page"}],"author":[{"embeddable":true,"href":"https:\/\/seniorerhverv.org\/sjaellandoest\/wp-json\/wp\/v2\/users\/16"}],"replies":[{"embeddable":true,"href":"https:\/\/seniorerhverv.org\/sjaellandoest\/wp-json\/wp\/v2\/comments?post=106"}],"version-history":[{"count":16,"href":"https:\/\/seniorerhverv.org\/sjaellandoest\/wp-json\/wp\/v2\/pages\/106\/revisions"}],"predecessor-version":[{"id":1150,"href":"https:\/\/seniorerhverv.org\/sjaellandoest\/wp-json\/wp\/v2\/pages\/106\/revisions\/1150"}],"wp:attachment":[{"href":"https:\/\/seniorerhverv.org\/sjaellandoest\/wp-json\/wp\/v2\/media?parent=106"}],"curies":[{"name":"wp","href":"https:\/\/api.w.org\/{rel}","templated":true}]}}