{"id":2001,"date":"2024-04-02T22:42:09","date_gmt":"2024-04-02T22:42:09","guid":{"rendered":"https:\/\/seniorerhverv.org\/silkeborg\/?page_id=2001"},"modified":"2024-04-03T00:11:00","modified_gmt":"2024-04-03T00:11:00","slug":"sparring-coaching-2","status":"publish","type":"page","link":"https:\/\/seniorerhverv.org\/silkeborg\/sparring-coaching-2\/","title":{"rendered":"Sparring\/Coaching 24"},"content":{"rendered":"\t\t<div data-elementor-type=\"wp-page\" data-elementor-id=\"2001\" class=\"elementor elementor-2001\" data-elementor-settings=\"[]\">\n\t\t\t\t\t\t\t<div class=\"elementor-section-wrap\">\n\t\t\t\t\t\t\t<section data-particle_enable=\"false\" data-particle-mobile-disabled=\"false\" class=\"elementor-section elementor-top-section elementor-element elementor-element-4922546 elementor-section-boxed elementor-section-height-default elementor-section-height-default\" data-id=\"4922546\" data-element_type=\"section\">\n\t\t\t\t\t\t<div class=\"elementor-container elementor-column-gap-default\">\n\t\t\t\t\t<div class=\"elementor-column elementor-col-50 elementor-top-column elementor-element elementor-element-fe956f6\" data-id=\"fe956f6\" data-element_type=\"column\">\n\t\t\t<div class=\"elementor-widget-wrap elementor-element-populated\">\n\t\t\t\t\t\t\t\t<div class=\"elementor-element elementor-element-d5dd8f1 elementor-widget elementor-widget-text-editor\" data-id=\"d5dd8f1\" data-element_type=\"widget\" data-widget_type=\"text-editor.default\">\n\t\t\t\t<div class=\"elementor-widget-container\">\n\t\t\t\t\t\t\t<p><span style=\"font-family: georgia, palatino, serif; font-size: 18pt;\">Sparring og Coaching<\/span><\/p><p><span style=\"font-family: georgia, palatino, serif; font-size: 14pt;\">Et skridt mod det rigtige job.<\/span><\/p><p><span style=\"font-family: georgia, palatino, serif; font-size: 12pt;\">Senior Erhverv Silkeborg,<span class=\"fontstyle0\"> inviterer medlemmer til: Coaching om dine job m\u00e5l, brancheskifte og det rigtige job for dig.<\/span><\/span><\/p><ul><li><span style=\"font-family: georgia, palatino, serif; font-size: 12pt;\"><strong> <span class=\"fontstyle0\">Du f\u00e5r <\/span><\/strong><span class=\"fontstyle2\">sparring og coaching i forbindelse med din jobs\u00f8gning.<\/span><\/span><\/li><li><span style=\"font-family: georgia, palatino, serif; font-size: 12pt;\"><strong><span class=\"fontstyle0\">Det vil hj\u00e6lpe dig <\/span><\/strong><span class=\"fontstyle2\">til at se muligheder, s\u00e6tte m\u00e5l og fastl\u00e6gge en handleplan.<\/span><\/span><\/li><li><span style=\"font-family: georgia, palatino, serif; font-size: 12pt;\"><strong><span class=\"fontstyle0\">Du vil opn\u00e5 <\/span><\/strong><span class=\"fontstyle2\">en personlig balance og ro, ved at f\u00e5 \u00f8je p\u00e5 kompetencer og mulighederne.<\/span><\/span><\/li><li><span style=\"font-family: georgia, palatino, serif; font-size: 12pt;\"><strong><span class=\"fontstyle0\">Det er dig <\/span><\/strong><span class=\"fontstyle2\">der s\u00e6tter dagsordenen og tempoet.<\/span><\/span><\/li><li><strong style=\"font-family: georgia, palatino, serif; font-size: 12pt;\"><span class=\"fontstyle0\">Du vil <\/span><\/strong><span class=\"fontstyle2\" style=\"font-family: georgia, palatino, serif; font-size: 12pt;\">blive coachet p\u00e5 dine m\u00e5l og udfordringer.<\/span><\/li><\/ul><p><span style=\"font-family: georgia, palatino, serif; font-size: 12pt;\"><br \/><\/span><span style=\"font-family: georgia, palatino, serif; font-size: 14pt;\">Fokusomr\u00e5der:<\/span><\/p><ul><li><span style=\"font-family: georgia, palatino, serif; font-size: 12pt;\">Afklaring af din situation og nye muligheder.<\/span><\/li><li><span style=\"font-family: georgia, palatino, serif; font-size: 12pt;\">Formelle kompetencer og alt, hvad din erfaring giver, uanset, om der er papir p\u00e5 det.<\/span><\/li><li><span style=\"font-family: georgia, palatino, serif; font-size: 12pt;\">Synligg\u00f8relse af dine personlige og faglige kompetencer.<\/span><\/li><li><span style=\"font-family: georgia, palatino, serif; font-size: 12pt;\">Bliv set via en personlig profil, en kort beskrivelse der fremh\u00e6ver dine v\u00e6rdier og kompetencer.<\/span><\/li><li><span style=\"font-family: georgia, palatino, serif; font-size: 12pt;\">CV med fokus p\u00e5 din personlige profil og ans\u00f8gning.<\/span><\/li><li><span style=\"font-family: georgia, palatino, serif; font-size: 12pt;\">Bliv afklaret s\u00e5 du kan forf\u00f8lge dine m\u00e5l og n\u00e5 dem.<\/span><\/li><li><span style=\"font-family: georgia, palatino, serif; font-size: 12pt;\">I et coaching forl\u00f8b vil det altid v\u00e6re dig, der s\u00e6tter dagsordenen og tempoet &#8211; du vil blive coachet p\u00e5 dine m\u00e5l og udfordringer.<\/span><\/li><\/ul><p>\u00a0<\/p><p><strong><span style=\"font-size: 12pt; font-family: georgia, palatino, serif;\">HUSK tidsbestilling hos Senior Erhverv Silkeborg (ring eller mail til os).<\/span><\/strong><\/p>\t\t\t\t\t\t<\/div>\n\t\t\t\t<\/div>\n\t\t\t\t<section data-particle_enable=\"false\" data-particle-mobile-disabled=\"false\" class=\"elementor-section elementor-inner-section elementor-element elementor-element-3e42ef9 elementor-section-boxed elementor-section-height-default elementor-section-height-default\" data-id=\"3e42ef9\" data-element_type=\"section\">\n\t\t\t\t\t\t<div class=\"elementor-container elementor-column-gap-default\">\n\t\t\t\t\t<div class=\"elementor-column elementor-col-33 elementor-inner-column elementor-element elementor-element-03a54da\" data-id=\"03a54da\" data-element_type=\"column\">\n\t\t\t<div class=\"elementor-widget-wrap elementor-element-populated\">\n\t\t\t\t\t\t\t\t<div class=\"elementor-element elementor-element-285437f elementor-widget elementor-widget-image\" data-id=\"285437f\" data-element_type=\"widget\" data-widget_type=\"image.default\">\n\t\t\t\t<div class=\"elementor-widget-container\">\n\t\t\t\t\t\t\t\t\t\t\t\t<figure class=\"wp-caption\">\n\t\t\t\t\t\t\t\t\t\t<img width=\"300\" height=\"300\" src=\"https:\/\/seniorerhverv.org\/silkeborg\/wp-content\/uploads\/sites\/15\/2024\/04\/Ingelise_2-300x300.jpg\" class=\"attachment-medium size-medium\" alt=\"\" loading=\"lazy\" srcset=\"https:\/\/seniorerhverv.org\/silkeborg\/wp-content\/uploads\/sites\/15\/2024\/04\/Ingelise_2-300x300.jpg 300w, https:\/\/seniorerhverv.org\/silkeborg\/wp-content\/uploads\/sites\/15\/2024\/04\/Ingelise_2-150x150.jpg 150w, https:\/\/seniorerhverv.org\/silkeborg\/wp-content\/uploads\/sites\/15\/2024\/04\/Ingelise_2.jpg 640w\" sizes=\"(max-width: 300px) 100vw, 300px\" \/>\t\t\t\t\t\t\t\t\t\t\t<figcaption class=\"widget-image-caption wp-caption-text\">Ingelise Nordbjerg<\/figcaption>\n\t\t\t\t\t\t\t\t\t\t<\/figure>\n\t\t\t\t\t\t\t\t\t<\/div>\n\t\t\t\t<\/div>\n\t\t\t\t\t<\/div>\n\t\t<\/div>\n\t\t\t\t<div class=\"elementor-column elementor-col-66 elementor-inner-column elementor-element elementor-element-1389ea3\" data-id=\"1389ea3\" data-element_type=\"column\">\n\t\t\t<div class=\"elementor-widget-wrap elementor-element-populated\">\n\t\t\t\t\t\t\t\t<div class=\"elementor-element elementor-element-a5eb90c elementor-widget elementor-widget-text-editor\" data-id=\"a5eb90c\" data-element_type=\"widget\" data-widget_type=\"text-editor.default\">\n\t\t\t\t<div class=\"elementor-widget-container\">\n\t\t\t\t\t\t\t<h3><span style=\"font-family: georgia, palatino, serif;\">Vores Coach, Ingelise Nordbjerg<\/span><\/h3>\t\t\t\t\t\t<\/div>\n\t\t\t\t<\/div>\n\t\t\t\t<div class=\"elementor-element elementor-element-d10cf6f elementor-widget elementor-widget-spacer\" data-id=\"d10cf6f\" data-element_type=\"widget\" data-widget_type=\"spacer.default\">\n\t\t\t\t<div class=\"elementor-widget-container\">\n\t\t\t\t\t<div class=\"elementor-spacer\">\n\t\t\t<div class=\"elementor-spacer-inner\"><\/div>\n\t\t<\/div>\n\t\t\t\t<\/div>\n\t\t\t\t<\/div>\n\t\t\t\t<div class=\"elementor-element elementor-element-843fcfe elementor-widget elementor-widget-text-editor\" data-id=\"843fcfe\" data-element_type=\"widget\" data-widget_type=\"text-editor.default\">\n\t\t\t\t<div class=\"elementor-widget-container\">\n\t\t\t\t\t\t\t<ul><li><span style=\"font-family: georgia, palatino, serif; font-size: 12pt;\">er mange\u00e5rig vejleder, underviser og uddannet Coache.<\/span><\/li><li><span style=\"font-family: georgia, palatino, serif; font-size: 12pt;\">coacher dig p\u00e5 personlig afklaring, afd\u00e6kning af kompetencer og muligheder til arbejdsmarkedet og dine \u00f8nsker, i et fortroligt forum.<\/span><\/li><\/ul>\t\t\t\t\t\t<\/div>\n\t\t\t\t<\/div>\n\t\t\t\t\t<\/div>\n\t\t<\/div>\n\t\t\t\t\t\t\t<\/div>\n\t\t<\/section>\n\t\t\t\t<div class=\"elementor-element elementor-element-5636a2a elementor-widget elementor-widget-spacer\" data-id=\"5636a2a\" data-element_type=\"widget\" data-widget_type=\"spacer.default\">\n\t\t\t\t<div class=\"elementor-widget-container\">\n\t\t\t\t\t<div class=\"elementor-spacer\">\n\t\t\t<div class=\"elementor-spacer-inner\"><\/div>\n\t\t<\/div>\n\t\t\t\t<\/div>\n\t\t\t\t<\/div>\n\t\t\t\t<div class=\"elementor-element elementor-element-41fcc2d elementor-icon-list--layout-traditional elementor-list-item-link-full_width elementor-widget elementor-widget-icon-list\" data-id=\"41fcc2d\" data-element_type=\"widget\" data-widget_type=\"icon-list.default\">\n\t\t\t\t<div class=\"elementor-widget-container\">\n\t\t\t\t\t<ul class=\"elementor-icon-list-items\">\n\t\t\t\t\t\t\t<li class=\"elementor-icon-list-item\">\n\t\t\t\t\t\t\t\t\t\t\t<a href=\"https:\/\/seniorerhverv.org\/silkeborg\/wp-content\/uploads\/sites\/15\/2024\/04\/opslag-coaching-Ingelise2.pdf\" target=\"_blank\">\n\n\t\t\t\t\t\t\t\t\t\t\t\t<span class=\"elementor-icon-list-icon\">\n\t\t\t\t\t\t\t<i aria-hidden=\"true\" class=\"fas fa-file-pdf\"><\/i>\t\t\t\t\t\t<\/span>\n\t\t\t\t\t\t\t\t\t\t<span class=\"elementor-icon-list-text\">Hent Sparring og coaching folderen, klik her.<\/span>\n\t\t\t\t\t\t\t\t\t\t\t<\/a>\n\t\t\t\t\t\t\t\t\t<\/li>\n\t\t\t\t\t\t<\/ul>\n\t\t\t\t<\/div>\n\t\t\t\t<\/div>\n\t\t\t\t\t<\/div>\n\t\t<\/div>\n\t\t\t\t<div class=\"elementor-column elementor-col-50 elementor-top-column elementor-element elementor-element-4c1dede\" data-id=\"4c1dede\" data-element_type=\"column\">\n\t\t\t<div class=\"elementor-widget-wrap elementor-element-populated\">\n\t\t\t\t\t\t\t\t<div class=\"elementor-element elementor-element-6d120a0 elementor-widget elementor-widget-image\" data-id=\"6d120a0\" data-element_type=\"widget\" data-widget_type=\"image.default\">\n\t\t\t\t<div class=\"elementor-widget-container\">\n\t\t\t\t\t\t\t\t\t\t\t\t\t\t\t<img width=\"800\" height=\"691\" src=\"https:\/\/seniorerhverv.org\/silkeborg\/wp-content\/uploads\/sites\/15\/2023\/03\/031014-kano-i-soeen-1600px_2-1024x884.jpg\" class=\"attachment-large size-large\" alt=\"\" loading=\"lazy\" srcset=\"https:\/\/seniorerhverv.org\/silkeborg\/wp-content\/uploads\/sites\/15\/2023\/03\/031014-kano-i-soeen-1600px_2-1024x884.jpg 1024w, https:\/\/seniorerhverv.org\/silkeborg\/wp-content\/uploads\/sites\/15\/2023\/03\/031014-kano-i-soeen-1600px_2-300x259.jpg 300w, https:\/\/seniorerhverv.org\/silkeborg\/wp-content\/uploads\/sites\/15\/2023\/03\/031014-kano-i-soeen-1600px_2-768x663.jpg 768w, https:\/\/seniorerhverv.org\/silkeborg\/wp-content\/uploads\/sites\/15\/2023\/03\/031014-kano-i-soeen-1600px_2.jpg 1241w\" sizes=\"(max-width: 800px) 100vw, 800px\" \/>\t\t\t\t\t\t\t\t\t\t\t\t\t\t\t<\/div>\n\t\t\t\t<\/div>\n\t\t\t\t\t<\/div>\n\t\t<\/div>\n\t\t\t\t\t\t\t<\/div>\n\t\t<\/section>\n\t\t\t\t\t\t<\/div>\n\t\t\t\t\t<\/div>\n\t\t"},"excerpt":{"rendered":"<p>Sparring og Coaching Et skridt mod det rigtige job. Senior Erhverv Silkeborg, inviterer medlemmer til: Coaching om dine job m\u00e5l, brancheskifte og det rigtige job for dig. Du f\u00e5r sparring og coaching i forbindelse med din jobs\u00f8gning. Det vil hj\u00e6lpe dig til at se muligheder, s\u00e6tte m\u00e5l og fastl\u00e6gge en handleplan. Du vil opn\u00e5 en [&hellip;]<\/p>\n","protected":false},"author":15,"featured_media":0,"parent":0,"menu_order":0,"comment_status":"closed","ping_status":"closed","template":"elementor_header_footer","meta":[],"x_date":"april 2, 2024","x_author":"silkeborg","x_gravatar":"https:\/\/secure.gravatar.com\/avatar\/23540b13779411d433b4ba06bbd0c2d6?s=96&d=mm&r=g","x_metadata":{"_elementor_edit_mode":"builder","_elementor_template_type":"wp-page","_elementor_version":"3.4.4","_elementor_pro_version":"3.2.1","_elementor_page_settings":{"eael_ext_toc_title":"Table of Contents"},"_elementor_data":"[{\"id\":\"4922546\",\"elType\":\"section\",\"settings\":{\"eael_parallax_layers_list\":[],\"structure\":\"20\",\"eael_cl_logics\":[{\"_id\":\"0649b4d\"}]},\"elements\":[{\"id\":\"fe956f6\",\"elType\":\"column\",\"settings\":{\"_column_size\":50,\"_inline_size\":49.99900000000000233058017329312860965728759765625,\"eael_cl_logics\":[{\"_id\":\"43edef7\"}]},\"elements\":[{\"id\":\"d5dd8f1\",\"elType\":\"widget\",\"settings\":{\"editor\":\"<p><span style=\\\"font-family: georgia, palatino, serif; font-size: 18pt;\\\">Sparring og Coaching<\\\/span><\\\/p><p><span style=\\\"font-family: georgia, palatino, serif; font-size: 14pt;\\\">Et skridt mod det rigtige job.<\\\/span><\\\/p><p><span style=\\\"font-family: georgia, palatino, serif; font-size: 12pt;\\\">Senior Erhverv Silkeborg,<span class=\\\"fontstyle0\\\"> inviterer medlemmer til: Coaching om dine job m\\u00e5l, brancheskifte og det rigtige job for dig.<\\\/span><\\\/span><\\\/p><ul><li><span style=\\\"font-family: georgia, palatino, serif; font-size: 12pt;\\\"><strong> <span class=\\\"fontstyle0\\\">Du f\\u00e5r <\\\/span><\\\/strong><span class=\\\"fontstyle2\\\">sparring og coaching i forbindelse med din jobs\\u00f8gning.<\\\/span><\\\/span><\\\/li><li><span style=\\\"font-family: georgia, palatino, serif; font-size: 12pt;\\\"><strong><span class=\\\"fontstyle0\\\">Det vil hj\\u00e6lpe dig <\\\/span><\\\/strong><span class=\\\"fontstyle2\\\">til at se muligheder, s\\u00e6tte m\\u00e5l og fastl\\u00e6gge en handleplan.<\\\/span><\\\/span><\\\/li><li><span style=\\\"font-family: georgia, palatino, serif; font-size: 12pt;\\\"><strong><span class=\\\"fontstyle0\\\">Du vil opn\\u00e5 <\\\/span><\\\/strong><span class=\\\"fontstyle2\\\">en personlig balance og ro, ved at f\\u00e5 \\u00f8je p\\u00e5 kompetencer og mulighederne.<\\\/span><\\\/span><\\\/li><li><span style=\\\"font-family: georgia, palatino, serif; font-size: 12pt;\\\"><strong><span class=\\\"fontstyle0\\\">Det er dig <\\\/span><\\\/strong><span class=\\\"fontstyle2\\\">der s\\u00e6tter dagsordenen og tempoet.<\\\/span><\\\/span><\\\/li><li><strong style=\\\"font-family: georgia, palatino, serif; font-size: 12pt;\\\"><span class=\\\"fontstyle0\\\">Du vil <\\\/span><\\\/strong><span class=\\\"fontstyle2\\\" style=\\\"font-family: georgia, palatino, serif; font-size: 12pt;\\\">blive coachet p\\u00e5 dine m\\u00e5l og udfordringer.<\\\/span><\\\/li><\\\/ul><p><span style=\\\"font-family: georgia, palatino, serif; font-size: 12pt;\\\"><br \\\/><\\\/span><span style=\\\"font-family: georgia, palatino, serif; font-size: 14pt;\\\">Fokusomr\\u00e5der:<\\\/span><\\\/p><ul><li><span style=\\\"font-family: georgia, palatino, serif; font-size: 12pt;\\\">Afklaring af din situation og nye muligheder.<\\\/span><\\\/li><li><span style=\\\"font-family: georgia, palatino, serif; font-size: 12pt;\\\">Formelle kompetencer og alt, hvad din erfaring giver, uanset, om der er papir p\\u00e5 det.<\\\/span><\\\/li><li><span style=\\\"font-family: georgia, palatino, serif; font-size: 12pt;\\\">Synligg\\u00f8relse af dine personlige og faglige kompetencer.<\\\/span><\\\/li><li><span style=\\\"font-family: georgia, palatino, serif; font-size: 12pt;\\\">Bliv set via en personlig profil, en kort beskrivelse der fremh\\u00e6ver dine v\\u00e6rdier og kompetencer.<\\\/span><\\\/li><li><span style=\\\"font-family: georgia, palatino, serif; font-size: 12pt;\\\">CV med fokus p\\u00e5 din personlige profil og ans\\u00f8gning.<\\\/span><\\\/li><li><span style=\\\"font-family: georgia, palatino, serif; font-size: 12pt;\\\">Bliv afklaret s\\u00e5 du kan forf\\u00f8lge dine m\\u00e5l og n\\u00e5 dem.<\\\/span><\\\/li><li><span style=\\\"font-family: georgia, palatino, serif; font-size: 12pt;\\\">I et coaching forl\\u00f8b vil det altid v\\u00e6re dig, der s\\u00e6tter dagsordenen og tempoet - du vil blive coachet p\\u00e5 dine m\\u00e5l og udfordringer.<\\\/span><\\\/li><\\\/ul><p>\\u00a0<\\\/p><p><strong><span style=\\\"font-size: 12pt; font-family: georgia, palatino, serif;\\\">HUSK tidsbestilling hos Senior Erhverv Silkeborg (ring eller mail til os).<\\\/span><\\\/strong><\\\/p>\",\"eael_tooltip_section_content\":\"I am a tooltip\",\"eael_ext_content_protection_password_placeholder\":\"Enter Password\",\"eael_ext_content_protection_password_submit_btn_txt\":\"Submit\",\"eael_ext_content_protection_password_incorrect_message\":\"Password does not match.\",\"eael_cl_logics\":[{\"_id\":\"7d9568e\"}]},\"elements\":[],\"widgetType\":\"text-editor\"},{\"id\":\"3e42ef9\",\"elType\":\"section\",\"settings\":{\"eael_parallax_layers_list\":[],\"structure\":\"22\",\"eael_cl_logics\":[{\"_id\":\"32c2ae9\"}]},\"elements\":[{\"id\":\"03a54da\",\"elType\":\"column\",\"settings\":{\"_column_size\":33,\"_inline_size\":null,\"eael_cl_logics\":[{\"_id\":\"6350a94\"}]},\"elements\":[{\"id\":\"285437f\",\"elType\":\"widget\",\"settings\":{\"image\":{\"url\":\"https:\\\/\\\/seniorerhverv.org\\\/silkeborg\\\/wp-content\\\/uploads\\\/sites\\\/15\\\/2024\\\/04\\\/Ingelise_2.jpg\",\"id\":2015,\"alt\":\"\",\"source\":\"library\"},\"image_size\":\"medium\",\"image_custom_dimension\":{\"width\":\"64\",\"height\":\"64\"},\"caption_source\":\"custom\",\"caption\":\"Ingelise Nordbjerg\",\"eael_tooltip_section_content\":\"I am a tooltip\",\"eael_ext_content_protection_password_placeholder\":\"Enter Password\",\"eael_ext_content_protection_password_submit_btn_txt\":\"Submit\",\"eael_ext_content_protection_password_incorrect_message\":\"Password does not match.\",\"eael_cl_logics\":[{\"_id\":\"5bc342b\"}]},\"elements\":[],\"widgetType\":\"image\"}],\"isInner\":true},{\"id\":\"1389ea3\",\"elType\":\"column\",\"settings\":{\"_column_size\":66,\"_inline_size\":null,\"eael_cl_logics\":[{\"_id\":\"c7c863c\"}]},\"elements\":[{\"id\":\"a5eb90c\",\"elType\":\"widget\",\"settings\":{\"editor\":\"<h3><span style=\\\"font-family: georgia, palatino, serif;\\\">Vores Coach, Ingelise Nordbjerg<\\\/span><\\\/h3>\",\"eael_tooltip_section_content\":\"I am a tooltip\",\"eael_ext_content_protection_password_placeholder\":\"Enter Password\",\"eael_ext_content_protection_password_submit_btn_txt\":\"Submit\",\"eael_ext_content_protection_password_incorrect_message\":\"Password does not match.\",\"eael_cl_logics\":[{\"_id\":\"5902497\"}]},\"elements\":[],\"widgetType\":\"text-editor\"},{\"id\":\"d10cf6f\",\"elType\":\"widget\",\"settings\":{\"space\":{\"unit\":\"px\",\"size\":20,\"sizes\":[]},\"eael_tooltip_section_content\":\"I am a tooltip\",\"eael_ext_content_protection_password_placeholder\":\"Enter Password\",\"eael_ext_content_protection_password_submit_btn_txt\":\"Submit\",\"eael_ext_content_protection_password_incorrect_message\":\"Password does not match.\",\"eael_cl_logics\":[{\"_id\":\"ae896fe\"}]},\"elements\":[],\"widgetType\":\"spacer\"},{\"id\":\"843fcfe\",\"elType\":\"widget\",\"settings\":{\"editor\":\"<ul><li><span style=\\\"font-family: georgia, palatino, serif; font-size: 12pt;\\\">er mange\\u00e5rig vejleder, underviser og uddannet Coache.<\\\/span><\\\/li><li><span style=\\\"font-family: georgia, palatino, serif; font-size: 12pt;\\\">coacher dig p\\u00e5 personlig afklaring, afd\\u00e6kning af kompetencer og muligheder til arbejdsmarkedet og dine \\u00f8nsker, i et fortroligt forum.<\\\/span><\\\/li><\\\/ul>\",\"eael_tooltip_section_content\":\"I am a tooltip\",\"eael_ext_content_protection_password_placeholder\":\"Enter Password\",\"eael_ext_content_protection_password_submit_btn_txt\":\"Submit\",\"eael_ext_content_protection_password_incorrect_message\":\"Password does not match.\",\"eael_cl_logics\":[{\"_id\":\"429f7e3\"}]},\"elements\":[],\"widgetType\":\"text-editor\"}],\"isInner\":true}],\"isInner\":true},{\"id\":\"5636a2a\",\"elType\":\"widget\",\"settings\":{\"space\":{\"unit\":\"px\",\"size\":15,\"sizes\":[]},\"eael_tooltip_section_content\":\"I am a tooltip\",\"eael_ext_content_protection_password_placeholder\":\"Enter Password\",\"eael_ext_content_protection_password_submit_btn_txt\":\"Submit\",\"eael_ext_content_protection_password_incorrect_message\":\"Password does not match.\",\"eael_cl_logics\":[{\"_id\":\"0622207\"}]},\"elements\":[],\"widgetType\":\"spacer\"},{\"id\":\"41fcc2d\",\"elType\":\"widget\",\"settings\":{\"icon_list\":[{\"text\":\"Hent Sparring og coaching folderen, klik her.\",\"selected_icon\":{\"value\":\"fas fa-file-pdf\",\"library\":\"fa-solid\"},\"link\":{\"url\":\"https:\\\/\\\/seniorerhverv.org\\\/silkeborg\\\/wp-content\\\/uploads\\\/sites\\\/15\\\/2024\\\/04\\\/opslag-coaching-Ingelise2.pdf\",\"is_external\":\"on\",\"nofollow\":\"\",\"custom_attributes\":\"\"},\"_id\":\"c423b18\"}],\"icon_size\":{\"unit\":\"px\",\"size\":30,\"sizes\":[]},\"eael_tooltip_section_content\":\"I am a tooltip\",\"eael_ext_content_protection_password_placeholder\":\"Enter Password\",\"eael_ext_content_protection_password_submit_btn_txt\":\"Submit\",\"eael_ext_content_protection_password_incorrect_message\":\"Password does not match.\",\"eael_cl_logics\":[{\"_id\":\"8ff7c55\"}],\"__globals__\":{\"icon_color\":\"globals\\\/colors?id=text\",\"icon_color_hover\":\"globals\\\/colors?id=primary\",\"text_color\":\"globals\\\/colors?id=text\",\"text_color_hover\":\"globals\\\/colors?id=primary\"}},\"elements\":[],\"widgetType\":\"icon-list\"}],\"isInner\":false},{\"id\":\"4c1dede\",\"elType\":\"column\",\"settings\":{\"_column_size\":50,\"_inline_size\":49.929000000000002046363078989088535308837890625,\"eael_cl_logics\":[{\"_id\":\"7dfa1ce\"}],\"content_position\":\"center\"},\"elements\":[{\"id\":\"6d120a0\",\"elType\":\"widget\",\"settings\":{\"image\":{\"url\":\"https:\\\/\\\/seniorerhverv.org\\\/silkeborg\\\/wp-content\\\/uploads\\\/sites\\\/15\\\/2023\\\/03\\\/031014-kano-i-soeen-1600px_2.jpg\",\"id\":1111,\"alt\":\"\",\"source\":\"library\"},\"eael_tooltip_section_content\":\"I am a tooltip\",\"eael_ext_content_protection_password_placeholder\":\"Enter Password\",\"eael_ext_content_protection_password_submit_btn_txt\":\"Submit\",\"eael_ext_content_protection_password_incorrect_message\":\"Password does not match.\",\"eael_cl_logics\":[{\"_id\":\"4bf5f64\"}]},\"elements\":[],\"widgetType\":\"image\"}],\"isInner\":false}],\"isInner\":false}]","_elementor_page_assets":[],"_eael_custom_js":"","_elementor_controls_usage":{"text-editor":{"count":3,"control_percent":1,"controls":{"content":{"section_editor":{"editor":3}},"advanced":{"eael_conditional_logic_section":{"eael_cl_logics":3}}}},"image":{"count":2,"control_percent":1,"controls":{"content":{"section_image":{"image":2,"image_size":1,"image_custom_dimension":1,"caption_source":1,"caption":1}},"advanced":{"eael_conditional_logic_section":{"eael_cl_logics":2}}}},"column":{"count":4,"control_percent":1,"controls":{"layout":{"layout":{"_inline_size":4,"content_position":1}},"advanced":{"eael_conditional_logic_section":{"eael_cl_logics":4}}}},"spacer":{"count":2,"control_percent":1,"controls":{"content":{"section_spacer":{"space":2}},"advanced":{"eael_conditional_logic_section":{"eael_cl_logics":2}}}},"section":{"count":2,"control_percent":1,"controls":{"layout":{"section_structure":{"structure":2}},"advanced":{"eael_conditional_logic_section":{"eael_cl_logics":2}}}},"icon-list":{"count":1,"control_percent":1,"controls":{"content":{"section_icon":{"icon_list":1}},"style":{"section_icon_style":{"icon_size":1}},"advanced":{"eael_conditional_logic_section":{"eael_cl_logics":1}}}}},"_elementor_css":{"time":1712103065,"fonts":[],"icons":["fa-solid"],"dynamic_elements_ids":[],"status":"file","0":""}},"_links":{"self":[{"href":"https:\/\/seniorerhverv.org\/silkeborg\/wp-json\/wp\/v2\/pages\/2001"}],"collection":[{"href":"https:\/\/seniorerhverv.org\/silkeborg\/wp-json\/wp\/v2\/pages"}],"about":[{"href":"https:\/\/seniorerhverv.org\/silkeborg\/wp-json\/wp\/v2\/types\/page"}],"author":[{"embeddable":true,"href":"https:\/\/seniorerhverv.org\/silkeborg\/wp-json\/wp\/v2\/users\/15"}],"replies":[{"embeddable":true,"href":"https:\/\/seniorerhverv.org\/silkeborg\/wp-json\/wp\/v2\/comments?post=2001"}],"version-history":[{"count":25,"href":"https:\/\/seniorerhverv.org\/silkeborg\/wp-json\/wp\/v2\/pages\/2001\/revisions"}],"predecessor-version":[{"id":2039,"href":"https:\/\/seniorerhverv.org\/silkeborg\/wp-json\/wp\/v2\/pages\/2001\/revisions\/2039"}],"wp:attachment":[{"href":"https:\/\/seniorerhverv.org\/silkeborg\/wp-json\/wp\/v2\/media?parent=2001"}],"curies":[{"name":"wp","href":"https:\/\/api.w.org\/{rel}","templated":true}]}}