{"id":1870,"date":"2023-03-25T16:09:10","date_gmt":"2023-03-25T16:09:10","guid":{"rendered":"https:\/\/seniorerhverv.org\/silkeborg\/?page_id=1870"},"modified":"2024-05-02T13:06:07","modified_gmt":"2024-05-02T13:06:07","slug":"fysiske-rammer-23","status":"publish","type":"page","link":"https:\/\/seniorerhverv.org\/silkeborg\/fysiske-rammer-23\/","title":{"rendered":"Fysiske rammer 23"},"content":{"rendered":"\t\t<div data-elementor-type=\"wp-page\" data-elementor-id=\"1870\" class=\"elementor elementor-1870\" data-elementor-settings=\"[]\">\n\t\t\t\t\t\t\t<div class=\"elementor-section-wrap\">\n\t\t\t\t\t\t\t<section data-particle_enable=\"false\" data-particle-mobile-disabled=\"false\" class=\"elementor-section elementor-top-section elementor-element elementor-element-9d61b90 elementor-section-boxed elementor-section-height-default elementor-section-height-default\" data-id=\"9d61b90\" data-element_type=\"section\">\n\t\t\t\t\t\t<div class=\"elementor-container elementor-column-gap-default\">\n\t\t\t\t\t<div class=\"elementor-column elementor-col-50 elementor-top-column elementor-element elementor-element-5942330\" data-id=\"5942330\" data-element_type=\"column\">\n\t\t\t<div class=\"elementor-widget-wrap elementor-element-populated\">\n\t\t\t\t\t\t\t\t<div class=\"elementor-element elementor-element-dbf1fd8 elementor-widget elementor-widget-gallery\" data-id=\"dbf1fd8\" data-element_type=\"widget\" data-settings=\"{&quot;gallery_layout&quot;:&quot;masonry&quot;,&quot;columns&quot;:3,&quot;gap&quot;:{&quot;unit&quot;:&quot;px&quot;,&quot;size&quot;:5,&quot;sizes&quot;:[]},&quot;overlay_description&quot;:&quot;caption&quot;,&quot;lazyload&quot;:&quot;yes&quot;,&quot;columns_tablet&quot;:2,&quot;columns_mobile&quot;:1,&quot;gap_tablet&quot;:{&quot;unit&quot;:&quot;px&quot;,&quot;size&quot;:10,&quot;sizes&quot;:[]},&quot;gap_mobile&quot;:{&quot;unit&quot;:&quot;px&quot;,&quot;size&quot;:10,&quot;sizes&quot;:[]},&quot;link_to&quot;:&quot;file&quot;,&quot;overlay_background&quot;:&quot;yes&quot;,&quot;content_hover_animation&quot;:&quot;fade-in&quot;}\" data-widget_type=\"gallery.default\">\n\t\t\t\t<div class=\"elementor-widget-container\">\n\t\t\t\t\t<div class=\"elementor-gallery__container\">\n\t\t\t\t\t\t\t<a class=\"e-gallery-item elementor-gallery-item elementor-animated-content\" href=\"https:\/\/seniorerhverv.org\/silkeborg\/wp-content\/uploads\/sites\/15\/2024\/05\/IMG_20240501_122342-1-scaled.jpg\" data-elementor-open-lightbox=\"yes\" data-elementor-lightbox-slideshow=\"all-dbf1fd8\" data-elementor-lightbox-title=\"IMG_20240501_122342\">\n\t\t\t\t\t<div class=\"e-gallery-image elementor-gallery-item__image\" data-thumbnail=\"https:\/\/seniorerhverv.org\/silkeborg\/wp-content\/uploads\/sites\/15\/2024\/05\/IMG_20240501_122342-1-768x713.jpg\" data-width=\"768\" data-height=\"713\" alt=\"\" ><\/div>\n\t\t\t\t\t\t\t\t\t\t<div class=\"elementor-gallery-item__overlay\"><\/div>\n\t\t\t\t\t\t\t\t\t\t\t\t\t\t\t<div class=\"elementor-gallery-item__content\">\n\t\t\t\t\t\t\t\t\t\t\t\t\t<div class=\"elementor-gallery-item__description\">Facade med flag og skilt<\/div>\n\t\t\t\t\t\t\t\t\t\t\t\t<\/div>\n\t\t\t\t\t\t\t\t\t<\/a>\n\t\t\t\t\t\t\t<a class=\"e-gallery-item elementor-gallery-item elementor-animated-content\" href=\"https:\/\/seniorerhverv.org\/silkeborg\/wp-content\/uploads\/sites\/15\/2024\/05\/IMG_20240501_122606-1-scaled.jpg\" data-elementor-open-lightbox=\"yes\" data-elementor-lightbox-slideshow=\"all-dbf1fd8\" data-elementor-lightbox-title=\"IMG_20240501_122606\">\n\t\t\t\t\t<div class=\"e-gallery-image elementor-gallery-item__image\" data-thumbnail=\"https:\/\/seniorerhverv.org\/silkeborg\/wp-content\/uploads\/sites\/15\/2024\/05\/IMG_20240501_122606-1-768x1047.jpg\" data-width=\"768\" data-height=\"1047\" alt=\"\" ><\/div>\n\t\t\t\t\t\t\t\t\t\t<div class=\"elementor-gallery-item__overlay\"><\/div>\n\t\t\t\t\t\t\t\t\t\t\t\t\t\t\t<div class=\"elementor-gallery-item__content\">\n\t\t\t\t\t\t\t\t\t\t\t\t\t<div class=\"elementor-gallery-item__description\">Facade<\/div>\n\t\t\t\t\t\t\t\t\t\t\t\t<\/div>\n\t\t\t\t\t\t\t\t\t<\/a>\n\t\t\t\t\t\t\t<a class=\"e-gallery-item elementor-gallery-item elementor-animated-content\" href=\"https:\/\/seniorerhverv.org\/silkeborg\/wp-content\/uploads\/sites\/15\/2024\/05\/IMG_20240501_122532-1-scaled.jpg\" data-elementor-open-lightbox=\"yes\" data-elementor-lightbox-slideshow=\"all-dbf1fd8\" data-elementor-lightbox-title=\"IMG_20240501_122532\">\n\t\t\t\t\t<div class=\"e-gallery-image elementor-gallery-item__image\" data-thumbnail=\"https:\/\/seniorerhverv.org\/silkeborg\/wp-content\/uploads\/sites\/15\/2024\/05\/IMG_20240501_122532-1-768x483.jpg\" data-width=\"768\" data-height=\"483\" alt=\"\" ><\/div>\n\t\t\t\t\t\t\t\t\t\t<div class=\"elementor-gallery-item__overlay\"><\/div>\n\t\t\t\t\t\t\t\t\t\t\t\t\t\t\t<div class=\"elementor-gallery-item__content\">\n\t\t\t\t\t\t\t\t\t\t\t\t\t<div class=\"elementor-gallery-item__description\">Facade<\/div>\n\t\t\t\t\t\t\t\t\t\t\t\t<\/div>\n\t\t\t\t\t\t\t\t\t<\/a>\n\t\t\t\t\t\t\t<a class=\"e-gallery-item elementor-gallery-item elementor-animated-content\" href=\"https:\/\/seniorerhverv.org\/silkeborg\/wp-content\/uploads\/sites\/15\/2024\/05\/IMG_20240501_121830-1-scaled.jpg\" data-elementor-open-lightbox=\"yes\" data-elementor-lightbox-slideshow=\"all-dbf1fd8\" data-elementor-lightbox-title=\"IMG_20240501_121830\">\n\t\t\t\t\t<div class=\"e-gallery-image elementor-gallery-item__image\" data-thumbnail=\"https:\/\/seniorerhverv.org\/silkeborg\/wp-content\/uploads\/sites\/15\/2024\/05\/IMG_20240501_121830-1-768x543.jpg\" data-width=\"768\" data-height=\"543\" alt=\"\" ><\/div>\n\t\t\t\t\t\t\t\t\t\t<div class=\"elementor-gallery-item__overlay\"><\/div>\n\t\t\t\t\t\t\t\t\t\t\t\t\t\t\t<div class=\"elementor-gallery-item__content\">\n\t\t\t\t\t\t\t\t\t\t\t\t\t<div class=\"elementor-gallery-item__description\">Forkontor<\/div>\n\t\t\t\t\t\t\t\t\t\t\t\t<\/div>\n\t\t\t\t\t\t\t\t\t<\/a>\n\t\t\t\t\t\t\t<a class=\"e-gallery-item elementor-gallery-item elementor-animated-content\" href=\"https:\/\/seniorerhverv.org\/silkeborg\/wp-content\/uploads\/sites\/15\/2024\/05\/IMG_20240501_121852-1-scaled.jpg\" data-elementor-open-lightbox=\"yes\" data-elementor-lightbox-slideshow=\"all-dbf1fd8\" data-elementor-lightbox-title=\"IMG_20240501_121852\">\n\t\t\t\t\t<div class=\"e-gallery-image elementor-gallery-item__image\" data-thumbnail=\"https:\/\/seniorerhverv.org\/silkeborg\/wp-content\/uploads\/sites\/15\/2024\/05\/IMG_20240501_121852-1-768x526.jpg\" data-width=\"768\" data-height=\"526\" alt=\"\" ><\/div>\n\t\t\t\t\t\t\t\t\t\t<div class=\"elementor-gallery-item__overlay\"><\/div>\n\t\t\t\t\t\t\t\t\t\t\t\t\t\t\t<div class=\"elementor-gallery-item__content\">\n\t\t\t\t\t\t\t\t\t\t\t\t\t<div class=\"elementor-gallery-item__description\">Hoved-lokale<\/div>\n\t\t\t\t\t\t\t\t\t\t\t\t<\/div>\n\t\t\t\t\t\t\t\t\t<\/a>\n\t\t\t\t\t\t\t<a class=\"e-gallery-item elementor-gallery-item elementor-animated-content\" href=\"https:\/\/seniorerhverv.org\/silkeborg\/wp-content\/uploads\/sites\/15\/2024\/05\/IMG_20240501_121938-1-scaled.jpg\" data-elementor-open-lightbox=\"yes\" data-elementor-lightbox-slideshow=\"all-dbf1fd8\" data-elementor-lightbox-title=\"IMG_20240501_121938\">\n\t\t\t\t\t<div class=\"e-gallery-image elementor-gallery-item__image\" data-thumbnail=\"https:\/\/seniorerhverv.org\/silkeborg\/wp-content\/uploads\/sites\/15\/2024\/05\/IMG_20240501_121938-1-768x507.jpg\" data-width=\"768\" data-height=\"507\" alt=\"\" ><\/div>\n\t\t\t\t\t\t\t\t\t\t<div class=\"elementor-gallery-item__overlay\"><\/div>\n\t\t\t\t\t\t\t\t\t\t\t\t\t\t\t<div class=\"elementor-gallery-item__content\">\n\t\t\t\t\t\t\t\t\t\t\t\t\t<div class=\"elementor-gallery-item__description\">M\u00f8de og undervisningslokale<\/div>\n\t\t\t\t\t\t\t\t\t\t\t\t<\/div>\n\t\t\t\t\t\t\t\t\t<\/a>\n\t\t\t\t\t<\/div>\n\t\t\t<\/div>\n\t\t\t\t<\/div>\n\t\t\t\t\t<\/div>\n\t\t<\/div>\n\t\t\t\t<div class=\"elementor-column elementor-col-50 elementor-top-column elementor-element elementor-element-3dd8dc5\" data-id=\"3dd8dc5\" data-element_type=\"column\">\n\t\t\t<div class=\"elementor-widget-wrap elementor-element-populated\">\n\t\t\t\t\t\t\t\t<div class=\"elementor-element elementor-element-158724c elementor-widget elementor-widget-heading\" data-id=\"158724c\" data-element_type=\"widget\" data-widget_type=\"heading.default\">\n\t\t\t\t<div class=\"elementor-widget-container\">\n\t\t\t<h2 class=\"elementor-heading-title elementor-size-default\">Fysiske rammer<\/h2>\t\t<\/div>\n\t\t\t\t<\/div>\n\t\t\t\t<div class=\"elementor-element elementor-element-21698f7 elementor-widget elementor-widget-spacer\" data-id=\"21698f7\" data-element_type=\"widget\" data-widget_type=\"spacer.default\">\n\t\t\t\t<div class=\"elementor-widget-container\">\n\t\t\t\t\t<div class=\"elementor-spacer\">\n\t\t\t<div class=\"elementor-spacer-inner\"><\/div>\n\t\t<\/div>\n\t\t\t\t<\/div>\n\t\t\t\t<\/div>\n\t\t\t\t<div class=\"elementor-element elementor-element-6c80046 elementor-widget elementor-widget-text-editor\" data-id=\"6c80046\" data-element_type=\"widget\" data-widget_type=\"text-editor.default\">\n\t\t\t\t<div class=\"elementor-widget-container\">\n\t\t\t\t\t\t\t<p>Vi bor til leje p\u00e5 Herningvej 98. Vores lokaler best\u00e5r af:<\/p><ul><li>Et forkontor med en sofa og sofabord, samt kontorvagtens arbejdsplads.<\/li><li>Hoved-lokalet med konferencebord og tilh\u00f8rende stole s\u00e5 vi nemt kan have 25-30 personer siddende. Her er ogs\u00e5 3-4 arbejdspladser bl.a. til Virksomhedsgruppen og Kassereren.<\/li><li>Et m\u00f8delokale hvor vi kan v\u00e6re op til 20-25 personer. Her er der ogs\u00e5 et par arbejdspladser.\u00a0<\/li><li>Et lille depot rum.<\/li><\/ul>\t\t\t\t\t\t<\/div>\n\t\t\t\t<\/div>\n\t\t\t\t<div class=\"elementor-element elementor-element-0907bb2 elementor-widget elementor-widget-spacer\" data-id=\"0907bb2\" data-element_type=\"widget\" data-widget_type=\"spacer.default\">\n\t\t\t\t<div class=\"elementor-widget-container\">\n\t\t\t\t\t<div class=\"elementor-spacer\">\n\t\t\t<div class=\"elementor-spacer-inner\"><\/div>\n\t\t<\/div>\n\t\t\t\t<\/div>\n\t\t\t\t<\/div>\n\t\t\t\t<div class=\"elementor-element elementor-element-3910cb4 elementor-widget elementor-widget-text-editor\" data-id=\"3910cb4\" data-element_type=\"widget\" data-widget_type=\"text-editor.default\">\n\t\t\t\t<div class=\"elementor-widget-container\">\n\t\t\t\t\t\t\t<p>Der er 6-8 P-pladser lige ved huset og mange flere indenfor meget kort afstand.<\/p><p>Midttrafik <a href=\"https:\/\/www.midttrafik.dk\/koreplaner\/bybusser\/silkeborg\/\" target=\"_blank\" rel=\"noopener\">bybus nr. 5<\/a> og <a href=\"https:\/\/www.midttrafik.dk\/koreplaner\/regional-lokal-og-flexbusser\/\" target=\"_blank\" rel=\"noopener\">regionalbus nr. 124<\/a> har stoppested lige foran huset. <a href=\"https:\/\/www.midttrafik.dk\/koreplaner\/bybusser\/silkeborg\/\" target=\"_blank\" rel=\"noopener\">Bybus nr. 3<\/a> har stoppested 100 meter fra huset.\u00a0<\/p>\t\t\t\t\t\t<\/div>\n\t\t\t\t<\/div>\n\t\t\t\t\t<\/div>\n\t\t<\/div>\n\t\t\t\t\t\t\t<\/div>\n\t\t<\/section>\n\t\t\t\t<section data-particle_enable=\"false\" data-particle-mobile-disabled=\"false\" class=\"elementor-section elementor-top-section elementor-element elementor-element-cfe79a1 elementor-section-boxed elementor-section-height-default elementor-section-height-default\" data-id=\"cfe79a1\" data-element_type=\"section\">\n\t\t\t\t\t\t<div class=\"elementor-container elementor-column-gap-default\">\n\t\t\t\t\t<div class=\"elementor-column elementor-col-100 elementor-top-column elementor-element elementor-element-321583a\" data-id=\"321583a\" data-element_type=\"column\">\n\t\t\t<div class=\"elementor-widget-wrap elementor-element-populated\">\n\t\t\t\t\t\t\t\t<div class=\"elementor-element elementor-element-16597ac elementor-widget elementor-widget-gallery\" data-id=\"16597ac\" data-element_type=\"widget\" data-settings=\"{&quot;gallery_layout&quot;:&quot;justified&quot;,&quot;lazyload&quot;:&quot;yes&quot;,&quot;ideal_row_height&quot;:{&quot;unit&quot;:&quot;px&quot;,&quot;size&quot;:200,&quot;sizes&quot;:[]},&quot;ideal_row_height_tablet&quot;:{&quot;unit&quot;:&quot;px&quot;,&quot;size&quot;:150,&quot;sizes&quot;:[]},&quot;ideal_row_height_mobile&quot;:{&quot;unit&quot;:&quot;px&quot;,&quot;size&quot;:150,&quot;sizes&quot;:[]},&quot;gap&quot;:{&quot;unit&quot;:&quot;px&quot;,&quot;size&quot;:10,&quot;sizes&quot;:[]},&quot;gap_tablet&quot;:{&quot;unit&quot;:&quot;px&quot;,&quot;size&quot;:10,&quot;sizes&quot;:[]},&quot;gap_mobile&quot;:{&quot;unit&quot;:&quot;px&quot;,&quot;size&quot;:10,&quot;sizes&quot;:[]},&quot;link_to&quot;:&quot;file&quot;,&quot;overlay_background&quot;:&quot;yes&quot;,&quot;content_hover_animation&quot;:&quot;fade-in&quot;}\" data-widget_type=\"gallery.default\">\n\t\t\t\t<div class=\"elementor-widget-container\">\n\t\t\t\t\t<div class=\"elementor-gallery__container\">\n\t\t\t\t\t<\/div>\n\t\t\t<\/div>\n\t\t\t\t<\/div>\n\t\t\t\t\t<\/div>\n\t\t<\/div>\n\t\t\t\t\t\t\t<\/div>\n\t\t<\/section>\n\t\t\t\t\t\t<\/div>\n\t\t\t\t\t<\/div>\n\t\t"},"excerpt":{"rendered":"<p>Facade med flag og skilt Facade Facade Forkontor Hoved-lokale M\u00f8de og undervisningslokale Fysiske rammer Vi bor til leje p\u00e5 Herningvej 98. Vores lokaler best\u00e5r af: Et forkontor med en sofa og sofabord, samt kontorvagtens arbejdsplads. Hoved-lokalet med konferencebord og tilh\u00f8rende stole s\u00e5 vi nemt kan have 25-30 personer siddende. Her er ogs\u00e5 3-4 arbejdspladser bl.a. [&hellip;]<\/p>\n","protected":false},"author":15,"featured_media":0,"parent":0,"menu_order":0,"comment_status":"closed","ping_status":"closed","template":"elementor_header_footer","meta":[],"x_date":"marts 25, 2023","x_author":"silkeborg","x_gravatar":"https:\/\/secure.gravatar.com\/avatar\/23540b13779411d433b4ba06bbd0c2d6?s=96&d=mm&r=g","x_metadata":{"_elementor_edit_mode":"builder","_elementor_template_type":"wp-page","_elementor_version":"3.4.4","_elementor_pro_version":"3.2.1","_elementor_page_settings":{"eael_ext_toc_title":"Table of Contents"},"_elementor_data":"[{\"id\":\"9d61b90\",\"elType\":\"section\",\"settings\":{\"eael_parallax_layers_list\":[],\"structure\":\"20\",\"eael_cl_logics\":[{\"_id\":\"47ffbd2\"}]},\"elements\":[{\"id\":\"5942330\",\"elType\":\"column\",\"settings\":{\"_column_size\":50,\"_inline_size\":50,\"eael_cl_logics\":[{\"_id\":\"4e01d6a\"}]},\"elements\":[{\"id\":\"dbf1fd8\",\"elType\":\"widget\",\"settings\":{\"galleries\":[{\"gallery_title\":\"New Gallery\",\"_id\":\"cb346a7\"}],\"show_all_galleries_label\":\"All\",\"eael_tooltip_section_content\":\"I am a tooltip\",\"eael_ext_content_protection_password_placeholder\":\"Enter Password\",\"eael_ext_content_protection_password_submit_btn_txt\":\"Submit\",\"eael_ext_content_protection_password_incorrect_message\":\"Password does not match.\",\"eael_cl_logics\":[{\"_id\":\"b3f4134\"}],\"gallery\":[{\"id\":2182,\"url\":\"https:\\\/\\\/seniorerhverv.org\\\/silkeborg\\\/wp-content\\\/uploads\\\/sites\\\/15\\\/2024\\\/05\\\/IMG_20240501_122342-1-scaled.jpg\"},{\"id\":2184,\"url\":\"https:\\\/\\\/seniorerhverv.org\\\/silkeborg\\\/wp-content\\\/uploads\\\/sites\\\/15\\\/2024\\\/05\\\/IMG_20240501_122606-1-scaled.jpg\"},{\"id\":2183,\"url\":\"https:\\\/\\\/seniorerhverv.org\\\/silkeborg\\\/wp-content\\\/uploads\\\/sites\\\/15\\\/2024\\\/05\\\/IMG_20240501_122532-1-scaled.jpg\"},{\"id\":2176,\"url\":\"https:\\\/\\\/seniorerhverv.org\\\/silkeborg\\\/wp-content\\\/uploads\\\/sites\\\/15\\\/2024\\\/05\\\/IMG_20240501_121830-1-scaled.jpg\"},{\"id\":2177,\"url\":\"https:\\\/\\\/seniorerhverv.org\\\/silkeborg\\\/wp-content\\\/uploads\\\/sites\\\/15\\\/2024\\\/05\\\/IMG_20240501_121852-1-scaled.jpg\"},{\"id\":2178,\"url\":\"https:\\\/\\\/seniorerhverv.org\\\/silkeborg\\\/wp-content\\\/uploads\\\/sites\\\/15\\\/2024\\\/05\\\/IMG_20240501_121938-1-scaled.jpg\"}],\"gallery_layout\":\"masonry\",\"columns\":3,\"gap\":{\"unit\":\"px\",\"size\":5,\"sizes\":[]},\"thumbnail_image_size\":\"medium_large\",\"overlay_description\":\"caption\"},\"elements\":[],\"widgetType\":\"gallery\"}],\"isInner\":false},{\"id\":\"3dd8dc5\",\"elType\":\"column\",\"settings\":{\"_column_size\":50,\"_inline_size\":50,\"eael_cl_logics\":[{\"_id\":\"0cce48f\"}]},\"elements\":[{\"id\":\"158724c\",\"elType\":\"widget\",\"settings\":{\"title\":\"Fysiske rammer\",\"eael_tooltip_section_content\":\"I am a tooltip\",\"eael_ext_content_protection_password_placeholder\":\"Enter Password\",\"eael_ext_content_protection_password_submit_btn_txt\":\"Submit\",\"eael_ext_content_protection_password_incorrect_message\":\"Password does not match.\",\"eael_cl_logics\":[{\"_id\":\"4c63bf7\"}]},\"elements\":[],\"widgetType\":\"heading\"},{\"id\":\"21698f7\",\"elType\":\"widget\",\"settings\":{\"space\":{\"unit\":\"px\",\"size\":15,\"sizes\":[]},\"eael_tooltip_section_content\":\"I am a tooltip\",\"eael_ext_content_protection_password_placeholder\":\"Enter Password\",\"eael_ext_content_protection_password_submit_btn_txt\":\"Submit\",\"eael_ext_content_protection_password_incorrect_message\":\"Password does not match.\",\"eael_cl_logics\":[{\"_id\":\"c399727\"}]},\"elements\":[],\"widgetType\":\"spacer\"},{\"id\":\"6c80046\",\"elType\":\"widget\",\"settings\":{\"editor\":\"<p>Vi bor til leje p\\u00e5 Herningvej 98. Vores lokaler best\\u00e5r af:<\\\/p><ul><li>Et forkontor med en sofa og sofabord, samt kontorvagtens arbejdsplads.<\\\/li><li>Hoved-lokalet med konferencebord og tilh\\u00f8rende stole s\\u00e5 vi nemt kan have 25-30 personer siddende. Her er ogs\\u00e5 3-4 arbejdspladser bl.a. til Virksomhedsgruppen og Kassereren.<\\\/li><li>Et m\\u00f8delokale hvor vi kan v\\u00e6re op til 20-25 personer. Her er der ogs\\u00e5 et par arbejdspladser.\\u00a0<\\\/li><li>Et lille depot rum.<\\\/li><\\\/ul>\",\"eael_tooltip_section_content\":\"I am a tooltip\",\"eael_ext_content_protection_password_placeholder\":\"Enter Password\",\"eael_ext_content_protection_password_submit_btn_txt\":\"Submit\",\"eael_ext_content_protection_password_incorrect_message\":\"Password does not match.\",\"eael_cl_logics\":[{\"_id\":\"047c344\"}]},\"elements\":[],\"widgetType\":\"text-editor\"},{\"id\":\"0907bb2\",\"elType\":\"widget\",\"settings\":{\"space\":{\"unit\":\"px\",\"size\":15,\"sizes\":[]},\"eael_tooltip_section_content\":\"I am a tooltip\",\"eael_ext_content_protection_password_placeholder\":\"Enter Password\",\"eael_ext_content_protection_password_submit_btn_txt\":\"Submit\",\"eael_ext_content_protection_password_incorrect_message\":\"Password does not match.\",\"eael_cl_logics\":[{\"_id\":\"c399727\"}]},\"elements\":[],\"widgetType\":\"spacer\"},{\"id\":\"3910cb4\",\"elType\":\"widget\",\"settings\":{\"editor\":\"<p>Der er 6-8 P-pladser lige ved huset og mange flere indenfor meget kort afstand.<\\\/p><p>Midttrafik <a href=\\\"https:\\\/\\\/www.midttrafik.dk\\\/koreplaner\\\/bybusser\\\/silkeborg\\\/\\\" target=\\\"_blank\\\" rel=\\\"noopener\\\">bybus nr. 5<\\\/a> og <a href=\\\"https:\\\/\\\/www.midttrafik.dk\\\/koreplaner\\\/regional-lokal-og-flexbusser\\\/\\\" target=\\\"_blank\\\" rel=\\\"noopener\\\">regionalbus nr. 124<\\\/a> har stoppested lige foran huset. <a href=\\\"https:\\\/\\\/www.midttrafik.dk\\\/koreplaner\\\/bybusser\\\/silkeborg\\\/\\\" target=\\\"_blank\\\" rel=\\\"noopener\\\">Bybus nr. 3<\\\/a> har stoppested 100 meter fra huset.\\u00a0<\\\/p>\",\"eael_tooltip_section_content\":\"I am a tooltip\",\"eael_ext_content_protection_password_placeholder\":\"Enter Password\",\"eael_ext_content_protection_password_submit_btn_txt\":\"Submit\",\"eael_ext_content_protection_password_incorrect_message\":\"Password does not match.\",\"eael_cl_logics\":[{\"_id\":\"26329f1\"}]},\"elements\":[],\"widgetType\":\"text-editor\"}],\"isInner\":false}],\"isInner\":false},{\"id\":\"cfe79a1\",\"elType\":\"section\",\"settings\":{\"eael_parallax_layers_list\":[],\"eael_cl_logics\":[{\"_id\":\"29df237\"}]},\"elements\":[{\"id\":\"321583a\",\"elType\":\"column\",\"settings\":{\"_column_size\":100,\"_inline_size\":null,\"eael_cl_logics\":[{\"_id\":\"1fe94c0\"}]},\"elements\":[{\"id\":\"16597ac\",\"elType\":\"widget\",\"settings\":{\"gallery\":[{\"id\":2157,\"url\":\"https:\\\/\\\/seniorerhverv.org\\\/silkeborg\\\/wp-content\\\/uploads\\\/sites\\\/15\\\/2024\\\/05\\\/IMG_20240501_121830-scaled.jpg\"},{\"id\":2158,\"url\":\"https:\\\/\\\/seniorerhverv.org\\\/silkeborg\\\/wp-content\\\/uploads\\\/sites\\\/15\\\/2024\\\/05\\\/IMG_20240501_121852-scaled.jpg\"},{\"id\":2159,\"url\":\"https:\\\/\\\/seniorerhverv.org\\\/silkeborg\\\/wp-content\\\/uploads\\\/sites\\\/15\\\/2024\\\/05\\\/IMG_20240501_121938-scaled.jpg\"}],\"galleries\":[{\"gallery_title\":\"New Gallery\",\"_id\":\"e2383da\"}],\"gallery_layout\":\"justified\",\"thumbnail_image_size\":\"medium_large\",\"show_all_galleries_label\":\"All\",\"eael_tooltip_section_content\":\"I am a tooltip\",\"eael_ext_content_protection_password_placeholder\":\"Enter Password\",\"eael_ext_content_protection_password_submit_btn_txt\":\"Submit\",\"eael_ext_content_protection_password_incorrect_message\":\"Password does not match.\",\"eael_cl_logics\":[{\"_id\":\"dc85745\"}]},\"elements\":[],\"widgetType\":\"gallery\"}],\"isInner\":false}],\"isInner\":false}]","_elementor_page_assets":[],"_eael_custom_js":"","_eael_widget_elements":[],"_elementor_controls_usage":{"gallery":{"count":2,"control_percent":1,"controls":{"content":{"settings":{"galleries":2,"gallery":2,"gallery_layout":2,"columns":1,"gap":1,"thumbnail_image_size":2},"overlay":{"overlay_description":1}},"advanced":{"eael_conditional_logic_section":{"eael_cl_logics":2}}}},"column":{"count":3,"control_percent":1,"controls":{"layout":{"layout":{"_inline_size":3}},"advanced":{"eael_conditional_logic_section":{"eael_cl_logics":3}}}},"heading":{"count":1,"control_percent":1,"controls":{"content":{"section_title":{"title":1}},"advanced":{"eael_conditional_logic_section":{"eael_cl_logics":1}}}},"spacer":{"count":2,"control_percent":1,"controls":{"content":{"section_spacer":{"space":2}},"advanced":{"eael_conditional_logic_section":{"eael_cl_logics":2}}}},"text-editor":{"count":2,"control_percent":1,"controls":{"content":{"section_editor":{"editor":2}},"advanced":{"eael_conditional_logic_section":{"eael_cl_logics":2}}}},"section":{"count":2,"control_percent":0,"controls":{"layout":{"section_structure":{"structure":1}},"advanced":{"eael_conditional_logic_section":{"eael_cl_logics":2}}}}},"_elementor_css":{"time":1714656959,"fonts":[],"icons":[],"dynamic_elements_ids":[],"status":"file","0":""}},"_links":{"self":[{"href":"https:\/\/seniorerhverv.org\/silkeborg\/wp-json\/wp\/v2\/pages\/1870"}],"collection":[{"href":"https:\/\/seniorerhverv.org\/silkeborg\/wp-json\/wp\/v2\/pages"}],"about":[{"href":"https:\/\/seniorerhverv.org\/silkeborg\/wp-json\/wp\/v2\/types\/page"}],"author":[{"embeddable":true,"href":"https:\/\/seniorerhverv.org\/silkeborg\/wp-json\/wp\/v2\/users\/15"}],"replies":[{"embeddable":true,"href":"https:\/\/seniorerhverv.org\/silkeborg\/wp-json\/wp\/v2\/comments?post=1870"}],"version-history":[{"count":12,"href":"https:\/\/seniorerhverv.org\/silkeborg\/wp-json\/wp\/v2\/pages\/1870\/revisions"}],"predecessor-version":[{"id":2196,"href":"https:\/\/seniorerhverv.org\/silkeborg\/wp-json\/wp\/v2\/pages\/1870\/revisions\/2196"}],"wp:attachment":[{"href":"https:\/\/seniorerhverv.org\/silkeborg\/wp-json\/wp\/v2\/media?parent=1870"}],"curies":[{"name":"wp","href":"https:\/\/api.w.org\/{rel}","templated":true}]}}