{"id":1503,"date":"2023-03-18T11:50:08","date_gmt":"2023-03-18T11:50:08","guid":{"rendered":"https:\/\/seniorerhverv.org\/silkeborg\/?page_id=1503"},"modified":"2026-04-14T20:27:13","modified_gmt":"2026-04-14T20:27:13","slug":"bestyrelsen-23","status":"publish","type":"page","link":"https:\/\/seniorerhverv.org\/silkeborg\/bestyrelsen-23\/","title":{"rendered":"Bestyrelse og udvalg 23"},"content":{"rendered":"\t\t<div data-elementor-type=\"wp-page\" data-elementor-id=\"1503\" class=\"elementor elementor-1503\" data-elementor-settings=\"[]\">\n\t\t\t\t\t\t\t<div class=\"elementor-section-wrap\">\n\t\t\t\t\t\t\t<section data-particle_enable=\"false\" data-particle-mobile-disabled=\"false\" class=\"elementor-section elementor-top-section elementor-element elementor-element-312ca97 elementor-section-boxed elementor-section-height-default elementor-section-height-default\" data-id=\"312ca97\" data-element_type=\"section\">\n\t\t\t\t\t\t<div class=\"elementor-container elementor-column-gap-default\">\n\t\t\t\t\t<div class=\"elementor-column elementor-col-50 elementor-top-column elementor-element elementor-element-4ff89ac\" data-id=\"4ff89ac\" data-element_type=\"column\">\n\t\t\t<div class=\"elementor-widget-wrap elementor-element-populated\">\n\t\t\t\t\t\t\t\t<div class=\"elementor-element elementor-element-95a4d45 elementor-widget elementor-widget-heading\" data-id=\"95a4d45\" data-element_type=\"widget\" data-widget_type=\"heading.default\">\n\t\t\t\t<div class=\"elementor-widget-container\">\n\t\t\t<h2 class=\"elementor-heading-title elementor-size-default\">Bestyrelsen<\/h2>\t\t<\/div>\n\t\t\t\t<\/div>\n\t\t\t\t<div class=\"elementor-element elementor-element-f77551d elementor-widget elementor-widget-spacer\" data-id=\"f77551d\" data-element_type=\"widget\" data-widget_type=\"spacer.default\">\n\t\t\t\t<div class=\"elementor-widget-container\">\n\t\t\t\t\t<div class=\"elementor-spacer\">\n\t\t\t<div class=\"elementor-spacer-inner\"><\/div>\n\t\t<\/div>\n\t\t\t\t<\/div>\n\t\t\t\t<\/div>\n\t\t\t\t<div class=\"elementor-element elementor-element-1ec5b30 elementor-widget elementor-widget-text-editor\" data-id=\"1ec5b30\" data-element_type=\"widget\" data-widget_type=\"text-editor.default\">\n\t\t\t\t<div class=\"elementor-widget-container\">\n\t\t\t\t\t\t\t<p><span style=\"font-size: 12pt; font-family: georgia, palatino, serif;\">Valgt p\u00e5 generalforsamlingen den 10. marts 2026 og konstitueret den 12. marts p\u00e5 det f\u00f8rste bestyrelsesm\u00f8de.\u00a0<\/span><\/p><ul><li><span style=\"font-size: 12pt; font-family: georgia, palatino, serif;\"><strong>Formand<\/strong><\/span><ul><li><span style=\"font-size: 12pt; font-family: georgia, palatino, serif;\">Benny S\u00f8rensen<\/span><\/li><\/ul><\/li><li><span style=\"font-size: 12pt; font-family: georgia, palatino, serif;\"><strong>N\u00e6stformand<\/strong><\/span><ul><li><span style=\"font-size: 12pt; font-family: georgia, palatino, serif;\">Erik Odgaard.\u00a0<\/span><\/li><\/ul><\/li><li><span style=\"font-size: 12pt; font-family: georgia, palatino, serif;\"><strong>Kasserer<\/strong><\/span><ul><li><span style=\"font-size: 12pt; font-family: georgia, palatino, serif;\">\u00d8konomi udvalget i forening<\/span><\/li><\/ul><\/li><\/ul><ul><li><span style=\"font-size: 12pt;\"><strong>\u00d8vrige\u00a0<\/strong><\/span><ul><li><span style=\"font-size: 12pt; font-family: georgia, palatino, serif;\">Lars Niebuhr\u00a0<\/span><\/li><li><span style=\"font-size: 12pt; font-family: georgia, palatino, serif;\">Gitte Vinfred S\u00f8rensen<\/span><\/li><li><span style=\"font-family: georgia, palatino, serif; font-size: 12pt;\">Peter Juhl Rasmussen\u00a0<\/span><\/li><li><span style=\"font-family: georgia, palatino, serif; font-size: 12pt;\">Jens Bro Miltersen<\/span><\/li><li><span style=\"font-family: georgia, palatino, serif; font-size: 12pt;\">Benny Pausgaard<\/span><\/li><\/ul><\/li><\/ul>\t\t\t\t\t\t<\/div>\n\t\t\t\t<\/div>\n\t\t\t\t<div class=\"elementor-element elementor-element-3f73e2d elementor-widget elementor-widget-spacer\" data-id=\"3f73e2d\" data-element_type=\"widget\" data-widget_type=\"spacer.default\">\n\t\t\t\t<div class=\"elementor-widget-container\">\n\t\t\t\t\t<div class=\"elementor-spacer\">\n\t\t\t<div class=\"elementor-spacer-inner\"><\/div>\n\t\t<\/div>\n\t\t\t\t<\/div>\n\t\t\t\t<\/div>\n\t\t\t\t\t<\/div>\n\t\t<\/div>\n\t\t\t\t<div class=\"elementor-column elementor-col-50 elementor-top-column elementor-element elementor-element-26d76ad\" data-id=\"26d76ad\" data-element_type=\"column\">\n\t\t\t<div class=\"elementor-widget-wrap elementor-element-populated\">\n\t\t\t\t\t\t\t\t<div class=\"elementor-element elementor-element-3179d32 elementor-widget elementor-widget-heading\" data-id=\"3179d32\" data-element_type=\"widget\" data-widget_type=\"heading.default\">\n\t\t\t\t<div class=\"elementor-widget-container\">\n\t\t\t<h2 class=\"elementor-heading-title elementor-size-default\">Udvalg<\/h2>\t\t<\/div>\n\t\t\t\t<\/div>\n\t\t\t\t<div class=\"elementor-element elementor-element-84c1cc3 elementor-widget elementor-widget-spacer\" data-id=\"84c1cc3\" data-element_type=\"widget\" data-widget_type=\"spacer.default\">\n\t\t\t\t<div class=\"elementor-widget-container\">\n\t\t\t\t\t<div class=\"elementor-spacer\">\n\t\t\t<div class=\"elementor-spacer-inner\"><\/div>\n\t\t<\/div>\n\t\t\t\t<\/div>\n\t\t\t\t<\/div>\n\t\t\t\t<div class=\"elementor-element elementor-element-4a92721 elementor-widget elementor-widget-text-editor\" data-id=\"4a92721\" data-element_type=\"widget\" data-widget_type=\"text-editor.default\">\n\t\t\t\t<div class=\"elementor-widget-container\">\n\t\t\t\t\t\t\t<ul><li><strong>Kontorvagten<\/strong><ul><li>forskellige personer p\u00e5 skift\u00a0<\/li><\/ul><\/li><li><strong>Medlemsservice<\/strong><ul><li>Benny Pausgaard med st\u00f8tte fra Erik Odgaard og Benny S\u00f8rensen<\/li><\/ul><\/li><li><strong>\u00d8konomiudvalget<\/strong><ul><li>Erik Odgaard (ansvarlig og 1. godkender)<\/li><li>Henning Frank Andersen (2. godkender)<\/li><\/ul><\/li><li><strong>Virksomhedsgruppen<\/strong><ul><li>Benny S\u00f8rensen<\/li><li>Bo Kj\u00e6rgaard Jensen<\/li><\/ul><\/li><li><strong>Aktivitetsudvalg<\/strong><ul><li>Gitte Vinfred S\u00f8rensen (tovholder)<\/li><li>Ingelise Nordbjerg og flere andre.<\/li><\/ul><\/li><li><strong>IT-Udvalg<\/strong><ul><li>Henning Frank Andersen<\/li><li>Erling Thomsen<\/li><li>Paw Bo Koch<\/li><\/ul><\/li><li><strong>PR og markedsf\u00f8ring<\/strong><ul><li>Erik Odgaard<\/li><li>Peter Juhl Rasmussen (p\u00e5 vej ind)<\/li><li>Henning Frank Andersen (p\u00e5 vej ud)<\/li><\/ul><\/li><li><strong>Kursus<\/strong><ul><li>?<\/li><\/ul><\/li><li><strong>Sekret\u00e6r<\/strong><ul><li>?<\/li><\/ul><\/li><\/ul>\t\t\t\t\t\t<\/div>\n\t\t\t\t<\/div>\n\t\t\t\t<div class=\"elementor-element elementor-element-6363556 elementor-widget elementor-widget-spacer\" data-id=\"6363556\" data-element_type=\"widget\" data-widget_type=\"spacer.default\">\n\t\t\t\t<div class=\"elementor-widget-container\">\n\t\t\t\t\t<div class=\"elementor-spacer\">\n\t\t\t<div class=\"elementor-spacer-inner\"><\/div>\n\t\t<\/div>\n\t\t\t\t<\/div>\n\t\t\t\t<\/div>\n\t\t\t\t\t<\/div>\n\t\t<\/div>\n\t\t\t\t\t\t\t<\/div>\n\t\t<\/section>\n\t\t\t\t\t\t<\/div>\n\t\t\t\t\t<\/div>\n\t\t"},"excerpt":{"rendered":"<p>Bestyrelsen Valgt p\u00e5 generalforsamlingen den 10. marts 2026 og konstitueret den 12. marts p\u00e5 det f\u00f8rste bestyrelsesm\u00f8de.\u00a0 Formand Benny S\u00f8rensen N\u00e6stformand Erik Odgaard.\u00a0 Kasserer \u00d8konomi udvalget i forening \u00d8vrige\u00a0 Lars Niebuhr\u00a0 Gitte Vinfred S\u00f8rensen Peter Juhl Rasmussen\u00a0 Jens Bro Miltersen Benny Pausgaard Udvalg Kontorvagten forskellige personer p\u00e5 skift\u00a0 Medlemsservice Benny Pausgaard med st\u00f8tte fra Erik [&hellip;]<\/p>\n","protected":false},"author":15,"featured_media":0,"parent":0,"menu_order":0,"comment_status":"closed","ping_status":"closed","template":"elementor_header_footer","meta":[],"x_date":"marts 18, 2023","x_author":"silkeborg","x_gravatar":"https:\/\/secure.gravatar.com\/avatar\/23540b13779411d433b4ba06bbd0c2d6?s=96&d=mm&r=g","x_metadata":{"_elementor_edit_mode":"builder","_elementor_template_type":"wp-page","_elementor_version":"3.4.4","_elementor_pro_version":"3.2.1","_elementor_page_settings":{"eael_ext_toc_title":"Table of Contents"},"_elementor_data":"[{\"id\":\"312ca97\",\"elType\":\"section\",\"settings\":{\"eael_parallax_layers_list\":[],\"structure\":\"20\",\"eael_cl_logics\":[{\"_id\":\"19f64f6\"}]},\"elements\":[{\"id\":\"4ff89ac\",\"elType\":\"column\",\"settings\":{\"_column_size\":50,\"_inline_size\":50,\"eael_cl_logics\":[{\"_id\":\"00e7d4a\"}]},\"elements\":[{\"id\":\"95a4d45\",\"elType\":\"widget\",\"settings\":{\"title\":\"Bestyrelsen\",\"eael_tooltip_section_content\":\"I am a tooltip\",\"eael_ext_content_protection_password_placeholder\":\"Enter Password\",\"eael_ext_content_protection_password_submit_btn_txt\":\"Submit\",\"eael_ext_content_protection_password_incorrect_message\":\"Password does not match.\",\"eael_cl_logics\":[{\"_id\":\"c036c43\"}]},\"elements\":[],\"widgetType\":\"heading\"},{\"id\":\"f77551d\",\"elType\":\"widget\",\"settings\":{\"space\":{\"unit\":\"px\",\"size\":15,\"sizes\":[]},\"eael_tooltip_section_content\":\"I am a tooltip\",\"eael_ext_content_protection_password_placeholder\":\"Enter Password\",\"eael_ext_content_protection_password_submit_btn_txt\":\"Submit\",\"eael_ext_content_protection_password_incorrect_message\":\"Password does not match.\",\"eael_cl_logics\":[{\"_id\":\"42700f7\"}]},\"elements\":[],\"widgetType\":\"spacer\"},{\"id\":\"1ec5b30\",\"elType\":\"widget\",\"settings\":{\"editor\":\"<p><span style=\\\"font-size: 12pt; font-family: georgia, palatino, serif;\\\">Valgt p\\u00e5 generalforsamlingen den 10. marts 2026 og konstitueret den 12. marts p\\u00e5 det f\\u00f8rste bestyrelsesm\\u00f8de.\\u00a0<\\\/span><\\\/p><ul><li><span style=\\\"font-size: 12pt; font-family: georgia, palatino, serif;\\\"><strong>Formand<\\\/strong><\\\/span><ul><li><span style=\\\"font-size: 12pt; font-family: georgia, palatino, serif;\\\">Benny S\\u00f8rensen<\\\/span><\\\/li><\\\/ul><\\\/li><li><span style=\\\"font-size: 12pt; font-family: georgia, palatino, serif;\\\"><strong>N\\u00e6stformand<\\\/strong><\\\/span><ul><li><span style=\\\"font-size: 12pt; font-family: georgia, palatino, serif;\\\">Erik Odgaard.\\u00a0<\\\/span><\\\/li><\\\/ul><\\\/li><li><span style=\\\"font-size: 12pt; font-family: georgia, palatino, serif;\\\"><strong>Kasserer<\\\/strong><\\\/span><ul><li><span style=\\\"font-size: 12pt; font-family: georgia, palatino, serif;\\\">\\u00d8konomi udvalget i forening<\\\/span><\\\/li><\\\/ul><\\\/li><\\\/ul><ul><li><span style=\\\"font-size: 12pt;\\\"><strong>\\u00d8vrige\\u00a0<\\\/strong><\\\/span><ul><li><span style=\\\"font-size: 12pt; font-family: georgia, palatino, serif;\\\">Lars Niebuhr\\u00a0<\\\/span><\\\/li><li><span style=\\\"font-size: 12pt; font-family: georgia, palatino, serif;\\\">Gitte Vinfred S\\u00f8rensen<\\\/span><\\\/li><li><span style=\\\"font-family: georgia, palatino, serif; font-size: 12pt;\\\">Peter Juhl Rasmussen\\u00a0<\\\/span><\\\/li><li><span style=\\\"font-family: georgia, palatino, serif; font-size: 12pt;\\\">Jens Bro Miltersen<\\\/span><\\\/li><li><span style=\\\"font-family: georgia, palatino, serif; font-size: 12pt;\\\">Benny Pausgaard<\\\/span><\\\/li><\\\/ul><\\\/li><\\\/ul>\",\"eael_tooltip_section_content\":\"I am a tooltip\",\"eael_ext_content_protection_password_placeholder\":\"Enter Password\",\"eael_ext_content_protection_password_submit_btn_txt\":\"Submit\",\"eael_ext_content_protection_password_incorrect_message\":\"Password does not match.\",\"eael_cl_logics\":[{\"_id\":\"1d274cd\"}]},\"elements\":[],\"widgetType\":\"text-editor\"},{\"id\":\"3f73e2d\",\"elType\":\"widget\",\"settings\":{\"space\":{\"unit\":\"px\",\"size\":15,\"sizes\":[]},\"eael_tooltip_section_content\":\"I am a tooltip\",\"eael_ext_content_protection_password_placeholder\":\"Enter Password\",\"eael_ext_content_protection_password_submit_btn_txt\":\"Submit\",\"eael_ext_content_protection_password_incorrect_message\":\"Password does not match.\",\"eael_cl_logics\":[{\"_id\":\"c399727\"}]},\"elements\":[],\"widgetType\":\"spacer\"}],\"isInner\":false},{\"id\":\"26d76ad\",\"elType\":\"column\",\"settings\":{\"_column_size\":50,\"_inline_size\":50,\"eael_cl_logics\":[{\"_id\":\"5ab432f\"}]},\"elements\":[{\"id\":\"3179d32\",\"elType\":\"widget\",\"settings\":{\"title\":\"Udvalg\",\"eael_tooltip_section_content\":\"I am a tooltip\",\"eael_ext_content_protection_password_placeholder\":\"Enter Password\",\"eael_ext_content_protection_password_submit_btn_txt\":\"Submit\",\"eael_ext_content_protection_password_incorrect_message\":\"Password does not match.\",\"eael_cl_logics\":[{\"_id\":\"2dae6c6\"}]},\"elements\":[],\"widgetType\":\"heading\"},{\"id\":\"84c1cc3\",\"elType\":\"widget\",\"settings\":{\"space\":{\"unit\":\"px\",\"size\":15,\"sizes\":[]},\"eael_tooltip_section_content\":\"I am a tooltip\",\"eael_ext_content_protection_password_placeholder\":\"Enter Password\",\"eael_ext_content_protection_password_submit_btn_txt\":\"Submit\",\"eael_ext_content_protection_password_incorrect_message\":\"Password does not match.\",\"eael_cl_logics\":[{\"_id\":\"42700f7\"}]},\"elements\":[],\"widgetType\":\"spacer\"},{\"id\":\"4a92721\",\"elType\":\"widget\",\"settings\":{\"editor\":\"<ul><li><strong>Kontorvagten<\\\/strong><ul><li>forskellige personer p\\u00e5 skift\\u00a0<\\\/li><\\\/ul><\\\/li><li><strong>Medlemsservice<\\\/strong><ul><li>Benny Pausgaard med st\\u00f8tte fra Erik Odgaard og Benny S\\u00f8rensen<\\\/li><\\\/ul><\\\/li><li><strong>\\u00d8konomiudvalget<\\\/strong><ul><li>Erik Odgaard (ansvarlig og 1. godkender)<\\\/li><li>Henning Frank Andersen (2. godkender)<\\\/li><\\\/ul><\\\/li><li><strong>Virksomhedsgruppen<\\\/strong><ul><li>Benny S\\u00f8rensen<\\\/li><li>Bo Kj\\u00e6rgaard Jensen<\\\/li><\\\/ul><\\\/li><li><strong>Aktivitetsudvalg<\\\/strong><ul><li>Gitte Vinfred S\\u00f8rensen (tovholder)<\\\/li><li>Ingelise Nordbjerg og flere andre.<\\\/li><\\\/ul><\\\/li><li><strong>IT-Udvalg<\\\/strong><ul><li>Henning Frank Andersen<\\\/li><li>Erling Thomsen<\\\/li><li>Paw Bo Koch<\\\/li><\\\/ul><\\\/li><li><strong>PR og markedsf\\u00f8ring<\\\/strong><ul><li>Erik Odgaard<\\\/li><li>Peter Juhl Rasmussen (p\\u00e5 vej ind)<\\\/li><li>Henning Frank Andersen (p\\u00e5 vej ud)<\\\/li><\\\/ul><\\\/li><li><strong>Kursus<\\\/strong><ul><li>?<\\\/li><\\\/ul><\\\/li><li><strong>Sekret\\u00e6r<\\\/strong><ul><li>?<\\\/li><\\\/ul><\\\/li><\\\/ul>\",\"eael_tooltip_section_content\":\"I am a tooltip\",\"eael_ext_content_protection_password_placeholder\":\"Enter Password\",\"eael_ext_content_protection_password_submit_btn_txt\":\"Submit\",\"eael_ext_content_protection_password_incorrect_message\":\"Password does not match.\",\"eael_cl_logics\":[{\"_id\":\"e0b6e4f\"}]},\"elements\":[],\"widgetType\":\"text-editor\"},{\"id\":\"6363556\",\"elType\":\"widget\",\"settings\":{\"space\":{\"unit\":\"px\",\"size\":15,\"sizes\":[]},\"eael_tooltip_section_content\":\"I am a tooltip\",\"eael_ext_content_protection_password_placeholder\":\"Enter Password\",\"eael_ext_content_protection_password_submit_btn_txt\":\"Submit\",\"eael_ext_content_protection_password_incorrect_message\":\"Password does not match.\",\"eael_cl_logics\":[{\"_id\":\"42700f7\"}]},\"elements\":[],\"widgetType\":\"spacer\"}],\"isInner\":false}],\"isInner\":false}]","_elementor_page_assets":[],"_eael_custom_js":"","_eael_widget_elements":[],"_elementor_controls_usage":{"heading":{"count":2,"control_percent":1,"controls":{"content":{"section_title":{"title":2}},"advanced":{"eael_conditional_logic_section":{"eael_cl_logics":2}}}},"spacer":{"count":4,"control_percent":1,"controls":{"content":{"section_spacer":{"space":4}},"advanced":{"eael_conditional_logic_section":{"eael_cl_logics":4}}}},"text-editor":{"count":2,"control_percent":1,"controls":{"content":{"section_editor":{"editor":2}},"advanced":{"eael_conditional_logic_section":{"eael_cl_logics":2}}}},"column":{"count":2,"control_percent":1,"controls":{"layout":{"layout":{"_inline_size":2}},"advanced":{"eael_conditional_logic_section":{"eael_cl_logics":2}}}},"section":{"count":1,"control_percent":1,"controls":{"layout":{"section_structure":{"structure":1}},"advanced":{"eael_conditional_logic_section":{"eael_cl_logics":1}}}}},"_elementor_css":{"time":1776198455,"fonts":[],"icons":[],"dynamic_elements_ids":[],"status":"file","0":""}},"_links":{"self":[{"href":"https:\/\/seniorerhverv.org\/silkeborg\/wp-json\/wp\/v2\/pages\/1503"}],"collection":[{"href":"https:\/\/seniorerhverv.org\/silkeborg\/wp-json\/wp\/v2\/pages"}],"about":[{"href":"https:\/\/seniorerhverv.org\/silkeborg\/wp-json\/wp\/v2\/types\/page"}],"author":[{"embeddable":true,"href":"https:\/\/seniorerhverv.org\/silkeborg\/wp-json\/wp\/v2\/users\/15"}],"replies":[{"embeddable":true,"href":"https:\/\/seniorerhverv.org\/silkeborg\/wp-json\/wp\/v2\/comments?post=1503"}],"version-history":[{"count":67,"href":"https:\/\/seniorerhverv.org\/silkeborg\/wp-json\/wp\/v2\/pages\/1503\/revisions"}],"predecessor-version":[{"id":2464,"href":"https:\/\/seniorerhverv.org\/silkeborg\/wp-json\/wp\/v2\/pages\/1503\/revisions\/2464"}],"wp:attachment":[{"href":"https:\/\/seniorerhverv.org\/silkeborg\/wp-json\/wp\/v2\/media?parent=1503"}],"curies":[{"name":"wp","href":"https:\/\/api.w.org\/{rel}","templated":true}]}}