{"id":192,"date":"2021-10-19T18:50:48","date_gmt":"2021-10-19T18:50:48","guid":{"rendered":"https:\/\/seniorerhverv.org\/lgfyn\/?page_id=192"},"modified":"2025-03-05T12:29:20","modified_gmt":"2025-03-05T11:29:20","slug":"virksomheder","status":"publish","type":"page","link":"https:\/\/seniorerhverv.org\/odense\/virksomheder\/","title":{"rendered":"Virksomheder"},"content":{"rendered":"\t\t<div data-elementor-type=\"wp-page\" data-elementor-id=\"192\" class=\"elementor elementor-192\" data-elementor-settings=\"[]\">\n\t\t\t\t\t\t\t<div class=\"elementor-section-wrap\">\n\t\t\t\t\t\t\t<section data-particle_enable=\"false\" data-particle-mobile-disabled=\"false\" class=\"elementor-section elementor-top-section elementor-element elementor-element-1c1a31e elementor-section-height-min-height elementor-section-items-top elementor-section-boxed elementor-section-height-default\" data-id=\"1c1a31e\" data-element_type=\"section\">\n\t\t\t\t\t\t<div class=\"elementor-container elementor-column-gap-no\">\n\t\t\t\t\t<div class=\"elementor-column elementor-col-100 elementor-top-column elementor-element elementor-element-e374b0b box-container\" data-id=\"e374b0b\" data-element_type=\"column\">\n\t\t\t<div class=\"elementor-widget-wrap elementor-element-populated\">\n\t\t\t\t\t\t\t\t<div class=\"elementor-element elementor-element-245d905 elementor-widget elementor-widget-text-editor\" data-id=\"245d905\" data-element_type=\"widget\" data-widget_type=\"text-editor.default\">\n\t\t\t\t<div class=\"elementor-widget-container\">\n\t\t\t\t\t\t\t<p><span style=\"font-size: 14pt; color: #0272c5;\">Velkommen til Senior Erhverv Odense<br \/><\/span><\/p><p>Her kan virksomheder og arbejdsgivere finde rutinerede og erfarne medarbejdere i CV-kataloget.<br \/>S\u00f8gning i vores CV-database er gratis for arbejdsgivere og virksomheder.<\/p><p>Direkte kontakt til Senior Erhverv Odense p\u00e5 telefon 66128420 eller p\u00e5 mail <span id=\"cloakeeb5bf138afb58a1f887bb6f3670f0b0\"><a href=\"mailto:mail@seniorerhverv-odense.dk\">mail@seniorerhverv-odense.dk<\/a><\/span><\/p><p>Senior Erhverv Odense er en aktiv forening af personer p\u00e5 50+, som repr\u00e6senterer en bred vifte af kompetencer og erfaring.<\/p><p>Vi er en del af det landsd\u00e6kkende netv\u00e6rk Senior Erhverv Danmark &#8211; og finansieres delvist med midler fra SATS-puljen. Medlemmerne er aktivt jobs\u00f8gende og attraktive for jobmarkedet p\u00e5 grund af deres erfaring og mangeartede kompetencer.<\/p><p>Senior Erhverv Odense, tager ogs\u00e5 &#8220;ud af huset&#8221; for at pr\u00e6sentere vores netv\u00e6rk for interesserede virksomheder.<\/p><p><strong>Nemt og gratis<\/strong><\/p><p>Som arbejdsgiver slipper du for besv\u00e6rlige og tidskr\u00e6vende ans\u00e6ttelsesprocedurer med opslag og utallige ans\u00f8gninger. Vores formidling er direkte, gratis og enkel for dig og virksomheden.<\/p><p>Hvad enten du skal ans\u00e6tte en person i en fuldtidsstilling, et deltidsjob eller har akut behov for en vikar, kan du finde den rigtige kandidat hos Senior Erhverv Odense.<\/p>\t\t\t\t\t\t<\/div>\n\t\t\t\t<\/div>\n\t\t\t\t\t<\/div>\n\t\t<\/div>\n\t\t\t\t\t\t\t<\/div>\n\t\t<\/section>\n\t\t\t\t\t\t<\/div>\n\t\t\t\t\t<\/div>\n\t\t"},"excerpt":{"rendered":"<p>Velkommen til Senior Erhverv Odense Her kan virksomheder og arbejdsgivere finde rutinerede og erfarne medarbejdere i CV-kataloget.S\u00f8gning i vores CV-database er gratis for arbejdsgivere og virksomheder. Direkte kontakt til Senior Erhverv Odense p\u00e5 telefon 66128420 eller p\u00e5 mail mail@seniorerhverv-odense.dk Senior Erhverv Odense er en aktiv forening af personer p\u00e5 50+, som repr\u00e6senterer en bred vifte [&hellip;]<\/p>\n","protected":false},"author":14,"featured_media":0,"parent":0,"menu_order":0,"comment_status":"closed","ping_status":"closed","template":"elementor_header_footer","meta":[],"x_date":"oktober 19, 2021","x_author":"SE Odense","x_gravatar":"https:\/\/secure.gravatar.com\/avatar\/6cc71885845bc2e6369ca699cf15c1bc?s=96&d=mm&r=g","x_metadata":{"_elementor_edit_mode":"builder","_elementor_template_type":"wp-page","_elementor_version":"3.4.4","_elementor_pro_version":"3.2.1","_elementor_page_settings":{"eael_ext_toc_title":"Table of Contents"},"_elementor_data":"[{\"id\":\"1c1a31e\",\"elType\":\"section\",\"settings\":{\"gap\":\"no\",\"margin\":{\"unit\":\"px\",\"top\":\"10\",\"right\":0,\"bottom\":\"10\",\"left\":0,\"isLinked\":true},\"height\":\"min-height\",\"custom_height\":{\"unit\":\"px\",\"size\":0,\"sizes\":[]},\"column_position\":\"top\",\"eael_parallax_layers_list\":[],\"eael_cl_logics\":[{\"_id\":\"7a5db89\"}]},\"elements\":[{\"id\":\"e374b0b\",\"elType\":\"column\",\"settings\":{\"_column_size\":100,\"_inline_size\":null,\"padding\":{\"unit\":\"px\",\"top\":\"30\",\"right\":\"30\",\"bottom\":\"30\",\"left\":\"30\",\"isLinked\":true},\"css_classes\":\"box-container\",\"eael_cl_logics\":[{\"_id\":\"785c4ec\"}]},\"elements\":[{\"id\":\"245d905\",\"elType\":\"widget\",\"settings\":{\"editor\":\"<p><span style=\\\"font-size: 14pt; color: #0272c5;\\\">Velkommen til Senior Erhverv Odense<br \\\/><\\\/span><\\\/p><p>Her kan virksomheder og arbejdsgivere finde rutinerede og erfarne medarbejdere i CV-kataloget.<br \\\/>S\\u00f8gning i vores CV-database er gratis for arbejdsgivere og virksomheder.<\\\/p><p>Direkte kontakt til Senior Erhverv Odense p\\u00e5 telefon 66128420 eller p\\u00e5 mail <span id=\\\"cloakeeb5bf138afb58a1f887bb6f3670f0b0\\\"><a href=\\\"mailto:mail@seniorerhverv-odense.dk\\\">mail@seniorerhverv-odense.dk<\\\/a><\\\/span><\\\/p><p>Senior Erhverv Odense er en aktiv forening af personer p\\u00e5 50+, som repr\\u00e6senterer en bred vifte af kompetencer og erfaring.<\\\/p><p>Vi er en del af det landsd\\u00e6kkende netv\\u00e6rk Senior Erhverv Danmark - og finansieres delvist med midler fra SATS-puljen. Medlemmerne er aktivt jobs\\u00f8gende og attraktive for jobmarkedet p\\u00e5 grund af deres erfaring og mangeartede kompetencer.<\\\/p><p>Senior Erhverv Odense, tager ogs\\u00e5 \\\"ud af huset\\\" for at pr\\u00e6sentere vores netv\\u00e6rk for interesserede virksomheder.<\\\/p><p><strong>Nemt og gratis<\\\/strong><\\\/p><p>Som arbejdsgiver slipper du for besv\\u00e6rlige og tidskr\\u00e6vende ans\\u00e6ttelsesprocedurer med opslag og utallige ans\\u00f8gninger. Vores formidling er direkte, gratis og enkel for dig og virksomheden.<\\\/p><p>Hvad enten du skal ans\\u00e6tte en person i en fuldtidsstilling, et deltidsjob eller har akut behov for en vikar, kan du finde den rigtige kandidat hos Senior Erhverv Odense.<\\\/p>\",\"eael_tooltip_section_content\":\"I am a tooltip\",\"eael_ext_content_protection_password_placeholder\":\"Enter Password\",\"eael_ext_content_protection_password_submit_btn_txt\":\"Submit\",\"eael_ext_content_protection_password_incorrect_message\":\"Password does not match.\",\"eael_cl_logics\":[{\"_id\":\"74fbf8e\"}]},\"elements\":[],\"widgetType\":\"text-editor\"}],\"isInner\":false}],\"isInner\":false}]","_elementor_page_assets":[],"_eael_custom_js":"","_elementor_controls_usage":{"text-editor":{"count":1,"control_percent":1,"controls":{"content":{"section_editor":{"editor":1}},"advanced":{"eael_conditional_logic_section":{"eael_cl_logics":1}}}},"column":{"count":1,"control_percent":1,"controls":{"layout":{"layout":{"_inline_size":1}},"advanced":{"section_advanced":{"padding":1,"css_classes":1},"eael_conditional_logic_section":{"eael_cl_logics":1}}}},"section":{"count":1,"control_percent":2,"controls":{"layout":{"section_layout":{"gap":1,"height":1,"custom_height":1,"column_position":1}},"advanced":{"section_advanced":{"margin":1},"eael_conditional_logic_section":{"eael_cl_logics":1}}}}},"_elementor_css":{"time":1741174167,"fonts":[],"icons":[],"dynamic_elements_ids":[],"status":"file","0":""}},"_links":{"self":[{"href":"https:\/\/seniorerhverv.org\/odense\/wp-json\/wp\/v2\/pages\/192"}],"collection":[{"href":"https:\/\/seniorerhverv.org\/odense\/wp-json\/wp\/v2\/pages"}],"about":[{"href":"https:\/\/seniorerhverv.org\/odense\/wp-json\/wp\/v2\/types\/page"}],"author":[{"embeddable":true,"href":"https:\/\/seniorerhverv.org\/odense\/wp-json\/wp\/v2\/users\/14"}],"replies":[{"embeddable":true,"href":"https:\/\/seniorerhverv.org\/odense\/wp-json\/wp\/v2\/comments?post=192"}],"version-history":[{"count":3,"href":"https:\/\/seniorerhverv.org\/odense\/wp-json\/wp\/v2\/pages\/192\/revisions"}],"predecessor-version":[{"id":915,"href":"https:\/\/seniorerhverv.org\/odense\/wp-json\/wp\/v2\/pages\/192\/revisions\/915"}],"wp:attachment":[{"href":"https:\/\/seniorerhverv.org\/odense\/wp-json\/wp\/v2\/media?parent=192"}],"curies":[{"name":"wp","href":"https:\/\/api.w.org\/{rel}","templated":true}]}}