{"id":187,"date":"2021-10-19T18:48:27","date_gmt":"2021-10-19T18:48:27","guid":{"rendered":"https:\/\/seniorerhverv.org\/lgfyn\/?page_id=187"},"modified":"2021-10-19T18:50:17","modified_gmt":"2021-10-19T18:50:17","slug":"taenketank","status":"publish","type":"page","link":"https:\/\/seniorerhverv.org\/odense\/taenketank\/","title":{"rendered":"T\u00e6nketank"},"content":{"rendered":"\t\t<div data-elementor-type=\"wp-page\" data-elementor-id=\"187\" class=\"elementor elementor-187\" data-elementor-settings=\"[]\">\n\t\t\t\t\t\t\t<div class=\"elementor-section-wrap\">\n\t\t\t\t\t\t\t<section data-particle_enable=\"false\" data-particle-mobile-disabled=\"false\" class=\"elementor-section elementor-top-section elementor-element elementor-element-1c1a31e elementor-section-height-min-height elementor-section-items-top elementor-section-boxed elementor-section-height-default\" data-id=\"1c1a31e\" data-element_type=\"section\">\n\t\t\t\t\t\t<div class=\"elementor-container elementor-column-gap-no\">\n\t\t\t\t\t<div class=\"elementor-column elementor-col-50 elementor-top-column elementor-element elementor-element-6c9b1ad\" data-id=\"6c9b1ad\" data-element_type=\"column\">\n\t\t\t<div class=\"elementor-widget-wrap elementor-element-populated\">\n\t\t\t\t\t\t\t\t<div class=\"elementor-element elementor-element-59460aa elementor-widget elementor-widget-heading\" data-id=\"59460aa\" data-element_type=\"widget\" data-widget_type=\"heading.default\">\n\t\t\t\t<div class=\"elementor-widget-container\">\n\t\t\t<h3 class=\"elementor-heading-title elementor-size-default\">Kalender<\/h3>\t\t<\/div>\n\t\t\t\t<\/div>\n\t\t\t\t<div class=\"elementor-element elementor-element-7f9fd69 elementor-widget elementor-widget-text-editor\" data-id=\"7f9fd69\" data-element_type=\"widget\" data-widget_type=\"text-editor.default\">\n\t\t\t\t<div class=\"elementor-widget-container\">\n\t\t\t\t\t\t\t<p><iframe loading=\"lazy\" class=\"wrapper\" style=\"height: 460px;\" src=\"https:\/\/www.google.com\/calendar\/embed?height=600&amp;wkst=1&amp;bgcolor=%23FFFFFF&amp;src=ko0jost8anqtqv2akkppdjt4js%40group.calendar.google.com&amp;color=%232F6309&amp;src=da.danish%23holiday%40group.v.calendar.google.com&amp;color=%23711616&amp;src=e_2_da%23weeknum%40group.v.calendar.google.com&amp;color=%23182C57&amp;ctz=Europe%2FCopenhagen&quot; style=&quot; border-width:0 &quot; width=&quot;800&quot; height=&quot;600&quot; frameborder=&quot;0&quot; scrolling=&quot;no&quot;\" width=\"100%\" height=\"400\" frameborder=\"0\" scrolling=\"auto\"><br \/>\nIngen iframes<\/iframe><\/p>\t\t\t\t\t\t<\/div>\n\t\t\t\t<\/div>\n\t\t\t\t\t<\/div>\n\t\t<\/div>\n\t\t\t\t<div class=\"elementor-column elementor-col-50 elementor-top-column elementor-element elementor-element-e374b0b box-container\" data-id=\"e374b0b\" data-element_type=\"column\">\n\t\t\t<div class=\"elementor-widget-wrap elementor-element-populated\">\n\t\t\t\t\t\t\t\t<div class=\"elementor-element elementor-element-245d905 elementor-widget elementor-widget-text-editor\" data-id=\"245d905\" data-element_type=\"widget\" data-widget_type=\"text-editor.default\">\n\t\t\t\t<div class=\"elementor-widget-container\">\n\t\t\t\t\t\t\t<p>I november 2017 blev alle form\u00e6nd fra de lokale senior netv\u00e6rk inviteret til m\u00f8de i Besk\u00e6ftigelsesministeriet af Troels Lund Poulsen.<br \/>M\u00f8det kom i stand p\u00e5 initiativ af\u00a0Henrik Agersted, Senior Erhverv Hovedstaden og\u00a0Poul Jensen, Senior Erhverv Horsens-Vejle.<\/p>\t\t\t\t\t\t<\/div>\n\t\t\t\t<\/div>\n\t\t\t\t<section data-particle_enable=\"false\" data-particle-mobile-disabled=\"false\" class=\"elementor-section elementor-inner-section elementor-element elementor-element-fcc4d2c elementor-section-boxed elementor-section-height-default elementor-section-height-default\" data-id=\"fcc4d2c\" data-element_type=\"section\">\n\t\t\t\t\t\t<div class=\"elementor-container elementor-column-gap-default\">\n\t\t\t\t\t<div class=\"elementor-column elementor-col-50 elementor-inner-column elementor-element elementor-element-fd17790\" data-id=\"fd17790\" data-element_type=\"column\">\n\t\t\t<div class=\"elementor-widget-wrap elementor-element-populated\">\n\t\t\t\t\t\t\t\t<div class=\"elementor-element elementor-element-65ebb31 elementor-widget elementor-widget-image\" data-id=\"65ebb31\" data-element_type=\"widget\" data-widget_type=\"image.default\">\n\t\t\t\t<div class=\"elementor-widget-container\">\n\t\t\t\t\t\t\t\t\t\t\t\t\t\t\t\t<a href=\"https:\/\/seniorerhverv.org\/lgfyn\/wp-content\/uploads\/sites\/14\/2021\/09\/Svar-til-Seniorerhverv-som-opfoelgning-paa-moede-d.png\" data-elementor-open-lightbox=\"yes\" data-elementor-lightbox-title=\"Svar-til-Seniorerhverv-som-opf\u00f8lgning-p\u00e5-m\u00f8de-d\">\n\t\t\t\t\t\t\t<img width=\"425\" height=\"600\" src=\"https:\/\/seniorerhverv.org\/odense\/wp-content\/uploads\/sites\/14\/2021\/09\/Svar-til-Seniorerhverv-som-opfoelgning-paa-moede-d.png\" class=\"attachment-large size-large\" alt=\"\" loading=\"lazy\" srcset=\"https:\/\/seniorerhverv.org\/odense\/wp-content\/uploads\/sites\/14\/2021\/09\/Svar-til-Seniorerhverv-som-opfoelgning-paa-moede-d.png 425w, https:\/\/seniorerhverv.org\/odense\/wp-content\/uploads\/sites\/14\/2021\/09\/Svar-til-Seniorerhverv-som-opfoelgning-paa-moede-d-213x300.png 213w\" sizes=\"(max-width: 425px) 100vw, 425px\" \/>\t\t\t\t\t\t\t\t<\/a>\n\t\t\t\t\t\t\t\t\t\t\t\t\t\t\t<\/div>\n\t\t\t\t<\/div>\n\t\t\t\t\t<\/div>\n\t\t<\/div>\n\t\t\t\t<div class=\"elementor-column elementor-col-50 elementor-inner-column elementor-element elementor-element-28db105\" data-id=\"28db105\" data-element_type=\"column\">\n\t\t\t<div class=\"elementor-widget-wrap elementor-element-populated\">\n\t\t\t\t\t\t\t\t<div class=\"elementor-element elementor-element-e9ca2a5 elementor-widget elementor-widget-text-editor\" data-id=\"e9ca2a5\" data-element_type=\"widget\" data-widget_type=\"text-editor.default\">\n\t\t\t\t<div class=\"elementor-widget-container\">\n\t\t\t\t\t\t\t<p>\u00a0Her er s\u00e5 resultatet:<\/p>\t\t\t\t\t\t<\/div>\n\t\t\t\t<\/div>\n\t\t\t\t<div class=\"elementor-element elementor-element-acd610f elementor-widget elementor-widget-image\" data-id=\"acd610f\" data-element_type=\"widget\" data-widget_type=\"image.default\">\n\t\t\t\t<div class=\"elementor-widget-container\">\n\t\t\t\t\t\t\t\t\t\t\t\t\t\t\t\t<a href=\"https:\/\/seniorerhverv.org\/lgfyn\/wp-content\/uploads\/sites\/14\/2021\/09\/Brev-til-borgmestrene-og-jobcentrene.png\" data-elementor-open-lightbox=\"yes\">\n\t\t\t\t\t\t\t<img src=\"https:\/\/seniorerhverv.org\/lgfyn\/wp-content\/uploads\/sites\/14\/2021\/09\/Brev-til-borgmestrene-og-jobcentrene.png\" title=\"\" alt=\"\" \/>\t\t\t\t\t\t\t\t<\/a>\n\t\t\t\t\t\t\t\t\t\t\t\t\t\t\t<\/div>\n\t\t\t\t<\/div>\n\t\t\t\t\t<\/div>\n\t\t<\/div>\n\t\t\t\t\t\t\t<\/div>\n\t\t<\/section>\n\t\t\t\t\t<\/div>\n\t\t<\/div>\n\t\t\t\t\t\t\t<\/div>\n\t\t<\/section>\n\t\t\t\t\t\t<\/div>\n\t\t\t\t\t<\/div>\n\t\t"},"excerpt":{"rendered":"<p>Kalender Ingen iframes I november 2017 blev alle form\u00e6nd fra de lokale senior netv\u00e6rk inviteret til m\u00f8de i Besk\u00e6ftigelsesministeriet af Troels Lund Poulsen.M\u00f8det kom i stand p\u00e5 initiativ af\u00a0Henrik Agersted, Senior Erhverv Hovedstaden og\u00a0Poul Jensen, Senior Erhverv Horsens-Vejle. \u00a0Her er s\u00e5 resultatet:<\/p>\n","protected":false},"author":14,"featured_media":0,"parent":0,"menu_order":0,"comment_status":"closed","ping_status":"closed","template":"elementor_header_footer","meta":[],"x_date":"oktober 19, 2021","x_author":"SE Odense","x_gravatar":"https:\/\/secure.gravatar.com\/avatar\/6cc71885845bc2e6369ca699cf15c1bc?s=96&d=mm&r=g","x_metadata":{"_elementor_edit_mode":"builder","_elementor_template_type":"wp-page","_elementor_version":"3.4.4","_elementor_pro_version":"3.2.1","_elementor_page_settings":{"eael_ext_toc_title":"Table of Contents"},"_elementor_data":"[{\"id\":\"1c1a31e\",\"elType\":\"section\",\"settings\":{\"gap\":\"no\",\"structure\":\"20\",\"margin\":{\"unit\":\"px\",\"top\":\"10\",\"right\":0,\"bottom\":\"10\",\"left\":0,\"isLinked\":true},\"height\":\"min-height\",\"custom_height\":{\"unit\":\"px\",\"size\":0,\"sizes\":[]},\"column_position\":\"top\"},\"elements\":[{\"id\":\"6c9b1ad\",\"elType\":\"column\",\"settings\":{\"_column_size\":50,\"_inline_size\":25,\"padding\":{\"unit\":\"px\",\"top\":\"20\",\"right\":\"20\",\"bottom\":\"20\",\"left\":\"20\",\"isLinked\":true}},\"elements\":[{\"id\":\"59460aa\",\"elType\":\"widget\",\"settings\":{\"title\":\"Kalender\",\"header_size\":\"h3\",\"_padding\":{\"unit\":\"px\",\"top\":\"20\",\"right\":\"20\",\"bottom\":\"10\",\"left\":\"20\",\"isLinked\":false},\"eael_tooltip_section_content\":\"I am a tooltip\",\"eael_ext_content_protection_password_placeholder\":\"Enter Password\",\"eael_ext_content_protection_password_submit_btn_txt\":\"Submit\"},\"elements\":[],\"widgetType\":\"heading\"},{\"id\":\"7f9fd69\",\"elType\":\"widget\",\"settings\":{\"editor\":\"<p><iframe class=\\\"wrapper\\\" style=\\\"height: 460px;\\\" src=\\\"https:\\\/\\\/www.google.com\\\/calendar\\\/embed?height=600&amp;wkst=1&amp;bgcolor=%23FFFFFF&amp;src=ko0jost8anqtqv2akkppdjt4js%40group.calendar.google.com&amp;color=%232F6309&amp;src=da.danish%23holiday%40group.v.calendar.google.com&amp;color=%23711616&amp;src=e_2_da%23weeknum%40group.v.calendar.google.com&amp;color=%23182C57&amp;ctz=Europe%2FCopenhagen&quot; style=&quot; border-width:0 &quot; width=&quot;800&quot; height=&quot;600&quot; frameborder=&quot;0&quot; scrolling=&quot;no&quot;\\\" width=\\\"100%\\\" height=\\\"400\\\" frameborder=\\\"0\\\" scrolling=\\\"auto\\\"><br \\\/>\\nIngen iframes<\\\/iframe><\\\/p>\",\"eael_tooltip_section_content\":\"I am a tooltip\",\"eael_ext_content_protection_password_placeholder\":\"Enter Password\",\"eael_ext_content_protection_password_submit_btn_txt\":\"Submit\"},\"elements\":[],\"widgetType\":\"text-editor\"}],\"isInner\":false},{\"id\":\"e374b0b\",\"elType\":\"column\",\"settings\":{\"_column_size\":50,\"_inline_size\":75,\"padding\":{\"unit\":\"px\",\"top\":\"30\",\"right\":\"30\",\"bottom\":\"30\",\"left\":\"30\",\"isLinked\":true},\"css_classes\":\"box-container\"},\"elements\":[{\"id\":\"245d905\",\"elType\":\"widget\",\"settings\":{\"editor\":\"<p>I november 2017 blev alle form\\u00e6nd fra de lokale senior netv\\u00e6rk inviteret til m\\u00f8de i Besk\\u00e6ftigelsesministeriet af Troels Lund Poulsen.<br \\\/>M\\u00f8det kom i stand p\\u00e5 initiativ af\\u00a0Henrik Agersted, Senior Erhverv Hovedstaden og\\u00a0Poul Jensen, Senior Erhverv Horsens-Vejle.<\\\/p>\",\"eael_tooltip_section_content\":\"I am a tooltip\",\"eael_ext_content_protection_password_placeholder\":\"Enter Password\",\"eael_ext_content_protection_password_submit_btn_txt\":\"Submit\"},\"elements\":[],\"widgetType\":\"text-editor\"},{\"id\":\"fcc4d2c\",\"elType\":\"section\",\"settings\":{\"structure\":\"20\"},\"elements\":[{\"id\":\"fd17790\",\"elType\":\"column\",\"settings\":{\"_column_size\":50,\"_inline_size\":null},\"elements\":[{\"id\":\"65ebb31\",\"elType\":\"widget\",\"settings\":{\"image\":{\"url\":\"https:\\\/\\\/seniorerhverv.org\\\/lgfyn\\\/wp-content\\\/uploads\\\/sites\\\/14\\\/2021\\\/09\\\/Svar-til-Seniorerhverv-som-opfoelgning-paa-moede-d.png\",\"id\":112,\"alt\":\"\",\"source\":\"library\"},\"link_to\":\"file\",\"open_lightbox\":\"yes\",\"eael_tooltip_section_content\":\"I am a tooltip\",\"eael_ext_content_protection_password_placeholder\":\"Enter Password\",\"eael_ext_content_protection_password_submit_btn_txt\":\"Submit\"},\"elements\":[],\"widgetType\":\"image\"}],\"isInner\":true},{\"id\":\"28db105\",\"elType\":\"column\",\"settings\":{\"_column_size\":50,\"_inline_size\":null},\"elements\":[{\"id\":\"e9ca2a5\",\"elType\":\"widget\",\"settings\":{\"editor\":\"<p>\\u00a0Her er s\\u00e5 resultatet:<\\\/p>\",\"eael_tooltip_section_content\":\"I am a tooltip\",\"eael_ext_content_protection_password_placeholder\":\"Enter Password\",\"eael_ext_content_protection_password_submit_btn_txt\":\"Submit\"},\"elements\":[],\"widgetType\":\"text-editor\"},{\"id\":\"acd610f\",\"elType\":\"widget\",\"settings\":{\"image\":{\"url\":\"https:\\\/\\\/seniorerhverv.org\\\/lgfyn\\\/wp-content\\\/uploads\\\/sites\\\/14\\\/2021\\\/09\\\/Brev-til-borgmestrene-og-jobcentrene.png\",\"id\":38,\"alt\":\"\",\"source\":\"library\"},\"link_to\":\"file\",\"open_lightbox\":\"yes\",\"eael_tooltip_section_content\":\"I am a tooltip\",\"eael_ext_content_protection_password_placeholder\":\"Enter Password\",\"eael_ext_content_protection_password_submit_btn_txt\":\"Submit\"},\"elements\":[],\"widgetType\":\"image\"}],\"isInner\":true}],\"isInner\":true}],\"isInner\":false}],\"isInner\":false}]","_elementor_page_assets":[],"_elementor_controls_usage":{"heading":{"count":1,"control_percent":1,"controls":{"content":{"section_title":{"title":1,"header_size":1}},"advanced":{"_section_style":{"_padding":1}}}},"text-editor":{"count":3,"control_percent":0,"controls":{"content":{"section_editor":{"editor":3}}}},"column":{"count":4,"control_percent":1,"controls":{"layout":{"layout":{"_inline_size":4}},"advanced":{"section_advanced":{"padding":2,"css_classes":1}}}},"image":{"count":2,"control_percent":1,"controls":{"content":{"section_image":{"image":2,"link_to":2,"open_lightbox":2}}}},"section":{"count":2,"control_percent":2,"controls":{"layout":{"section_structure":{"structure":2},"section_layout":{"gap":1,"height":1,"custom_height":1,"column_position":1}},"advanced":{"section_advanced":{"margin":1}}}}},"_elementor_css":{"time":1664101338,"fonts":[],"icons":[],"dynamic_elements_ids":[],"status":"file","0":""},"_eael_custom_js":""},"_links":{"self":[{"href":"https:\/\/seniorerhverv.org\/odense\/wp-json\/wp\/v2\/pages\/187"}],"collection":[{"href":"https:\/\/seniorerhverv.org\/odense\/wp-json\/wp\/v2\/pages"}],"about":[{"href":"https:\/\/seniorerhverv.org\/odense\/wp-json\/wp\/v2\/types\/page"}],"author":[{"embeddable":true,"href":"https:\/\/seniorerhverv.org\/odense\/wp-json\/wp\/v2\/users\/14"}],"replies":[{"embeddable":true,"href":"https:\/\/seniorerhverv.org\/odense\/wp-json\/wp\/v2\/comments?post=187"}],"version-history":[{"count":0,"href":"https:\/\/seniorerhverv.org\/odense\/wp-json\/wp\/v2\/pages\/187\/revisions"}],"wp:attachment":[{"href":"https:\/\/seniorerhverv.org\/odense\/wp-json\/wp\/v2\/media?parent=187"}],"curies":[{"name":"wp","href":"https:\/\/api.w.org\/{rel}","templated":true}]}}