{"id":166,"date":"2021-10-19T18:45:22","date_gmt":"2021-10-19T18:45:22","guid":{"rendered":"https:\/\/seniorerhverv.org\/lgfyn\/?page_id=166"},"modified":"2024-04-24T14:30:00","modified_gmt":"2024-04-24T12:30:00","slug":"faste-moeder","status":"publish","type":"page","link":"https:\/\/seniorerhverv.org\/odense\/faste-moeder\/","title":{"rendered":"Faste m\u00f8der"},"content":{"rendered":"\t\t<div data-elementor-type=\"wp-page\" data-elementor-id=\"166\" class=\"elementor elementor-166\" data-elementor-settings=\"[]\">\n\t\t\t\t\t\t\t<div class=\"elementor-section-wrap\">\n\t\t\t\t\t\t\t<section data-particle_enable=\"false\" data-particle-mobile-disabled=\"false\" class=\"elementor-section elementor-top-section elementor-element elementor-element-1c1a31e elementor-section-height-min-height elementor-section-items-top elementor-section-boxed elementor-section-height-default\" data-id=\"1c1a31e\" data-element_type=\"section\">\n\t\t\t\t\t\t<div class=\"elementor-container elementor-column-gap-no\">\n\t\t\t\t\t<div class=\"elementor-column elementor-col-50 elementor-top-column elementor-element elementor-element-6c9b1ad\" data-id=\"6c9b1ad\" data-element_type=\"column\">\n\t\t\t<div class=\"elementor-widget-wrap elementor-element-populated\">\n\t\t\t\t\t\t\t\t<div class=\"elementor-element elementor-element-59460aa elementor-widget elementor-widget-heading\" data-id=\"59460aa\" data-element_type=\"widget\" data-widget_type=\"heading.default\">\n\t\t\t\t<div class=\"elementor-widget-container\">\n\t\t\t<h3 class=\"elementor-heading-title elementor-size-default\">Kalender<\/h3>\t\t<\/div>\n\t\t\t\t<\/div>\n\t\t\t\t<div class=\"elementor-element elementor-element-7f9fd69 elementor-widget elementor-widget-text-editor\" data-id=\"7f9fd69\" data-element_type=\"widget\" data-widget_type=\"text-editor.default\">\n\t\t\t\t<div class=\"elementor-widget-container\">\n\t\t\t\t\t\t\t<p><iframe loading=\"lazy\" class=\"wrapper\" style=\"height: 460px;\" src=\"https:\/\/www.google.com\/calendar\/embed?height=600&amp;wkst=1&amp;bgcolor=%23FFFFFF&amp;src=ko0jost8anqtqv2akkppdjt4js%40group.calendar.google.com&amp;color=%232F6309&amp;src=da.danish%23holiday%40group.v.calendar.google.com&amp;color=%23711616&amp;src=e_2_da%23weeknum%40group.v.calendar.google.com&amp;color=%23182C57&amp;ctz=Europe%2FCopenhagen&quot; style=&quot; border-width:0 &quot; width=&quot;800&quot; height=&quot;600&quot; frameborder=&quot;0&quot; scrolling=&quot;no&quot;\" width=\"100%\" height=\"400\" frameborder=\"0\" scrolling=\"auto\"><br \/>\nIngen iframes<\/iframe><\/p>\t\t\t\t\t\t<\/div>\n\t\t\t\t<\/div>\n\t\t\t\t\t<\/div>\n\t\t<\/div>\n\t\t\t\t<div class=\"elementor-column elementor-col-50 elementor-top-column elementor-element elementor-element-e374b0b box-container\" data-id=\"e374b0b\" data-element_type=\"column\">\n\t\t\t<div class=\"elementor-widget-wrap elementor-element-populated\">\n\t\t\t\t\t\t\t\t<div class=\"elementor-element elementor-element-245d905 elementor-widget elementor-widget-text-editor\" data-id=\"245d905\" data-element_type=\"widget\" data-widget_type=\"text-editor.default\">\n\t\t\t\t<div class=\"elementor-widget-container\">\n\t\t\t\t\t\t\t<h4>Faste m\u00f8der<\/h4><p><span style=\"font-family: helvetica, arial, sans-serif; font-size: 14pt;\">Medlemsservice afholder faste m\u00f8der hver mandag fra 9:00.<\/span><br \/><span style=\"font-family: helvetica, arial, sans-serif; font-size: 14pt;\">Efter m\u00f8det kan interesserede h\u00f8re om Senior Erhverv Odense.<\/span><\/p><p><span style=\"font-family: helvetica, arial, sans-serif; font-size: 14pt;\">Virksomhedsservice m\u00f8des hver tirsdag fra kl. 9:00 til opgaverne er l\u00f8st.<\/span><br \/><span style=\"font-family: helvetica, arial, sans-serif; font-size: 14pt;\">Her kan nye medlemmer m\u00f8de op, hvis det passer bedre.<\/span><\/p><p><span style=\"font-family: helvetica, arial, sans-serif; font-size: 14pt;\">M\u00f8d op, v\u00e6r aktiv og hj\u00e6lp dig selv med at komme tilbage i job.<\/span><\/p><p><span style=\"font-family: helvetica, arial, sans-serif; font-size: 14pt;\">Kontoret er \u00e5bent onsdag, torsdag og fredag fra 10 til 13<\/span><\/p>\t\t\t\t\t\t<\/div>\n\t\t\t\t<\/div>\n\t\t\t\t\t<\/div>\n\t\t<\/div>\n\t\t\t\t\t\t\t<\/div>\n\t\t<\/section>\n\t\t\t\t\t\t<\/div>\n\t\t\t\t\t<\/div>\n\t\t"},"excerpt":{"rendered":"<p>Kalender Ingen iframes Faste m\u00f8der Medlemsservice afholder faste m\u00f8der hver mandag fra 9:00.Efter m\u00f8det kan interesserede h\u00f8re om Senior Erhverv Odense. Virksomhedsservice m\u00f8des hver tirsdag fra kl. 9:00 til opgaverne er l\u00f8st.Her kan nye medlemmer m\u00f8de op, hvis det passer bedre. M\u00f8d op, v\u00e6r aktiv og hj\u00e6lp dig selv med at komme tilbage i job. [&hellip;]<\/p>\n","protected":false},"author":14,"featured_media":0,"parent":0,"menu_order":0,"comment_status":"closed","ping_status":"closed","template":"elementor_header_footer","meta":[],"x_date":"oktober 19, 2021","x_author":"SE Odense","x_gravatar":"https:\/\/secure.gravatar.com\/avatar\/6cc71885845bc2e6369ca699cf15c1bc?s=96&d=mm&r=g","x_metadata":{"_elementor_edit_mode":"builder","_elementor_template_type":"wp-page","_elementor_version":"3.4.4","_elementor_pro_version":"3.2.1","_elementor_page_settings":{"eael_ext_toc_title":"Table of Contents"},"_elementor_data":"[{\"id\":\"1c1a31e\",\"elType\":\"section\",\"settings\":{\"gap\":\"no\",\"structure\":\"20\",\"margin\":{\"unit\":\"px\",\"top\":\"10\",\"right\":0,\"bottom\":\"10\",\"left\":0,\"isLinked\":true},\"height\":\"min-height\",\"custom_height\":{\"unit\":\"px\",\"size\":0,\"sizes\":[]},\"column_position\":\"top\",\"eael_parallax_layers_list\":[],\"eael_cl_logics\":[{\"_id\":\"928fbb6\"}]},\"elements\":[{\"id\":\"6c9b1ad\",\"elType\":\"column\",\"settings\":{\"_column_size\":50,\"_inline_size\":25,\"padding\":{\"unit\":\"px\",\"top\":\"20\",\"right\":\"20\",\"bottom\":\"20\",\"left\":\"20\",\"isLinked\":true},\"eael_cl_logics\":[{\"_id\":\"7366bf7\"}]},\"elements\":[{\"id\":\"59460aa\",\"elType\":\"widget\",\"settings\":{\"title\":\"Kalender\",\"header_size\":\"h3\",\"_padding\":{\"unit\":\"px\",\"top\":\"20\",\"right\":\"20\",\"bottom\":\"10\",\"left\":\"20\",\"isLinked\":false},\"eael_tooltip_section_content\":\"I am a tooltip\",\"eael_ext_content_protection_password_placeholder\":\"Enter Password\",\"eael_ext_content_protection_password_submit_btn_txt\":\"Submit\",\"eael_ext_content_protection_password_incorrect_message\":\"Password does not match.\",\"eael_cl_logics\":[{\"_id\":\"a800631\"}]},\"elements\":[],\"widgetType\":\"heading\"},{\"id\":\"7f9fd69\",\"elType\":\"widget\",\"settings\":{\"editor\":\"<p><iframe class=\\\"wrapper\\\" style=\\\"height: 460px;\\\" src=\\\"https:\\\/\\\/www.google.com\\\/calendar\\\/embed?height=600&amp;wkst=1&amp;bgcolor=%23FFFFFF&amp;src=ko0jost8anqtqv2akkppdjt4js%40group.calendar.google.com&amp;color=%232F6309&amp;src=da.danish%23holiday%40group.v.calendar.google.com&amp;color=%23711616&amp;src=e_2_da%23weeknum%40group.v.calendar.google.com&amp;color=%23182C57&amp;ctz=Europe%2FCopenhagen&quot; style=&quot; border-width:0 &quot; width=&quot;800&quot; height=&quot;600&quot; frameborder=&quot;0&quot; scrolling=&quot;no&quot;\\\" width=\\\"100%\\\" height=\\\"400\\\" frameborder=\\\"0\\\" scrolling=\\\"auto\\\"><br \\\/>\\nIngen iframes<\\\/iframe><\\\/p>\",\"eael_tooltip_section_content\":\"I am a tooltip\",\"eael_ext_content_protection_password_placeholder\":\"Enter Password\",\"eael_ext_content_protection_password_submit_btn_txt\":\"Submit\",\"eael_ext_content_protection_password_incorrect_message\":\"Password does not match.\",\"eael_cl_logics\":[{\"_id\":\"64387e5\"}]},\"elements\":[],\"widgetType\":\"text-editor\"}],\"isInner\":false},{\"id\":\"e374b0b\",\"elType\":\"column\",\"settings\":{\"_column_size\":50,\"_inline_size\":75,\"padding\":{\"unit\":\"px\",\"top\":\"30\",\"right\":\"30\",\"bottom\":\"30\",\"left\":\"30\",\"isLinked\":true},\"css_classes\":\"box-container\",\"eael_cl_logics\":[{\"_id\":\"a2ebdaa\"}]},\"elements\":[{\"id\":\"245d905\",\"elType\":\"widget\",\"settings\":{\"editor\":\"<h4>Faste m\\u00f8der<\\\/h4><p><span style=\\\"font-family: helvetica, arial, sans-serif; font-size: 14pt;\\\">Medlemsservice afholder faste m\\u00f8der hver mandag fra 9:00.<\\\/span><br \\\/><span style=\\\"font-family: helvetica, arial, sans-serif; font-size: 14pt;\\\">Efter m\\u00f8det kan interesserede h\\u00f8re om Senior Erhverv Odense.<\\\/span><\\\/p><p><span style=\\\"font-family: helvetica, arial, sans-serif; font-size: 14pt;\\\">Virksomhedsservice m\\u00f8des hver tirsdag fra kl. 9:00 til opgaverne er l\\u00f8st.<\\\/span><br \\\/><span style=\\\"font-family: helvetica, arial, sans-serif; font-size: 14pt;\\\">Her kan nye medlemmer m\\u00f8de op, hvis det passer bedre.<\\\/span><\\\/p><p><span style=\\\"font-family: helvetica, arial, sans-serif; font-size: 14pt;\\\">M\\u00f8d op, v\\u00e6r aktiv og hj\\u00e6lp dig selv med at komme tilbage i job.<\\\/span><\\\/p><p><span style=\\\"font-family: helvetica, arial, sans-serif; font-size: 14pt;\\\">Kontoret er \\u00e5bent onsdag, torsdag og fredag fra 10 til 13<\\\/span><\\\/p>\",\"eael_tooltip_section_content\":\"I am a tooltip\",\"eael_ext_content_protection_password_placeholder\":\"Enter Password\",\"eael_ext_content_protection_password_submit_btn_txt\":\"Submit\",\"eael_ext_content_protection_password_incorrect_message\":\"Password does not match.\",\"eael_cl_logics\":[{\"_id\":\"8550432\"}]},\"elements\":[],\"widgetType\":\"text-editor\"}],\"isInner\":false}],\"isInner\":false}]","_elementor_page_assets":[],"_eael_custom_js":"","_elementor_controls_usage":{"heading":{"count":1,"control_percent":1,"controls":{"content":{"section_title":{"title":1,"header_size":1}},"advanced":{"_section_style":{"_padding":1},"eael_conditional_logic_section":{"eael_cl_logics":1}}}},"text-editor":{"count":2,"control_percent":1,"controls":{"content":{"section_editor":{"editor":2}},"advanced":{"eael_conditional_logic_section":{"eael_cl_logics":2}}}},"column":{"count":2,"control_percent":1,"controls":{"layout":{"layout":{"_inline_size":2}},"advanced":{"section_advanced":{"padding":2,"css_classes":1},"eael_conditional_logic_section":{"eael_cl_logics":2}}}},"section":{"count":1,"control_percent":2,"controls":{"layout":{"section_layout":{"gap":1,"height":1,"custom_height":1,"column_position":1},"section_structure":{"structure":1}},"advanced":{"section_advanced":{"margin":1},"eael_conditional_logic_section":{"eael_cl_logics":1}}}}},"_elementor_css":{"time":1714072971,"fonts":[],"icons":[],"dynamic_elements_ids":[],"status":"file","0":""}},"_links":{"self":[{"href":"https:\/\/seniorerhverv.org\/odense\/wp-json\/wp\/v2\/pages\/166"}],"collection":[{"href":"https:\/\/seniorerhverv.org\/odense\/wp-json\/wp\/v2\/pages"}],"about":[{"href":"https:\/\/seniorerhverv.org\/odense\/wp-json\/wp\/v2\/types\/page"}],"author":[{"embeddable":true,"href":"https:\/\/seniorerhverv.org\/odense\/wp-json\/wp\/v2\/users\/14"}],"replies":[{"embeddable":true,"href":"https:\/\/seniorerhverv.org\/odense\/wp-json\/wp\/v2\/comments?post=166"}],"version-history":[{"count":6,"href":"https:\/\/seniorerhverv.org\/odense\/wp-json\/wp\/v2\/pages\/166\/revisions"}],"predecessor-version":[{"id":821,"href":"https:\/\/seniorerhverv.org\/odense\/wp-json\/wp\/v2\/pages\/166\/revisions\/821"}],"wp:attachment":[{"href":"https:\/\/seniorerhverv.org\/odense\/wp-json\/wp\/v2\/media?parent=166"}],"curies":[{"name":"wp","href":"https:\/\/api.w.org\/{rel}","templated":true}]}}