{"id":161,"date":"2021-10-19T18:52:58","date_gmt":"2021-10-19T18:52:58","guid":{"rendered":"https:\/\/seniorerhverv.org\/lgfyn\/?page_id=161"},"modified":"2022-08-15T11:15:24","modified_gmt":"2022-08-15T11:15:24","slug":"find-medarbejder","status":"publish","type":"page","link":"https:\/\/seniorerhverv.org\/odense\/find-medarbejder\/","title":{"rendered":"Find medarbejder"},"content":{"rendered":"\t\t<div data-elementor-type=\"wp-page\" data-elementor-id=\"161\" class=\"elementor elementor-161\" data-elementor-settings=\"[]\">\n\t\t\t\t\t\t\t<div class=\"elementor-section-wrap\">\n\t\t\t\t\t\t\t<section data-particle_enable=\"false\" data-particle-mobile-disabled=\"false\" class=\"elementor-section elementor-top-section elementor-element elementor-element-1c1a31e elementor-section-boxed elementor-section-height-default elementor-section-height-default\" data-id=\"1c1a31e\" data-element_type=\"section\">\n\t\t\t\t\t\t<div class=\"elementor-container elementor-column-gap-no\">\n\t\t\t\t\t<div class=\"elementor-column elementor-col-50 elementor-top-column elementor-element elementor-element-6c9b1ad\" data-id=\"6c9b1ad\" data-element_type=\"column\">\n\t\t\t<div class=\"elementor-widget-wrap elementor-element-populated\">\n\t\t\t\t\t\t\t\t<div class=\"elementor-element elementor-element-59460aa elementor-widget elementor-widget-heading\" data-id=\"59460aa\" data-element_type=\"widget\" data-widget_type=\"heading.default\">\n\t\t\t\t<div class=\"elementor-widget-container\">\n\t\t\t<h3 class=\"elementor-heading-title elementor-size-default\">Kalender<\/h3>\t\t<\/div>\n\t\t\t\t<\/div>\n\t\t\t\t<div class=\"elementor-element elementor-element-7f9fd69 elementor-widget elementor-widget-text-editor\" data-id=\"7f9fd69\" data-element_type=\"widget\" data-widget_type=\"text-editor.default\">\n\t\t\t\t<div class=\"elementor-widget-container\">\n\t\t\t\t\t\t\t<p><iframe loading=\"lazy\" class=\"wrapper\" style=\"height: 460px;\" src=\"https:\/\/www.google.com\/calendar\/embed?height=600&amp;wkst=1&amp;bgcolor=%23FFFFFF&amp;src=ko0jost8anqtqv2akkppdjt4js%40group.calendar.google.com&amp;color=%232F6309&amp;src=da.danish%23holiday%40group.v.calendar.google.com&amp;color=%23711616&amp;src=e_2_da%23weeknum%40group.v.calendar.google.com&amp;color=%23182C57&amp;ctz=Europe%2FCopenhagen&quot; style=&quot; border-width:0 &quot; width=&quot;800&quot; height=&quot;600&quot; frameborder=&quot;0&quot; scrolling=&quot;no&quot;\" width=\"100%\" height=\"400\" frameborder=\"0\" scrolling=\"auto\"><br \/>\nIngen iframes<\/iframe><\/p>\t\t\t\t\t\t<\/div>\n\t\t\t\t<\/div>\n\t\t\t\t\t<\/div>\n\t\t<\/div>\n\t\t\t\t<div class=\"elementor-column elementor-col-50 elementor-top-column elementor-element elementor-element-e374b0b box-container\" data-id=\"e374b0b\" data-element_type=\"column\">\n\t\t\t<div class=\"elementor-widget-wrap elementor-element-populated\">\n\t\t\t\t\t\t\t\t<div class=\"elementor-element elementor-element-245d905 elementor-widget elementor-widget-text-editor\" data-id=\"245d905\" data-element_type=\"widget\" data-widget_type=\"text-editor.default\">\n\t\t\t\t<div class=\"elementor-widget-container\">\n\t\t\t\t\t\t\t<p>Her kan du v\u00e6lge, om din nye medarbejder skal v\u00e6re p\u00e5 fuld tid, deltid eller tidsafgr\u00e6nset.<\/p><ul class=\"pil\"><li>Du b\u00f8r ogs\u00e5 v\u00e6lge hjemstedskommune for arbejdspladsen.<\/li><li>N\u00e5r listen med billeder og mini-CV er fremme, kan du klikke p\u00e5 billede eller tekst, hvorved det fulde CV fremkommer.<\/li><li>Du kan ogs\u00e5 udskrive Mini-CV&#8217;erne med billeder.<\/li><li>Sorteringen starter med det arbejdssted (kommune), der v\u00e6lges.<\/li><\/ul>\t\t\t\t\t\t<\/div>\n\t\t\t\t<\/div>\n\t\t\t\t<div class=\"elementor-element elementor-element-1bf2097 elementor-button-success elementor-align-center elementor-widget elementor-widget-button\" data-id=\"1bf2097\" data-element_type=\"widget\" data-widget_type=\"button.default\">\n\t\t\t\t<div class=\"elementor-widget-container\">\n\t\t\t\t\t<div class=\"elementor-button-wrapper\">\n\t\t\t<a href=\"https:\/\/medlem.senior-erhverv.dk\/cv\/5100\" target=\"_blank\" class=\"elementor-button-link elementor-button elementor-size-lg\" role=\"button\">\n\t\t\t\t\t\t<span class=\"elementor-button-content-wrapper\">\n\t\t\t\t\t\t<span class=\"elementor-button-text\">Find medarbejder<\/span>\n\t\t<\/span>\n\t\t\t\t\t<\/a>\n\t\t<\/div>\n\t\t\t\t<\/div>\n\t\t\t\t<\/div>\n\t\t\t\t\t<\/div>\n\t\t<\/div>\n\t\t\t\t\t\t\t<\/div>\n\t\t<\/section>\n\t\t\t\t\t\t<\/div>\n\t\t\t\t\t<\/div>\n\t\t"},"excerpt":{"rendered":"<p>Kalender Ingen iframes Her kan du v\u00e6lge, om din nye medarbejder skal v\u00e6re p\u00e5 fuld tid, deltid eller tidsafgr\u00e6nset. Du b\u00f8r ogs\u00e5 v\u00e6lge hjemstedskommune for arbejdspladsen. N\u00e5r listen med billeder og mini-CV er fremme, kan du klikke p\u00e5 billede eller tekst, hvorved det fulde CV fremkommer. Du kan ogs\u00e5 udskrive Mini-CV&#8217;erne med billeder. Sorteringen starter [&hellip;]<\/p>\n","protected":false},"author":14,"featured_media":0,"parent":0,"menu_order":0,"comment_status":"closed","ping_status":"closed","template":"elementor_header_footer","meta":[],"x_date":"oktober 19, 2021","x_author":"SE Odense","x_gravatar":"https:\/\/secure.gravatar.com\/avatar\/6cc71885845bc2e6369ca699cf15c1bc?s=96&d=mm&r=g","x_metadata":{"_elementor_edit_mode":"builder","_elementor_template_type":"wp-page","_elementor_version":"3.4.4","_elementor_pro_version":"3.2.1","_elementor_page_settings":{"eael_ext_toc_title":"Table of Contents"},"_elementor_data":"[{\"id\":\"1c1a31e\",\"elType\":\"section\",\"settings\":{\"gap\":\"no\",\"structure\":\"20\",\"margin\":{\"unit\":\"px\",\"top\":\"10\",\"right\":0,\"bottom\":\"10\",\"left\":0,\"isLinked\":true}},\"elements\":[{\"id\":\"6c9b1ad\",\"elType\":\"column\",\"settings\":{\"_column_size\":50,\"_inline_size\":25,\"padding\":{\"unit\":\"px\",\"top\":\"20\",\"right\":\"20\",\"bottom\":\"20\",\"left\":\"20\",\"isLinked\":true}},\"elements\":[{\"id\":\"59460aa\",\"elType\":\"widget\",\"settings\":{\"title\":\"Kalender\",\"header_size\":\"h3\",\"_padding\":{\"unit\":\"px\",\"top\":\"20\",\"right\":\"20\",\"bottom\":\"10\",\"left\":\"20\",\"isLinked\":false},\"eael_tooltip_section_content\":\"I am a tooltip\",\"eael_ext_content_protection_password_placeholder\":\"Enter Password\",\"eael_ext_content_protection_password_submit_btn_txt\":\"Submit\"},\"elements\":[],\"widgetType\":\"heading\"},{\"id\":\"7f9fd69\",\"elType\":\"widget\",\"settings\":{\"editor\":\"<p><iframe class=\\\"wrapper\\\" style=\\\"height: 460px;\\\" src=\\\"https:\\\/\\\/www.google.com\\\/calendar\\\/embed?height=600&amp;wkst=1&amp;bgcolor=%23FFFFFF&amp;src=ko0jost8anqtqv2akkppdjt4js%40group.calendar.google.com&amp;color=%232F6309&amp;src=da.danish%23holiday%40group.v.calendar.google.com&amp;color=%23711616&amp;src=e_2_da%23weeknum%40group.v.calendar.google.com&amp;color=%23182C57&amp;ctz=Europe%2FCopenhagen&quot; style=&quot; border-width:0 &quot; width=&quot;800&quot; height=&quot;600&quot; frameborder=&quot;0&quot; scrolling=&quot;no&quot;\\\" width=\\\"100%\\\" height=\\\"400\\\" frameborder=\\\"0\\\" scrolling=\\\"auto\\\"><br \\\/>\\nIngen iframes<\\\/iframe><\\\/p>\",\"eael_tooltip_section_content\":\"I am a tooltip\",\"eael_ext_content_protection_password_placeholder\":\"Enter Password\",\"eael_ext_content_protection_password_submit_btn_txt\":\"Submit\"},\"elements\":[],\"widgetType\":\"text-editor\"}],\"isInner\":false},{\"id\":\"e374b0b\",\"elType\":\"column\",\"settings\":{\"_column_size\":50,\"_inline_size\":75,\"padding\":{\"unit\":\"px\",\"top\":\"30\",\"right\":\"30\",\"bottom\":\"30\",\"left\":\"30\",\"isLinked\":true},\"css_classes\":\"box-container\"},\"elements\":[{\"id\":\"245d905\",\"elType\":\"widget\",\"settings\":{\"editor\":\"<p>Her kan du v\\u00e6lge, om din nye medarbejder skal v\\u00e6re p\\u00e5 fuld tid, deltid eller tidsafgr\\u00e6nset.<\\\/p><ul class=\\\"pil\\\"><li>Du b\\u00f8r ogs\\u00e5 v\\u00e6lge hjemstedskommune for arbejdspladsen.<\\\/li><li>N\\u00e5r listen med billeder og mini-CV er fremme, kan du klikke p\\u00e5 billede eller tekst, hvorved det fulde CV fremkommer.<\\\/li><li>Du kan ogs\\u00e5 udskrive Mini-CV'erne med billeder.<\\\/li><li>Sorteringen starter med det arbejdssted (kommune), der v\\u00e6lges.<\\\/li><\\\/ul>\",\"eael_tooltip_section_content\":\"I am a tooltip\",\"eael_ext_content_protection_password_placeholder\":\"Enter Password\",\"eael_ext_content_protection_password_submit_btn_txt\":\"Submit\"},\"elements\":[],\"widgetType\":\"text-editor\"},{\"id\":\"1bf2097\",\"elType\":\"widget\",\"settings\":{\"button_type\":\"success\",\"text\":\"Find medarbejder\",\"link\":{\"url\":\"https:\\\/\\\/medlem.senior-erhverv.dk\\\/cv\\\/5100\",\"is_external\":\"on\",\"nofollow\":\"\",\"custom_attributes\":\"\"},\"align\":\"center\",\"size\":\"lg\",\"icon_indent\":{\"unit\":\"px\",\"size\":0,\"sizes\":[]},\"_margin\":{\"unit\":\"px\",\"top\":\"30\",\"right\":\"0\",\"bottom\":\"0\",\"left\":\"0\",\"isLinked\":false},\"__globals__\":{\"background_color\":\"globals\\\/colors?id=51d7d82\",\"hover_color\":\"globals\\\/colors?id=text\",\"button_background_hover_color\":\"globals\\\/colors?id=primary\",\"button_text_color\":\"globals\\\/colors?id=text\"}},\"elements\":[],\"widgetType\":\"button\"}],\"isInner\":false}],\"isInner\":false}]","_elementor_page_assets":[],"_elementor_controls_usage":{"heading":{"count":1,"control_percent":1,"controls":{"content":{"section_title":{"title":1,"header_size":1}},"advanced":{"_section_style":{"_padding":1}}}},"text-editor":{"count":2,"control_percent":0,"controls":{"content":{"section_editor":{"editor":2}}}},"column":{"count":2,"control_percent":1,"controls":{"layout":{"layout":{"_inline_size":2}},"advanced":{"section_advanced":{"padding":2,"css_classes":1}}}},"button":{"count":1,"control_percent":2,"controls":{"content":{"section_button":{"button_type":1,"text":1,"link":1,"align":1,"size":1,"icon_indent":1}},"advanced":{"_section_style":{"_margin":1}}}},"section":{"count":1,"control_percent":1,"controls":{"layout":{"section_layout":{"gap":1},"section_structure":{"structure":1}},"advanced":{"section_advanced":{"margin":1}}}}},"_elementor_css":{"time":1663769461,"fonts":[],"icons":[""],"dynamic_elements_ids":[],"status":"file","0":""},"_eael_custom_js":""},"_links":{"self":[{"href":"https:\/\/seniorerhverv.org\/odense\/wp-json\/wp\/v2\/pages\/161"}],"collection":[{"href":"https:\/\/seniorerhverv.org\/odense\/wp-json\/wp\/v2\/pages"}],"about":[{"href":"https:\/\/seniorerhverv.org\/odense\/wp-json\/wp\/v2\/types\/page"}],"author":[{"embeddable":true,"href":"https:\/\/seniorerhverv.org\/odense\/wp-json\/wp\/v2\/users\/14"}],"replies":[{"embeddable":true,"href":"https:\/\/seniorerhverv.org\/odense\/wp-json\/wp\/v2\/comments?post=161"}],"version-history":[{"count":0,"href":"https:\/\/seniorerhverv.org\/odense\/wp-json\/wp\/v2\/pages\/161\/revisions"}],"wp:attachment":[{"href":"https:\/\/seniorerhverv.org\/odense\/wp-json\/wp\/v2\/media?parent=161"}],"curies":[{"name":"wp","href":"https:\/\/api.w.org\/{rel}","templated":true}]}}