{"id":416,"date":"2021-10-06T11:08:59","date_gmt":"2021-10-06T11:08:59","guid":{"rendered":"https:\/\/seniorerhverv.org\/nordvestjylland\/?page_id=416"},"modified":"2026-02-25T11:54:55","modified_gmt":"2026-02-25T11:54:55","slug":"om-senior-erhverv","status":"publish","type":"page","link":"https:\/\/seniorerhverv.org\/nordvestjylland\/om-senior-erhverv\/","title":{"rendered":"Om Senior Erhverv"},"content":{"rendered":"\t\t<div data-elementor-type=\"wp-page\" data-elementor-id=\"416\" class=\"elementor elementor-416\" data-elementor-settings=\"[]\">\n\t\t\t\t\t\t\t<div class=\"elementor-section-wrap\">\n\t\t\t\t\t\t\t<section data-particle_enable=\"false\" data-particle-mobile-disabled=\"false\" class=\"elementor-section elementor-top-section elementor-element elementor-element-5a84414 elementor-section-boxed elementor-section-height-default elementor-section-height-default\" data-id=\"5a84414\" data-element_type=\"section\">\n\t\t\t\t\t\t<div class=\"elementor-container elementor-column-gap-default\">\n\t\t\t\t\t<div class=\"elementor-column elementor-col-100 elementor-top-column elementor-element elementor-element-b67a658\" data-id=\"b67a658\" data-element_type=\"column\">\n\t\t\t<div class=\"elementor-widget-wrap elementor-element-populated\">\n\t\t\t\t\t\t\t\t<div class=\"elementor-element elementor-element-2f4ae5a elementor-nav-menu--indicator-chevron elementor-nav-menu--stretch elementor-nav-menu__text-align-center elementor-nav-menu--toggle elementor-nav-menu--burger elementor-widget elementor-widget-nav-menu\" data-id=\"2f4ae5a\" data-element_type=\"widget\" data-settings=\"{&quot;layout&quot;:&quot;dropdown&quot;,&quot;full_width&quot;:&quot;stretch&quot;,&quot;toggle&quot;:&quot;burger&quot;}\" data-widget_type=\"nav-menu.default\">\n\t\t\t\t<div class=\"elementor-widget-container\">\n\t\t\t\t\t<div class=\"elementor-menu-toggle\" role=\"button\" tabindex=\"0\" aria-label=\"Menu Toggle\" aria-expanded=\"false\">\n\t\t\t<i class=\"eicon-menu-bar\" aria-hidden=\"true\"><\/i>\n\t\t\t<span class=\"elementor-screen-only\">Menu<\/span>\n\t\t<\/div>\n\t\t\t<nav class=\"elementor-nav-menu--dropdown elementor-nav-menu__container\" role=\"navigation\" aria-hidden=\"true\"><ul id=\"menu-2-2f4ae5a\" class=\"elementor-nav-menu\"><li class=\"menu-item menu-item-type-post_type menu-item-object-page menu-item-399\"><a href=\"https:\/\/seniorerhverv.org\/nordvestjylland\/om-os\/\" class=\"elementor-item\">Om os<\/a><\/li>\n<li class=\"menu-item menu-item-type-post_type menu-item-object-page menu-item-474\"><a href=\"https:\/\/seniorerhverv.org\/nordvestjylland\/om-senior-erhverv\/\" class=\"elementor-item\">Om Senior Erhverv<\/a><\/li>\n<\/ul><\/nav>\n\t\t\t\t<\/div>\n\t\t\t\t<\/div>\n\t\t\t\t\t<\/div>\n\t\t<\/div>\n\t\t\t\t\t\t\t<\/div>\n\t\t<\/section>\n\t\t\t\t<section data-particle_enable=\"false\" data-particle-mobile-disabled=\"false\" class=\"elementor-section elementor-top-section elementor-element elementor-element-19df63f elementor-section-content-middle box-container elementor-section-boxed elementor-section-height-default elementor-section-height-default\" data-id=\"19df63f\" data-element_type=\"section\">\n\t\t\t\t\t\t<div class=\"elementor-container elementor-column-gap-no\">\n\t\t\t\t\t<div class=\"elementor-column elementor-col-100 elementor-top-column elementor-element elementor-element-87b3289\" data-id=\"87b3289\" data-element_type=\"column\">\n\t\t\t<div class=\"elementor-widget-wrap elementor-element-populated\">\n\t\t\t\t\t\t\t\t<section data-particle_enable=\"false\" data-particle-mobile-disabled=\"false\" class=\"elementor-section elementor-inner-section elementor-element elementor-element-88a1aa2 elementor-section-boxed elementor-section-height-default elementor-section-height-default\" data-id=\"88a1aa2\" data-element_type=\"section\">\n\t\t\t\t\t\t<div class=\"elementor-container elementor-column-gap-no\">\n\t\t\t\t\t<div class=\"elementor-column elementor-col-100 elementor-inner-column elementor-element elementor-element-04581a1\" data-id=\"04581a1\" data-element_type=\"column\">\n\t\t\t<div class=\"elementor-widget-wrap elementor-element-populated\">\n\t\t\t\t\t\t\t\t<div class=\"elementor-element elementor-element-7da555e elementor-widget elementor-widget-text-editor\" data-id=\"7da555e\" data-element_type=\"widget\" data-widget_type=\"text-editor.default\">\n\t\t\t\t<div class=\"elementor-widget-container\">\n\t\t\t\t\t\t\t<h4>Du er medlem af et netv\u00e6rk der nytter og rykker!<\/h4><p><span style=\"font-size: 10pt;\">I <span style=\"color: #3380cc;\"><strong>Senior Erhverv <\/strong><\/span>er selvaktivering og \u201dhj\u00e6lp til selvhj\u00e6lp\u201d det b\u00e6rende element i jobs\u00f8gningen. Du er med til at tilrettel\u00e6gge aktiviteterne i foreningens arbejdsgrupper, og har stor indflydelse p\u00e5 aktivitetsniveauet.<\/span><\/p><p><span style=\"font-size: 10pt;\"><span style=\"color: #3380cc;\"><strong>Netv\u00e6rksm\u00f8der<\/strong><\/span> afholdes<\/span><br \/><span style=\"font-size: 10pt;\">Tirsdage fra kl. 10.00 til kl. 13.00. Her diskuteres jobs\u00f8gning og andre relevante problematikker. Vi kan tr\u00e6kke p\u00e5 hinandens kompetencer. Med mellemrum er der indl\u00e6g fra interne og eksterne g\u00e6ster.<\/span><\/p><p><span style=\"font-size: 10pt;\"><span style=\"color: #3380cc;\"><strong>Arbejdsgrupper<\/strong> <\/span>afholder m\u00f8der efter behov<\/span><br \/><span style=\"font-size: 10pt;\">Vi har pt. f\u00f8lgende grupper:\u00a0 <strong>Ledelsesgruppen, virksomhedsgruppen, it-gruppen, pr. gruppen, administrationsgruppen, kontorgruppen. <\/strong><\/span><br \/><span style=\"font-size: 10pt;\">Ved at deltage i Senior Erhvervs gruppearbejde forbedrer du dine jobmuligheder v\u00e6sentligt. <\/span><br \/><span style=\"font-size: 10pt;\">Grupperne er foreningens livsnerve. Se n\u00e6rmere under de enkelte gruppers beskrivelse (faneblad) Det er vigtigt at s\u00e5 mange som muligt er med i grupperne, s\u00e5 vi kan afl\u00f8se hinanden, n\u00e5r vi kommer i arbejde.<\/span><\/p><p><span style=\"font-size: 10pt;\">I <span style=\"color: #3380cc;\"><strong>Senior Erhverv Nordvestjylland\u00a0\u00a0\u00a0\u00a0\u00a0\u00a0\u00a0\u00a0\u00a0\u00a0\u00a0\u00a0\u00a0\u00a0\u00a0\u00a0\u00a0\u00a0\u00a0\u00a0\u00a0\u00a0\u00a0\u00a0\u00a0\u00a0\u00a0\u00a0\u00a0\u00a0\u00a0\u00a0\u00a0\u00a0\u00a0\u00a0\u00a0\u00a0\u00a0\u00a0\u00a0\u00a0\u00a0\u00a0\u00a0\u00a0\u00a0\u00a0\u00a0\u00a0\u00a0\u00a0\u00a0\u00a0\u00a0\u00a0\u00a0\u00a0\u00a0<\/strong><\/span><\/span><\/p><table><tbody><tr><td style=\"border: 1px solid #ffffff;\"><p><strong><span style=\"font-size: 10pt;\">F\u00e5r du nu mulighed for:<\/span><\/strong><br \/><span style=\"font-size: 10pt;\">At m\u00f8de andre i samme situation<\/span><br \/><span style=\"font-size: 10pt;\">Komme gratis p\u00e5 inspirerende kurser, (der udbetales k\u00f8repenge).<\/span><br \/><span style=\"font-size: 10pt;\">Du kan f\u00e5 hj\u00e6lp til at udforme dit CV og ans\u00f8gning.<\/span><br \/><span style=\"font-size: 10pt;\">F\u00e5 printet, scannet eller kopieret \u2013 Vi har udstyret.<\/span><\/p><p><span style=\"font-size: 10pt;\">Du skal ogs\u00e5 lige huske: <\/span><br \/><span style=\"font-size: 10pt;\">At l\u00e6gge dit CV i databasen<\/span><br \/><span style=\"font-size: 10pt;\">At udfylde timesedlen hver m\u00e5ned<\/span><br \/><span style=\"font-size: 10pt;\">Holde kontoret orienteret om din medlemsstatus.<\/span><\/p><\/td><td style=\"border: 1px solid #ffffff;\"><p><strong><span style=\"font-size: 10pt;\">ALLE arrangementer afholdes p\u00e5 foreningens adresse, hvis ikke andet er n\u00e6vnt.<\/span><\/strong><\/p><h4><span style=\"color: #ff0000;\"><span style=\"color: #ff0000;\"><strong>Vedt\u00e6gter<\/strong><\/span><\/span><\/h4><p><span style=\"font-size: 10pt;\">Kontingentet kr. 100,- opkr\u00e6ves \u00e9n gang om \u00e5ret og kan inds\u00e6ttes p\u00e5 foreningens konto i\u00a0Vestjysk Bank\u00a0konto.: 7602 1468038<\/span><\/p><h3>Senior Erhverv Nordvestjylland<\/h3><p><span style=\"font-size: 10pt;\">\u00a0\u00a0\u00a0\u00a0\u00a0\u00a0\u00a0\u00a0 <span style=\"color: #ff0000;\"><em><strong>&#8211; et netv\u00e6rk, der bringer seniorer i arbejde<\/strong><\/em><\/span><\/span><\/p><\/td><\/tr><\/tbody><\/table>\t\t\t\t\t\t<\/div>\n\t\t\t\t<\/div>\n\t\t\t\t\t<\/div>\n\t\t<\/div>\n\t\t\t\t\t\t\t<\/div>\n\t\t<\/section>\n\t\t\t\t\t<\/div>\n\t\t<\/div>\n\t\t\t\t\t\t\t<\/div>\n\t\t<\/section>\n\t\t\t\t\t\t<\/div>\n\t\t\t\t\t<\/div>\n\t\t"},"excerpt":{"rendered":"<p>Du er medlem af et netv\u00e6rk der nytter og rykker! I Senior Erhverv er selvaktivering og \u201dhj\u00e6lp til selvhj\u00e6lp\u201d det b\u00e6rende element i jobs\u00f8gningen. Du er med til at tilrettel\u00e6gge aktiviteterne i foreningens arbejdsgrupper, og har stor indflydelse p\u00e5 aktivitetsniveauet. Netv\u00e6rksm\u00f8der afholdesTirsdage fra kl. 10.00 til kl. 13.00. Her diskuteres jobs\u00f8gning og andre relevante problematikker. [&hellip;]<\/p>\n","protected":false},"author":12,"featured_media":0,"parent":0,"menu_order":0,"comment_status":"closed","ping_status":"closed","template":"elementor_header_footer","meta":[],"x_date":"oktober 6, 2021","x_author":"nordvestjylland","x_gravatar":"https:\/\/secure.gravatar.com\/avatar\/1018b0585bd09b453012ef93dc731a7e?s=96&d=mm&r=g","x_metadata":{"_elementor_edit_mode":"builder","_elementor_template_type":"wp-page","_elementor_version":"3.4.4","_elementor_pro_version":"3.2.1","_elementor_page_settings":{"eael_ext_toc_title":"Table of Contents"},"_elementor_data":"[{\"id\":\"5a84414\",\"elType\":\"section\",\"settings\":{\"eael_parallax_layers_list\":[],\"eael_cl_logics\":[{\"_id\":\"f231f18\"}]},\"elements\":[{\"id\":\"b67a658\",\"elType\":\"column\",\"settings\":{\"_column_size\":100,\"_inline_size\":null,\"eael_cl_logics\":[{\"_id\":\"8ee2f81\"}]},\"elements\":[{\"id\":\"2f4ae5a\",\"elType\":\"widget\",\"settings\":{\"menu\":\"hovedmenu\",\"layout\":\"dropdown\",\"indicator\":\"chevron\",\"full_width\":\"stretch\",\"text_align\":\"center\",\"dropdown_border_border\":\"dotted\",\"padding_horizontal_dropdown_item\":{\"unit\":\"px\",\"size\":0,\"sizes\":[]},\"padding_vertical_dropdown_item\":{\"unit\":\"px\",\"size\":0,\"sizes\":[]},\"toggle_size\":{\"unit\":\"px\",\"size\":21,\"sizes\":[]},\"toggle_border_width\":{\"unit\":\"px\",\"size\":0,\"sizes\":[]},\"toggle_border_radius\":{\"unit\":\"px\",\"size\":17,\"sizes\":[]},\"eael_tooltip_section_content\":\"I am a tooltip\",\"eael_ext_content_protection_password_placeholder\":\"Enter Password\",\"eael_ext_content_protection_password_submit_btn_txt\":\"Submit\",\"eael_ext_content_protection_password_incorrect_message\":\"Password does not match.\",\"eael_cl_logics\":[{\"_id\":\"babe09a\"}]},\"elements\":[],\"widgetType\":\"nav-menu\"}],\"isInner\":false}],\"isInner\":false},{\"id\":\"19df63f\",\"elType\":\"section\",\"settings\":{\"gap\":\"no\",\"content_position\":\"middle\",\"css_classes\":\"box-container\",\"margin\":{\"unit\":\"px\",\"top\":\"10\",\"right\":0,\"bottom\":\"10\",\"left\":0,\"isLinked\":true},\"eael_parallax_layers_list\":[],\"eael_cl_logics\":[{\"_id\":\"9bbef2e\"}]},\"elements\":[{\"id\":\"87b3289\",\"elType\":\"column\",\"settings\":{\"_column_size\":100,\"_inline_size\":null,\"eael_cl_logics\":[{\"_id\":\"a05735f\"}]},\"elements\":[{\"id\":\"88a1aa2\",\"elType\":\"section\",\"settings\":{\"gap\":\"no\",\"margin\":{\"unit\":\"px\",\"top\":\"30\",\"right\":0,\"bottom\":\"40\",\"left\":0,\"isLinked\":false},\"custom_css\":\"selector {\\n    margin-left: 30px;\\n    margin-right: 30px;\\n}\",\"eael_parallax_layers_list\":[],\"eael_cl_logics\":[{\"_id\":\"4851989\"}]},\"elements\":[{\"id\":\"04581a1\",\"elType\":\"column\",\"settings\":{\"_column_size\":100,\"_inline_size\":null,\"eael_cl_logics\":[{\"_id\":\"16c1b18\"}]},\"elements\":[{\"id\":\"7da555e\",\"elType\":\"widget\",\"settings\":{\"editor\":\"<h4>Du er medlem af et netv\\u00e6rk der nytter og rykker!<\\\/h4><p><span style=\\\"font-size: 10pt;\\\">I <span style=\\\"color: #3380cc;\\\"><strong>Senior Erhverv <\\\/strong><\\\/span>er selvaktivering og \\u201dhj\\u00e6lp til selvhj\\u00e6lp\\u201d det b\\u00e6rende element i jobs\\u00f8gningen. Du er med til at tilrettel\\u00e6gge aktiviteterne i foreningens arbejdsgrupper, og har stor indflydelse p\\u00e5 aktivitetsniveauet.<\\\/span><\\\/p><p><span style=\\\"font-size: 10pt;\\\"><span style=\\\"color: #3380cc;\\\"><strong>Netv\\u00e6rksm\\u00f8der<\\\/strong><\\\/span> afholdes<\\\/span><br \\\/><span style=\\\"font-size: 10pt;\\\">Tirsdage fra kl. 10.00 til kl. 13.00. Her diskuteres jobs\\u00f8gning og andre relevante problematikker. Vi kan tr\\u00e6kke p\\u00e5 hinandens kompetencer. Med mellemrum er der indl\\u00e6g fra interne og eksterne g\\u00e6ster.<\\\/span><\\\/p><p><span style=\\\"font-size: 10pt;\\\"><span style=\\\"color: #3380cc;\\\"><strong>Arbejdsgrupper<\\\/strong> <\\\/span>afholder m\\u00f8der efter behov<\\\/span><br \\\/><span style=\\\"font-size: 10pt;\\\">Vi har pt. f\\u00f8lgende grupper:\\u00a0 <strong>Ledelsesgruppen, virksomhedsgruppen, it-gruppen, pr. gruppen, administrationsgruppen, kontorgruppen. <\\\/strong><\\\/span><br \\\/><span style=\\\"font-size: 10pt;\\\">Ved at deltage i Senior Erhvervs gruppearbejde forbedrer du dine jobmuligheder v\\u00e6sentligt. <\\\/span><br \\\/><span style=\\\"font-size: 10pt;\\\">Grupperne er foreningens livsnerve. Se n\\u00e6rmere under de enkelte gruppers beskrivelse (faneblad) Det er vigtigt at s\\u00e5 mange som muligt er med i grupperne, s\\u00e5 vi kan afl\\u00f8se hinanden, n\\u00e5r vi kommer i arbejde.<\\\/span><\\\/p><p><span style=\\\"font-size: 10pt;\\\">I <span style=\\\"color: #3380cc;\\\"><strong>Senior Erhverv Nordvestjylland\\u00a0\\u00a0\\u00a0\\u00a0\\u00a0\\u00a0\\u00a0\\u00a0\\u00a0\\u00a0\\u00a0\\u00a0\\u00a0\\u00a0\\u00a0\\u00a0\\u00a0\\u00a0\\u00a0\\u00a0\\u00a0\\u00a0\\u00a0\\u00a0\\u00a0\\u00a0\\u00a0\\u00a0\\u00a0\\u00a0\\u00a0\\u00a0\\u00a0\\u00a0\\u00a0\\u00a0\\u00a0\\u00a0\\u00a0\\u00a0\\u00a0\\u00a0\\u00a0\\u00a0\\u00a0\\u00a0\\u00a0\\u00a0\\u00a0\\u00a0\\u00a0\\u00a0\\u00a0\\u00a0\\u00a0\\u00a0\\u00a0\\u00a0\\u00a0<\\\/strong><\\\/span><\\\/span><\\\/p><table><tbody><tr><td style=\\\"border: 1px solid #ffffff;\\\"><p><strong><span style=\\\"font-size: 10pt;\\\">F\\u00e5r du nu mulighed for:<\\\/span><\\\/strong><br \\\/><span style=\\\"font-size: 10pt;\\\">At m\\u00f8de andre i samme situation<\\\/span><br \\\/><span style=\\\"font-size: 10pt;\\\">Komme gratis p\\u00e5 inspirerende kurser, (der udbetales k\\u00f8repenge).<\\\/span><br \\\/><span style=\\\"font-size: 10pt;\\\">Du kan f\\u00e5 hj\\u00e6lp til at udforme dit CV og ans\\u00f8gning.<\\\/span><br \\\/><span style=\\\"font-size: 10pt;\\\">F\\u00e5 printet, scannet eller kopieret \\u2013 Vi har udstyret.<\\\/span><\\\/p><p><span style=\\\"font-size: 10pt;\\\">Du skal ogs\\u00e5 lige huske: <\\\/span><br \\\/><span style=\\\"font-size: 10pt;\\\">At l\\u00e6gge dit CV i databasen<\\\/span><br \\\/><span style=\\\"font-size: 10pt;\\\">At udfylde timesedlen hver m\\u00e5ned<\\\/span><br \\\/><span style=\\\"font-size: 10pt;\\\">Holde kontoret orienteret om din medlemsstatus.<\\\/span><\\\/p><\\\/td><td style=\\\"border: 1px solid #ffffff;\\\"><p><strong><span style=\\\"font-size: 10pt;\\\">ALLE arrangementer afholdes p\\u00e5 foreningens adresse, hvis ikke andet er n\\u00e6vnt.<\\\/span><\\\/strong><\\\/p><h4><span style=\\\"color: #ff0000;\\\"><span style=\\\"color: #ff0000;\\\"><strong>Vedt\\u00e6gter<\\\/strong><\\\/span><\\\/span><\\\/h4><p><span style=\\\"font-size: 10pt;\\\">Kontingentet kr. 100,- opkr\\u00e6ves \\u00e9n gang om \\u00e5ret og kan inds\\u00e6ttes p\\u00e5 foreningens konto i\\u00a0Vestjysk Bank\\u00a0konto.: 7602 1468038<\\\/span><\\\/p><h3>Senior Erhverv Nordvestjylland<\\\/h3><p><span style=\\\"font-size: 10pt;\\\">\\u00a0\\u00a0\\u00a0\\u00a0\\u00a0\\u00a0\\u00a0\\u00a0 <span style=\\\"color: #ff0000;\\\"><em><strong>- et netv\\u00e6rk, der bringer seniorer i arbejde<\\\/strong><\\\/em><\\\/span><\\\/span><\\\/p><\\\/td><\\\/tr><\\\/tbody><\\\/table>\",\"eael_tooltip_section_content\":\"I am a tooltip\",\"eael_ext_content_protection_password_placeholder\":\"Enter Password\",\"eael_ext_content_protection_password_submit_btn_txt\":\"Submit\",\"eael_ext_content_protection_password_incorrect_message\":\"Password does not match.\",\"eael_cl_logics\":[{\"_id\":\"12dfc62\"}]},\"elements\":[],\"widgetType\":\"text-editor\"}],\"isInner\":true}],\"isInner\":true}],\"isInner\":false}],\"isInner\":false}]","_elementor_page_assets":[],"_eael_custom_js":"","_elementor_controls_usage":{"nav-menu":{"count":1,"control_percent":3,"controls":{"content":{"section_layout":{"layout":1,"indicator":1,"full_width":1,"text_align":1}},"style":{"section_style_dropdown":{"dropdown_border_border":1,"padding_horizontal_dropdown_item":1,"padding_vertical_dropdown_item":1},"style_toggle":{"toggle_size":1,"toggle_border_width":1,"toggle_border_radius":1}},"advanced":{"eael_conditional_logic_section":{"eael_cl_logics":1}}}},"column":{"count":3,"control_percent":1,"controls":{"layout":{"layout":{"_inline_size":3}},"advanced":{"eael_conditional_logic_section":{"eael_cl_logics":3}}}},"section":{"count":3,"control_percent":1,"controls":{"advanced":{"eael_conditional_logic_section":{"eael_cl_logics":3},"section_advanced":{"margin":2,"css_classes":1},"section_custom_css":{"custom_css":1}},"layout":{"section_layout":{"gap":2,"content_position":1}}}},"text-editor":{"count":1,"control_percent":1,"controls":{"content":{"section_editor":{"editor":1}},"advanced":{"eael_conditional_logic_section":{"eael_cl_logics":1}}}}},"_elementor_css":{"time":1772034405,"fonts":[],"icons":[],"dynamic_elements_ids":[],"status":"file","0":""}},"_links":{"self":[{"href":"https:\/\/seniorerhverv.org\/nordvestjylland\/wp-json\/wp\/v2\/pages\/416"}],"collection":[{"href":"https:\/\/seniorerhverv.org\/nordvestjylland\/wp-json\/wp\/v2\/pages"}],"about":[{"href":"https:\/\/seniorerhverv.org\/nordvestjylland\/wp-json\/wp\/v2\/types\/page"}],"author":[{"embeddable":true,"href":"https:\/\/seniorerhverv.org\/nordvestjylland\/wp-json\/wp\/v2\/users\/12"}],"replies":[{"embeddable":true,"href":"https:\/\/seniorerhverv.org\/nordvestjylland\/wp-json\/wp\/v2\/comments?post=416"}],"version-history":[{"count":3,"href":"https:\/\/seniorerhverv.org\/nordvestjylland\/wp-json\/wp\/v2\/pages\/416\/revisions"}],"predecessor-version":[{"id":1476,"href":"https:\/\/seniorerhverv.org\/nordvestjylland\/wp-json\/wp\/v2\/pages\/416\/revisions\/1476"}],"wp:attachment":[{"href":"https:\/\/seniorerhverv.org\/nordvestjylland\/wp-json\/wp\/v2\/media?parent=416"}],"curies":[{"name":"wp","href":"https:\/\/api.w.org\/{rel}","templated":true}]}}