{"id":460,"date":"2021-10-02T16:51:28","date_gmt":"2021-10-02T16:51:28","guid":{"rendered":"https:\/\/seniorerhverv.org\/midtjylland\/?page_id=460"},"modified":"2025-05-06T08:22:02","modified_gmt":"2025-05-06T08:22:02","slug":"sem-dokumenter","status":"publish","type":"page","link":"https:\/\/seniorerhverv.org\/midtjylland\/sem-dokumenter\/","title":{"rendered":"SEM-dokumenter"},"content":{"rendered":"\t\t<div data-elementor-type=\"wp-page\" data-elementor-id=\"460\" class=\"elementor elementor-460\" data-elementor-settings=\"[]\">\n\t\t\t\t\t\t\t<div class=\"elementor-section-wrap\">\n\t\t\t\t\t\t\t<section data-particle_enable=\"false\" data-particle-mobile-disabled=\"false\" class=\"elementor-section elementor-top-section elementor-element elementor-element-44670d8 elementor-section-boxed elementor-section-height-default elementor-section-height-default\" data-id=\"44670d8\" data-element_type=\"section\">\n\t\t\t\t\t\t<div class=\"elementor-container elementor-column-gap-no\">\n\t\t\t\t\t<div class=\"elementor-column elementor-col-33 elementor-top-column elementor-element elementor-element-a544196\" data-id=\"a544196\" data-element_type=\"column\">\n\t\t\t<div class=\"elementor-widget-wrap elementor-element-populated\">\n\t\t\t\t\t\t\t\t<div class=\"elementor-element elementor-element-f0e8287 elementor-widget elementor-widget-text-editor\" data-id=\"f0e8287\" data-element_type=\"widget\" data-widget_type=\"text-editor.default\">\n\t\t\t\t<div class=\"elementor-widget-container\">\n\t\t\t\t\t\t\t<h4 style=\"line-height: 25px;color: #ffffff;margin: 0px;padding: 5px 15px\"><span style=\"font-size: 14pt\">G\u00e5 videre til<\/span><\/h4>\n<div style=\"padding: 8px;margin: 2px;background: #2496d2\">\n<div style=\"line-height: 18px;padding: 8px 8px 8px 20px;margin: 0px;border: 0px 0px 1px 0px solid #ddeeff;background: #2496d2\"><a style=\"color: #ffffff\" href=\"\/midtjylland\/medlem\">Medlem<\/a><\/div>\n<div style=\"line-height: 18px;padding: 8px 8px 8px 20px;margin: 0px;border: 0px 0px 1px 0px solid #ddeeff;background: #2496d2\"><a style=\"color: #ffffff\" href=\"\/midtjylland\/kursus-og-aktivitetskalender\">Kalender<\/a><\/div>\n<div style=\"line-height: 18px;padding: 8px 8px 8px 20px;margin: 0px;border: 0px 0px 10px 0px solid #fff;background: #2496d2\"><a style=\"color: #ffffff\" href=\"\/midtjylland\/sem-dokumenter\">SEM-dokumenter<\/a><\/div>\n<\/div>\t\t\t\t\t\t<\/div>\n\t\t\t\t<\/div>\n\t\t\t\t\t<\/div>\n\t\t<\/div>\n\t\t\t\t<div class=\"elementor-column elementor-col-33 elementor-top-column elementor-element elementor-element-f76f522 box-container\" data-id=\"f76f522\" data-element_type=\"column\">\n\t\t\t<div class=\"elementor-widget-wrap elementor-element-populated\">\n\t\t\t\t\t\t\t\t<div class=\"elementor-element elementor-element-b485c9a elementor-widget elementor-widget-text-editor\" data-id=\"b485c9a\" data-element_type=\"widget\" data-widget_type=\"text-editor.default\">\n\t\t\t\t<div class=\"elementor-widget-container\">\n\t\t\t\t\t\t\t<h2>SEM-dokumenter<\/h2><p>Senior Erhverv Midtjylland er et selvst\u00e6ndigt netv\u00e6rk med eget CVR-nummer. Derfor har vi ikke blot en interesse i \u00e5benhed, men ogs\u00e5 en forpligtelse til at l\u00e6gge relevante dokumenter frem.<\/p><h4>Regler og vedt\u00e6gter<\/h4><ul><li>Nye vedt\u00e6gter bliver snart lagt p\u00e5 hjemmesiden<\/li><\/ul><h4>Referater og beslutningsprotokoller<\/h4><p>Bestyrelsen afholder ca. 11 ordin\u00e6re m\u00f8der om \u00e5ret. Et bestyrelses\u00e5r begynder i forbindelse med afholdelse af konstituerende m\u00f8de i april.<\/p>\t\t\t\t\t\t<\/div>\n\t\t\t\t<\/div>\n\t\t\t\t<div class=\"elementor-element elementor-element-80739b9 elementor-shape-circle elementor-grid-0 e-grid-align-center elementor-widget elementor-widget-social-icons\" data-id=\"80739b9\" data-element_type=\"widget\" data-widget_type=\"social-icons.default\">\n\t\t\t\t<div class=\"elementor-widget-container\">\n\t\t\t\t\t<div class=\"elementor-social-icons-wrapper elementor-grid\">\n\t\t\t\t\t\t\t<span class=\"elementor-grid-item\">\n\t\t\t\t\t<a class=\"elementor-icon elementor-social-icon elementor-social-icon-facebook elementor-repeater-item-eb86d55\" href=\"https:\/\/www.facebook.com\/SEMidtjylland\/\" target=\"_blank\">\n\t\t\t\t\t\t<span class=\"elementor-screen-only\">Facebook<\/span>\n\t\t\t\t\t\t<i class=\"fab fa-facebook\"><\/i>\t\t\t\t\t<\/a>\n\t\t\t\t<\/span>\n\t\t\t\t\t\t\t<span class=\"elementor-grid-item\">\n\t\t\t\t\t<a class=\"elementor-icon elementor-social-icon elementor-social-icon-linkedin elementor-repeater-item-4cfcd28\" href=\"https:\/\/www.linkedin.com\/groups\/8425854\" target=\"_blank\">\n\t\t\t\t\t\t<span class=\"elementor-screen-only\">Linkedin<\/span>\n\t\t\t\t\t\t<i class=\"fab fa-linkedin\"><\/i>\t\t\t\t\t<\/a>\n\t\t\t\t<\/span>\n\t\t\t\t\t\t\t<span class=\"elementor-grid-item\">\n\t\t\t\t\t<a class=\"elementor-icon elementor-social-icon elementor-social-icon-envelope elementor-repeater-item-095dad0\" href=\"mailto:post@seniorerhverv-midtjylland.dk?subject=Henvendelse%20via%20hjemmside\" target=\"_blank\">\n\t\t\t\t\t\t<span class=\"elementor-screen-only\">Envelope<\/span>\n\t\t\t\t\t\t<i class=\"fas fa-envelope\"><\/i>\t\t\t\t\t<\/a>\n\t\t\t\t<\/span>\n\t\t\t\t\t\t\t<span class=\"elementor-grid-item\">\n\t\t\t\t\t<a class=\"elementor-icon elementor-social-icon elementor-social-icon-facebook elementor-repeater-item-30c86fc\" href=\"https:\/\/www.facebook.com\/groups\/semjylland\/\" target=\"_blank\">\n\t\t\t\t\t\t<span class=\"elementor-screen-only\">Facebook<\/span>\n\t\t\t\t\t\t<i class=\"fab fa-facebook\"><\/i>\t\t\t\t\t<\/a>\n\t\t\t\t<\/span>\n\t\t\t\t\t<\/div>\n\t\t\t\t<\/div>\n\t\t\t\t<\/div>\n\t\t\t\t\t<\/div>\n\t\t<\/div>\n\t\t\t\t<div class=\"elementor-column elementor-col-33 elementor-top-column elementor-element elementor-element-cee4f53\" data-id=\"cee4f53\" data-element_type=\"column\">\n\t\t\t<div class=\"elementor-widget-wrap elementor-element-populated\">\n\t\t\t\t\t\t\t\t<div class=\"elementor-element elementor-element-98ea099 elementor-widget elementor-widget-text-editor\" data-id=\"98ea099\" data-element_type=\"widget\" data-widget_type=\"text-editor.default\">\n\t\t\t\t<div class=\"elementor-widget-container\">\n\t\t\t\t\t\t\t<h4 style=\"line-height: 25px;color: #ffffff;margin: 0px\"><span style=\"font-size: 10pt\">KONTAKT OS P\u00c5<\/span><\/h4><p><strong><span style=\"font-size: 18pt;font-family: tahoma, arial, helvetica, sans-serif\">TLF. 97 12 50 35<\/span><\/strong><\/p>\t\t\t\t\t\t<\/div>\n\t\t\t\t<\/div>\n\t\t\t\t<div class=\"elementor-element elementor-element-9bf773c elementor-widget elementor-widget-text-editor\" data-id=\"9bf773c\" data-element_type=\"widget\" data-widget_type=\"text-editor.default\">\n\t\t\t\t<div class=\"elementor-widget-container\">\n\t\t\t\t\t\t\t<h4 style=\"line-height: 25px;color: #ffffff;margin: 0px\">Vi s\u00f8ger medlemmer til opgaver p\u00e5 kontor, i IT- og PR-udvalg. Kontakt kontoret for n\u00e6rmere detaljer!<\/h4>\t\t\t\t\t\t<\/div>\n\t\t\t\t<\/div>\n\t\t\t\t\t<\/div>\n\t\t<\/div>\n\t\t\t\t\t\t\t<\/div>\n\t\t<\/section>\n\t\t\t\t\t\t<\/div>\n\t\t\t\t\t<\/div>\n\t\t"},"excerpt":{"rendered":"<p>G\u00e5 videre til Medlem Kalender SEM-dokumenter SEM-dokumenter Senior Erhverv Midtjylland er et selvst\u00e6ndigt netv\u00e6rk med eget CVR-nummer. Derfor har vi ikke blot en interesse i \u00e5benhed, men ogs\u00e5 en forpligtelse til at l\u00e6gge relevante dokumenter frem. Regler og vedt\u00e6gter Nye vedt\u00e6gter bliver snart lagt p\u00e5 hjemmesiden Referater og beslutningsprotokoller Bestyrelsen afholder ca. 11 ordin\u00e6re m\u00f8der [&hellip;]<\/p>\n","protected":false},"author":9,"featured_media":0,"parent":0,"menu_order":0,"comment_status":"closed","ping_status":"closed","template":"elementor_header_footer","meta":[],"x_date":"oktober 2, 2021","x_author":"midtjylland","x_gravatar":"https:\/\/secure.gravatar.com\/avatar\/bd5bcae278df97f889673e92e5718f0f?s=96&d=mm&r=g","x_metadata":{"_elementor_edit_mode":"builder","_elementor_template_type":"wp-page","_elementor_version":"3.4.4","_elementor_pro_version":"3.2.1","_elementor_page_settings":{"eael_ext_toc_title":"Table of Contents"},"_elementor_data":"[{\"id\":\"44670d8\",\"elType\":\"section\",\"settings\":{\"gap\":\"no\",\"structure\":\"30\",\"margin\":{\"unit\":\"px\",\"top\":\"10\",\"right\":\"0\",\"bottom\":\"10\",\"left\":\"0\",\"isLinked\":\"1\"},\"eael_parallax_layers_list\":[],\"eael_cl_logics\":[{\"_id\":\"4989903\"}]},\"elements\":[{\"id\":\"a544196\",\"elType\":\"column\",\"settings\":{\"_column_size\":\"33\",\"_inline_size\":\"25\",\"padding\":{\"unit\":\"px\",\"top\":\"20\",\"right\":\"20\",\"bottom\":\"20\",\"left\":\"20\",\"isLinked\":\"1\"},\"_inline_size_tablet\":\"50\",\"custom_css\":\"@media (max-width: 1024px) {\\n    selector {\\n        order: 1;\\n    }\\n}\",\"eael_cl_logics\":[{\"_id\":\"5ad1507\"}]},\"elements\":[{\"id\":\"f0e8287\",\"elType\":\"widget\",\"settings\":{\"editor\":\"<h4 style=\\\"line-height: 25px;color: #ffffff;margin: 0px;padding: 5px 15px\\\"><span style=\\\"font-size: 14pt\\\">G\\u00e5 videre til<\\\/span><\\\/h4>\\n<div style=\\\"padding: 8px;margin: 2px;background: #2496d2\\\">\\n<div style=\\\"line-height: 18px;padding: 8px 8px 8px 20px;margin: 0px;border: 0px 0px 1px 0px solid #ddeeff;background: #2496d2\\\"><a style=\\\"color: #ffffff\\\" href=\\\"\\\/midtjylland\\\/medlem\\\">Medlem<\\\/a><\\\/div>\\n<div style=\\\"line-height: 18px;padding: 8px 8px 8px 20px;margin: 0px;border: 0px 0px 1px 0px solid #ddeeff;background: #2496d2\\\"><a style=\\\"color: #ffffff\\\" href=\\\"\\\/midtjylland\\\/kursus-og-aktivitetskalender\\\">Kalender<\\\/a><\\\/div>\\n<div style=\\\"line-height: 18px;padding: 8px 8px 8px 20px;margin: 0px;border: 0px 0px 10px 0px solid #fff;background: #2496d2\\\"><a style=\\\"color: #ffffff\\\" href=\\\"\\\/midtjylland\\\/sem-dokumenter\\\">SEM-dokumenter<\\\/a><\\\/div>\\n<\\\/div>\",\"text_shadow_text_shadow\":{\"horizontal\":\"0\",\"vertical\":\"2\",\"blur\":\"0\",\"color\":\"rgba(0, 0, 0, 0.6)\"},\"eael_tooltip_section_content\":\"I am a tooltip\",\"eael_ext_content_protection_password_placeholder\":\"Enter Password\",\"eael_ext_content_protection_password_submit_btn_txt\":\"Submit\",\"_background_background\":\"classic\",\"_background_image\":{\"url\":\"https:\\\/\\\/seniorerhverv.org\\\/midtjylland\\\/wp-content\\\/uploads\\\/sites\\\/9\\\/2021\\\/09\\\/blue.jpg\",\"id\":\"32\",\"alt\":\"\",\"source\":\"library\"},\"_border_radius\":{\"unit\":\"px\",\"top\":\"6\",\"right\":\"6\",\"bottom\":\"6\",\"left\":\"6\",\"isLinked\":\"1\"},\"_padding\":{\"unit\":\"px\",\"top\":\"10\",\"right\":\"2\",\"bottom\":\"21\",\"left\":\"2\",\"isLinked\":\"\"},\"eael_ext_content_protection_password_incorrect_message\":\"Password does not match.\",\"eael_cl_logics\":[{\"_id\":\"3be96a0\"}]},\"elements\":[],\"widgetType\":\"text-editor\"}],\"isInner\":\"\"},{\"id\":\"f76f522\",\"elType\":\"column\",\"settings\":{\"_column_size\":\"33\",\"_inline_size\":\"49.333\",\"padding\":{\"unit\":\"px\",\"top\":\"15\",\"right\":\"15\",\"bottom\":\"15\",\"left\":\"15\",\"isLinked\":\"1\"},\"css_classes\":\"box-container\",\"_inline_size_tablet\":\"100\",\"margin_tablet\":{\"unit\":\"px\",\"top\":\"0\",\"right\":\"20\",\"bottom\":\"0\",\"left\":\"20\",\"isLinked\":\"\"},\"eael_cl_logics\":[{\"_id\":\"dd048db\"}]},\"elements\":[{\"id\":\"b485c9a\",\"elType\":\"widget\",\"settings\":{\"editor\":\"<h2>SEM-dokumenter<\\\/h2><p>Senior Erhverv Midtjylland er et selvst\\u00e6ndigt netv\\u00e6rk med eget CVR-nummer. Derfor har vi ikke blot en interesse i \\u00e5benhed, men ogs\\u00e5 en forpligtelse til at l\\u00e6gge relevante dokumenter frem.<\\\/p><h4>Regler og vedt\\u00e6gter<\\\/h4><ul><li>Nye vedt\\u00e6gter bliver snart lagt p\\u00e5 hjemmesiden<\\\/li><\\\/ul><h4>Referater og beslutningsprotokoller<\\\/h4><p>Bestyrelsen afholder ca. 11 ordin\\u00e6re m\\u00f8der om \\u00e5ret. Et bestyrelses\\u00e5r begynder i forbindelse med afholdelse af konstituerende m\\u00f8de i april.<\\\/p>\",\"text_color\":\"#444444\",\"eael_tooltip_section_content\":\"I am a tooltip\",\"eael_ext_content_protection_password_placeholder\":\"Enter Password\",\"eael_ext_content_protection_password_submit_btn_txt\":\"Submit\",\"_margin\":{\"unit\":\"px\",\"top\":\"20\",\"right\":\"10\",\"bottom\":\"0\",\"left\":\"10\",\"isLinked\":\"\"},\"eael_ext_content_protection_password_incorrect_message\":\"Password does not match.\",\"eael_cl_logics\":[{\"_id\":\"e03b430\"}]},\"elements\":[],\"widgetType\":\"text-editor\"},{\"id\":\"80739b9\",\"elType\":\"widget\",\"settings\":{\"social_icon_list\":[{\"social_icon\":{\"value\":\"fab fa-facebook\",\"library\":\"fa-brands\"},\"_id\":\"eb86d55\",\"link\":{\"url\":\"https:\\\/\\\/www.facebook.com\\\/SEMidtjylland\\\/\",\"is_external\":\"true\",\"nofollow\":\"\",\"custom_attributes\":\"\"},\"item_icon_color\":\"custom\",\"item_icon_primary_color\":\"#537BBE\",\"item_icon_secondary_color\":\"#FFFFFF\"},{\"_id\":\"4cfcd28\",\"social_icon\":{\"value\":\"fab fa-linkedin\",\"library\":\"fa-brands\"},\"link\":{\"url\":\"https:\\\/\\\/www.linkedin.com\\\/groups\\\/8425854\",\"is_external\":\"true\",\"nofollow\":\"\",\"custom_attributes\":\"\"},\"item_icon_color\":\"custom\",\"item_icon_primary_color\":\"#137BB8\"},{\"_id\":\"095dad0\",\"social_icon\":{\"value\":\"fas fa-envelope\",\"library\":\"fa-solid\"},\"link\":{\"url\":\"mailto:post@seniorerhverv-midtjylland.dk?subject=Henvendelse%20via%20hjemmside\",\"is_external\":\"true\",\"nofollow\":\"\",\"custom_attributes\":\"\"},\"item_icon_color\":\"custom\",\"item_icon_primary_color\":\"#52BCD6\"},{\"social_icon\":{\"value\":\"fab fa-facebook\",\"library\":\"fa-brands\"},\"_id\":\"30c86fc\",\"link\":{\"url\":\"https:\\\/\\\/www.facebook.com\\\/groups\\\/semjylland\\\/\",\"is_external\":\"true\",\"nofollow\":\"\",\"custom_attributes\":\"\"},\"item_icon_color\":\"custom\",\"item_icon_primary_color\":\"#537BBE\"}],\"shape\":\"circle\",\"icon_spacing\":{\"unit\":\"px\",\"size\":\"20\",\"sizes\":[]},\"_margin\":{\"unit\":\"px\",\"top\":\"20\",\"right\":\"0\",\"bottom\":\"20\",\"left\":\"0\",\"isLinked\":\"\"},\"eael_tooltip_section_content\":\"I am a tooltip\",\"eael_ext_content_protection_password_placeholder\":\"Enter Password\",\"eael_ext_content_protection_password_submit_btn_txt\":\"Submit\",\"eael_ext_content_protection_password_incorrect_message\":\"Password does not match.\",\"eael_cl_logics\":[{\"_id\":\"e12e40b\"}]},\"elements\":[],\"widgetType\":\"social-icons\"}],\"isInner\":\"\"},{\"id\":\"cee4f53\",\"elType\":\"column\",\"settings\":{\"_column_size\":\"33\",\"_inline_size\":\"25\",\"padding\":{\"unit\":\"px\",\"top\":\"20\",\"right\":\"20\",\"bottom\":\"20\",\"left\":\"20\",\"isLinked\":\"1\"},\"_inline_size_tablet\":\"50\",\"custom_css\":\"@media (max-width: 1024px) {\\n    selector {\\n        order: 1;\\n    }\\n}\",\"eael_cl_logics\":[{\"_id\":\"55ea251\"}]},\"elements\":[{\"id\":\"98ea099\",\"elType\":\"widget\",\"settings\":{\"editor\":\"<h4 style=\\\"line-height: 25px;color: #ffffff;margin: 0px\\\"><span style=\\\"font-size: 10pt\\\">KONTAKT OS P\\u00c5<\\\/span><\\\/h4><p><strong><span style=\\\"font-size: 18pt;font-family: tahoma, arial, helvetica, sans-serif\\\">TLF. 97 12 50 35<\\\/span><\\\/strong><\\\/p>\",\"text_shadow_text_shadow_type\":\"yes\",\"text_shadow_text_shadow\":{\"horizontal\":\"0\",\"vertical\":\"2\",\"blur\":\"0\",\"color\":\"rgba(0, 0, 0, 0.6)\"},\"eael_tooltip_section_content\":\"I am a tooltip\",\"eael_ext_content_protection_password_placeholder\":\"Enter Password\",\"eael_ext_content_protection_password_submit_btn_txt\":\"Submit\",\"_background_background\":\"classic\",\"_background_image\":{\"url\":\"https:\\\/\\\/seniorerhverv.org\\\/midtjylland\\\/wp-content\\\/uploads\\\/sites\\\/9\\\/2021\\\/09\\\/blue.jpg\",\"id\":\"32\",\"alt\":\"\",\"source\":\"library\"},\"_border_radius\":{\"unit\":\"px\",\"top\":\"6\",\"right\":\"6\",\"bottom\":\"6\",\"left\":\"6\",\"isLinked\":\"1\"},\"text_color\":\"#FFFFFF\",\"_margin\":{\"unit\":\"px\",\"top\":\"20\",\"right\":\"0\",\"bottom\":\"0\",\"left\":\"0\",\"isLinked\":\"\"},\"_padding\":{\"unit\":\"px\",\"top\":\"10\",\"right\":\"20\",\"bottom\":\"1\",\"left\":\"20\",\"isLinked\":\"\"},\"eael_ext_content_protection_password_incorrect_message\":\"Password does not match.\",\"eael_cl_logics\":[{\"_id\":\"d935c9c\"}]},\"elements\":[],\"widgetType\":\"text-editor\"},{\"id\":\"9bf773c\",\"elType\":\"widget\",\"settings\":{\"editor\":\"<h4 style=\\\"line-height: 25px;color: #ffffff;margin: 0px\\\">Vi s\\u00f8ger medlemmer til opgaver p\\u00e5 kontor, i IT- og PR-udvalg. Kontakt kontoret for n\\u00e6rmere detaljer!<\\\/h4>\",\"text_shadow_text_shadow_type\":\"yes\",\"text_shadow_text_shadow\":{\"horizontal\":\"0\",\"vertical\":\"2\",\"blur\":\"0\",\"color\":\"rgba(0, 0, 0, 0.6)\"},\"eael_tooltip_section_content\":\"I am a tooltip\",\"eael_ext_content_protection_password_placeholder\":\"Enter Password\",\"eael_ext_content_protection_password_submit_btn_txt\":\"Submit\",\"_background_background\":\"classic\",\"_background_image\":{\"url\":\"https:\\\/\\\/seniorerhverv.org\\\/midtjylland\\\/wp-content\\\/uploads\\\/sites\\\/9\\\/2021\\\/09\\\/blue.jpg\",\"id\":\"32\",\"alt\":\"\",\"source\":\"library\"},\"_border_radius\":{\"unit\":\"px\",\"top\":\"6\",\"right\":\"6\",\"bottom\":\"6\",\"left\":\"6\",\"isLinked\":\"1\"},\"text_color\":\"#FFFFFF\",\"_margin\":{\"unit\":\"px\",\"top\":\"20\",\"right\":\"0\",\"bottom\":\"0\",\"left\":\"0\",\"isLinked\":\"\"},\"_padding\":{\"unit\":\"px\",\"top\":\"10\",\"right\":\"20\",\"bottom\":\"10\",\"left\":\"20\",\"isLinked\":\"\"},\"eael_ext_content_protection_password_incorrect_message\":\"Password does not match.\",\"eael_cl_logics\":[{\"_id\":\"04e8bc0\"}]},\"elements\":[],\"widgetType\":\"text-editor\"}],\"isInner\":\"\"}],\"isInner\":\"\"}]","_elementor_page_assets":[],"_eael_custom_js":"","_elementor_controls_usage":{"text-editor":{"count":4,"control_percent":3,"controls":{"content":{"section_editor":{"editor":4}},"style":{"section_style":{"text_shadow_text_shadow":3,"text_color":3,"text_shadow_text_shadow_type":2}},"advanced":{"_section_background":{"_background_background":3,"_background_image":3},"_section_border":{"_border_radius":3},"_section_style":{"_padding":3,"_margin":3},"eael_conditional_logic_section":{"eael_cl_logics":4}}}},"column":{"count":3,"control_percent":1,"controls":{"layout":{"layout":{"_inline_size":3}},"advanced":{"section_advanced":{"padding":3,"css_classes":1},"section_custom_css":{"custom_css":2},"eael_conditional_logic_section":{"eael_cl_logics":3}}}},"social-icons":{"count":1,"control_percent":1,"controls":{"content":{"section_social_icon":{"social_icon_list":1,"shape":1}},"style":{"section_social_style":{"icon_spacing":1}},"advanced":{"_section_style":{"_margin":1},"eael_conditional_logic_section":{"eael_cl_logics":1}}}},"section":{"count":1,"control_percent":1,"controls":{"layout":{"section_layout":{"gap":1},"section_structure":{"structure":1}},"advanced":{"section_advanced":{"margin":1},"eael_conditional_logic_section":{"eael_cl_logics":1}}}}},"_elementor_css":{"time":1746519738,"fonts":[],"icons":{"0":"fa-brands","2":"fa-solid"},"dynamic_elements_ids":[],"status":"file","0":""}},"_links":{"self":[{"href":"https:\/\/seniorerhverv.org\/midtjylland\/wp-json\/wp\/v2\/pages\/460"}],"collection":[{"href":"https:\/\/seniorerhverv.org\/midtjylland\/wp-json\/wp\/v2\/pages"}],"about":[{"href":"https:\/\/seniorerhverv.org\/midtjylland\/wp-json\/wp\/v2\/types\/page"}],"author":[{"embeddable":true,"href":"https:\/\/seniorerhverv.org\/midtjylland\/wp-json\/wp\/v2\/users\/9"}],"replies":[{"embeddable":true,"href":"https:\/\/seniorerhverv.org\/midtjylland\/wp-json\/wp\/v2\/comments?post=460"}],"version-history":[{"count":3,"href":"https:\/\/seniorerhverv.org\/midtjylland\/wp-json\/wp\/v2\/pages\/460\/revisions"}],"predecessor-version":[{"id":1201,"href":"https:\/\/seniorerhverv.org\/midtjylland\/wp-json\/wp\/v2\/pages\/460\/revisions\/1201"}],"wp:attachment":[{"href":"https:\/\/seniorerhverv.org\/midtjylland\/wp-json\/wp\/v2\/media?parent=460"}],"curies":[{"name":"wp","href":"https:\/\/api.w.org\/{rel}","templated":true}]}}