{"id":387,"date":"2021-10-02T16:24:21","date_gmt":"2021-10-02T16:24:21","guid":{"rendered":"https:\/\/seniorerhverv.org\/midtjylland\/?page_id=387"},"modified":"2022-07-11T09:53:57","modified_gmt":"2022-07-11T09:53:57","slug":"jobsoeger","status":"publish","type":"page","link":"https:\/\/seniorerhverv.org\/midtjylland\/jobsoeger\/","title":{"rendered":"Jobs\u00f8ger"},"content":{"rendered":"\t\t<div data-elementor-type=\"wp-page\" data-elementor-id=\"387\" class=\"elementor elementor-387\" data-elementor-settings=\"[]\">\n\t\t\t\t\t\t\t<div class=\"elementor-section-wrap\">\n\t\t\t\t\t\t\t<section data-particle_enable=\"false\" data-particle-mobile-disabled=\"false\" class=\"elementor-section elementor-top-section elementor-element elementor-element-44670d8 elementor-section-boxed elementor-section-height-default elementor-section-height-default\" data-id=\"44670d8\" data-element_type=\"section\">\n\t\t\t\t\t\t<div class=\"elementor-container elementor-column-gap-no\">\n\t\t\t\t\t<div class=\"elementor-column elementor-col-33 elementor-top-column elementor-element elementor-element-a544196\" data-id=\"a544196\" data-element_type=\"column\">\n\t\t\t<div class=\"elementor-widget-wrap elementor-element-populated\">\n\t\t\t\t\t\t\t\t<div class=\"elementor-element elementor-element-4d91ef9 elementor-widget elementor-widget-global elementor-global-688 elementor-widget-text-editor\" data-id=\"4d91ef9\" data-element_type=\"widget\" data-widget_type=\"text-editor.default\">\n\t\t\t\t<div class=\"elementor-widget-container\">\n\t\t\t\t\t\t\t<h4 style=\"line-height: 25px; color: #ffffff; margin: 0px; padding: 5px 15px;\"><span style=\"font-size: 14pt;\">G\u00e5 videre til<\/span><\/h4><div style=\"padding: 8px; margin: 2px; background: #2496d2;\"><div style=\"line-height: 18px; padding: 8px 8px 8px 20px; margin: 0px; border: 0px 0px 1px 0px solid #ddeeff; background: #2496d2;\"><a style=\"color: #ffffff;\" href=\"\/midtjylland\/jobsoeger\/\">Jobs\u00f8ger<\/a><\/div><div style=\"line-height: 18px; padding: 8px 8px 8px 20px; margin: 0px; border: 0px 0px 1px 0px solid #ddeeff; background: #2496d2;\"><a style=\"color: #ffffff;\" href=\"\/midtjylland\/indmeldelse\/\">Indmeldelse<\/a><\/div><div style=\"line-height: 18px; padding: 8px 8px 8px 20px; margin: 0px; border: 0px 0px 1px 0px solid #ddeeff; background: #2496d2;\"><a style=\"color: #ffffff;\" href=\"\/midtjylland\/medlemstilbud\">Medlemstilbud<\/a><\/div><div style=\"line-height: 18px; padding: 8px 8px 8px 20px; margin: 0px; border: 0px 0px 10px 0px solid #fff; background: #2496d2;\"><a style=\"color: #ffffff;\" href=\"\/midtjylland\/links\/\">Links<\/a><\/div><\/div>\t\t\t\t\t\t<\/div>\n\t\t\t\t<\/div>\n\t\t\t\t\t<\/div>\n\t\t<\/div>\n\t\t\t\t<div class=\"elementor-column elementor-col-33 elementor-top-column elementor-element elementor-element-f76f522 box-container\" data-id=\"f76f522\" data-element_type=\"column\">\n\t\t\t<div class=\"elementor-widget-wrap elementor-element-populated\">\n\t\t\t\t\t\t\t\t<div class=\"elementor-element elementor-element-b485c9a elementor-widget elementor-widget-text-editor\" data-id=\"b485c9a\" data-element_type=\"widget\" data-widget_type=\"text-editor.default\">\n\t\t\t\t<div class=\"elementor-widget-container\">\n\t\t\t\t\t\t\t<h2>Jobs\u00f8ger<\/h2><p>Beslutter du dig for at indmelde dig i Senior Erhverv Midtjylland (SEM), tilbyder vi dig til geng\u00e6ld, at du kan komme i gang med at s\u00f8ge job med det samme!<\/p><p>Du kan:<\/p><ol style=\"list-style-type: upper-alpha;\"><li>f\u00e5 din CV\u00a0<strong>markedsf\u00f8rt<\/strong>\u00a0p\u00e5 vores helt egen CV-database for virksomheder. En database som vi konstant markedsf\u00f8rer over for de virksomheder vi bes\u00f8ger hver uge.<\/li><li>komme med p\u00e5\u00a0<strong>virksomhedsbes\u00f8g<\/strong>. Direkte kontakt med viksomheder har vist sig at v\u00e6re en effektiv m\u00e5de at komme i job igen. Vi promoverer samtidigt SEM over for virksomhederne.<br \/><br \/><\/li><li>komme p\u00e5 et\u00a0<strong>introkursus<\/strong>, som landsorganisationen l\u00f8bende arrangerer, og som fort\u00e6ller hvordan foreningen fungerer. Evt. kan du videreuddanne dig i foreningsdrift.<br \/><br \/><\/li><li>komme med i vores forskellige\u00a0<strong>arbejdsgrupper<\/strong>.<br \/><br \/><\/li><li>tilmelde dig vores medlemsside p\u00e5\u00a0<strong>Facebook<\/strong>\u00a0og f\u00f8lge arbejdet i foreningen. Komme med forslag til aktiviteter mm.<br \/><br \/><\/li><li>finde os p\u00e5\u00a0<strong>LinkedIn<\/strong>\u00a0og deltage i debatter om digital jobs\u00f8gning!<br \/><br \/><\/li><li>nyde et\u00a0<strong>socialt f\u00e6llesskab<\/strong>\u00a0omkring jobs\u00f8gning og f\u00e5 input fra ligestillede seniorer<\/li><\/ol><p><br \/>Vi holder til i Hernings midtby og har \u00e5ben ogs\u00e5 for dig der kun overvejer et medlemsskab. Kig forbi!<\/p>\t\t\t\t\t\t<\/div>\n\t\t\t\t<\/div>\n\t\t\t\t<div class=\"elementor-element elementor-element-62591ec elementor-shape-circle elementor-grid-0 e-grid-align-center elementor-widget elementor-widget-social-icons\" data-id=\"62591ec\" data-element_type=\"widget\" data-widget_type=\"social-icons.default\">\n\t\t\t\t<div class=\"elementor-widget-container\">\n\t\t\t\t\t<div class=\"elementor-social-icons-wrapper elementor-grid\">\n\t\t\t\t\t\t\t<span class=\"elementor-grid-item\">\n\t\t\t\t\t<a class=\"elementor-icon elementor-social-icon elementor-social-icon-facebook elementor-repeater-item-eb86d55\" href=\"https:\/\/www.facebook.com\/SEMidtjylland\/\" target=\"_blank\">\n\t\t\t\t\t\t<span class=\"elementor-screen-only\">Facebook<\/span>\n\t\t\t\t\t\t<i class=\"fab fa-facebook\"><\/i>\t\t\t\t\t<\/a>\n\t\t\t\t<\/span>\n\t\t\t\t\t\t\t<span class=\"elementor-grid-item\">\n\t\t\t\t\t<a class=\"elementor-icon elementor-social-icon elementor-social-icon-linkedin elementor-repeater-item-4cfcd28\" href=\"https:\/\/www.linkedin.com\/groups\/8425854\" target=\"_blank\">\n\t\t\t\t\t\t<span class=\"elementor-screen-only\">Linkedin<\/span>\n\t\t\t\t\t\t<i class=\"fab fa-linkedin\"><\/i>\t\t\t\t\t<\/a>\n\t\t\t\t<\/span>\n\t\t\t\t\t\t\t<span class=\"elementor-grid-item\">\n\t\t\t\t\t<a class=\"elementor-icon elementor-social-icon elementor-social-icon-envelope elementor-repeater-item-095dad0\" href=\"mailto:post@seniorerhverv-midtjylland.dk?subject=Henvendelse%20via%20hjemmside\" target=\"_blank\">\n\t\t\t\t\t\t<span class=\"elementor-screen-only\">Envelope<\/span>\n\t\t\t\t\t\t<i class=\"fas fa-envelope\"><\/i>\t\t\t\t\t<\/a>\n\t\t\t\t<\/span>\n\t\t\t\t\t\t\t<span class=\"elementor-grid-item\">\n\t\t\t\t\t<a class=\"elementor-icon elementor-social-icon elementor-social-icon-facebook elementor-repeater-item-30c86fc\" href=\"https:\/\/www.facebook.com\/groups\/semjylland\/\" target=\"_blank\">\n\t\t\t\t\t\t<span class=\"elementor-screen-only\">Facebook<\/span>\n\t\t\t\t\t\t<i class=\"fab fa-facebook\"><\/i>\t\t\t\t\t<\/a>\n\t\t\t\t<\/span>\n\t\t\t\t\t<\/div>\n\t\t\t\t<\/div>\n\t\t\t\t<\/div>\n\t\t\t\t\t<\/div>\n\t\t<\/div>\n\t\t\t\t<div class=\"elementor-column elementor-col-33 elementor-top-column elementor-element elementor-element-cee4f53\" data-id=\"cee4f53\" data-element_type=\"column\">\n\t\t\t<div class=\"elementor-widget-wrap elementor-element-populated\">\n\t\t\t\t\t\t\t\t<div class=\"elementor-element elementor-element-98ea099 elementor-widget elementor-widget-text-editor\" data-id=\"98ea099\" data-element_type=\"widget\" data-widget_type=\"text-editor.default\">\n\t\t\t\t<div class=\"elementor-widget-container\">\n\t\t\t\t\t\t\t<h4 style=\"line-height: 25px;color: #ffffff;margin: 0px\"><span style=\"font-size: 10pt\">KONTAKT OS P\u00c5<\/span><\/h4><p><strong><span style=\"font-size: 18pt;font-family: tahoma, arial, helvetica, sans-serif\">TLF. 97 12 50 35<\/span><\/strong><\/p>\t\t\t\t\t\t<\/div>\n\t\t\t\t<\/div>\n\t\t\t\t<div class=\"elementor-element elementor-element-2875d56 elementor-widget elementor-widget-heading\" data-id=\"2875d56\" data-element_type=\"widget\" data-widget_type=\"heading.default\">\n\t\t\t\t<div class=\"elementor-widget-container\">\n\t\t\t<h3 class=\"elementor-heading-title elementor-size-default\">Medlemshenvendelse<\/h3>\t\t<\/div>\n\t\t\t\t<\/div>\n\t\t\t\t<div class=\"elementor-element elementor-element-df811ad elementor-widget elementor-widget-text-editor\" data-id=\"df811ad\" data-element_type=\"widget\" data-widget_type=\"text-editor.default\">\n\t\t\t\t<div class=\"elementor-widget-container\">\n\t\t\t\t\t\t\t<p>For henvendelse om stillinger som \u00f8nskes tilbud Senior Erhverv til snarlig bes\u00e6ttelse, klik her for mailkontakt &#8211; husk at vedh\u00e6fte evt. stillingsbeskrivelse:<\/p>\t\t\t\t\t\t<\/div>\n\t\t\t\t<\/div>\n\t\t\t\t<div class=\"elementor-element elementor-element-b45026a elementor-align-justify elementor-widget elementor-widget-button\" data-id=\"b45026a\" data-element_type=\"widget\" data-widget_type=\"button.default\">\n\t\t\t\t<div class=\"elementor-widget-container\">\n\t\t\t\t\t<div class=\"elementor-button-wrapper\">\n\t\t\t<a href=\"mailto:post@seniorerhverv-midtjylland.dk?subject=Medlemskab%20SE%20Midtjylland&#038;body=Jeg%20%C3%B8nsker%20at%20blive%20kontaktet%20ang.%20Senior%20Erhverv%20medlemskab:\" class=\"elementor-button-link elementor-button elementor-size-sm\" role=\"button\">\n\t\t\t\t\t\t<span class=\"elementor-button-content-wrapper\">\n\t\t\t\t\t\t<span class=\"elementor-button-text\">Klik og send e-mail<\/span>\n\t\t<\/span>\n\t\t\t\t\t<\/a>\n\t\t<\/div>\n\t\t\t\t<\/div>\n\t\t\t\t<\/div>\n\t\t\t\t\t<\/div>\n\t\t<\/div>\n\t\t\t\t\t\t\t<\/div>\n\t\t<\/section>\n\t\t\t\t\t\t<\/div>\n\t\t\t\t\t<\/div>\n\t\t"},"excerpt":{"rendered":"<p>G\u00e5 videre til Jobs\u00f8gerIndmeldelseMedlemstilbudLinks Jobs\u00f8ger Beslutter du dig for at indmelde dig i Senior Erhverv Midtjylland (SEM), tilbyder vi dig til geng\u00e6ld, at du kan komme i gang med at s\u00f8ge job med det samme! Du kan: f\u00e5 din CV\u00a0markedsf\u00f8rt\u00a0p\u00e5 vores helt egen CV-database for virksomheder. En database som vi konstant markedsf\u00f8rer over for de [&hellip;]<\/p>\n","protected":false},"author":9,"featured_media":0,"parent":0,"menu_order":0,"comment_status":"closed","ping_status":"closed","template":"elementor_header_footer","meta":[],"x_date":"oktober 2, 2021","x_author":"midtjylland","x_gravatar":"https:\/\/secure.gravatar.com\/avatar\/bd5bcae278df97f889673e92e5718f0f?s=96&d=mm&r=g","x_metadata":{"_elementor_edit_mode":"builder","_elementor_template_type":"wp-page","_elementor_version":"3.4.4","_elementor_pro_version":"3.2.1","_elementor_page_settings":{"eael_ext_toc_title":"Table of Contents"},"_elementor_data":"[{\"id\":\"44670d8\",\"elType\":\"section\",\"settings\":{\"gap\":\"no\",\"structure\":\"30\",\"margin\":{\"unit\":\"px\",\"top\":\"10\",\"right\":\"0\",\"bottom\":\"10\",\"left\":\"0\",\"isLinked\":\"1\"}},\"elements\":[{\"id\":\"a544196\",\"elType\":\"column\",\"settings\":{\"_column_size\":\"33\",\"_inline_size\":\"25\",\"padding\":{\"unit\":\"px\",\"top\":\"20\",\"right\":\"20\",\"bottom\":\"20\",\"left\":\"20\",\"isLinked\":\"1\"},\"_inline_size_tablet\":50,\"custom_css\":\"@media (max-width: 1024px) {\\n    selector {\\n        order: 1;\\n    }\\n}\"},\"elements\":[{\"id\":\"4d91ef9\",\"elType\":\"widget\",\"elements\":[],\"widgetType\":\"global\",\"templateID\":\"688\"}],\"isInner\":\"\"},{\"id\":\"f76f522\",\"elType\":\"column\",\"settings\":{\"_column_size\":\"33\",\"_inline_size\":\"49.333\",\"padding\":{\"unit\":\"px\",\"top\":\"15\",\"right\":\"15\",\"bottom\":\"15\",\"left\":\"15\",\"isLinked\":\"1\"},\"css_classes\":\"box-container\",\"_inline_size_tablet\":100,\"margin_tablet\":{\"unit\":\"px\",\"top\":\"0\",\"right\":\"20\",\"bottom\":\"0\",\"left\":\"20\",\"isLinked\":false}},\"elements\":[{\"id\":\"b485c9a\",\"elType\":\"widget\",\"settings\":{\"editor\":\"<h2>Jobs\\u00f8ger<\\\/h2><p>Beslutter du dig for at indmelde dig i Senior Erhverv Midtjylland (SEM), tilbyder vi dig til geng\\u00e6ld, at du kan komme i gang med at s\\u00f8ge job med det samme!<\\\/p><p>Du kan:<\\\/p><ol style=\\\"list-style-type: upper-alpha;\\\"><li>f\\u00e5 din CV\\u00a0<strong>markedsf\\u00f8rt<\\\/strong>\\u00a0p\\u00e5 vores helt egen CV-database for virksomheder. En database som vi konstant markedsf\\u00f8rer over for de virksomheder vi bes\\u00f8ger hver uge.<\\\/li><li>komme med p\\u00e5\\u00a0<strong>virksomhedsbes\\u00f8g<\\\/strong>. Direkte kontakt med viksomheder har vist sig at v\\u00e6re en effektiv m\\u00e5de at komme i job igen. Vi promoverer samtidigt SEM over for virksomhederne.<br \\\/><br \\\/><\\\/li><li>komme p\\u00e5 et\\u00a0<strong>introkursus<\\\/strong>, som landsorganisationen l\\u00f8bende arrangerer, og som fort\\u00e6ller hvordan foreningen fungerer. Evt. kan du videreuddanne dig i foreningsdrift.<br \\\/><br \\\/><\\\/li><li>komme med i vores forskellige\\u00a0<strong>arbejdsgrupper<\\\/strong>.<br \\\/><br \\\/><\\\/li><li>tilmelde dig vores medlemsside p\\u00e5\\u00a0<strong>Facebook<\\\/strong>\\u00a0og f\\u00f8lge arbejdet i foreningen. Komme med forslag til aktiviteter mm.<br \\\/><br \\\/><\\\/li><li>finde os p\\u00e5\\u00a0<strong>LinkedIn<\\\/strong>\\u00a0og deltage i debatter om digital jobs\\u00f8gning!<br \\\/><br \\\/><\\\/li><li>nyde et\\u00a0<strong>socialt f\\u00e6llesskab<\\\/strong>\\u00a0omkring jobs\\u00f8gning og f\\u00e5 input fra ligestillede seniorer<\\\/li><\\\/ol><p><br \\\/>Vi holder til i Hernings midtby og har \\u00e5ben ogs\\u00e5 for dig der kun overvejer et medlemsskab. Kig forbi!<\\\/p>\",\"text_color\":\"#444444\",\"eael_tooltip_section_content\":\"I am a tooltip\",\"eael_ext_content_protection_password_placeholder\":\"Enter Password\",\"eael_ext_content_protection_password_submit_btn_txt\":\"Submit\",\"_margin\":{\"unit\":\"px\",\"top\":\"20\",\"right\":\"10\",\"bottom\":\"0\",\"left\":\"10\",\"isLinked\":\"\"}},\"elements\":[],\"widgetType\":\"text-editor\"},{\"id\":\"62591ec\",\"elType\":\"widget\",\"settings\":{\"social_icon_list\":[{\"social_icon\":{\"value\":\"fab fa-facebook\",\"library\":\"fa-brands\"},\"_id\":\"eb86d55\",\"link\":{\"url\":\"https:\\\/\\\/www.facebook.com\\\/SEMidtjylland\\\/\",\"is_external\":\"true\",\"nofollow\":\"\",\"custom_attributes\":\"\"},\"item_icon_color\":\"custom\",\"item_icon_primary_color\":\"#537BBE\",\"item_icon_secondary_color\":\"#FFFFFF\"},{\"_id\":\"4cfcd28\",\"social_icon\":{\"value\":\"fab fa-linkedin\",\"library\":\"fa-brands\"},\"link\":{\"url\":\"https:\\\/\\\/www.linkedin.com\\\/groups\\\/8425854\",\"is_external\":\"true\",\"nofollow\":\"\",\"custom_attributes\":\"\"},\"item_icon_color\":\"custom\",\"item_icon_primary_color\":\"#137BB8\"},{\"_id\":\"095dad0\",\"social_icon\":{\"value\":\"fas fa-envelope\",\"library\":\"fa-solid\"},\"link\":{\"url\":\"mailto:post@seniorerhverv-midtjylland.dk?subject=Henvendelse%20via%20hjemmside\",\"is_external\":\"true\",\"nofollow\":\"\",\"custom_attributes\":\"\"},\"item_icon_color\":\"custom\",\"item_icon_primary_color\":\"#52BCD6\"},{\"social_icon\":{\"value\":\"fab fa-facebook\",\"library\":\"fa-brands\"},\"_id\":\"30c86fc\",\"link\":{\"url\":\"https:\\\/\\\/www.facebook.com\\\/groups\\\/semjylland\\\/\",\"is_external\":\"true\",\"nofollow\":\"\",\"custom_attributes\":\"\"},\"item_icon_color\":\"custom\",\"item_icon_primary_color\":\"#537BBE\"}],\"shape\":\"circle\",\"icon_spacing\":{\"unit\":\"px\",\"size\":\"20\",\"sizes\":[]},\"_margin\":{\"unit\":\"px\",\"top\":\"20\",\"right\":\"0\",\"bottom\":\"20\",\"left\":\"0\",\"isLinked\":\"\"},\"eael_tooltip_section_content\":\"I am a tooltip\",\"eael_ext_content_protection_password_placeholder\":\"Enter Password\",\"eael_ext_content_protection_password_submit_btn_txt\":\"Submit\"},\"elements\":[],\"widgetType\":\"social-icons\"}],\"isInner\":\"\"},{\"id\":\"cee4f53\",\"elType\":\"column\",\"settings\":{\"_column_size\":\"33\",\"_inline_size\":\"25\",\"padding\":{\"unit\":\"px\",\"top\":\"20\",\"right\":\"20\",\"bottom\":\"20\",\"left\":\"20\",\"isLinked\":\"1\"},\"_inline_size_tablet\":50,\"custom_css\":\"@media (max-width: 1024px) {\\n    selector {\\n        order: 1;\\n    }\\n}\"},\"elements\":[{\"id\":\"98ea099\",\"elType\":\"widget\",\"settings\":{\"editor\":\"<h4 style=\\\"line-height: 25px;color: #ffffff;margin: 0px\\\"><span style=\\\"font-size: 10pt\\\">KONTAKT OS P\\u00c5<\\\/span><\\\/h4><p><strong><span style=\\\"font-size: 18pt;font-family: tahoma, arial, helvetica, sans-serif\\\">TLF. 97 12 50 35<\\\/span><\\\/strong><\\\/p>\",\"text_shadow_text_shadow_type\":\"yes\",\"text_shadow_text_shadow\":{\"horizontal\":\"0\",\"vertical\":\"2\",\"blur\":\"0\",\"color\":\"rgba(0, 0, 0, 0.6)\"},\"eael_tooltip_section_content\":\"I am a tooltip\",\"eael_ext_content_protection_password_placeholder\":\"Enter Password\",\"eael_ext_content_protection_password_submit_btn_txt\":\"Submit\",\"_background_background\":\"classic\",\"_background_image\":{\"url\":\"https:\\\/\\\/seniorerhverv.org\\\/midtjylland\\\/wp-content\\\/uploads\\\/sites\\\/9\\\/2021\\\/09\\\/blue.jpg\",\"id\":\"32\",\"alt\":\"\",\"source\":\"library\"},\"_border_radius\":{\"unit\":\"px\",\"top\":\"6\",\"right\":\"6\",\"bottom\":\"6\",\"left\":\"6\",\"isLinked\":\"1\"},\"text_color\":\"#FFFFFF\",\"_margin\":{\"unit\":\"px\",\"top\":\"20\",\"right\":\"0\",\"bottom\":\"0\",\"left\":\"0\",\"isLinked\":\"\"},\"_padding\":{\"unit\":\"px\",\"top\":\"10\",\"right\":\"20\",\"bottom\":\"1\",\"left\":\"20\",\"isLinked\":\"\"}},\"elements\":[],\"widgetType\":\"text-editor\"},{\"id\":\"2875d56\",\"elType\":\"widget\",\"settings\":{\"title\":\"Medlemshenvendelse\",\"header_size\":\"h3\",\"_padding\":{\"unit\":\"px\",\"top\":\"20\",\"right\":\"20\",\"bottom\":\"10\",\"left\":\"20\",\"isLinked\":false},\"eael_tooltip_section_content\":\"I am a tooltip\",\"eael_ext_content_protection_password_placeholder\":\"Enter Password\",\"eael_ext_content_protection_password_submit_btn_txt\":\"Submit\"},\"elements\":[],\"widgetType\":\"heading\"},{\"id\":\"df811ad\",\"elType\":\"widget\",\"settings\":{\"editor\":\"<p>For henvendelse om stillinger som \\u00f8nskes tilbud Senior Erhverv til snarlig bes\\u00e6ttelse, klik her for mailkontakt - husk at vedh\\u00e6fte evt. stillingsbeskrivelse:<\\\/p>\",\"_padding\":{\"unit\":\"px\",\"top\":\"0\",\"right\":\"20\",\"bottom\":\"0\",\"left\":\"20\",\"isLinked\":false},\"eael_tooltip_section_content\":\"I am a tooltip\",\"eael_ext_content_protection_password_placeholder\":\"Enter Password\",\"eael_ext_content_protection_password_submit_btn_txt\":\"Submit\"},\"elements\":[],\"widgetType\":\"text-editor\"},{\"id\":\"b45026a\",\"elType\":\"widget\",\"settings\":{\"text\":\"Klik og send e-mail\",\"link\":{\"url\":\"mailto:post@seniorerhverv-midtjylland.dk?subject=Medlemskab%20SE%20Midtjylland&body=Jeg%20%C3%B8nsker%20at%20blive%20kontaktet%20ang.%20Senior%20Erhverv%20medlemskab:\",\"is_external\":\"\",\"nofollow\":\"\",\"custom_attributes\":\"\"},\"align\":\"justify\",\"typography_typography\":\"custom\",\"typography_font_size\":{\"unit\":\"px\",\"size\":18,\"sizes\":[]},\"button_text_color\":\"#FFFFFF\",\"background_color\":\"#0077BB\",\"border_radius\":{\"unit\":\"px\",\"top\":\"6\",\"right\":\"6\",\"bottom\":\"6\",\"left\":\"6\",\"isLinked\":true},\"text_padding\":{\"unit\":\"px\",\"top\":\"15\",\"right\":\"15\",\"bottom\":\"15\",\"left\":\"15\",\"isLinked\":true},\"eael_tooltip_section_content\":\"I am a tooltip\",\"eael_ext_content_protection_password_placeholder\":\"Enter Password\",\"eael_ext_content_protection_password_submit_btn_txt\":\"Submit\",\"button_background_hover_color\":\"#005190\",\"custom_css\":\"selector .elementor-button-link {\\n    border: 2px solid #000;\\n    border-top-color: #555;\\n    border-left-color: #555;\\n}\\nselector .elementor-button-link:active {\\n    border-color: #000 #555 #555 #000;\\n}\"},\"elements\":[],\"widgetType\":\"button\"}],\"isInner\":\"\"}],\"isInner\":\"\"}]","_elementor_page_assets":[],"_elementor_controls_usage":{"global":{"count":1,"control_percent":0,"controls":[]},"column":{"count":3,"control_percent":1,"controls":{"layout":{"layout":{"_inline_size":3}},"advanced":{"section_advanced":{"padding":3,"css_classes":1},"section_custom_css":{"custom_css":2}}}},"text-editor":{"count":3,"control_percent":1,"controls":{"content":{"section_editor":{"editor":3}},"style":{"section_style":{"text_color":2,"text_shadow_text_shadow_type":1,"text_shadow_text_shadow":1}},"advanced":{"_section_style":{"_margin":2,"_padding":2},"_section_background":{"_background_background":1,"_background_image":1},"_section_border":{"_border_radius":1}}}},"social-icons":{"count":1,"control_percent":2,"controls":{"content":{"section_social_icon":{"social_icon_list":1,"shape":1}},"style":{"section_social_style":{"icon_spacing":1}},"advanced":{"_section_style":{"_margin":1}}}},"heading":{"count":1,"control_percent":1,"controls":{"content":{"section_title":{"title":1,"header_size":1}},"advanced":{"_section_style":{"_padding":1}}}},"button":{"count":1,"control_percent":4,"controls":{"content":{"section_button":{"text":1,"link":1,"align":1}},"style":{"section_style":{"typography_typography":1,"typography_font_size":1,"button_text_color":1,"background_color":1,"border_radius":1,"text_padding":1,"button_background_hover_color":1}},"advanced":{"section_custom_css":{"custom_css":1}}}},"section":{"count":1,"control_percent":1,"controls":{"layout":{"section_layout":{"gap":1},"section_structure":{"structure":1}},"advanced":{"section_advanced":{"margin":1}}}}},"_elementor_css":{"time":1663626806,"fonts":[],"icons":{"0":"fa-brands","2":"fa-solid","4":""},"dynamic_elements_ids":[],"status":"file","0":""},"_eael_custom_js":""},"_links":{"self":[{"href":"https:\/\/seniorerhverv.org\/midtjylland\/wp-json\/wp\/v2\/pages\/387"}],"collection":[{"href":"https:\/\/seniorerhverv.org\/midtjylland\/wp-json\/wp\/v2\/pages"}],"about":[{"href":"https:\/\/seniorerhverv.org\/midtjylland\/wp-json\/wp\/v2\/types\/page"}],"author":[{"embeddable":true,"href":"https:\/\/seniorerhverv.org\/midtjylland\/wp-json\/wp\/v2\/users\/9"}],"replies":[{"embeddable":true,"href":"https:\/\/seniorerhverv.org\/midtjylland\/wp-json\/wp\/v2\/comments?post=387"}],"version-history":[{"count":0,"href":"https:\/\/seniorerhverv.org\/midtjylland\/wp-json\/wp\/v2\/pages\/387\/revisions"}],"wp:attachment":[{"href":"https:\/\/seniorerhverv.org\/midtjylland\/wp-json\/wp\/v2\/media?parent=387"}],"curies":[{"name":"wp","href":"https:\/\/api.w.org\/{rel}","templated":true}]}}