{"id":258,"date":"2021-09-30T19:03:42","date_gmt":"2021-09-30T19:03:42","guid":{"rendered":"https:\/\/seniorerhverv.org\/kronjylland\/?page_id=258"},"modified":"2024-05-23T10:46:28","modified_gmt":"2024-05-23T10:46:28","slug":"persondataforordning","status":"publish","type":"page","link":"https:\/\/seniorerhverv.org\/kronjylland\/persondataforordning\/","title":{"rendered":"Persondataforordning"},"content":{"rendered":"\t\t<div data-elementor-type=\"wp-page\" data-elementor-id=\"258\" class=\"elementor elementor-258\" data-elementor-settings=\"[]\">\n\t\t\t\t\t\t\t<div class=\"elementor-section-wrap\">\n\t\t\t\t\t\t\t<section data-particle_enable=\"false\" data-particle-mobile-disabled=\"false\" class=\"elementor-section elementor-top-section elementor-element elementor-element-078ba83 elementor-section-content-middle box-container elementor-section-boxed elementor-section-height-default elementor-section-height-default\" data-id=\"078ba83\" data-element_type=\"section\">\n\t\t\t\t\t\t<div class=\"elementor-container elementor-column-gap-no\">\n\t\t\t\t\t<div class=\"elementor-column elementor-col-100 elementor-top-column elementor-element elementor-element-06a30ae\" data-id=\"06a30ae\" data-element_type=\"column\">\n\t\t\t<div class=\"elementor-widget-wrap elementor-element-populated\">\n\t\t\t\t\t\t\t\t<section data-particle_enable=\"false\" data-particle-mobile-disabled=\"false\" class=\"elementor-section elementor-inner-section elementor-element elementor-element-6a8b9ad elementor-section-boxed elementor-section-height-default elementor-section-height-default\" data-id=\"6a8b9ad\" data-element_type=\"section\">\n\t\t\t\t\t\t<div class=\"elementor-container elementor-column-gap-no\">\n\t\t\t\t\t<div class=\"elementor-column elementor-col-100 elementor-inner-column elementor-element elementor-element-5ebf7e6\" data-id=\"5ebf7e6\" data-element_type=\"column\">\n\t\t\t<div class=\"elementor-widget-wrap elementor-element-populated\">\n\t\t\t\t\t\t\t\t<div class=\"elementor-element elementor-element-1e725e5 elementor-widget elementor-widget-text-editor\" data-id=\"1e725e5\" data-element_type=\"widget\" data-widget_type=\"text-editor.default\">\n\t\t\t\t<div class=\"elementor-widget-container\">\n\t\t\t\t\t\t\t<p class=\"bodytext\" style=\"text-align: center;\"><span style=\"font-size: 14pt; font-family: arial, helvetica, sans-serif;\"><strong>Vores Persondatapolitik<\/strong><\/span><\/p><p class=\"bodytext\" style=\"text-align: center;\"><span style=\"font-family: arial, helvetica, sans-serif; font-size: 14pt;\">Ligesom alle andre virksomheder, Foreninger og netv\u00e6rk har vi naturligvis ogs\u00e5 en persondata politik.<\/span><\/p><p style=\"text-align: center;\"><span style=\"font-family: arial, helvetica, sans-serif; font-size: 14pt;\">Download Persondatapolitikken <span style=\"color: #0000ff;\"><a style=\"color: #0000ff;\" href=\"https:\/\/seniorerhverv.org\/kronjylland\/wp-content\/uploads\/sites\/7\/2024\/05\/Persondatapolitik-2024.pdf\"><span class=\"wf_file_text\"><strong>her<\/strong><\/span><\/a><\/span> &#8211; Klik p\u00e5 linket, og v\u00e6lg Download. S\u00e5 bliver Persondatapolitiken downloadet til mappen Overf\u00f8rsler i Stifinder.<\/span><\/p>\t\t\t\t\t\t<\/div>\n\t\t\t\t<\/div>\n\t\t\t\t\t<\/div>\n\t\t<\/div>\n\t\t\t\t\t\t\t<\/div>\n\t\t<\/section>\n\t\t\t\t\t<\/div>\n\t\t<\/div>\n\t\t\t\t\t\t\t<\/div>\n\t\t<\/section>\n\t\t\t\t\t\t<\/div>\n\t\t\t\t\t<\/div>\n\t\t"},"excerpt":{"rendered":"<p>Vores Persondatapolitik Ligesom alle andre virksomheder, Foreninger og netv\u00e6rk har vi naturligvis ogs\u00e5 en persondata politik. Download Persondatapolitikken her &#8211; Klik p\u00e5 linket, og v\u00e6lg Download. S\u00e5 bliver Persondatapolitiken downloadet til mappen Overf\u00f8rsler i Stifinder.<\/p>\n","protected":false},"author":7,"featured_media":0,"parent":0,"menu_order":0,"comment_status":"closed","ping_status":"closed","template":"elementor_header_footer","meta":[],"x_date":"september 30, 2021","x_author":"kronjylland","x_gravatar":"https:\/\/secure.gravatar.com\/avatar\/435e40ceea319e7f5c75fffe931167e8?s=96&d=mm&r=g","x_metadata":{"_elementor_edit_mode":"builder","_elementor_template_type":"wp-page","_elementor_version":"3.4.4","_elementor_pro_version":"3.2.1","_elementor_page_settings":{"eael_ext_toc_title":"Table of Contents"},"_elementor_data":"[{\"id\":\"078ba83\",\"elType\":\"section\",\"settings\":{\"gap\":\"no\",\"content_position\":\"middle\",\"css_classes\":\"box-container\",\"margin\":{\"unit\":\"px\",\"top\":\"10\",\"right\":\"0\",\"bottom\":\"10\",\"left\":\"0\",\"isLinked\":\"1\"},\"eael_parallax_layers_list\":[],\"eael_cl_logics\":[{\"_id\":\"e3c4eaf\"}]},\"elements\":[{\"id\":\"06a30ae\",\"elType\":\"column\",\"settings\":{\"_column_size\":\"100\",\"eael_cl_logics\":[{\"_id\":\"54883be\"}]},\"elements\":[{\"id\":\"6a8b9ad\",\"elType\":\"section\",\"settings\":{\"gap\":\"no\",\"margin\":{\"unit\":\"px\",\"top\":\"30\",\"right\":\"0\",\"bottom\":\"40\",\"left\":\"0\",\"isLinked\":\"\"},\"custom_css\":\"selector {\\n    margin-left: 30px;\\n    margin-right: 30px;\\n}\",\"eael_parallax_layers_list\":[],\"eael_cl_logics\":[{\"_id\":\"692619f\"}]},\"elements\":[{\"id\":\"5ebf7e6\",\"elType\":\"column\",\"settings\":{\"_column_size\":\"100\",\"eael_cl_logics\":[{\"_id\":\"858bd71\"}]},\"elements\":[{\"id\":\"1e725e5\",\"elType\":\"widget\",\"settings\":{\"editor\":\"<p class=\\\"bodytext\\\" style=\\\"text-align: center;\\\"><span style=\\\"font-size: 14pt; font-family: arial, helvetica, sans-serif;\\\"><strong>Vores Persondatapolitik<\\\/strong><\\\/span><\\\/p><p class=\\\"bodytext\\\" style=\\\"text-align: center;\\\"><span style=\\\"font-family: arial, helvetica, sans-serif; font-size: 14pt;\\\">Ligesom alle andre virksomheder, Foreninger og netv\\u00e6rk har vi naturligvis ogs\\u00e5 en persondata politik.<\\\/span><\\\/p><p style=\\\"text-align: center;\\\"><span style=\\\"font-family: arial, helvetica, sans-serif; font-size: 14pt;\\\">Download Persondatapolitikken <span style=\\\"color: #0000ff;\\\"><a style=\\\"color: #0000ff;\\\" href=\\\"https:\\\/\\\/seniorerhverv.org\\\/kronjylland\\\/wp-content\\\/uploads\\\/sites\\\/7\\\/2024\\\/05\\\/Persondatapolitik-2024.pdf\\\"><span class=\\\"wf_file_text\\\"><strong>her<\\\/strong><\\\/span><\\\/a><\\\/span> - Klik p\\u00e5 linket, og v\\u00e6lg Download. S\\u00e5 bliver Persondatapolitiken downloadet til mappen Overf\\u00f8rsler i Stifinder.<\\\/span><\\\/p>\",\"eael_tooltip_section_content\":\"I am a tooltip\",\"eael_ext_content_protection_password_placeholder\":\"Enter Password\",\"eael_ext_content_protection_password_submit_btn_txt\":\"Submit\",\"eael_ext_content_protection_password_incorrect_message\":\"Password does not match.\",\"eael_cl_logics\":[{\"_id\":\"d3a2308\"}]},\"elements\":[],\"widgetType\":\"text-editor\"}],\"isInner\":\"1\"}],\"isInner\":\"1\"}],\"isInner\":\"\"}],\"isInner\":\"\"}]","_elementor_page_assets":[],"_eael_custom_js":"","_elementor_controls_usage":{"text-editor":{"count":1,"control_percent":1,"controls":{"content":{"section_editor":{"editor":1}},"advanced":{"eael_conditional_logic_section":{"eael_cl_logics":1}}}},"column":{"count":2,"control_percent":0,"controls":{"advanced":{"eael_conditional_logic_section":{"eael_cl_logics":2}}}},"section":{"count":2,"control_percent":1,"controls":{"layout":{"section_layout":{"gap":2,"content_position":1}},"advanced":{"section_advanced":{"margin":2,"css_classes":1},"section_custom_css":{"custom_css":1},"eael_conditional_logic_section":{"eael_cl_logics":2}}}}},"_elementor_css":{"time":1746184559,"fonts":[],"icons":[],"dynamic_elements_ids":[],"status":"file","0":""}},"_links":{"self":[{"href":"https:\/\/seniorerhverv.org\/kronjylland\/wp-json\/wp\/v2\/pages\/258"}],"collection":[{"href":"https:\/\/seniorerhverv.org\/kronjylland\/wp-json\/wp\/v2\/pages"}],"about":[{"href":"https:\/\/seniorerhverv.org\/kronjylland\/wp-json\/wp\/v2\/types\/page"}],"author":[{"embeddable":true,"href":"https:\/\/seniorerhverv.org\/kronjylland\/wp-json\/wp\/v2\/users\/7"}],"replies":[{"embeddable":true,"href":"https:\/\/seniorerhverv.org\/kronjylland\/wp-json\/wp\/v2\/comments?post=258"}],"version-history":[{"count":6,"href":"https:\/\/seniorerhverv.org\/kronjylland\/wp-json\/wp\/v2\/pages\/258\/revisions"}],"predecessor-version":[{"id":1993,"href":"https:\/\/seniorerhverv.org\/kronjylland\/wp-json\/wp\/v2\/pages\/258\/revisions\/1993"}],"wp:attachment":[{"href":"https:\/\/seniorerhverv.org\/kronjylland\/wp-json\/wp\/v2\/media?parent=258"}],"curies":[{"name":"wp","href":"https:\/\/api.w.org\/{rel}","templated":true}]}}