{"id":169,"date":"2021-09-29T17:49:37","date_gmt":"2021-09-29T17:49:37","guid":{"rendered":"https:\/\/seniorerhverv.org\/kronjylland\/?page_id=169"},"modified":"2026-01-22T10:30:59","modified_gmt":"2026-01-22T10:30:59","slug":"div-dokumenter","status":"publish","type":"page","link":"https:\/\/seniorerhverv.org\/kronjylland\/div-dokumenter\/","title":{"rendered":"Div. dokumenter"},"content":{"rendered":"\t\t<div data-elementor-type=\"wp-page\" data-elementor-id=\"169\" class=\"elementor elementor-169\" data-elementor-settings=\"[]\">\n\t\t\t\t\t\t\t<div class=\"elementor-section-wrap\">\n\t\t\t\t\t\t\t<section data-particle_enable=\"false\" data-particle-mobile-disabled=\"false\" class=\"elementor-section elementor-top-section elementor-element elementor-element-f8bdf72 elementor-section-boxed elementor-section-height-default elementor-section-height-default\" data-id=\"f8bdf72\" data-element_type=\"section\">\n\t\t\t\t\t\t<div class=\"elementor-container elementor-column-gap-default\">\n\t\t\t\t\t<div class=\"elementor-column elementor-col-100 elementor-top-column elementor-element elementor-element-78a464b\" data-id=\"78a464b\" data-element_type=\"column\">\n\t\t\t<div class=\"elementor-widget-wrap elementor-element-populated\">\n\t\t\t\t\t\t\t\t<div class=\"elementor-element elementor-element-b2c3706 elementor-widget elementor-widget-heading\" data-id=\"b2c3706\" data-element_type=\"widget\" data-widget_type=\"heading.default\">\n\t\t\t\t<div class=\"elementor-widget-container\">\n\t\t\t<h2 class=\"elementor-heading-title elementor-size-default\">Skemaer<\/h2>\t\t<\/div>\n\t\t\t\t<\/div>\n\t\t\t\t\t<\/div>\n\t\t<\/div>\n\t\t\t\t\t\t\t<\/div>\n\t\t<\/section>\n\t\t\t\t<section data-particle_enable=\"false\" data-particle-mobile-disabled=\"false\" class=\"elementor-section elementor-top-section elementor-element elementor-element-078ba83 elementor-section-content-middle box-container elementor-section-boxed elementor-section-height-default elementor-section-height-default\" data-id=\"078ba83\" data-element_type=\"section\">\n\t\t\t\t\t\t<div class=\"elementor-container elementor-column-gap-no\">\n\t\t\t\t\t<div class=\"elementor-column elementor-col-100 elementor-top-column elementor-element elementor-element-06a30ae\" data-id=\"06a30ae\" data-element_type=\"column\">\n\t\t\t<div class=\"elementor-widget-wrap elementor-element-populated\">\n\t\t\t\t\t\t\t\t<section data-particle_enable=\"false\" data-particle-mobile-disabled=\"false\" class=\"elementor-section elementor-inner-section elementor-element elementor-element-6a8b9ad elementor-section-boxed elementor-section-height-default elementor-section-height-default\" data-id=\"6a8b9ad\" data-element_type=\"section\">\n\t\t\t\t\t\t<div class=\"elementor-container elementor-column-gap-no\">\n\t\t\t\t\t<div class=\"elementor-column elementor-col-100 elementor-inner-column elementor-element elementor-element-5ebf7e6\" data-id=\"5ebf7e6\" data-element_type=\"column\">\n\t\t\t<div class=\"elementor-widget-wrap elementor-element-populated\">\n\t\t\t\t\t\t\t\t<div class=\"elementor-element elementor-element-1e725e5 elementor-widget elementor-widget-text-editor\" data-id=\"1e725e5\" data-element_type=\"widget\" data-widget_type=\"text-editor.default\">\n\t\t\t\t<div class=\"elementor-widget-container\">\n\t\t\t\t\t\t\t<p class=\"bodytext\"><span style=\"font-size: 14pt; font-family: arial, helvetica, sans-serif; color: #99cc00;\"><strong>Rejseafregning 2026.<\/strong><\/span><\/p><p class=\"bodytext\"><span style=\"font-family: arial, helvetica, sans-serif; font-size: 14pt;\">Medlemmer der har v\u00e6ret ude at rejse til et kursus eller andet SEK \/ Senior Erhverv relateret kan f\u00e5 godtgjort hele eller dele af rejseudgifterne, til selve rejsens distance. Husk at f\u00e5 og gemme Transport- kvitteringer, da de skal registreres ved behov for godtg\u00f8relse!!!<\/span><\/p><p><span style=\"font-family: arial, helvetica, sans-serif; font-size: 14pt;\">Download afregningsskema <a href=\"https:\/\/seniorerhverv.org\/kronjylland\/wp-content\/uploads\/sites\/7\/2026\/01\/REJSEAFREGNING-2026.xlsx\"><span style=\"color: #0000ff;\">her <\/span><\/a><\/span><span style=\"font-size: 14pt;\">&#8211;<span style=\"font-family: arial, helvetica, sans-serif;\"> Klik p\u00e5 linket, og v\u00e6lg Gem. S\u00e5 bliver skemaet downloadet til mappen Overf\u00f8rsler i Stifinder.<\/span><\/span><\/p><p class=\"bodytext\"><span style=\"font-size: 14pt; font-family: arial, helvetica, sans-serif; color: #99cc00;\"><strong>Udl\u00e6gsrefusion 2026.<\/strong><\/span><\/p><p class=\"bodytext\"><span style=\"font-family: arial, helvetica, sans-serif; font-size: 14pt;\">Medlemmer der har lagt ud for noget SEK, har bestemt at k\u00f8be eller hvis medlemmet har lagt ud for et ophold og andre SE kursusrelaterede udgifter, mod kvittering for dette kan f\u00e5 det refunderet.<\/span><\/p><p><span style=\"font-family: arial, helvetica, sans-serif; font-size: 14pt;\">Download refusionsskema <a href=\"https:\/\/seniorerhverv.org\/kronjylland\/wp-content\/uploads\/sites\/7\/2026\/01\/UDLAeGSREFUSION-2026.xlsx\"><span style=\"color: #0000ff;\">her<\/span><\/a><\/span>\u00a0 <span style=\"font-size: 14pt;\">&#8211;<span style=\"font-family: arial, helvetica, sans-serif;\"> Klik p\u00e5 linket, og v\u00e6lg Gem. S\u00e5 bliver skemaet downloadet til mappen Overf\u00f8rsler i Stifinder.<\/span><\/span><\/p>\t\t\t\t\t\t<\/div>\n\t\t\t\t<\/div>\n\t\t\t\t\t<\/div>\n\t\t<\/div>\n\t\t\t\t\t\t\t<\/div>\n\t\t<\/section>\n\t\t\t\t\t<\/div>\n\t\t<\/div>\n\t\t\t\t\t\t\t<\/div>\n\t\t<\/section>\n\t\t\t\t\t\t<\/div>\n\t\t\t\t\t<\/div>\n\t\t"},"excerpt":{"rendered":"<p>Skemaer Rejseafregning 2026. Medlemmer der har v\u00e6ret ude at rejse til et kursus eller andet SEK \/ Senior Erhverv relateret kan f\u00e5 godtgjort hele eller dele af rejseudgifterne, til selve rejsens distance. Husk at f\u00e5 og gemme Transport- kvitteringer, da de skal registreres ved behov for godtg\u00f8relse!!! Download afregningsskema her &#8211; Klik p\u00e5 linket, og [&hellip;]<\/p>\n","protected":false},"author":7,"featured_media":0,"parent":0,"menu_order":0,"comment_status":"closed","ping_status":"closed","template":"elementor_header_footer","meta":[],"x_date":"september 29, 2021","x_author":"kronjylland","x_gravatar":"https:\/\/secure.gravatar.com\/avatar\/435e40ceea319e7f5c75fffe931167e8?s=96&d=mm&r=g","x_metadata":{"_elementor_edit_mode":"builder","_elementor_template_type":"wp-page","_elementor_version":"3.4.4","_elementor_pro_version":"3.2.1","_elementor_page_settings":{"eael_ext_toc_title":"Table of Contents"},"_elementor_data":"[{\"id\":\"f8bdf72\",\"elType\":\"section\",\"settings\":{\"eael_parallax_layers_list\":[],\"eael_cl_logics\":[{\"_id\":\"be0c779\"}]},\"elements\":[{\"id\":\"78a464b\",\"elType\":\"column\",\"settings\":{\"_column_size\":100,\"_inline_size\":null,\"eael_cl_logics\":[{\"_id\":\"2bf7c99\"}]},\"elements\":[{\"id\":\"b2c3706\",\"elType\":\"widget\",\"settings\":{\"title\":\"Skemaer\",\"_margin\":{\"unit\":\"px\",\"top\":\"20\",\"right\":\"20\",\"bottom\":\"20\",\"left\":\"20\",\"isLinked\":true},\"eael_tooltip_section_content\":\"I am a tooltip\",\"eael_ext_content_protection_password_placeholder\":\"Enter Password\",\"eael_ext_content_protection_password_submit_btn_txt\":\"Submit\",\"eael_ext_content_protection_password_incorrect_message\":\"Password does not match.\",\"eael_cl_logics\":[{\"_id\":\"cfabe14\"}]},\"elements\":[],\"widgetType\":\"heading\"}],\"isInner\":false}],\"isInner\":false},{\"id\":\"078ba83\",\"elType\":\"section\",\"settings\":{\"gap\":\"no\",\"content_position\":\"middle\",\"css_classes\":\"box-container\",\"margin\":{\"unit\":\"px\",\"top\":\"10\",\"right\":\"0\",\"bottom\":\"10\",\"left\":\"0\",\"isLinked\":\"1\"},\"eael_parallax_layers_list\":[],\"eael_cl_logics\":[{\"_id\":\"6d2a090\"}]},\"elements\":[{\"id\":\"06a30ae\",\"elType\":\"column\",\"settings\":{\"_column_size\":\"100\",\"eael_cl_logics\":[{\"_id\":\"544e394\"}]},\"elements\":[{\"id\":\"6a8b9ad\",\"elType\":\"section\",\"settings\":{\"gap\":\"no\",\"margin\":{\"unit\":\"px\",\"top\":\"30\",\"right\":\"0\",\"bottom\":\"40\",\"left\":\"0\",\"isLinked\":\"\"},\"custom_css\":\"selector {\\n    margin-left: 30px;\\n    margin-right: 30px;\\n}\",\"eael_parallax_layers_list\":[],\"eael_cl_logics\":[{\"_id\":\"5bfa4ee\"}]},\"elements\":[{\"id\":\"5ebf7e6\",\"elType\":\"column\",\"settings\":{\"_column_size\":\"100\",\"eael_cl_logics\":[{\"_id\":\"3f31b56\"}]},\"elements\":[{\"id\":\"1e725e5\",\"elType\":\"widget\",\"settings\":{\"editor\":\"<p class=\\\"bodytext\\\"><span style=\\\"font-size: 14pt; font-family: arial, helvetica, sans-serif; color: #99cc00;\\\"><strong>Rejseafregning 2026.<\\\/strong><\\\/span><\\\/p><p class=\\\"bodytext\\\"><span style=\\\"font-family: arial, helvetica, sans-serif; font-size: 14pt;\\\">Medlemmer der har v\\u00e6ret ude at rejse til et kursus eller andet SEK \\\/ Senior Erhverv relateret kan f\\u00e5 godtgjort hele eller dele af rejseudgifterne, til selve rejsens distance. Husk at f\\u00e5 og gemme Transport- kvitteringer, da de skal registreres ved behov for godtg\\u00f8relse!!!<\\\/span><\\\/p><p><span style=\\\"font-family: arial, helvetica, sans-serif; font-size: 14pt;\\\">Download afregningsskema <a href=\\\"https:\\\/\\\/seniorerhverv.org\\\/kronjylland\\\/wp-content\\\/uploads\\\/sites\\\/7\\\/2026\\\/01\\\/REJSEAFREGNING-2026.xlsx\\\"><span style=\\\"color: #0000ff;\\\">her <\\\/span><\\\/a><\\\/span><span style=\\\"font-size: 14pt;\\\">-<span style=\\\"font-family: arial, helvetica, sans-serif;\\\"> Klik p\\u00e5 linket, og v\\u00e6lg Gem. S\\u00e5 bliver skemaet downloadet til mappen Overf\\u00f8rsler i Stifinder.<\\\/span><\\\/span><\\\/p><p class=\\\"bodytext\\\"><span style=\\\"font-size: 14pt; font-family: arial, helvetica, sans-serif; color: #99cc00;\\\"><strong>Udl\\u00e6gsrefusion 2026.<\\\/strong><\\\/span><\\\/p><p class=\\\"bodytext\\\"><span style=\\\"font-family: arial, helvetica, sans-serif; font-size: 14pt;\\\">Medlemmer der har lagt ud for noget SEK, har bestemt at k\\u00f8be eller hvis medlemmet har lagt ud for et ophold og andre SE kursusrelaterede udgifter, mod kvittering for dette kan f\\u00e5 det refunderet.<\\\/span><\\\/p><p><span style=\\\"font-family: arial, helvetica, sans-serif; font-size: 14pt;\\\">Download refusionsskema <a href=\\\"https:\\\/\\\/seniorerhverv.org\\\/kronjylland\\\/wp-content\\\/uploads\\\/sites\\\/7\\\/2026\\\/01\\\/UDLAeGSREFUSION-2026.xlsx\\\"><span style=\\\"color: #0000ff;\\\">her<\\\/span><\\\/a><\\\/span>\\u00a0 <span style=\\\"font-size: 14pt;\\\">-<span style=\\\"font-family: arial, helvetica, sans-serif;\\\"> Klik p\\u00e5 linket, og v\\u00e6lg Gem. S\\u00e5 bliver skemaet downloadet til mappen Overf\\u00f8rsler i Stifinder.<\\\/span><\\\/span><\\\/p>\",\"eael_tooltip_section_content\":\"I am a tooltip\",\"eael_ext_content_protection_password_placeholder\":\"Enter Password\",\"eael_ext_content_protection_password_submit_btn_txt\":\"Submit\",\"eael_ext_content_protection_password_incorrect_message\":\"Password does not match.\",\"eael_cl_logics\":[{\"_id\":\"456d8f4\"}]},\"elements\":[],\"widgetType\":\"text-editor\"}],\"isInner\":\"1\"}],\"isInner\":\"1\"}],\"isInner\":\"\"}],\"isInner\":\"\"}]","_elementor_page_assets":[],"_eael_custom_js":"","_elementor_controls_usage":{"heading":{"count":1,"control_percent":1,"controls":{"content":{"section_title":{"title":1}},"advanced":{"_section_style":{"_margin":1},"eael_conditional_logic_section":{"eael_cl_logics":1}}}},"column":{"count":3,"control_percent":0,"controls":{"layout":{"layout":{"_inline_size":1}},"advanced":{"eael_conditional_logic_section":{"eael_cl_logics":3}}}},"section":{"count":3,"control_percent":1,"controls":{"advanced":{"eael_conditional_logic_section":{"eael_cl_logics":3},"section_advanced":{"margin":2,"css_classes":1},"section_custom_css":{"custom_css":1}},"layout":{"section_layout":{"gap":2,"content_position":1}}}},"text-editor":{"count":1,"control_percent":1,"controls":{"content":{"section_editor":{"editor":1}},"advanced":{"eael_conditional_logic_section":{"eael_cl_logics":1}}}}},"_elementor_css":{"time":1769077886,"fonts":[],"icons":[],"dynamic_elements_ids":[],"status":"file","0":""}},"_links":{"self":[{"href":"https:\/\/seniorerhverv.org\/kronjylland\/wp-json\/wp\/v2\/pages\/169"}],"collection":[{"href":"https:\/\/seniorerhverv.org\/kronjylland\/wp-json\/wp\/v2\/pages"}],"about":[{"href":"https:\/\/seniorerhverv.org\/kronjylland\/wp-json\/wp\/v2\/types\/page"}],"author":[{"embeddable":true,"href":"https:\/\/seniorerhverv.org\/kronjylland\/wp-json\/wp\/v2\/users\/7"}],"replies":[{"embeddable":true,"href":"https:\/\/seniorerhverv.org\/kronjylland\/wp-json\/wp\/v2\/comments?post=169"}],"version-history":[{"count":48,"href":"https:\/\/seniorerhverv.org\/kronjylland\/wp-json\/wp\/v2\/pages\/169\/revisions"}],"predecessor-version":[{"id":3664,"href":"https:\/\/seniorerhverv.org\/kronjylland\/wp-json\/wp\/v2\/pages\/169\/revisions\/3664"}],"wp:attachment":[{"href":"https:\/\/seniorerhverv.org\/kronjylland\/wp-json\/wp\/v2\/media?parent=169"}],"curies":[{"name":"wp","href":"https:\/\/api.w.org\/{rel}","templated":true}]}}