{"id":155,"date":"2021-09-29T17:44:22","date_gmt":"2021-09-29T17:44:22","guid":{"rendered":"https:\/\/seniorerhverv.org\/kronjylland\/?page_id=155"},"modified":"2024-06-13T10:27:36","modified_gmt":"2024-06-13T10:27:36","slug":"information-til-nye-medlemmer","status":"publish","type":"page","link":"https:\/\/seniorerhverv.org\/kronjylland\/information-til-nye-medlemmer\/","title":{"rendered":"Information til nye medlemmer"},"content":{"rendered":"\t\t<div data-elementor-type=\"wp-page\" data-elementor-id=\"155\" class=\"elementor elementor-155\" data-elementor-settings=\"[]\">\n\t\t\t\t\t\t\t<div class=\"elementor-section-wrap\">\n\t\t\t\t\t\t\t<section data-particle_enable=\"false\" data-particle-mobile-disabled=\"false\" class=\"elementor-section elementor-top-section elementor-element elementor-element-078ba83 elementor-section-content-middle box-container elementor-section-boxed elementor-section-height-default elementor-section-height-default\" data-id=\"078ba83\" data-element_type=\"section\">\n\t\t\t\t\t\t<div class=\"elementor-container elementor-column-gap-no\">\n\t\t\t\t\t<div class=\"elementor-column elementor-col-100 elementor-top-column elementor-element elementor-element-06a30ae\" data-id=\"06a30ae\" data-element_type=\"column\">\n\t\t\t<div class=\"elementor-widget-wrap elementor-element-populated\">\n\t\t\t\t\t\t\t\t<section data-particle_enable=\"false\" data-particle-mobile-disabled=\"false\" class=\"elementor-section elementor-inner-section elementor-element elementor-element-6a8b9ad elementor-section-boxed elementor-section-height-default elementor-section-height-default\" data-id=\"6a8b9ad\" data-element_type=\"section\">\n\t\t\t\t\t\t<div class=\"elementor-container elementor-column-gap-no\">\n\t\t\t\t\t<div class=\"elementor-column elementor-col-100 elementor-inner-column elementor-element elementor-element-5ebf7e6\" data-id=\"5ebf7e6\" data-element_type=\"column\">\n\t\t\t<div class=\"elementor-widget-wrap elementor-element-populated\">\n\t\t\t\t\t\t\t\t<div class=\"elementor-element elementor-element-1e725e5 elementor-widget elementor-widget-text-editor\" data-id=\"1e725e5\" data-element_type=\"widget\" data-widget_type=\"text-editor.default\">\n\t\t\t\t<div class=\"elementor-widget-container\">\n\t\t\t\t\t\t\t<p><span style=\"font-family: arial, helvetica, sans-serif; font-size: 14pt;\"><strong>Senior Erhverv Kronjylland (SEK)<\/strong><\/span><\/p><p><span style=\"font-family: arial, helvetica, sans-serif; font-size: 14pt;\">er et netv\u00e6rk af aktive jobs\u00f8gende seniorer.<\/span><\/p><p><span style=\"font-family: arial, helvetica, sans-serif; font-size: 14pt;\"><strong>I SEK\u00a0<\/strong>kan du hente inspiration, energi og st\u00f8tte gennem samarbejde med andre i samme situation som dig selv.<\/span><\/p><p><span style=\"font-family: arial, helvetica, sans-serif; font-size: 14pt;\"><strong>Vores form\u00e5l er:<\/strong>\u00a0<\/span><\/p><ul><li><span style=\"font-family: arial, helvetica, sans-serif; font-size: 14pt;\">at skaffe seniorer\u00a0job p\u00e5 arbejdsmarkedet<\/span><\/li><li><span style=\"font-family: arial, helvetica, sans-serif; font-size: 14pt;\">at skaffe virksomheder kompetent arbejdskraft med erfaringer<\/span><\/li><li><span style=\"font-family: arial, helvetica, sans-serif; font-size: 14pt;\">at markedsf\u00f8re netv\u00e6rket og medlemmerne over for virksomhederne i lokalomr\u00e5det<\/span><\/li><\/ul><p><span style=\"font-family: arial, helvetica, sans-serif; font-size: 14pt;\">Vi benytter os af utraditionelle metoder i samarbejdet med erhvervslivet og har derfor succes med at f\u00e5 medlemmerne tilbage p\u00e5 arbejdsmarkedet.<\/span><br \/><span style=\"font-family: arial, helvetica, sans-serif; font-size: 14pt;\">Vi satser p\u00e5 et velfungerende samarbejde med alle samarbejdspartnere.<\/span><\/p><p><span style=\"font-family: arial, helvetica, sans-serif; font-size: 14pt;\"><strong>Vi arbejder med jobskabende\u00a0<\/strong><strong>aktiviteter ved:<\/strong><\/span><\/p><ul><li><span style=\"font-family: arial, helvetica, sans-serif; font-size: 14pt;\">at netv\u00e6rket er et selvhj\u00e6lpsnetv\u00e6rk, hvor medlemmerne deltager i gruppearbejder<\/span><\/li><li><span style=\"font-family: arial, helvetica, sans-serif; font-size: 14pt;\">at opbygge og vedligeholde en CV-database over medlemmernes kompetencer<\/span><\/li><li><span style=\"font-family: arial, helvetica, sans-serif; font-size: 14pt;\">at give hinanden inspiration, st\u00f8tte og opbakning\u00a0 <\/span><\/li><\/ul><p><span style=\"font-family: arial, helvetica, sans-serif; font-size: 14pt;\"><strong>Velkommen til nye medlemmer!<\/strong><\/span><\/p><p><span style=\"font-family: arial, helvetica, sans-serif; font-size: 14pt;\"><strong>Du kan blive medlem, hvis du er 50+ og\u00a0jobs\u00f8gende.<\/strong><\/span><\/p><p><span style=\"font-family: arial, helvetica, sans-serif; font-size: 14pt;\"><strong>Medlemskabet koster kr. 100,- pr. halv\u00e5r.<\/strong><\/span><\/p><p><span style=\"font-family: arial, helvetica, sans-serif; font-size: 14pt;\"><strong>Senior Erhvervs <\/strong><\/span><span style=\"font-family: arial, helvetica, sans-serif; font-size: 14pt;\">afdelinger er organiseret i <strong>Senior Erhverv<\/strong>\u00a0<strong>Danmark<\/strong>, <\/span><span style=\"font-family: arial, helvetica, sans-serif; font-size: 14pt;\">der best\u00e5r af 20 netv\u00e6rk fordelt over hele landet.<\/span><\/p><p><span style=\"font-family: arial, helvetica, sans-serif; font-size: 14pt;\">Grundlaget for\u00a0<strong>Senior Erhverv<\/strong>\u00a0er frivillig aktiv medlemsindsats.<\/span><\/p><p><span style=\"font-family: arial, helvetica, sans-serif; font-size: 14pt;\">Aktiviteterne i\u00a0<strong>Senior Erhverv<\/strong>\u00a0er st\u00f8ttet af Styrelsen for Arbejdsmarked og Rekruttering.<\/span><\/p>\t\t\t\t\t\t<\/div>\n\t\t\t\t<\/div>\n\t\t\t\t\t<\/div>\n\t\t<\/div>\n\t\t\t\t\t\t\t<\/div>\n\t\t<\/section>\n\t\t\t\t\t<\/div>\n\t\t<\/div>\n\t\t\t\t\t\t\t<\/div>\n\t\t<\/section>\n\t\t\t\t\t\t<\/div>\n\t\t\t\t\t<\/div>\n\t\t"},"excerpt":{"rendered":"<p>Senior Erhverv Kronjylland (SEK) er et netv\u00e6rk af aktive jobs\u00f8gende seniorer. I SEK\u00a0kan du hente inspiration, energi og st\u00f8tte gennem samarbejde med andre i samme situation som dig selv. Vores form\u00e5l er:\u00a0 at skaffe seniorer\u00a0job p\u00e5 arbejdsmarkedet at skaffe virksomheder kompetent arbejdskraft med erfaringer at markedsf\u00f8re netv\u00e6rket og medlemmerne over for virksomhederne i lokalomr\u00e5det Vi [&hellip;]<\/p>\n","protected":false},"author":7,"featured_media":0,"parent":0,"menu_order":0,"comment_status":"closed","ping_status":"closed","template":"elementor_header_footer","meta":[],"x_date":"september 29, 2021","x_author":"kronjylland","x_gravatar":"https:\/\/secure.gravatar.com\/avatar\/435e40ceea319e7f5c75fffe931167e8?s=96&d=mm&r=g","x_metadata":{"_elementor_edit_mode":"builder","_elementor_template_type":"wp-page","_elementor_version":"3.4.4","_elementor_pro_version":"3.2.1","_elementor_page_settings":{"eael_ext_toc_title":"Table of Contents"},"_elementor_data":"[{\"id\":\"078ba83\",\"elType\":\"section\",\"settings\":{\"gap\":\"no\",\"content_position\":\"middle\",\"css_classes\":\"box-container\",\"margin\":{\"unit\":\"px\",\"top\":\"10\",\"right\":\"0\",\"bottom\":\"10\",\"left\":\"0\",\"isLinked\":\"1\"},\"eael_parallax_layers_list\":[],\"eael_cl_logics\":[{\"_id\":\"edec69d\"}]},\"elements\":[{\"id\":\"06a30ae\",\"elType\":\"column\",\"settings\":{\"_column_size\":\"100\",\"eael_cl_logics\":[{\"_id\":\"6f8aeff\"}]},\"elements\":[{\"id\":\"6a8b9ad\",\"elType\":\"section\",\"settings\":{\"gap\":\"no\",\"margin\":{\"unit\":\"px\",\"top\":\"30\",\"right\":\"0\",\"bottom\":\"40\",\"left\":\"0\",\"isLinked\":\"\"},\"custom_css\":\"selector {\\n    margin-left: 30px;\\n    margin-right: 30px;\\n}\",\"eael_parallax_layers_list\":[],\"eael_cl_logics\":[{\"_id\":\"80256e0\"}]},\"elements\":[{\"id\":\"5ebf7e6\",\"elType\":\"column\",\"settings\":{\"_column_size\":\"100\",\"eael_cl_logics\":[{\"_id\":\"2fe50fc\"}]},\"elements\":[{\"id\":\"1e725e5\",\"elType\":\"widget\",\"settings\":{\"editor\":\"<p><span style=\\\"font-family: arial, helvetica, sans-serif; font-size: 14pt;\\\"><strong>Senior Erhverv Kronjylland (SEK)<\\\/strong><\\\/span><\\\/p><p><span style=\\\"font-family: arial, helvetica, sans-serif; font-size: 14pt;\\\">er et netv\\u00e6rk af aktive jobs\\u00f8gende seniorer.<\\\/span><\\\/p><p><span style=\\\"font-family: arial, helvetica, sans-serif; font-size: 14pt;\\\"><strong>I SEK\\u00a0<\\\/strong>kan du hente inspiration, energi og st\\u00f8tte gennem samarbejde med andre i samme situation som dig selv.<\\\/span><\\\/p><p><span style=\\\"font-family: arial, helvetica, sans-serif; font-size: 14pt;\\\"><strong>Vores form\\u00e5l er:<\\\/strong>\\u00a0<\\\/span><\\\/p><ul><li><span style=\\\"font-family: arial, helvetica, sans-serif; font-size: 14pt;\\\">at skaffe seniorer\\u00a0job p\\u00e5 arbejdsmarkedet<\\\/span><\\\/li><li><span style=\\\"font-family: arial, helvetica, sans-serif; font-size: 14pt;\\\">at skaffe virksomheder kompetent arbejdskraft med erfaringer<\\\/span><\\\/li><li><span style=\\\"font-family: arial, helvetica, sans-serif; font-size: 14pt;\\\">at markedsf\\u00f8re netv\\u00e6rket og medlemmerne over for virksomhederne i lokalomr\\u00e5det<\\\/span><\\\/li><\\\/ul><p><span style=\\\"font-family: arial, helvetica, sans-serif; font-size: 14pt;\\\">Vi benytter os af utraditionelle metoder i samarbejdet med erhvervslivet og har derfor succes med at f\\u00e5 medlemmerne tilbage p\\u00e5 arbejdsmarkedet.<\\\/span><br \\\/><span style=\\\"font-family: arial, helvetica, sans-serif; font-size: 14pt;\\\">Vi satser p\\u00e5 et velfungerende samarbejde med alle samarbejdspartnere.<\\\/span><\\\/p><p><span style=\\\"font-family: arial, helvetica, sans-serif; font-size: 14pt;\\\"><strong>Vi arbejder med jobskabende\\u00a0<\\\/strong><strong>aktiviteter ved:<\\\/strong><\\\/span><\\\/p><ul><li><span style=\\\"font-family: arial, helvetica, sans-serif; font-size: 14pt;\\\">at netv\\u00e6rket er et selvhj\\u00e6lpsnetv\\u00e6rk, hvor medlemmerne deltager i gruppearbejder<\\\/span><\\\/li><li><span style=\\\"font-family: arial, helvetica, sans-serif; font-size: 14pt;\\\">at opbygge og vedligeholde en CV-database over medlemmernes kompetencer<\\\/span><\\\/li><li><span style=\\\"font-family: arial, helvetica, sans-serif; font-size: 14pt;\\\">at give hinanden inspiration, st\\u00f8tte og opbakning\\u00a0 <\\\/span><\\\/li><\\\/ul><p><span style=\\\"font-family: arial, helvetica, sans-serif; font-size: 14pt;\\\"><strong>Velkommen til nye medlemmer!<\\\/strong><\\\/span><\\\/p><p><span style=\\\"font-family: arial, helvetica, sans-serif; font-size: 14pt;\\\"><strong>Du kan blive medlem, hvis du er 50+ og\\u00a0jobs\\u00f8gende.<\\\/strong><\\\/span><\\\/p><p><span style=\\\"font-family: arial, helvetica, sans-serif; font-size: 14pt;\\\"><strong>Medlemskabet koster kr. 100,- pr. halv\\u00e5r.<\\\/strong><\\\/span><\\\/p><p><span style=\\\"font-family: arial, helvetica, sans-serif; font-size: 14pt;\\\"><strong>Senior Erhvervs <\\\/strong><\\\/span><span style=\\\"font-family: arial, helvetica, sans-serif; font-size: 14pt;\\\">afdelinger er organiseret i <strong>Senior Erhverv<\\\/strong>\\u00a0<strong>Danmark<\\\/strong>, <\\\/span><span style=\\\"font-family: arial, helvetica, sans-serif; font-size: 14pt;\\\">der best\\u00e5r af 20 netv\\u00e6rk fordelt over hele landet.<\\\/span><\\\/p><p><span style=\\\"font-family: arial, helvetica, sans-serif; font-size: 14pt;\\\">Grundlaget for\\u00a0<strong>Senior Erhverv<\\\/strong>\\u00a0er frivillig aktiv medlemsindsats.<\\\/span><\\\/p><p><span style=\\\"font-family: arial, helvetica, sans-serif; font-size: 14pt;\\\">Aktiviteterne i\\u00a0<strong>Senior Erhverv<\\\/strong>\\u00a0er st\\u00f8ttet af Styrelsen for Arbejdsmarked og Rekruttering.<\\\/span><\\\/p>\",\"eael_tooltip_section_content\":\"I am a tooltip\",\"eael_ext_content_protection_password_placeholder\":\"Enter Password\",\"eael_ext_content_protection_password_submit_btn_txt\":\"Submit\",\"eael_ext_content_protection_password_incorrect_message\":\"Password does not match.\",\"eael_cl_logics\":[{\"_id\":\"0d2d16c\"}]},\"elements\":[],\"widgetType\":\"text-editor\"}],\"isInner\":\"1\"}],\"isInner\":\"1\"}],\"isInner\":\"\"}],\"isInner\":\"\"}]","_elementor_page_assets":[],"_eael_custom_js":"","_elementor_controls_usage":{"text-editor":{"count":1,"control_percent":1,"controls":{"content":{"section_editor":{"editor":1}},"advanced":{"eael_conditional_logic_section":{"eael_cl_logics":1}}}},"column":{"count":2,"control_percent":0,"controls":{"advanced":{"eael_conditional_logic_section":{"eael_cl_logics":2}}}},"section":{"count":2,"control_percent":1,"controls":{"layout":{"section_layout":{"gap":2,"content_position":1}},"advanced":{"section_advanced":{"margin":2,"css_classes":1},"section_custom_css":{"custom_css":1},"eael_conditional_logic_section":{"eael_cl_logics":2}}}}},"_elementor_css":{"time":1746184516,"fonts":[],"icons":[],"dynamic_elements_ids":[],"status":"file","0":""}},"_links":{"self":[{"href":"https:\/\/seniorerhverv.org\/kronjylland\/wp-json\/wp\/v2\/pages\/155"}],"collection":[{"href":"https:\/\/seniorerhverv.org\/kronjylland\/wp-json\/wp\/v2\/pages"}],"about":[{"href":"https:\/\/seniorerhverv.org\/kronjylland\/wp-json\/wp\/v2\/types\/page"}],"author":[{"embeddable":true,"href":"https:\/\/seniorerhverv.org\/kronjylland\/wp-json\/wp\/v2\/users\/7"}],"replies":[{"embeddable":true,"href":"https:\/\/seniorerhverv.org\/kronjylland\/wp-json\/wp\/v2\/comments?post=155"}],"version-history":[{"count":4,"href":"https:\/\/seniorerhverv.org\/kronjylland\/wp-json\/wp\/v2\/pages\/155\/revisions"}],"predecessor-version":[{"id":2070,"href":"https:\/\/seniorerhverv.org\/kronjylland\/wp-json\/wp\/v2\/pages\/155\/revisions\/2070"}],"wp:attachment":[{"href":"https:\/\/seniorerhverv.org\/kronjylland\/wp-json\/wp\/v2\/media?parent=155"}],"curies":[{"name":"wp","href":"https:\/\/api.w.org\/{rel}","templated":true}]}}