{"id":172,"date":"2021-10-18T17:44:48","date_gmt":"2021-10-18T17:44:48","guid":{"rendered":"https:\/\/seniorerhverv.org\/horsensvejle\/?page_id=172"},"modified":"2024-09-18T09:03:44","modified_gmt":"2024-09-18T09:03:44","slug":"arrangementer","status":"publish","type":"page","link":"https:\/\/seniorerhverv.org\/horsensvejle\/arrangementer\/","title":{"rendered":"Arrangementer"},"content":{"rendered":"\t\t<div data-elementor-type=\"wp-page\" data-elementor-id=\"172\" class=\"elementor elementor-172\" data-elementor-settings=\"[]\">\n\t\t\t\t\t\t\t<div class=\"elementor-section-wrap\">\n\t\t\t\t\t\t\t<section data-particle_enable=\"false\" data-particle-mobile-disabled=\"false\" class=\"elementor-section elementor-top-section elementor-element elementor-element-cb1eb76 elementor-section-height-min-height elementor-section-items-top elementor-section-boxed elementor-section-height-default\" data-id=\"cb1eb76\" data-element_type=\"section\">\n\t\t\t\t\t\t<div class=\"elementor-container elementor-column-gap-no\">\n\t\t\t\t\t<div class=\"elementor-column elementor-col-50 elementor-top-column elementor-element elementor-element-a63c4f9\" data-id=\"a63c4f9\" data-element_type=\"column\">\n\t\t\t<div class=\"elementor-widget-wrap elementor-element-populated\">\n\t\t\t\t\t\t\t\t<div class=\"elementor-element elementor-element-50e42cb elementor-widget elementor-widget-heading\" data-id=\"50e42cb\" data-element_type=\"widget\" data-widget_type=\"heading.default\">\n\t\t\t\t<div class=\"elementor-widget-container\">\n\t\t\t<h3 class=\"elementor-heading-title elementor-size-default\">F\u00e5 mere at vide<\/h3>\t\t<\/div>\n\t\t\t\t<\/div>\n\t\t\t\t<div class=\"elementor-element elementor-element-29e620c elementor-widget elementor-widget-text-editor\" data-id=\"29e620c\" data-element_type=\"widget\" data-widget_type=\"text-editor.default\">\n\t\t\t\t<div class=\"elementor-widget-container\">\n\t\t\t\t\t\t\t<h4>Du kan m\u00f8de os:<\/h4><p>Vi holder Introm\u00f8de for nye medlemmer\u00a0<strong>hver onsdag<\/strong> kl.10. Tilmelding via mail til\u00a0<a href=\"mailto:sehv@sehv.dk\">sehv@sehv.dk<\/a>. Efter forudg\u00e5ende aftale er det muligt at deltage virtuelt i Introm\u00f8der.<\/p><p>Kontoret er \u00e5bent tirsdage og onsdage kl. 9-12.00, onsdage efter forudg\u00e5ende aftale.\u00a0<\/p><h4>Du kan kontakte os:<\/h4><p>Tlf:\u00a0\u00a0\u00a030892570<\/p><p>Email:\u00a0<a href=\"mailto:sehv@sehv.dk\">sehv@sehv.dk<\/a><\/p><h4>Du kan f\u00f8lge os<\/h4><p>Vi er p\u00e5\u00a0<a title=\"Facebook\" href=\"https:\/\/www.facebook.com\/Netvaerkere\/\" target=\"_blank\" rel=\"noopener\">Facebook<\/a><\/p><p>Vi er p\u00e5\u00a0<a href=\"https:\/\/dk.linkedin.com\/in\/senior-erhverv-horsens-vejle-863839111\" target=\"_blank\" rel=\"noopener\">LinkedIn<\/a><\/p><p>Du kan se vores\u00a0<a href=\"https:\/\/seniorerhverv.org\/horsensvejle\/kalender\/\">kalender<\/a><\/p>\t\t\t\t\t\t<\/div>\n\t\t\t\t<\/div>\n\t\t\t\t<div class=\"elementor-element elementor-element-4c7c464 elementor-widget elementor-widget-heading\" data-id=\"4c7c464\" data-element_type=\"widget\" data-widget_type=\"heading.default\">\n\t\t\t\t<div class=\"elementor-widget-container\">\n\t\t\t<h3 class=\"elementor-heading-title elementor-size-default\">Find os<\/h3>\t\t<\/div>\n\t\t\t\t<\/div>\n\t\t\t\t<div class=\"elementor-element elementor-element-e259700 elementor-widget elementor-widget-eael-google-map\" data-id=\"e259700\" data-element_type=\"widget\" data-widget_type=\"eael-google-map.default\">\n\t\t\t\t<div class=\"elementor-widget-container\">\n\t\t\t\n\t\t\t\t\t<div class=\"eael-google-map eael-google-map-marker\" id=\"eael-google-map-e259700\" data-id=\"e259700\" data-map_type=\"marker\" data-map_lat=\"28.948790\" data-map_lng=\"-81.298843\" data-map_basic_marker_icon_enable=\"no\" data-map_basic_marker_icon_width=\"32\" data-map_basic_marker_icon_height=\"32\" data-map_zoom=\"13\" data-map_markers=\"%5B%7B%22eael_google_map_marker_title%22%3A%22Senior+Erhverv+Horsens-Vejle%22%2C%22eael_google_map_marker_lat%22%3A%2255.848067%22%2C%22eael_google_map_marker_lng%22%3A%229.821964%22%2C%22eael_google_map_marker_content%22%3A%22%3Ca+href%3D%5C%22https%3A%5C%2F%5C%2Fseniorerhverv.org%5C%2Fmymaplocations%5C%2Fsenior-erhverv-horsens-vejle%5C%22%3E%3Cstrong%3ESenior+Erhverv+Horsens-Vejle%3C%5C%2Fstrong%3E%3C%5C%2Fa%3E%3Cbr%5C%2F%3E%5CnLokesalle+30%2C+8700+Horsens%3Cbr%5C%2F%3E%5Cn%3Cdiv+style%3D%5C%22color%3A%230077bb%3Bfont-weight%3Abold%3B%5C%22%3ETlf%3A+3089+2570%3C%5C%2Fdiv%3E%22%2C%22eael_google_map_marker_icon_color%22%3A%22%22%2C%22eael_google_map_marker_icon_enable%22%3A%22yes%22%2C%22eael_google_map_marker_icon%22%3A%7B%22url%22%3A%22https%3A%5C%2F%5C%2Fseniorerhverv.org%5C%2Fwp-content%5C%2Fuploads%5C%2F2021%5C%2F09%5C%2Ficon-blue-club.png%22%2C%22id%22%3A507%2C%22alt%22%3A%22%22%2C%22source%22%3A%22library%22%7D%2C%22eael_google_map_marker_icon_width%22%3A20%2C%22eael_google_map_marker_icon_height%22%3A29%2C%22_id%22%3A%227781537%22%7D%5D\" data-map_static_width=\"610\" data-map_static_height=\"300\" data-map_polylines=\"null\" data-map_stroke_color=\"#e23a47\" data-map_stroke_opacity=\"0.8\" data-map_stroke_weight=\"4\" data-map_stroke_fill_color=\"#e23a47\" data-map_stroke_fill_opacity=\"0.4\" data-map_theme=\"%22%5B%5D%22\" data-map_streeview_control=\"true\" data-map_type_control=\"true\" data-map_zoom_control=\"true\" data-map_fullscreen_control=\"true\" data-map_scroll_zoom=\"true\"><\/div>\n\t\t\t\t<div class=\"google-map-notice\"><\/div>\n\t\t<\/div>\n\t\t\t\t<\/div>\n\t\t\t\t\t<\/div>\n\t\t<\/div>\n\t\t\t\t<div class=\"elementor-column elementor-col-50 elementor-top-column elementor-element elementor-element-6d8aa50 box-container\" data-id=\"6d8aa50\" data-element_type=\"column\">\n\t\t\t<div class=\"elementor-widget-wrap elementor-element-populated\">\n\t\t\t\t\t\t\t\t<div class=\"elementor-element elementor-element-2fc7d4b elementor-widget elementor-widget-text-editor\" data-id=\"2fc7d4b\" data-element_type=\"widget\" data-widget_type=\"text-editor.default\">\n\t\t\t\t<div class=\"elementor-widget-container\">\n\t\t\t\t\t\t\t<p class=\"bodytext\"><strong>Virksomhedsgruppen<\/strong> holder m\u00f8de tirsdag kl. 9.30\u00a0\u00a0<\/p><p class=\"bodytext\"><strong>PR-gruppen<\/strong>\u00a0holder m\u00f8de tirsdag ingen m\u00f8der p.t.<\/p><p class=\"bodytext\"><strong>Medlems og Modtagegruppen<\/strong> holder m\u00f8de onsdag kl. 9.00, Vi modtager nye medlemmer\u00a0<strong>hver onsdag<\/strong> kl. 10 , men vi afholde gerne individuelle orienteringsm\u00f8de, skriv en mail:\u00a0\u00a0<span id=\"cloak50df249ad3e4d853a27feae9589c0008\"><a href=\"mailto:sehv@sehv.dk\">sehv@sehv.dk<\/a><\/span> med navn og mobilnummer, s\u00e5 kontakter vi dig og aftale en tid for enten et\u00a0 m\u00f8de\u00a0<\/p><p class=\"bodytext\"><strong>IT-gruppen<\/strong> har ikke fast m\u00f8detidspunkt\u00a0\u00a0<\/p><p><strong>Virksomhedsbes\u00f8g<\/strong>: Vi tilstr\u00e6ber virksomhedsbes\u00f8g hver onsdag. Hvor og hvorn\u00e5r aftales p\u00e5 m\u00f8der i virksomhedsgruppen.\u00a0<\/p>\t\t\t\t\t\t<\/div>\n\t\t\t\t<\/div>\n\t\t\t\t\t<\/div>\n\t\t<\/div>\n\t\t\t\t\t\t\t<\/div>\n\t\t<\/section>\n\t\t\t\t\t\t<\/div>\n\t\t\t\t\t<\/div>\n\t\t"},"excerpt":{"rendered":"<p>F\u00e5 mere at vide Du kan m\u00f8de os: Vi holder Introm\u00f8de for nye medlemmer\u00a0hver onsdag kl.10. Tilmelding via mail til\u00a0sehv@sehv.dk. Efter forudg\u00e5ende aftale er det muligt at deltage virtuelt i Introm\u00f8der. Kontoret er \u00e5bent tirsdage og onsdage kl. 9-12.00, onsdage efter forudg\u00e5ende aftale.\u00a0 Du kan kontakte os: Tlf:\u00a0\u00a0\u00a030892570 Email:\u00a0sehv@sehv.dk Du kan f\u00f8lge os Vi er [&hellip;]<\/p>\n","protected":false},"author":5,"featured_media":0,"parent":0,"menu_order":0,"comment_status":"closed","ping_status":"closed","template":"elementor_header_footer","meta":[],"x_date":"oktober 18, 2021","x_author":"horsensvejle","x_gravatar":"https:\/\/secure.gravatar.com\/avatar\/1f82f519629930a4abd016c0965c98a2?s=96&d=mm&r=g","x_metadata":{"_elementor_edit_mode":"builder","_elementor_template_type":"wp-page","_elementor_version":"3.4.4","_elementor_pro_version":"3.2.1","_elementor_page_settings":{"eael_ext_toc_title":"Table of Contents"},"_elementor_data":"[{\"id\":\"cb1eb76\",\"elType\":\"section\",\"settings\":{\"gap\":\"no\",\"structure\":\"20\",\"margin\":{\"unit\":\"px\",\"top\":\"10\",\"right\":0,\"bottom\":\"10\",\"left\":0,\"isLinked\":true},\"height\":\"min-height\",\"custom_height\":{\"unit\":\"px\",\"size\":0,\"sizes\":[]},\"column_position\":\"top\",\"eael_parallax_layers_list\":[],\"eael_cl_logics\":[{\"_id\":\"53e45dc\"}]},\"elements\":[{\"id\":\"a63c4f9\",\"elType\":\"column\",\"settings\":{\"_column_size\":50,\"_inline_size\":25,\"padding\":{\"unit\":\"px\",\"top\":\"20\",\"right\":\"20\",\"bottom\":\"20\",\"left\":\"20\",\"isLinked\":true},\"eael_cl_logics\":[{\"_id\":\"d6a4a99\"}]},\"elements\":[{\"id\":\"50e42cb\",\"elType\":\"widget\",\"settings\":{\"title\":\"F\\u00e5 mere at vide\",\"header_size\":\"h3\",\"_padding\":{\"unit\":\"px\",\"top\":\"20\",\"right\":\"20\",\"bottom\":\"10\",\"left\":\"20\",\"isLinked\":false},\"eael_tooltip_section_content\":\"I am a tooltip\",\"eael_ext_content_protection_password_placeholder\":\"Enter Password\",\"eael_ext_content_protection_password_submit_btn_txt\":\"Submit\",\"eael_ext_content_protection_password_incorrect_message\":\"Password does not match.\",\"eael_cl_logics\":[{\"_id\":\"42f7b26\"}]},\"elements\":[],\"widgetType\":\"heading\"},{\"id\":\"29e620c\",\"elType\":\"widget\",\"settings\":{\"editor\":\"<h4>Du kan m\\u00f8de os:<\\\/h4><p>Vi holder Introm\\u00f8de for nye medlemmer\\u00a0<strong>hver onsdag<\\\/strong> kl.10. Tilmelding via mail til\\u00a0<a href=\\\"mailto:sehv@sehv.dk\\\">sehv@sehv.dk<\\\/a>. Efter forudg\\u00e5ende aftale er det muligt at deltage virtuelt i Introm\\u00f8der.<\\\/p><p>Kontoret er \\u00e5bent tirsdage og onsdage kl. 9-12.00, onsdage efter forudg\\u00e5ende aftale.\\u00a0<\\\/p><h4>Du kan kontakte os:<\\\/h4><p>Tlf:\\u00a0\\u00a0\\u00a030892570<\\\/p><p>Email:\\u00a0<a href=\\\"mailto:sehv@sehv.dk\\\">sehv@sehv.dk<\\\/a><\\\/p><h4>Du kan f\\u00f8lge os<\\\/h4><p>Vi er p\\u00e5\\u00a0<a title=\\\"Facebook\\\" href=\\\"https:\\\/\\\/www.facebook.com\\\/Netvaerkere\\\/\\\" target=\\\"_blank\\\" rel=\\\"noopener\\\">Facebook<\\\/a><\\\/p><p>Vi er p\\u00e5\\u00a0<a href=\\\"https:\\\/\\\/dk.linkedin.com\\\/in\\\/senior-erhverv-horsens-vejle-863839111\\\" target=\\\"_blank\\\" rel=\\\"noopener\\\">LinkedIn<\\\/a><\\\/p><p>Du kan se vores\\u00a0<a href=\\\"https:\\\/\\\/seniorerhverv.org\\\/horsensvejle\\\/kalender\\\/\\\">kalender<\\\/a><\\\/p>\",\"_padding\":{\"unit\":\"px\",\"top\":\"20\",\"right\":\"20\",\"bottom\":\"20\",\"left\":\"20\",\"isLinked\":true},\"_background_background\":\"classic\",\"_background_color\":\"#F5F5F5\",\"_border_border\":\"solid\",\"_border_width\":{\"unit\":\"px\",\"top\":\"1\",\"right\":\"1\",\"bottom\":\"1\",\"left\":\"1\",\"isLinked\":true},\"_border_color\":\"#BBE6FF\",\"eael_tooltip_section_content\":\"I am a tooltip\",\"eael_ext_content_protection_password_placeholder\":\"Enter Password\",\"eael_ext_content_protection_password_submit_btn_txt\":\"Submit\",\"eael_ext_content_protection_password_incorrect_message\":\"Password does not match.\",\"eael_cl_logics\":[{\"_id\":\"392e504\"}]},\"elements\":[],\"widgetType\":\"text-editor\"},{\"id\":\"4c7c464\",\"elType\":\"widget\",\"settings\":{\"title\":\"Find os\",\"header_size\":\"h3\",\"_padding\":{\"unit\":\"px\",\"top\":\"20\",\"right\":\"20\",\"bottom\":\"10\",\"left\":\"20\",\"isLinked\":false},\"eael_tooltip_section_content\":\"I am a tooltip\",\"eael_ext_content_protection_password_placeholder\":\"Enter Password\",\"eael_ext_content_protection_password_submit_btn_txt\":\"Submit\",\"eael_ext_content_protection_password_incorrect_message\":\"Password does not match.\",\"eael_cl_logics\":[{\"_id\":\"b199fb9\"}]},\"elements\":[],\"widgetType\":\"heading\"},{\"id\":\"e259700\",\"elType\":\"widget\",\"settings\":{\"eael_google_map_type\":\"marker\",\"eael_google_map_addr\":\"Marina Bay, Singapore\",\"eael_google_map_lat\":\"28.948790\",\"eael_google_map_lng\":\"-81.298843\",\"eael_google_map_static_lat\":\"28.948790\",\"eael_google_map_static_lng\":\"-81.298843\",\"eael_google_map_overlay_lat\":\"28.948790\",\"eael_google_map_overlay_lng\":\"-81.298843\",\"eael_google_map_panorama_lat\":\"28.948790\",\"eael_google_map_panorama_lng\":\"-81.298843\",\"eael_google_map_overlay_content\":\"Add your content here\",\"eael_google_map_basic_marker_title\":\"Google Map Title\",\"eael_google_map_basic_marker_content\":\"Google map content\",\"eael_google_map_markers\":[{\"eael_google_map_marker_title\":\"Senior Erhverv Horsens-Vejle\",\"eael_google_map_marker_lat\":\"55.848067\",\"eael_google_map_marker_lng\":\"9.821964\",\"eael_google_map_marker_content\":\"<a href=\\\"https:\\\/\\\/seniorerhverv.org\\\/mymaplocations\\\/senior-erhverv-horsens-vejle\\\"><strong>Senior Erhverv Horsens-Vejle<\\\/strong><\\\/a><br\\\/>\\nLokesalle 30, 8700 Horsens<br\\\/>\\n<div style=\\\"color:#0077bb;font-weight:bold;\\\">Tlf: 3089 2570<\\\/div>\",\"eael_google_map_marker_icon_color\":\"\",\"eael_google_map_marker_icon_enable\":\"yes\",\"eael_google_map_marker_icon\":{\"url\":\"https:\\\/\\\/seniorerhverv.org\\\/wp-content\\\/uploads\\\/2021\\\/09\\\/icon-blue-club.png\",\"id\":507,\"alt\":\"\",\"source\":\"library\"},\"eael_google_map_marker_icon_width\":20,\"eael_google_map_marker_icon_height\":29,\"_id\":\"7781537\"}],\"eael_google_map_polylines\":[{\"eael_google_map_polyline_title\":\"#1\",\"eael_google_map_polyline_lat\":\"-12.040397656836609\",\"eael_google_map_polyline_lng\":\"-77.03373871559225\",\"_id\":\"7f53441\"},{\"eael_google_map_polyline_title\":\"#2\",\"eael_google_map_polyline_lat\":\"-12.040248585302038\",\"eael_google_map_polyline_lng\":\"-77.03993927003302\",\"_id\":\"22e8e2a\"},{\"eael_google_map_polyline_title\":\"#3\",\"eael_google_map_polyline_lat\":\"-12.050047116528843\",\"eael_google_map_polyline_lng\":\"-77.02448169303511\",\"_id\":\"889ff7a\"},{\"eael_google_map_polyline_title\":\"#4\",\"eael_google_map_polyline_lat\":\"-12.044804866577001\",\"eael_google_map_polyline_lng\":\"-77.02154422636042\",\"_id\":\"2a46490\"}],\"eael_google_map_routes_origin_lat\":\"-12.044012922866312\",\"eael_google_map_routes_origin_lng\":\"-77.02470665341184\",\"eael_google_map_routes_dest_lat\":\"-12.090814532191756\",\"eael_google_map_routes_dest_lng\":\"-77.02271108990476\",\"eael_google_map_zoom\":13,\"eael_google_map_max_width\":{\"unit\":\"px\",\"size\":\"\",\"sizes\":[]},\"eael_tooltip_section_content\":\"I am a tooltip\",\"eael_ext_content_protection_password_placeholder\":\"Enter Password\",\"eael_ext_content_protection_password_submit_btn_txt\":\"Submit\",\"_margin\":{\"unit\":\"px\",\"top\":\"20\",\"right\":\"0\",\"bottom\":\"0\",\"left\":\"0\",\"isLinked\":false},\"eael_ext_content_protection_password_incorrect_message\":\"Password does not match.\",\"eael_cl_logics\":[{\"_id\":\"a878b64\"}]},\"elements\":[],\"widgetType\":\"eael-google-map\"}],\"isInner\":false},{\"id\":\"6d8aa50\",\"elType\":\"column\",\"settings\":{\"_column_size\":50,\"_inline_size\":75,\"padding\":{\"unit\":\"px\",\"top\":\"30\",\"right\":\"30\",\"bottom\":\"30\",\"left\":\"30\",\"isLinked\":true},\"css_classes\":\"box-container\",\"eael_cl_logics\":[{\"_id\":\"3fe0eec\"}]},\"elements\":[{\"id\":\"2fc7d4b\",\"elType\":\"widget\",\"settings\":{\"editor\":\"<p class=\\\"bodytext\\\"><strong>Virksomhedsgruppen<\\\/strong> holder m\\u00f8de tirsdag kl. 9.30\\u00a0\\u00a0<\\\/p><p class=\\\"bodytext\\\"><strong>PR-gruppen<\\\/strong>\\u00a0holder m\\u00f8de tirsdag ingen m\\u00f8der p.t.<\\\/p><p class=\\\"bodytext\\\"><strong>Medlems og Modtagegruppen<\\\/strong> holder m\\u00f8de onsdag kl. 9.00, Vi modtager nye medlemmer\\u00a0<strong>hver onsdag<\\\/strong> kl. 10 , men vi afholde gerne individuelle orienteringsm\\u00f8de, skriv en mail:\\u00a0\\u00a0<span id=\\\"cloak50df249ad3e4d853a27feae9589c0008\\\"><a href=\\\"mailto:sehv@sehv.dk\\\">sehv@sehv.dk<\\\/a><\\\/span> med navn og mobilnummer, s\\u00e5 kontakter vi dig og aftale en tid for enten et\\u00a0 m\\u00f8de\\u00a0<\\\/p><p class=\\\"bodytext\\\"><strong>IT-gruppen<\\\/strong> har ikke fast m\\u00f8detidspunkt\\u00a0\\u00a0<\\\/p><p><strong>Virksomhedsbes\\u00f8g<\\\/strong>: Vi tilstr\\u00e6ber virksomhedsbes\\u00f8g hver onsdag. Hvor og hvorn\\u00e5r aftales p\\u00e5 m\\u00f8der i virksomhedsgruppen.\\u00a0<\\\/p>\",\"eael_tooltip_section_content\":\"I am a tooltip\",\"eael_ext_content_protection_password_placeholder\":\"Enter Password\",\"eael_ext_content_protection_password_submit_btn_txt\":\"Submit\",\"eael_ext_content_protection_password_incorrect_message\":\"Password does not match.\",\"eael_cl_logics\":[{\"_id\":\"896265e\"}]},\"elements\":[],\"widgetType\":\"text-editor\"}],\"isInner\":false}],\"isInner\":false}]","_elementor_page_assets":[],"_eael_custom_js":"","_eael_widget_elements":{"adv-google-map":"adv-google-map"},"_elementor_controls_usage":{"heading":{"count":2,"control_percent":1,"controls":{"content":{"section_title":{"title":2,"header_size":2}},"advanced":{"_section_style":{"_padding":2},"eael_conditional_logic_section":{"eael_cl_logics":2}}}},"text-editor":{"count":2,"control_percent":1,"controls":{"content":{"section_editor":{"editor":2}},"advanced":{"_section_style":{"_padding":1},"_section_background":{"_background_background":1,"_background_color":1},"_section_border":{"_border_border":1,"_border_width":1,"_border_color":1},"eael_conditional_logic_section":{"eael_cl_logics":2}}}},"eael-google-map":{"count":1,"control_percent":2,"controls":{"content":{"eael_section_google_map_settings":{"eael_google_map_type":1},"eael_section_google_map_marker_settings":{"eael_google_map_markers":1},"eael_section_google_map_polyline_settings":{"eael_google_map_polylines":1},"section_map_controls":{"eael_google_map_zoom":1}},"style":{"eael_section_google_map_style_settings":{"eael_google_map_max_width":1}},"advanced":{"_section_style":{"_margin":1},"eael_conditional_logic_section":{"eael_cl_logics":1}}}},"column":{"count":2,"control_percent":1,"controls":{"layout":{"layout":{"_inline_size":2}},"advanced":{"section_advanced":{"padding":2,"css_classes":1},"eael_conditional_logic_section":{"eael_cl_logics":2}}}},"section":{"count":1,"control_percent":2,"controls":{"layout":{"section_layout":{"gap":1,"height":1,"custom_height":1,"column_position":1},"section_structure":{"structure":1}},"advanced":{"section_advanced":{"margin":1},"eael_conditional_logic_section":{"eael_cl_logics":1}}}}},"_elementor_css":{"time":1726650242,"fonts":[],"icons":[],"dynamic_elements_ids":[],"status":"file","0":""}},"_links":{"self":[{"href":"https:\/\/seniorerhverv.org\/horsensvejle\/wp-json\/wp\/v2\/pages\/172"}],"collection":[{"href":"https:\/\/seniorerhverv.org\/horsensvejle\/wp-json\/wp\/v2\/pages"}],"about":[{"href":"https:\/\/seniorerhverv.org\/horsensvejle\/wp-json\/wp\/v2\/types\/page"}],"author":[{"embeddable":true,"href":"https:\/\/seniorerhverv.org\/horsensvejle\/wp-json\/wp\/v2\/users\/5"}],"replies":[{"embeddable":true,"href":"https:\/\/seniorerhverv.org\/horsensvejle\/wp-json\/wp\/v2\/comments?post=172"}],"version-history":[{"count":6,"href":"https:\/\/seniorerhverv.org\/horsensvejle\/wp-json\/wp\/v2\/pages\/172\/revisions"}],"predecessor-version":[{"id":1073,"href":"https:\/\/seniorerhverv.org\/horsensvejle\/wp-json\/wp\/v2\/pages\/172\/revisions\/1073"}],"wp:attachment":[{"href":"https:\/\/seniorerhverv.org\/horsensvejle\/wp-json\/wp\/v2\/media?parent=172"}],"curies":[{"name":"wp","href":"https:\/\/api.w.org\/{rel}","templated":true}]}}