{"id":882,"date":"2022-12-05T10:51:14","date_gmt":"2022-12-05T10:51:14","guid":{"rendered":"https:\/\/seniorerhverv.org\/aarhus\/?page_id=882"},"modified":"2024-10-16T16:42:05","modified_gmt":"2024-10-16T14:42:05","slug":"om_os","status":"publish","type":"page","link":"https:\/\/seniorerhverv.org\/aarhus\/om_os\/","title":{"rendered":"Om os"},"content":{"rendered":"\t\t<div data-elementor-type=\"wp-page\" data-elementor-id=\"882\" class=\"elementor elementor-882\" data-elementor-settings=\"[]\">\n\t\t\t\t\t\t\t<div class=\"elementor-section-wrap\">\n\t\t\t\t\t\t\t<section data-particle_enable=\"false\" data-particle-mobile-disabled=\"false\" class=\"elementor-section elementor-top-section elementor-element elementor-element-10dac28 elementor-section-full_width elementor-section-height-default elementor-section-height-default\" data-id=\"10dac28\" data-element_type=\"section\" data-settings=\"{&quot;background_background&quot;:&quot;classic&quot;}\">\n\t\t\t\t\t\t<div class=\"elementor-container elementor-column-gap-no\">\n\t\t\t\t\t<div class=\"elementor-column elementor-col-50 elementor-top-column elementor-element elementor-element-e68b3b2\" data-id=\"e68b3b2\" data-element_type=\"column\" data-settings=\"{&quot;background_background&quot;:&quot;classic&quot;}\">\n\t\t\t<div class=\"elementor-widget-wrap elementor-element-populated\">\n\t\t\t\t\t\t\t\t<div class=\"elementor-element elementor-element-55ab0f4 elementor-icon-list--layout-inline elementor-align-right elementor-list-item-link-full_width elementor-widget elementor-widget-icon-list\" data-id=\"55ab0f4\" data-element_type=\"widget\" data-widget_type=\"icon-list.default\">\n\t\t\t\t<div class=\"elementor-widget-container\">\n\t\t\t\t\t<ul class=\"elementor-icon-list-items elementor-inline-items\">\n\t\t\t\t\t\t\t<li class=\"elementor-icon-list-item elementor-inline-item\">\n\t\t\t\t\t\t\t\t\t\t\t<span class=\"elementor-icon-list-icon\">\n\t\t\t\t\t\t\t<i aria-hidden=\"true\" class=\"fas fa-angle-double-right\"><\/i>\t\t\t\t\t\t<\/span>\n\t\t\t\t\t\t\t\t\t\t<span class=\"elementor-icon-list-text\">bliv medlem<\/span>\n\t\t\t\t\t\t\t\t\t<\/li>\n\t\t\t\t\t\t<\/ul>\n\t\t\t\t<\/div>\n\t\t\t\t<\/div>\n\t\t\t\t\t<\/div>\n\t\t<\/div>\n\t\t\t\t<div class=\"elementor-column elementor-col-50 elementor-top-column elementor-element elementor-element-7fd4f19\" data-id=\"7fd4f19\" data-element_type=\"column\">\n\t\t\t<div class=\"elementor-widget-wrap elementor-element-populated\">\n\t\t\t\t\t\t\t\t<div class=\"elementor-element elementor-element-c97e9bc elementor-widget elementor-widget-text-editor\" data-id=\"c97e9bc\" data-element_type=\"widget\" data-widget_type=\"text-editor.default\">\n\t\t\t\t<div class=\"elementor-widget-container\">\n\t\t\t\t\t\t\t<p><span style=\"font-family: verdana, geneva, sans-serif;\"><strong>Bliv medlem &#8211; bliv fundet<\/strong><\/span><\/p><p><span style=\"font-family: verdana, geneva, sans-serif;\"><span style=\"font-size: 12pt; color: #000000;\">Lad virksomheder s\u00f8ge efter dig og dine kvalifikationer. Gennem CV-katalog til virksomheders s\u00f8gning efter arbejdskraft.<\/span><strong><br \/><\/strong><\/span><\/p>\t\t\t\t\t\t<\/div>\n\t\t\t\t<\/div>\n\t\t\t\t\t<\/div>\n\t\t<\/div>\n\t\t\t\t\t\t\t<\/div>\n\t\t<\/section>\n\t\t\t\t<section data-particle_enable=\"false\" data-particle-mobile-disabled=\"false\" class=\"elementor-section elementor-top-section elementor-element elementor-element-a63b802 elementor-section-boxed elementor-section-height-default elementor-section-height-default\" data-id=\"a63b802\" data-element_type=\"section\" data-settings=\"{&quot;background_background&quot;:&quot;classic&quot;}\">\n\t\t\t\t\t\t<div class=\"elementor-container elementor-column-gap-no\">\n\t\t\t\t\t<div class=\"elementor-column elementor-col-100 elementor-top-column elementor-element elementor-element-4ca9c64\" data-id=\"4ca9c64\" data-element_type=\"column\">\n\t\t\t<div class=\"elementor-widget-wrap elementor-element-populated\">\n\t\t\t\t\t\t\t\t<div class=\"elementor-element elementor-element-10979ff elementor-widget elementor-widget-text-editor\" data-id=\"10979ff\" data-element_type=\"widget\" data-widget_type=\"text-editor.default\">\n\t\t\t\t<div class=\"elementor-widget-container\">\n\t\t\t\t\t\t\t<h1><span style=\"font-family: verdana, geneva, sans-serif; font-size: 36pt; color: #8fb461;\">Om netv\u00e6rket<\/span><\/h1><p><span style=\"font-family: verdana, geneva, sans-serif; font-size: 12pt;\"> Senior Erhverv Aarhus er et netv\u00e6rk, der har til form\u00e5l at hj\u00e6lpe 50+&#8217;ere, som uanset \u00e5rsag kan og vil have et netv\u00e6rk, der samarbejder om at f\u00e5 nyt job.<\/span><\/p><p><span style=\"font-family: verdana, geneva, sans-serif; font-size: 12pt;\">Et v\u00e6sentligt arbejdsredskab er, at medlemmerne registreres i vores CV-database. Denne bliver \u00e5rligt bes\u00f8gt at 3-6000 personer og yderligere pr\u00e6senteret for 3-500 virksomheder. Senior Erhverv tilbyder virksomheder nem, hurtig og gratis jobformidling.<\/span><\/p><p><span style=\"font-family: verdana, geneva, sans-serif; font-size: 12pt;\">Vi arbejder med f\u00f8lgende omr\u00e5der:<\/span><\/p><ul style=\"list-style-type: disc;\"><li><span style=\"font-family: verdana, geneva, sans-serif; font-size: 12pt;\">Virksomhedskontakt &#8211; f\u00e5 virksomhederne til at s\u00f8ge medarbejdere i netv\u00e6rket<\/span><\/li><li><span style=\"font-family: verdana, geneva, sans-serif; font-size: 12pt;\">Kontordrift i foreningen<\/span><\/li><li><span style=\"font-family: verdana, geneva, sans-serif; font-size: 12pt;\">Information til medlemmer &#8211; udsende jobmuligheder og nye tiltag til din jobs\u00f8gning<\/span><\/li><li><span style=\"font-family: verdana, geneva, sans-serif; font-size: 12pt;\">IT-funktioner i netv\u00e6rket<\/span><\/li><li><span style=\"font-family: verdana, geneva, sans-serif; font-size: 12pt;\">Hjemmeside og information til medlemmerne.<\/span><\/li><\/ul><p><span style=\"font-family: verdana, geneva, sans-serif; font-size: 12pt;\"><br \/>Alt arbejde i netv\u00e6rket udf\u00f8res af medlemmers som f\u00e6lles indsats. Dette giver yderligere kompetencer til din jobs\u00f8gning.<\/span><\/p><p><span style=\"font-family: verdana, geneva, sans-serif; font-size: 12pt; color: #8fb461;\">BAGGRUND<\/span><br \/><span style=\"font-family: verdana, geneva, sans-serif; font-size: 12pt;\">Senior Erhverv Aarhus er organiseret som en forening med medlemsvalgt bestyrelse og grupper til varetagelse af forbedring af jobmulighederne.<\/span><\/p><p><span style=\"font-family: verdana, geneva, sans-serif; font-size: 12pt;\">Vi er et af 23 selvst\u00e6ndige netv\u00e6rk i Danmark, der samarbejder i Senior Erhverv Danmark om f\u00e6lles kursusvirksomhed, m\u00e5lformuleringer, IT-l\u00f8sninger og PR-arbejde. Der udsendes ogs\u00e5 jobmuligheder p\u00e5 tv\u00e6rs af foreningerne.<\/span><\/p><p><span style=\"font-family: verdana, geneva, sans-serif; font-size: 12pt;\">Samarbejdet st\u00f8ttes af en landskoordinator, der er udpeget af den statslige Styrelse for Arbejdsmarked og Rekruttering. Dertil kommer nedsatte udvalg, der skal hj\u00e6lpe de enkelte foreninger i deres daglige arbejde.<\/span><\/p><p><span style=\"font-family: verdana, geneva, sans-serif; font-size: 12pt;\">Ideen til Senior Erhverv opstod i 1995 i Svendborg som et forum for ledige seniorer til at udvikle erfaring og viden for at genvinde fodf\u00e6ste p\u00e5 arbejdsmarkedet.<\/span><\/p><p><span style=\"font-family: verdana, geneva, sans-serif; font-size: 12pt;\">Senior Erhverv Aarhus blev stiftet i 2000 med henblik p\u00e5 at samle ledige seniorer omfattet af besk\u00e6ftigelseslovgivningen til f\u00e6lles indsats for varig ust\u00f8ttet fuldtidsbesk\u00e6ftigelse.<\/span><\/p><p><span style=\"font-family: verdana, geneva, sans-serif; font-size: 12pt;\"> Arbejdsmarkedsstyrelsen stiller som betingelse for fortsat tilskud, at Senior Erhverv deltager i bestr\u00e6belserne p\u00e5 at forl\u00e6nge seniorers arbejdsliv, dvs. \u00f8ge den gennemsnitlige tilbagetr\u00e6kningsalder.<\/span><\/p>\t\t\t\t\t\t<\/div>\n\t\t\t\t<\/div>\n\t\t\t\t\t<\/div>\n\t\t<\/div>\n\t\t\t\t\t\t\t<\/div>\n\t\t<\/section>\n\t\t\t\t\t\t<\/div>\n\t\t\t\t\t<\/div>\n\t\t"},"excerpt":{"rendered":"<p>bliv medlem Bliv medlem &#8211; bliv fundet Lad virksomheder s\u00f8ge efter dig og dine kvalifikationer. Gennem CV-katalog til virksomheders s\u00f8gning efter arbejdskraft. Om netv\u00e6rket Senior Erhverv Aarhus er et netv\u00e6rk, der har til form\u00e5l at hj\u00e6lpe 50+&#8217;ere, som uanset \u00e5rsag kan og vil have et netv\u00e6rk, der samarbejder om at f\u00e5 nyt job. Et v\u00e6sentligt [&hellip;]<\/p>\n","protected":false},"author":2,"featured_media":0,"parent":0,"menu_order":0,"comment_status":"closed","ping_status":"closed","template":"elementor_header_footer","meta":[],"x_date":"december 5, 2022","x_author":"aarhus","x_gravatar":"https:\/\/secure.gravatar.com\/avatar\/439a16e68bcc0fbc9ed6c6935ef2095f?s=96&d=mm&r=g","x_metadata":{"_elementor_edit_mode":"builder","_elementor_template_type":"wp-page","_elementor_version":"3.4.4","_elementor_pro_version":"3.2.1","_elementor_page_settings":{"eael_ext_toc_title":"Table of Contents"},"_elementor_data":"[{\"id\":\"10dac28\",\"elType\":\"section\",\"settings\":{\"layout\":\"full_width\",\"gap\":\"no\",\"structure\":\"20\",\"background_background\":\"classic\",\"background_color\":\"#FFFFFF\",\"eael_parallax_layers_list\":[],\"eael_cl_logics\":[{\"_id\":\"7ab73ae\"}]},\"elements\":[{\"id\":\"e68b3b2\",\"elType\":\"column\",\"settings\":{\"_column_size\":50,\"_inline_size\":75,\"content_position\":\"bottom\",\"background_background\":\"classic\",\"background_image\":{\"id\":390,\"url\":\"https:\\\/\\\/seniorerhverv.org\\\/aarhus\\\/wp-content\\\/uploads\\\/sites\\\/2\\\/2022\\\/06\\\/top-medlem_223072911.jpg\"},\"background_position\":\"center right\",\"background_repeat\":\"no-repeat\",\"custom_css\":\"selector {\\n    min-height: 214px;\\n}\\nselector > div {\\n    background-size: auto 100%;\\n}\",\"background_size\":\"cover\",\"eael_cl_logics\":[{\"_id\":\"753165e\"}]},\"elements\":[{\"id\":\"55ab0f4\",\"elType\":\"widget\",\"settings\":{\"view\":\"inline\",\"icon_list\":[{\"text\":\"bliv medlem\",\"selected_icon\":{\"value\":\"fas fa-angle-double-right\",\"library\":\"fa-solid\"},\"_id\":\"a2fa5d2\",\"link\":{\"url\":\"\",\"is_external\":\"on\",\"nofollow\":\"\",\"custom_attributes\":\"\"}}],\"space_between\":{\"unit\":\"px\",\"size\":0,\"sizes\":[]},\"icon_align\":\"right\",\"icon_color\":\"#FFFFFF\",\"text_color\":\"#FFFFFF\",\"text_indent\":{\"unit\":\"px\",\"size\":10,\"sizes\":[]},\"icon_typography_typography\":\"custom\",\"icon_typography_font_family\":\"Open Sans\",\"icon_typography_font_size\":{\"unit\":\"px\",\"size\":19,\"sizes\":[]},\"icon_typography_font_weight\":\"600\",\"icon_typography_text_transform\":\"uppercase\",\"_padding\":{\"unit\":\"px\",\"top\":\"0\",\"right\":\"22\",\"bottom\":\"0\",\"left\":\"0\",\"isLinked\":false},\"custom_css\":\"selector .elementor-icon-list-item,\\nselector .elementor-icon-list-item a {\\n    align-items: unset;\\n    -webkit-box-align: unset;\\n}\\nselector .elementor-icon-list-icon,\\nselector .elementor-icon-list-text {\\n    z-index: 1;\\n    padding: 10px 15px;\\n    position: relative;\\n}\\nselector .elementor-icon-list-icon:before,\\nselector .elementor-icon-list-text:before {\\n    top: 0;\\n    left: 0;\\n    content: \\\"\\\";\\n    width: 100%;\\n    height: 100%;\\n    z-index: -1;\\n    position: absolute;\\n    transform: skew(-20deg, 0)\\n}\\nselector .elementor-icon-list-icon i {\\n    margin: 3px;\\n    width: 28px;\\n    padding: 5px;\\n    background: #fff;\\n    border: 2px solid transparent;\\n    border-radius: 100%;\\n    box-shadow: 0px 0px 0px 3px rgb(255 255 255 \\\/ 50%);\\n}\\nselector .elementor-icon-list-item .elementor-icon-list-icon:before {\\n    background: #b0ca90;\\n}\\nselector .elementor-icon-list-item i {\\n    color: #8fb461;\\n    border-color: #8fb461;\\n}\\nselector .elementor-icon-list-text {\\n    height: 100%;\\n    padding: 10px 50px;\\n    display: inline-flex;\\n    align-items: center\\n}\\nselector .elementor-icon-list-item .elementor-icon-list-text:before {\\n    background: #8fb461;\\n}\\n@media (max-width: 767px) {\\n    selector .elementor-icon-list-text {\\n        padding: 10px 35px;\\n    }\\n}\",\"_margin\":{\"unit\":\"px\",\"top\":\"0\",\"right\":\"45\",\"bottom\":\"0\",\"left\":\"0\",\"isLinked\":false},\"eael_tooltip_section_content\":\"I am a tooltip\",\"eael_ext_content_protection_password_placeholder\":\"Enter Password\",\"eael_ext_content_protection_password_submit_btn_txt\":\"Submit\",\"eael_ext_content_protection_password_incorrect_message\":\"Password does not match.\",\"eael_cl_logics\":[{\"_id\":\"db6f031\"}]},\"elements\":[],\"widgetType\":\"icon-list\"}],\"isInner\":false},{\"id\":\"7fd4f19\",\"elType\":\"column\",\"settings\":{\"_column_size\":50,\"_inline_size\":25,\"eael_cl_logics\":[{\"_id\":\"ae2506f\"}]},\"elements\":[{\"id\":\"c97e9bc\",\"elType\":\"widget\",\"settings\":{\"editor\":\"<p><span style=\\\"font-family: verdana, geneva, sans-serif;\\\"><strong>Bliv medlem - bliv fundet<\\\/strong><\\\/span><\\\/p><p><span style=\\\"font-family: verdana, geneva, sans-serif;\\\"><span style=\\\"font-size: 12pt; color: #000000;\\\">Lad virksomheder s\\u00f8ge efter dig og dine kvalifikationer. Gennem CV-katalog til virksomheders s\\u00f8gning efter arbejdskraft.<\\\/span><strong><br \\\/><\\\/strong><\\\/span><\\\/p>\",\"text_color\":\"#8FB460\",\"typography_typography\":\"custom\",\"typography_font_size\":{\"unit\":\"px\",\"size\":20,\"sizes\":[]},\"typography_line_height\":{\"unit\":\"em\",\"size\":1,\"sizes\":[]},\"_margin\":{\"unit\":\"px\",\"top\":\"36\",\"right\":\"20\",\"bottom\":\"0\",\"left\":\"10\",\"isLinked\":false},\"eael_tooltip_section_content\":\"I am a tooltip\",\"eael_ext_content_protection_password_placeholder\":\"Enter Password\",\"eael_ext_content_protection_password_submit_btn_txt\":\"Submit\",\"eael_ext_content_protection_password_incorrect_message\":\"Password does not match.\",\"eael_cl_logics\":[{\"_id\":\"a73b301\"}]},\"elements\":[],\"widgetType\":\"text-editor\"}],\"isInner\":false}],\"isInner\":false},{\"id\":\"a63b802\",\"elType\":\"section\",\"settings\":{\"background_background\":\"classic\",\"background_color\":\"#FFFFFF\",\"margin\":{\"unit\":\"px\",\"top\":\"\",\"right\":0,\"bottom\":\"\",\"left\":0,\"isLinked\":true},\"padding\":{\"unit\":\"px\",\"top\":\"30\",\"right\":\"30\",\"bottom\":\"30\",\"left\":\"30\",\"isLinked\":true},\"gap\":\"no\",\"eael_parallax_layers_list\":[],\"eael_cl_logics\":[{\"_id\":\"7e9235d\"}]},\"elements\":[{\"id\":\"4ca9c64\",\"elType\":\"column\",\"settings\":{\"_column_size\":100,\"_inline_size\":null,\"_inline_size_tablet\":50,\"eael_cl_logics\":[{\"_id\":\"c372bd6\"}]},\"elements\":[{\"id\":\"10979ff\",\"elType\":\"widget\",\"settings\":{\"editor\":\"<h1><span style=\\\"font-family: verdana, geneva, sans-serif; font-size: 36pt; color: #8fb461;\\\">Om netv\\u00e6rket<\\\/span><\\\/h1><p><span style=\\\"font-family: verdana, geneva, sans-serif; font-size: 12pt;\\\"> Senior Erhverv Aarhus er et netv\\u00e6rk, der har til form\\u00e5l at hj\\u00e6lpe 50+'ere, som uanset \\u00e5rsag kan og vil have et netv\\u00e6rk, der samarbejder om at f\\u00e5 nyt job.<\\\/span><\\\/p><p><span style=\\\"font-family: verdana, geneva, sans-serif; font-size: 12pt;\\\">Et v\\u00e6sentligt arbejdsredskab er, at medlemmerne registreres i vores CV-database. Denne bliver \\u00e5rligt bes\\u00f8gt at 3-6000 personer og yderligere pr\\u00e6senteret for 3-500 virksomheder. Senior Erhverv tilbyder virksomheder nem, hurtig og gratis jobformidling.<\\\/span><\\\/p><p><span style=\\\"font-family: verdana, geneva, sans-serif; font-size: 12pt;\\\">Vi arbejder med f\\u00f8lgende omr\\u00e5der:<\\\/span><\\\/p><ul style=\\\"list-style-type: disc;\\\"><li><span style=\\\"font-family: verdana, geneva, sans-serif; font-size: 12pt;\\\">Virksomhedskontakt - f\\u00e5 virksomhederne til at s\\u00f8ge medarbejdere i netv\\u00e6rket<\\\/span><\\\/li><li><span style=\\\"font-family: verdana, geneva, sans-serif; font-size: 12pt;\\\">Kontordrift i foreningen<\\\/span><\\\/li><li><span style=\\\"font-family: verdana, geneva, sans-serif; font-size: 12pt;\\\">Information til medlemmer - udsende jobmuligheder og nye tiltag til din jobs\\u00f8gning<\\\/span><\\\/li><li><span style=\\\"font-family: verdana, geneva, sans-serif; font-size: 12pt;\\\">IT-funktioner i netv\\u00e6rket<\\\/span><\\\/li><li><span style=\\\"font-family: verdana, geneva, sans-serif; font-size: 12pt;\\\">Hjemmeside og information til medlemmerne.<\\\/span><\\\/li><\\\/ul><p><span style=\\\"font-family: verdana, geneva, sans-serif; font-size: 12pt;\\\"><br \\\/>Alt arbejde i netv\\u00e6rket udf\\u00f8res af medlemmers som f\\u00e6lles indsats. Dette giver yderligere kompetencer til din jobs\\u00f8gning.<\\\/span><\\\/p><p><span style=\\\"font-family: verdana, geneva, sans-serif; font-size: 12pt; color: #8fb461;\\\">BAGGRUND<\\\/span><br \\\/><span style=\\\"font-family: verdana, geneva, sans-serif; font-size: 12pt;\\\">Senior Erhverv Aarhus er organiseret som en forening med medlemsvalgt bestyrelse og grupper til varetagelse af forbedring af jobmulighederne.<\\\/span><\\\/p><p><span style=\\\"font-family: verdana, geneva, sans-serif; font-size: 12pt;\\\">Vi er et af 23 selvst\\u00e6ndige netv\\u00e6rk i Danmark, der samarbejder i Senior Erhverv Danmark om f\\u00e6lles kursusvirksomhed, m\\u00e5lformuleringer, IT-l\\u00f8sninger og PR-arbejde. Der udsendes ogs\\u00e5 jobmuligheder p\\u00e5 tv\\u00e6rs af foreningerne.<\\\/span><\\\/p><p><span style=\\\"font-family: verdana, geneva, sans-serif; font-size: 12pt;\\\">Samarbejdet st\\u00f8ttes af en landskoordinator, der er udpeget af den statslige Styrelse for Arbejdsmarked og Rekruttering. Dertil kommer nedsatte udvalg, der skal hj\\u00e6lpe de enkelte foreninger i deres daglige arbejde.<\\\/span><\\\/p><p><span style=\\\"font-family: verdana, geneva, sans-serif; font-size: 12pt;\\\">Ideen til Senior Erhverv opstod i 1995 i Svendborg som et forum for ledige seniorer til at udvikle erfaring og viden for at genvinde fodf\\u00e6ste p\\u00e5 arbejdsmarkedet.<\\\/span><\\\/p><p><span style=\\\"font-family: verdana, geneva, sans-serif; font-size: 12pt;\\\">Senior Erhverv Aarhus blev stiftet i 2000 med henblik p\\u00e5 at samle ledige seniorer omfattet af besk\\u00e6ftigelseslovgivningen til f\\u00e6lles indsats for varig ust\\u00f8ttet fuldtidsbesk\\u00e6ftigelse.<\\\/span><\\\/p><p><span style=\\\"font-family: verdana, geneva, sans-serif; font-size: 12pt;\\\"> Arbejdsmarkedsstyrelsen stiller som betingelse for fortsat tilskud, at Senior Erhverv deltager i bestr\\u00e6belserne p\\u00e5 at forl\\u00e6nge seniorers arbejdsliv, dvs. \\u00f8ge den gennemsnitlige tilbagetr\\u00e6kningsalder.<\\\/span><\\\/p>\",\"text_color\":\"#000000\",\"typography_typography\":\"custom\",\"typography_font_size\":{\"unit\":\"px\",\"size\":20,\"sizes\":[]},\"typography_line_height\":{\"unit\":\"em\",\"size\":1.399999999999999911182158029987476766109466552734375,\"sizes\":[]},\"_margin\":{\"unit\":\"px\",\"top\":\"20\",\"right\":\"20\",\"bottom\":\"0\",\"left\":\"0\",\"isLinked\":false},\"eael_tooltip_section_content\":\"I am a tooltip\",\"eael_ext_content_protection_password_placeholder\":\"Enter Password\",\"eael_ext_content_protection_password_submit_btn_txt\":\"Submit\",\"eael_ext_content_protection_password_incorrect_message\":\"Password does not match.\",\"eael_cl_logics\":[{\"_id\":\"08dfd1b\"}]},\"elements\":[],\"widgetType\":\"text-editor\"}],\"isInner\":false}],\"isInner\":false}]","_elementor_page_assets":[],"_eael_custom_js":"","_eael_widget_elements":[],"_elementor_controls_usage":{"icon-list":{"count":1,"control_percent":5,"controls":{"content":{"section_icon":{"view":1,"icon_list":1}},"style":{"section_icon_list":{"space_between":1,"icon_align":1},"section_icon_style":{"icon_color":1},"section_text_style":{"text_color":1,"text_indent":1,"icon_typography_typography":1,"icon_typography_font_family":1,"icon_typography_font_size":1,"icon_typography_font_weight":1,"icon_typography_text_transform":1}},"advanced":{"_section_style":{"_padding":1,"_margin":1},"section_custom_css":{"custom_css":1},"eael_conditional_logic_section":{"eael_cl_logics":1}}}},"column":{"count":3,"control_percent":1,"controls":{"layout":{"layout":{"_inline_size":3,"content_position":1}},"style":{"section_style":{"background_background":1,"background_image":1,"background_position":1,"background_repeat":1,"background_size":1}},"advanced":{"section_custom_css":{"custom_css":1},"eael_conditional_logic_section":{"eael_cl_logics":3}}}},"text-editor":{"count":2,"control_percent":2,"controls":{"content":{"section_editor":{"editor":2}},"style":{"section_style":{"text_color":2,"typography_typography":2,"typography_font_size":2,"typography_line_height":2}},"advanced":{"_section_style":{"_margin":2},"eael_conditional_logic_section":{"eael_cl_logics":2}}}},"section":{"count":2,"control_percent":2,"controls":{"layout":{"section_layout":{"layout":1,"gap":2},"section_structure":{"structure":1}},"style":{"section_background":{"background_background":2,"background_color":2}},"advanced":{"eael_conditional_logic_section":{"eael_cl_logics":2},"section_advanced":{"margin":1,"padding":1}}}}},"_elementor_css":{"time":1773404920,"fonts":["Open Sans"],"icons":["fa-solid"],"dynamic_elements_ids":[],"status":"file","0":""}},"_links":{"self":[{"href":"https:\/\/seniorerhverv.org\/aarhus\/wp-json\/wp\/v2\/pages\/882"}],"collection":[{"href":"https:\/\/seniorerhverv.org\/aarhus\/wp-json\/wp\/v2\/pages"}],"about":[{"href":"https:\/\/seniorerhverv.org\/aarhus\/wp-json\/wp\/v2\/types\/page"}],"author":[{"embeddable":true,"href":"https:\/\/seniorerhverv.org\/aarhus\/wp-json\/wp\/v2\/users\/2"}],"replies":[{"embeddable":true,"href":"https:\/\/seniorerhverv.org\/aarhus\/wp-json\/wp\/v2\/comments?post=882"}],"version-history":[{"count":18,"href":"https:\/\/seniorerhverv.org\/aarhus\/wp-json\/wp\/v2\/pages\/882\/revisions"}],"predecessor-version":[{"id":4384,"href":"https:\/\/seniorerhverv.org\/aarhus\/wp-json\/wp\/v2\/pages\/882\/revisions\/4384"}],"wp:attachment":[{"href":"https:\/\/seniorerhverv.org\/aarhus\/wp-json\/wp\/v2\/media?parent=882"}],"curies":[{"name":"wp","href":"https:\/\/api.w.org\/{rel}","templated":true}]}}