{"id":7836,"date":"2026-03-13T13:03:57","date_gmt":"2026-03-13T12:03:57","guid":{"rendered":"https:\/\/seniorerhverv.org\/aarhus\/?page_id=7836"},"modified":"2026-03-15T19:16:16","modified_gmt":"2026-03-15T18:16:16","slug":"debat-indlaeg","status":"publish","type":"page","link":"https:\/\/seniorerhverv.org\/aarhus\/debat-indlaeg\/","title":{"rendered":"Debat indl\u00e6g"},"content":{"rendered":"\t\t<div data-elementor-type=\"wp-page\" data-elementor-id=\"7836\" class=\"elementor elementor-7836\" data-elementor-settings=\"[]\">\n\t\t\t\t\t\t\t<div class=\"elementor-section-wrap\">\n\t\t\t\t\t\t\t<section data-particle_enable=\"false\" data-particle-mobile-disabled=\"false\" class=\"elementor-section elementor-top-section elementor-element elementor-element-94932f9 elementor-section-boxed elementor-section-height-default elementor-section-height-default\" data-id=\"94932f9\" data-element_type=\"section\">\n\t\t\t\t\t\t<div class=\"elementor-container elementor-column-gap-default\">\n\t\t\t\t\t<div class=\"elementor-column elementor-col-50 elementor-top-column elementor-element elementor-element-7501582\" data-id=\"7501582\" data-element_type=\"column\">\n\t\t\t<div class=\"elementor-widget-wrap elementor-element-populated\">\n\t\t\t\t\t\t\t\t<div class=\"elementor-element elementor-element-4f13ff09 elementor-widget elementor-widget-text-editor\" data-id=\"4f13ff09\" data-element_type=\"widget\" data-widget_type=\"text-editor.default\">\n\t\t\t\t<div class=\"elementor-widget-container\">\n\t\t\t\t\t\t\t<p class=\"p1\">Her deler vi erfaringer, ideer og perspektiver om arbejdsliv efter 50+<br \/>Bloggen samler viden fra medlemmer, virksomheder og netv\u00e6rk. L\u00e6s med, f\u00e5 inspiration og deltag i debatten.<\/p><p><strong><a class=\"row-title\" href=\"https:\/\/seniorerhverv.org\/aarhus\/hvad-er-den-stoerste-udfordring-ved-at-finde-job-efter-50\/\" aria-label=\"\u201cHvad er den st\u00f8rste udfordring ved at finde job efter 50?\u201d (rediger)\">Hvad er den st\u00f8rste udfordring ved at finde job efter 50?<\/a><\/strong><\/p><p><strong><a class=\"row-title\" href=\"https:\/\/seniorerhverv.org\/aarhus\/hvilken-kompetence-fra-dit-arbejdsliv-bruger-du-stadig\/\" aria-label=\"\u201cHvilken kompetence fra dit arbejdsliv bruger du stadig?\u201d (rediger)\">Hvilken kompetence fra dit arbejdsliv bruger du stadig?<\/a><\/strong><\/p><p><strong><a class=\"row-title\" href=\"https:\/\/seniorerhverv.org\/aarhus\/hvad-burde-virksomheder-vide-om-seniorer\/\" aria-label=\"\u201cHvad burde virksomheder vide om seniorer?\u201d (rediger)\">Hvad burde virksomheder vide om seniorer?<\/a><\/strong><\/p><p><strong><a class=\"row-title\" href=\"https:\/\/seniorerhverv.org\/aarhus\/hvad-har-hjulpet-dig-mest-i-din-jobsoegning\/\" aria-label=\"\u201cHvad har hjulpet dig mest i din jobs\u00f8gning?\u201d (rediger)\">Hvad har hjulpet dig mest i din jobs\u00f8gning?<\/a><\/strong><\/p><p><strong><a class=\"row-title\" href=\"https:\/\/seniorerhverv.org\/aarhus\/hvordan-kan-senior-erhverv-blive-endnu-staerkere\/\" aria-label=\"\u201cHvordan kan Senior Erhverv blive endnu st\u00e6rkere?\u201d (rediger)\">Hvordan kan Senior Erhverv blive endnu st\u00e6rkere?<\/a><\/strong><\/p>\t\t\t\t\t\t<\/div>\n\t\t\t\t<\/div>\n\t\t\t\t\t<\/div>\n\t\t<\/div>\n\t\t\t\t<div class=\"elementor-column elementor-col-50 elementor-top-column elementor-element elementor-element-942ba6d\" data-id=\"942ba6d\" data-element_type=\"column\">\n\t\t\t<div class=\"elementor-widget-wrap elementor-element-populated\">\n\t\t\t\t\t\t\t\t<div class=\"elementor-element elementor-element-d982877 elementor-widget elementor-widget-image\" data-id=\"d982877\" data-element_type=\"widget\" data-widget_type=\"image.default\">\n\t\t\t\t<div class=\"elementor-widget-container\">\n\t\t\t\t\t\t\t\t\t\t\t\t\t\t\t<img width=\"800\" height=\"534\" src=\"https:\/\/seniorerhverv.org\/aarhus\/wp-content\/uploads\/sites\/2\/2026\/03\/senior-erhverv-debat-1024x683.jpg\" class=\"attachment-large size-large\" alt=\"\" loading=\"lazy\" srcset=\"https:\/\/seniorerhverv.org\/aarhus\/wp-content\/uploads\/sites\/2\/2026\/03\/senior-erhverv-debat-1024x683.jpg 1024w, https:\/\/seniorerhverv.org\/aarhus\/wp-content\/uploads\/sites\/2\/2026\/03\/senior-erhverv-debat-300x200.jpg 300w, https:\/\/seniorerhverv.org\/aarhus\/wp-content\/uploads\/sites\/2\/2026\/03\/senior-erhverv-debat-768x512.jpg 768w, https:\/\/seniorerhverv.org\/aarhus\/wp-content\/uploads\/sites\/2\/2026\/03\/senior-erhverv-debat-1536x1024.jpg 1536w, https:\/\/seniorerhverv.org\/aarhus\/wp-content\/uploads\/sites\/2\/2026\/03\/senior-erhverv-debat-2048x1365.jpg 2048w\" sizes=\"(max-width: 800px) 100vw, 800px\" \/>\t\t\t\t\t\t\t\t\t\t\t\t\t\t\t<\/div>\n\t\t\t\t<\/div>\n\t\t\t\t\t<\/div>\n\t\t<\/div>\n\t\t\t\t\t\t\t<\/div>\n\t\t<\/section>\n\t\t\t\t<section data-particle_enable=\"false\" data-particle-mobile-disabled=\"false\" class=\"elementor-section elementor-top-section elementor-element elementor-element-2bd2f36 elementor-section-boxed elementor-section-height-default elementor-section-height-default\" data-id=\"2bd2f36\" data-element_type=\"section\">\n\t\t\t\t\t\t<div class=\"elementor-container elementor-column-gap-default\">\n\t\t\t\t\t<div class=\"elementor-column elementor-col-100 elementor-top-column elementor-element elementor-element-6390f657\" data-id=\"6390f657\" data-element_type=\"column\">\n\t\t\t<div class=\"elementor-widget-wrap\">\n\t\t\t\t\t\t\t\t\t<\/div>\n\t\t<\/div>\n\t\t\t\t\t\t\t<\/div>\n\t\t<\/section>\n\t\t\t\t\t\t<\/div>\n\t\t\t\t\t<\/div>\n\t\t"},"excerpt":{"rendered":"<p>Her deler vi erfaringer, ideer og perspektiver om arbejdsliv efter 50+Bloggen samler viden fra medlemmer, virksomheder og netv\u00e6rk. L\u00e6s med, f\u00e5 inspiration og deltag i debatten. Hvad er den st\u00f8rste udfordring ved at finde job efter 50? Hvilken kompetence fra dit arbejdsliv bruger du stadig? Hvad burde virksomheder vide om seniorer? Hvad har hjulpet dig [&hellip;]<\/p>\n","protected":false},"author":2,"featured_media":0,"parent":0,"menu_order":0,"comment_status":"closed","ping_status":"closed","template":"","meta":[],"x_date":"marts 13, 2026","x_author":"aarhus","x_gravatar":"https:\/\/secure.gravatar.com\/avatar\/439a16e68bcc0fbc9ed6c6935ef2095f?s=96&d=mm&r=g","x_metadata":{"_elementor_edit_mode":"builder","_elementor_template_type":"wp-page","_elementor_version":"3.4.4","_elementor_pro_version":"3.2.1","_eael_custom_js":"","_elementor_page_settings":{"eael_ext_toc_title":"Table of Contents"},"_elementor_data":"[{\"id\":\"94932f9\",\"elType\":\"section\",\"settings\":{\"eael_parallax_layers_list\":[],\"structure\":\"20\",\"eael_cl_logics\":[{\"_id\":\"df47c72\"}]},\"elements\":[{\"id\":\"7501582\",\"elType\":\"column\",\"settings\":{\"_column_size\":50,\"_inline_size\":null,\"eael_cl_logics\":[{\"_id\":\"707b103\"}]},\"elements\":[{\"id\":\"4f13ff09\",\"elType\":\"widget\",\"settings\":{\"editor\":\"<p class=\\\"p1\\\">Her deler vi erfaringer, ideer og perspektiver om arbejdsliv efter 50+<br \\\/>Bloggen samler viden fra medlemmer, virksomheder og netv\\u00e6rk. L\\u00e6s med, f\\u00e5 inspiration og deltag i debatten.<\\\/p><p><strong><a class=\\\"row-title\\\" href=\\\"https:\\\/\\\/seniorerhverv.org\\\/aarhus\\\/hvad-er-den-stoerste-udfordring-ved-at-finde-job-efter-50\\\/\\\" aria-label=\\\"\\u201cHvad er den st\\u00f8rste udfordring ved at finde job efter 50?\\u201d (rediger)\\\">Hvad er den st\\u00f8rste udfordring ved at finde job efter 50?<\\\/a><\\\/strong><\\\/p><p><strong><a class=\\\"row-title\\\" href=\\\"https:\\\/\\\/seniorerhverv.org\\\/aarhus\\\/hvilken-kompetence-fra-dit-arbejdsliv-bruger-du-stadig\\\/\\\" aria-label=\\\"\\u201cHvilken kompetence fra dit arbejdsliv bruger du stadig?\\u201d (rediger)\\\">Hvilken kompetence fra dit arbejdsliv bruger du stadig?<\\\/a><\\\/strong><\\\/p><p><strong><a class=\\\"row-title\\\" href=\\\"https:\\\/\\\/seniorerhverv.org\\\/aarhus\\\/hvad-burde-virksomheder-vide-om-seniorer\\\/\\\" aria-label=\\\"\\u201cHvad burde virksomheder vide om seniorer?\\u201d (rediger)\\\">Hvad burde virksomheder vide om seniorer?<\\\/a><\\\/strong><\\\/p><p><strong><a class=\\\"row-title\\\" href=\\\"https:\\\/\\\/seniorerhverv.org\\\/aarhus\\\/hvad-har-hjulpet-dig-mest-i-din-jobsoegning\\\/\\\" aria-label=\\\"\\u201cHvad har hjulpet dig mest i din jobs\\u00f8gning?\\u201d (rediger)\\\">Hvad har hjulpet dig mest i din jobs\\u00f8gning?<\\\/a><\\\/strong><\\\/p><p><strong><a class=\\\"row-title\\\" href=\\\"https:\\\/\\\/seniorerhverv.org\\\/aarhus\\\/hvordan-kan-senior-erhverv-blive-endnu-staerkere\\\/\\\" aria-label=\\\"\\u201cHvordan kan Senior Erhverv blive endnu st\\u00e6rkere?\\u201d (rediger)\\\">Hvordan kan Senior Erhverv blive endnu st\\u00e6rkere?<\\\/a><\\\/strong><\\\/p>\",\"eael_tooltip_section_content\":\"I am a tooltip\",\"eael_ext_content_protection_password_placeholder\":\"Enter Password\",\"eael_ext_content_protection_password_submit_btn_txt\":\"Submit\",\"eael_ext_content_protection_password_incorrect_message\":\"Password does not match.\",\"eael_cl_logics\":[{\"_id\":\"a048c04\"}]},\"elements\":[],\"widgetType\":\"text-editor\"}],\"isInner\":false},{\"id\":\"942ba6d\",\"elType\":\"column\",\"settings\":{\"_column_size\":50,\"_inline_size\":null,\"eael_cl_logics\":[{\"_id\":\"b359056\"}]},\"elements\":[{\"id\":\"d982877\",\"elType\":\"widget\",\"settings\":{\"image\":{\"url\":\"https:\\\/\\\/seniorerhverv.org\\\/aarhus\\\/wp-content\\\/uploads\\\/sites\\\/2\\\/2026\\\/03\\\/senior-erhverv-debat-scaled.jpg\",\"id\":7838,\"alt\":\"\",\"source\":\"library\"},\"eael_tooltip_section_content\":\"I am a tooltip\",\"eael_ext_content_protection_password_placeholder\":\"Enter Password\",\"eael_ext_content_protection_password_submit_btn_txt\":\"Submit\",\"eael_ext_content_protection_password_incorrect_message\":\"Password does not match.\",\"eael_cl_logics\":[{\"_id\":\"ee46d96\"}]},\"elements\":[],\"widgetType\":\"image\"}],\"isInner\":false}],\"isInner\":false},{\"id\":\"2bd2f36\",\"elType\":\"section\",\"settings\":{\"eael_parallax_layers_list\":[],\"eael_cl_logics\":[{\"_id\":\"10c4d94\"}]},\"elements\":[{\"id\":\"6390f657\",\"elType\":\"column\",\"settings\":{\"_column_size\":100,\"eael_cl_logics\":[{\"_id\":\"c7b8c72\"}]},\"elements\":[],\"isInner\":false}],\"isInner\":false}]","_elementor_page_assets":[],"_elementor_controls_usage":{"text-editor":{"count":1,"control_percent":1,"controls":{"content":{"section_editor":{"editor":1}},"advanced":{"eael_conditional_logic_section":{"eael_cl_logics":1}}}},"column":{"count":3,"control_percent":0,"controls":{"layout":{"layout":{"_inline_size":2}},"advanced":{"eael_conditional_logic_section":{"eael_cl_logics":3}}}},"image":{"count":1,"control_percent":1,"controls":{"content":{"section_image":{"image":1}},"advanced":{"eael_conditional_logic_section":{"eael_cl_logics":1}}}},"section":{"count":2,"control_percent":0,"controls":{"layout":{"section_structure":{"structure":1}},"advanced":{"eael_conditional_logic_section":{"eael_cl_logics":2}}}}},"_elementor_css":{"time":1773644681,"fonts":[],"icons":[],"dynamic_elements_ids":[],"status":"empty","0":"","css":""}},"_links":{"self":[{"href":"https:\/\/seniorerhverv.org\/aarhus\/wp-json\/wp\/v2\/pages\/7836"}],"collection":[{"href":"https:\/\/seniorerhverv.org\/aarhus\/wp-json\/wp\/v2\/pages"}],"about":[{"href":"https:\/\/seniorerhverv.org\/aarhus\/wp-json\/wp\/v2\/types\/page"}],"author":[{"embeddable":true,"href":"https:\/\/seniorerhverv.org\/aarhus\/wp-json\/wp\/v2\/users\/2"}],"replies":[{"embeddable":true,"href":"https:\/\/seniorerhverv.org\/aarhus\/wp-json\/wp\/v2\/comments?post=7836"}],"version-history":[{"count":10,"href":"https:\/\/seniorerhverv.org\/aarhus\/wp-json\/wp\/v2\/pages\/7836\/revisions"}],"predecessor-version":[{"id":7851,"href":"https:\/\/seniorerhverv.org\/aarhus\/wp-json\/wp\/v2\/pages\/7836\/revisions\/7851"}],"wp:attachment":[{"href":"https:\/\/seniorerhverv.org\/aarhus\/wp-json\/wp\/v2\/media?parent=7836"}],"curies":[{"name":"wp","href":"https:\/\/api.w.org\/{rel}","templated":true}]}}